{"id":69367,"date":"2025-04-22T12:24:50","date_gmt":"2025-04-22T09:24:50","guid":{"rendered":"https:\/\/www.rekvi.ee\/toode\/tualettseep-metsamaasikas-180-gr\/"},"modified":"2025-04-22T12:24:50","modified_gmt":"2025-04-22T09:24:50","slug":"tualettseep-metsamaasikas-180-gr","status":"publish","type":"product","link":"https:\/\/www.rekvi.ee\/fi\/toode\/tualettseep-metsamaasikas-180-gr\/","title":{"rendered":"Vessasaippua Mets\u00e4mansikka 180 g"},"content":{"rendered":"","protected":false},"excerpt":{"rendered":"<p>Saippua on tuoksuva tuote, joka takaa miellytt\u00e4v\u00e4t kylpyhetket, puhtauden ja raikkauden sek\u00e4 hell\u00e4varaisen ihonhoidon. Saippua vaahtoaa kauniisti, puhdistaa hyvin, ei kuivu ihoa ja antaa miellytt\u00e4v\u00e4n puhtauden, raikkauden ja mukavuuden tunteen. Ja herkullinen lempituoksu parantaa mielialaa.<\/p>\n<p>K\u00c4YTT\u00d6: Ennen k\u00e4ytt\u00f6\u00e4 huuhtele k\u00e4det l\u00e4mpim\u00e4ll\u00e4 vedell\u00e4. Levit\u00e4 saippua iholle ja huuhtele sen j\u00e4lkeen runsaalla l\u00e4mpim\u00e4ll\u00e4 vedell\u00e4. VAROITUKSET: \u00c4l\u00e4 k\u00e4yt\u00e4, jos olet yliherkk\u00e4 jollekin ainesosalle. Allergisten reaktioiden yhteydess\u00e4 lopeta k\u00e4ytt\u00f6 ja ota yhteys l\u00e4\u00e4k\u00e4riin. Vain ulkoiseen k\u00e4ytt\u00f6\u00f6n. V\u00e4lt\u00e4 kosketusta silmien kanssa. Silmiin joutuessa huuhtele huolellisesti vedell\u00e4. S\u00e4ilyt\u00e4 l\u00e4mp\u00f6tilassa +5\u00baC &#8211; +25\u00baC, kuivassa, pime\u00e4ss\u00e4, lasten ulottumattomissa.<\/p>\n","protected":false},"featured_media":67950,"template":"","meta":[],"product_cat":[2748,2749],"product_tag":[],"yoast_head":"<!-- This site is optimized with the Yoast SEO plugin v19.5.1 - https:\/\/yoast.com\/wordpress\/plugins\/seo\/ -->\n<title>Vessasaippua Mets\u00e4mansikka 180 g &ndash; REKVI<\/title>\n<meta name=\"description\" content=\"\u0417\u0430\u043a\u0430\u0437\u0430\u0442\u044c \u00abVessasaippua Mets\u00e4mansikka 180 g\u00bb \u0432 \u0438\u043d\u0442\u0435\u0440\u043d\u0435\u0442-\u043c\u0430\u0433\u0430\u0437\u0438\u043d\u0435 REKVI \u0441 \u0434\u043e\u0441\u0442\u0430\u0432\u043a\u043e\u0439 \u043f\u043e \u042d\u0441\u0442\u043e\u043d\u0438\u0438. \u260e +3726363659\" \/>\n<meta name=\"robots\" content=\"index, follow, max-snippet:-1, max-image-preview:large, max-video-preview:-1\" \/>\n<link rel=\"canonical\" href=\"https:\/\/www.rekvi.ee\/fi\/toode\/tualettseep-metsamaasikas-180-gr\/\" \/>\n<meta property=\"og:locale\" content=\"fi_FI\" \/>\n<meta property=\"og:type\" content=\"article\" \/>\n<meta property=\"og:title\" content=\"Vessasaippua Mets\u00e4mansikka 180 g &ndash; REKVI\" \/>\n<meta property=\"og:description\" content=\"\u0417\u0430\u043a\u0430\u0437\u0430\u0442\u044c \u00abVessasaippua Mets\u00e4mansikka 180 g\u00bb \u0432 \u0438\u043d\u0442\u0435\u0440\u043d\u0435\u0442-\u043c\u0430\u0433\u0430\u0437\u0438\u043d\u0435 REKVI \u0441 \u0434\u043e\u0441\u0442\u0430\u0432\u043a\u043e\u0439 \u043f\u043e \u042d\u0441\u0442\u043e\u043d\u0438\u0438. \u260e +3726363659\" \/>\n<meta property=\"og:url\" content=\"https:\/\/www.rekvi.ee\/fi\/toode\/tualettseep-metsamaasikas-180-gr\/\" \/>\n<meta property=\"og:site_name\" content=\"REKVI\" \/>\n<meta property=\"article:publisher\" content=\"https:\/\/www.facebook.com\/Rekvi.ee\" \/>\n<meta name=\"twitter:card\" content=\"summary_large_image\" \/>\n<script type=\"application\/ld+json\" class=\"yoast-schema-graph\">{\"@context\":\"https:\/\/schema.org\",\"@graph\":[{\"@type\":\"WebPage\",\"@id\":\"https:\/\/www.rekvi.ee\/fi\/toode\/tualettseep-metsamaasikas-180-gr\/\",\"url\":\"https:\/\/www.rekvi.ee\/fi\/toode\/tualettseep-metsamaasikas-180-gr\/\",\"name\":\"Vessasaippua Mets\u00e4mansikka 180 g &ndash; REKVI\",\"isPartOf\":{\"@id\":\"https:\/\/www.rekvi.ee\/#website\"},\"datePublished\":\"2025-04-22T09:24:50+00:00\",\"dateModified\":\"2025-04-22T09:24:50+00:00\",\"description\":\"\u0417\u0430\u043a\u0430\u0437\u0430\u0442\u044c \u00abVessasaippua Mets\u00e4mansikka 180 g\u00bb \u0432 \u0438\u043d\u0442\u0435\u0440\u043d\u0435\u0442-\u043c\u0430\u0433\u0430\u0437\u0438\u043d\u0435 REKVI \u0441 \u0434\u043e\u0441\u0442\u0430\u0432\u043a\u043e\u0439 \u043f\u043e \u042d\u0441\u0442\u043e\u043d\u0438\u0438. \u260e +3726363659\",\"breadcrumb\":{\"@id\":\"https:\/\/www.rekvi.ee\/fi\/toode\/tualettseep-metsamaasikas-180-gr\/#breadcrumb\"},\"inLanguage\":\"fi\",\"potentialAction\":[{\"@type\":\"ReadAction\",\"target\":[\"https:\/\/www.rekvi.ee\/fi\/toode\/tualettseep-metsamaasikas-180-gr\/\"]}]},{\"@type\":\"BreadcrumbList\",\"@id\":\"https:\/\/www.rekvi.ee\/fi\/toode\/tualettseep-metsamaasikas-180-gr\/#breadcrumb\",\"itemListElement\":[{\"@type\":\"ListItem\",\"position\":1,\"name\":\"Shop\",\"item\":\"https:\/\/www.rekvi.ee\/en\/e-shop\/\"},{\"@type\":\"ListItem\",\"position\":2,\"name\":\"Vessasaippua Mets\u00e4mansikka 180 g\"}]},{\"@type\":\"WebSite\",\"@id\":\"https:\/\/www.rekvi.ee\/#website\",\"url\":\"https:\/\/www.rekvi.ee\/\",\"name\":\"REKVI\",\"description\":\"Tere tulemast kosmeetika maailma!\",\"potentialAction\":[{\"@type\":\"SearchAction\",\"target\":{\"@type\":\"EntryPoint\",\"urlTemplate\":\"https:\/\/www.rekvi.ee\/?s={search_term_string}\"},\"query-input\":\"required name=search_term_string\"}],\"inLanguage\":\"fi\"}]}<\/script>\n<!-- \/ Yoast SEO plugin. -->","yoast_head_json":{"title":"Vessasaippua Mets\u00e4mansikka 180 g &ndash; REKVI","description":"\u0417\u0430\u043a\u0430\u0437\u0430\u0442\u044c \u00abVessasaippua Mets\u00e4mansikka 180 g\u00bb \u0432 \u0438\u043d\u0442\u0435\u0440\u043d\u0435\u0442-\u043c\u0430\u0433\u0430\u0437\u0438\u043d\u0435 REKVI \u0441 \u0434\u043e\u0441\u0442\u0430\u0432\u043a\u043e\u0439 \u043f\u043e \u042d\u0441\u0442\u043e\u043d\u0438\u0438. \u260e +3726363659","robots":{"index":"index","follow":"follow","max-snippet":"max-snippet:-1","max-image-preview":"max-image-preview:large","max-video-preview":"max-video-preview:-1"},"canonical":"https:\/\/www.rekvi.ee\/fi\/toode\/tualettseep-metsamaasikas-180-gr\/","og_locale":"fi_FI","og_type":"article","og_title":"Vessasaippua Mets\u00e4mansikka 180 g &ndash; REKVI","og_description":"\u0417\u0430\u043a\u0430\u0437\u0430\u0442\u044c \u00abVessasaippua Mets\u00e4mansikka 180 g\u00bb \u0432 \u0438\u043d\u0442\u0435\u0440\u043d\u0435\u0442-\u043c\u0430\u0433\u0430\u0437\u0438\u043d\u0435 REKVI \u0441 \u0434\u043e\u0441\u0442\u0430\u0432\u043a\u043e\u0439 \u043f\u043e \u042d\u0441\u0442\u043e\u043d\u0438\u0438. \u260e +3726363659","og_url":"https:\/\/www.rekvi.ee\/fi\/toode\/tualettseep-metsamaasikas-180-gr\/","og_site_name":"REKVI","article_publisher":"https:\/\/www.facebook.com\/Rekvi.ee","twitter_card":"summary_large_image","schema":{"@context":"https:\/\/schema.org","@graph":[{"@type":"WebPage","@id":"https:\/\/www.rekvi.ee\/fi\/toode\/tualettseep-metsamaasikas-180-gr\/","url":"https:\/\/www.rekvi.ee\/fi\/toode\/tualettseep-metsamaasikas-180-gr\/","name":"Vessasaippua Mets\u00e4mansikka 180 g &ndash; REKVI","isPartOf":{"@id":"https:\/\/www.rekvi.ee\/#website"},"datePublished":"2025-04-22T09:24:50+00:00","dateModified":"2025-04-22T09:24:50+00:00","description":"\u0417\u0430\u043a\u0430\u0437\u0430\u0442\u044c \u00abVessasaippua Mets\u00e4mansikka 180 g\u00bb \u0432 \u0438\u043d\u0442\u0435\u0440\u043d\u0435\u0442-\u043c\u0430\u0433\u0430\u0437\u0438\u043d\u0435 REKVI \u0441 \u0434\u043e\u0441\u0442\u0430\u0432\u043a\u043e\u0439 \u043f\u043e \u042d\u0441\u0442\u043e\u043d\u0438\u0438. \u260e +3726363659","breadcrumb":{"@id":"https:\/\/www.rekvi.ee\/fi\/toode\/tualettseep-metsamaasikas-180-gr\/#breadcrumb"},"inLanguage":"fi","potentialAction":[{"@type":"ReadAction","target":["https:\/\/www.rekvi.ee\/fi\/toode\/tualettseep-metsamaasikas-180-gr\/"]}]},{"@type":"BreadcrumbList","@id":"https:\/\/www.rekvi.ee\/fi\/toode\/tualettseep-metsamaasikas-180-gr\/#breadcrumb","itemListElement":[{"@type":"ListItem","position":1,"name":"Shop","item":"https:\/\/www.rekvi.ee\/en\/e-shop\/"},{"@type":"ListItem","position":2,"name":"Vessasaippua Mets\u00e4mansikka 180 g"}]},{"@type":"WebSite","@id":"https:\/\/www.rekvi.ee\/#website","url":"https:\/\/www.rekvi.ee\/","name":"REKVI","description":"Tere tulemast kosmeetika maailma!","potentialAction":[{"@type":"SearchAction","target":{"@type":"EntryPoint","urlTemplate":"https:\/\/www.rekvi.ee\/?s={search_term_string}"},"query-input":"required name=search_term_string"}],"inLanguage":"fi"}]}},"_links":{"self":[{"href":"https:\/\/www.rekvi.ee\/fi\/wp-json\/wp\/v2\/product\/69367"}],"collection":[{"href":"https:\/\/www.rekvi.ee\/fi\/wp-json\/wp\/v2\/product"}],"about":[{"href":"https:\/\/www.rekvi.ee\/fi\/wp-json\/wp\/v2\/types\/product"}],"wp:featuredmedia":[{"embeddable":true,"href":"https:\/\/www.rekvi.ee\/fi\/wp-json\/wp\/v2\/media\/67950"}],"wp:attachment":[{"href":"https:\/\/www.rekvi.ee\/fi\/wp-json\/wp\/v2\/media?parent=69367"}],"wp:term":[{"taxonomy":"product_cat","embeddable":true,"href":"https:\/\/www.rekvi.ee\/fi\/wp-json\/wp\/v2\/product_cat?post=69367"},{"taxonomy":"product_tag","embeddable":true,"href":"https:\/\/www.rekvi.ee\/fi\/wp-json\/wp\/v2\/product_tag?post=69367"}],"curies":[{"name":"wp","href":"https:\/\/api.w.org\/{rel}","templated":true}]}}