{"id":69368,"date":"2025-04-22T12:50:45","date_gmt":"2025-04-22T09:50:45","guid":{"rendered":"https:\/\/www.rekvi.ee\/toode\/seepshik-lastele-piuttaimi-ekstraktiga-140-g\/"},"modified":"2026-02-02T15:55:40","modified_gmt":"2026-02-02T12:55:40","slug":"seepshik-lastele-piuttaimi-ekstraktiga-140-g","status":"publish","type":"product","link":"https:\/\/www.rekvi.ee\/fi\/toode\/seepshik-lastele-piuttaimi-ekstraktiga-140-g\/","title":{"rendered":"Lasten saippua &#8220;Chereda&#8221; 150g"},"content":{"rendered":"","protected":false},"excerpt":{"rendered":"<p>Lasten saippua &#8216;Shik&#8217; &#8211; hoitoa ensimm\u00e4isist\u00e4 el\u00e4m\u00e4n p\u00e4ivist\u00e4 l\u00e4htien! Lapsen iho on huomattavasti herkempi ja ohuempi kuin aikuisilla, siksi yrityksen tieteellisen ja tuotantolaboratorion asiantuntijat ovat kehitt\u00e4neet hell\u00e4varaisen Shik-lasten saippuan. Se ei sis\u00e4ll\u00e4 v\u00e4riaineita ja siin\u00e4 on kasviper\u00e4isi\u00e4 ainesosia ja vauvavoidetta, jotka suojaavat lapsen ihon suojakerrosta ja tarjoavat hell\u00e4varaista hoitoa.<\/p>\n<p>Lasten saippua ei aiheuta allergisia reaktioita, joten se on suositeltavaa my\u00f6s herk\u00e4lle iholle.<\/p>\n<p><strong>Koostumus:<\/strong>\u00a0Ruoka\u00f6ljyjen ja kasvi\u00f6ljyjen rasvahappojen natriumsuolat, vesi, glyseriini, hajuvesi, vauvavoide, karpalon uute, natriumkloridi, Trilon B, etidronihappo, antioksidantti, CI77891.<\/p>\n","protected":false},"featured_media":77844,"template":"","meta":[],"product_cat":[2606,2748,2749],"product_tag":[],"yoast_head":"<!-- This site is optimized with the Yoast SEO plugin v19.5.1 - https:\/\/yoast.com\/wordpress\/plugins\/seo\/ -->\n<title>Lasten saippua &quot;Chereda&quot; 150g &ndash; REKVI<\/title>\n<meta name=\"description\" content=\"\u0417\u0430\u043a\u0430\u0437\u0430\u0442\u044c \u00abLasten saippua &quot;Chereda&quot; 150g\u00bb \u0432 \u0438\u043d\u0442\u0435\u0440\u043d\u0435\u0442-\u043c\u0430\u0433\u0430\u0437\u0438\u043d\u0435 REKVI \u0441 \u0434\u043e\u0441\u0442\u0430\u0432\u043a\u043e\u0439 \u043f\u043e \u042d\u0441\u0442\u043e\u043d\u0438\u0438. \u260e +3726363659\" \/>\n<meta name=\"robots\" content=\"index, follow, max-snippet:-1, max-image-preview:large, max-video-preview:-1\" \/>\n<link rel=\"canonical\" href=\"https:\/\/www.rekvi.ee\/fi\/toode\/seepshik-lastele-piuttaimi-ekstraktiga-140-g\/\" \/>\n<meta property=\"og:locale\" content=\"fi_FI\" \/>\n<meta property=\"og:type\" content=\"article\" \/>\n<meta property=\"og:title\" content=\"Lasten saippua &quot;Chereda&quot; 150g &ndash; REKVI\" \/>\n<meta property=\"og:description\" content=\"\u0417\u0430\u043a\u0430\u0437\u0430\u0442\u044c \u00abLasten saippua &quot;Chereda&quot; 150g\u00bb \u0432 \u0438\u043d\u0442\u0435\u0440\u043d\u0435\u0442-\u043c\u0430\u0433\u0430\u0437\u0438\u043d\u0435 REKVI \u0441 \u0434\u043e\u0441\u0442\u0430\u0432\u043a\u043e\u0439 \u043f\u043e \u042d\u0441\u0442\u043e\u043d\u0438\u0438. \u260e +3726363659\" \/>\n<meta property=\"og:url\" content=\"https:\/\/www.rekvi.ee\/fi\/toode\/seepshik-lastele-piuttaimi-ekstraktiga-140-g\/\" \/>\n<meta property=\"og:site_name\" content=\"REKVI\" \/>\n<meta property=\"article:publisher\" content=\"https:\/\/www.facebook.com\/Rekvi.ee\" \/>\n<meta property=\"article:modified_time\" content=\"2026-02-02T12:55:40+00:00\" \/>\n<meta property=\"og:image\" content=\"https:\/\/www.rekvi.ee\/wp-content\/uploads\/2025\/04\/12817-1.jpg\" \/>\n\t<meta property=\"og:image:width\" content=\"650\" \/>\n\t<meta property=\"og:image:height\" content=\"650\" \/>\n\t<meta property=\"og:image:type\" content=\"image\/jpeg\" \/>\n<meta name=\"twitter:card\" content=\"summary_large_image\" \/>\n<script type=\"application\/ld+json\" class=\"yoast-schema-graph\">{\"@context\":\"https:\/\/schema.org\",\"@graph\":[{\"@type\":\"WebPage\",\"@id\":\"https:\/\/www.rekvi.ee\/fi\/toode\/seepshik-lastele-piuttaimi-ekstraktiga-140-g\/\",\"url\":\"https:\/\/www.rekvi.ee\/fi\/toode\/seepshik-lastele-piuttaimi-ekstraktiga-140-g\/\",\"name\":\"Lasten saippua \\\"Chereda\\\" 150g &ndash; REKVI\",\"isPartOf\":{\"@id\":\"https:\/\/www.rekvi.ee\/#website\"},\"datePublished\":\"2025-04-22T09:50:45+00:00\",\"dateModified\":\"2026-02-02T12:55:40+00:00\",\"description\":\"\u0417\u0430\u043a\u0430\u0437\u0430\u0442\u044c \u00abLasten saippua \\\"Chereda\\\" 150g\u00bb \u0432 \u0438\u043d\u0442\u0435\u0440\u043d\u0435\u0442-\u043c\u0430\u0433\u0430\u0437\u0438\u043d\u0435 REKVI \u0441 \u0434\u043e\u0441\u0442\u0430\u0432\u043a\u043e\u0439 \u043f\u043e \u042d\u0441\u0442\u043e\u043d\u0438\u0438. \u260e +3726363659\",\"breadcrumb\":{\"@id\":\"https:\/\/www.rekvi.ee\/fi\/toode\/seepshik-lastele-piuttaimi-ekstraktiga-140-g\/#breadcrumb\"},\"inLanguage\":\"fi\",\"potentialAction\":[{\"@type\":\"ReadAction\",\"target\":[\"https:\/\/www.rekvi.ee\/fi\/toode\/seepshik-lastele-piuttaimi-ekstraktiga-140-g\/\"]}]},{\"@type\":\"BreadcrumbList\",\"@id\":\"https:\/\/www.rekvi.ee\/fi\/toode\/seepshik-lastele-piuttaimi-ekstraktiga-140-g\/#breadcrumb\",\"itemListElement\":[{\"@type\":\"ListItem\",\"position\":1,\"name\":\"Shop\",\"item\":\"https:\/\/www.rekvi.ee\/en\/e-shop\/\"},{\"@type\":\"ListItem\",\"position\":2,\"name\":\"Lasten saippua &#8220;Chereda&#8221; 150g\"}]},{\"@type\":\"WebSite\",\"@id\":\"https:\/\/www.rekvi.ee\/#website\",\"url\":\"https:\/\/www.rekvi.ee\/\",\"name\":\"REKVI\",\"description\":\"Tere tulemast kosmeetika maailma!\",\"potentialAction\":[{\"@type\":\"SearchAction\",\"target\":{\"@type\":\"EntryPoint\",\"urlTemplate\":\"https:\/\/www.rekvi.ee\/?s={search_term_string}\"},\"query-input\":\"required name=search_term_string\"}],\"inLanguage\":\"fi\"}]}<\/script>\n<!-- \/ Yoast SEO plugin. -->","yoast_head_json":{"title":"Lasten saippua \"Chereda\" 150g &ndash; REKVI","description":"\u0417\u0430\u043a\u0430\u0437\u0430\u0442\u044c \u00abLasten saippua \"Chereda\" 150g\u00bb \u0432 \u0438\u043d\u0442\u0435\u0440\u043d\u0435\u0442-\u043c\u0430\u0433\u0430\u0437\u0438\u043d\u0435 REKVI \u0441 \u0434\u043e\u0441\u0442\u0430\u0432\u043a\u043e\u0439 \u043f\u043e \u042d\u0441\u0442\u043e\u043d\u0438\u0438. \u260e +3726363659","robots":{"index":"index","follow":"follow","max-snippet":"max-snippet:-1","max-image-preview":"max-image-preview:large","max-video-preview":"max-video-preview:-1"},"canonical":"https:\/\/www.rekvi.ee\/fi\/toode\/seepshik-lastele-piuttaimi-ekstraktiga-140-g\/","og_locale":"fi_FI","og_type":"article","og_title":"Lasten saippua \"Chereda\" 150g &ndash; REKVI","og_description":"\u0417\u0430\u043a\u0430\u0437\u0430\u0442\u044c \u00abLasten saippua \"Chereda\" 150g\u00bb \u0432 \u0438\u043d\u0442\u0435\u0440\u043d\u0435\u0442-\u043c\u0430\u0433\u0430\u0437\u0438\u043d\u0435 REKVI \u0441 \u0434\u043e\u0441\u0442\u0430\u0432\u043a\u043e\u0439 \u043f\u043e \u042d\u0441\u0442\u043e\u043d\u0438\u0438. \u260e +3726363659","og_url":"https:\/\/www.rekvi.ee\/fi\/toode\/seepshik-lastele-piuttaimi-ekstraktiga-140-g\/","og_site_name":"REKVI","article_publisher":"https:\/\/www.facebook.com\/Rekvi.ee","article_modified_time":"2026-02-02T12:55:40+00:00","og_image":[{"width":650,"height":650,"url":"https:\/\/www.rekvi.ee\/wp-content\/uploads\/2025\/04\/12817-1.jpg","type":"image\/jpeg"}],"twitter_card":"summary_large_image","schema":{"@context":"https:\/\/schema.org","@graph":[{"@type":"WebPage","@id":"https:\/\/www.rekvi.ee\/fi\/toode\/seepshik-lastele-piuttaimi-ekstraktiga-140-g\/","url":"https:\/\/www.rekvi.ee\/fi\/toode\/seepshik-lastele-piuttaimi-ekstraktiga-140-g\/","name":"Lasten saippua \"Chereda\" 150g &ndash; REKVI","isPartOf":{"@id":"https:\/\/www.rekvi.ee\/#website"},"datePublished":"2025-04-22T09:50:45+00:00","dateModified":"2026-02-02T12:55:40+00:00","description":"\u0417\u0430\u043a\u0430\u0437\u0430\u0442\u044c \u00abLasten saippua \"Chereda\" 150g\u00bb \u0432 \u0438\u043d\u0442\u0435\u0440\u043d\u0435\u0442-\u043c\u0430\u0433\u0430\u0437\u0438\u043d\u0435 REKVI \u0441 \u0434\u043e\u0441\u0442\u0430\u0432\u043a\u043e\u0439 \u043f\u043e \u042d\u0441\u0442\u043e\u043d\u0438\u0438. \u260e +3726363659","breadcrumb":{"@id":"https:\/\/www.rekvi.ee\/fi\/toode\/seepshik-lastele-piuttaimi-ekstraktiga-140-g\/#breadcrumb"},"inLanguage":"fi","potentialAction":[{"@type":"ReadAction","target":["https:\/\/www.rekvi.ee\/fi\/toode\/seepshik-lastele-piuttaimi-ekstraktiga-140-g\/"]}]},{"@type":"BreadcrumbList","@id":"https:\/\/www.rekvi.ee\/fi\/toode\/seepshik-lastele-piuttaimi-ekstraktiga-140-g\/#breadcrumb","itemListElement":[{"@type":"ListItem","position":1,"name":"Shop","item":"https:\/\/www.rekvi.ee\/en\/e-shop\/"},{"@type":"ListItem","position":2,"name":"Lasten saippua &#8220;Chereda&#8221; 150g"}]},{"@type":"WebSite","@id":"https:\/\/www.rekvi.ee\/#website","url":"https:\/\/www.rekvi.ee\/","name":"REKVI","description":"Tere tulemast kosmeetika maailma!","potentialAction":[{"@type":"SearchAction","target":{"@type":"EntryPoint","urlTemplate":"https:\/\/www.rekvi.ee\/?s={search_term_string}"},"query-input":"required name=search_term_string"}],"inLanguage":"fi"}]}},"_links":{"self":[{"href":"https:\/\/www.rekvi.ee\/fi\/wp-json\/wp\/v2\/product\/69368"}],"collection":[{"href":"https:\/\/www.rekvi.ee\/fi\/wp-json\/wp\/v2\/product"}],"about":[{"href":"https:\/\/www.rekvi.ee\/fi\/wp-json\/wp\/v2\/types\/product"}],"wp:featuredmedia":[{"embeddable":true,"href":"https:\/\/www.rekvi.ee\/fi\/wp-json\/wp\/v2\/media\/77844"}],"wp:attachment":[{"href":"https:\/\/www.rekvi.ee\/fi\/wp-json\/wp\/v2\/media?parent=69368"}],"wp:term":[{"taxonomy":"product_cat","embeddable":true,"href":"https:\/\/www.rekvi.ee\/fi\/wp-json\/wp\/v2\/product_cat?post=69368"},{"taxonomy":"product_tag","embeddable":true,"href":"https:\/\/www.rekvi.ee\/fi\/wp-json\/wp\/v2\/product_tag?post=69368"}],"curies":[{"name":"wp","href":"https:\/\/api.w.org\/{rel}","templated":true}]}}