{"id":69572,"date":"2024-11-18T16:29:56","date_gmt":"2024-11-18T13:29:56","guid":{"rendered":"https:\/\/www.rekvi.ee\/toode\/seerum-kuuntele-lux-visage-d-panthenol-vitamin-e-9-ml\/"},"modified":"2024-11-18T16:29:56","modified_gmt":"2024-11-18T13:29:56","slug":"seerum-kuuntele-lux-visage-d-panthenol-vitamin-e-9-ml","status":"publish","type":"product","link":"https:\/\/www.rekvi.ee\/fi\/toode\/seerum-kuuntele-lux-visage-d-panthenol-vitamin-e-9-ml\/","title":{"rendered":"Seerumi kynsille \u201dLux Visage\u201d, D-panthenol &#038; E-vitamiini 9 ml"},"content":{"rendered":"","protected":false},"excerpt":{"rendered":"<p>Sis\u00e4lt\u00e4\u00e4 D-pantenolia, E-vitamiinia, manteli\u00f6ljy\u00e4 ja appelsiini eteerist\u00e4 \u00f6ljy\u00e4, jotka auttavat kosteuttamaan, ravitsemaan ja pehment\u00e4m\u00e4\u00e4n kynsinauhoja, sill\u00e4 on palauttava ja rauhoittava sek\u00e4 antioksidanttinen vaikutus.<\/p>\n<p>K\u00e4ytt\u00f6: Levit\u00e4 kynsille ja kynsinauhoille, hiero kevyill\u00e4 hierontaliikkeill\u00e4, kunnes tuote on t\u00e4ysin imeytynyt.<\/p>\n<p>S\u00e4ilyt\u00e4 l\u00e4mp\u00f6tilassa +5 \u00b0C \u2013 +25 \u00b0C.<\/p>\n<p>Koostumus: Aqua, Bis-PEG-18 Methyl Ether Dimethyl Silane, PEG-40 Hydrogenated Castor Oil, Trideceth-9, Panthenol, Polyacrylate Crosspolymer-6, Phenoxyethanol, Citrus Sinensis Peel Oil Expressed, Methylparaben, Disodium EDTA, Propylene Glycol, Propylparaben, Prunus Amygdalus Dulcis Oil, Tocopheryl Acetate, Ethylparaben, PEG-8, Tocopherol, Ascorbyl Palmitate, Ascorbic Acid, Citric Acid, Sodium Hydroxide, Polyethylene Terephthalate, Synthetic Fluorphlogopite, Acrylates Copolymer, Tin Oxide, CI 77891, CI 15985<\/p>\n","protected":false},"featured_media":0,"template":"","meta":[],"product_cat":[2606,2756,2762],"product_tag":[],"yoast_head":"<!-- This site is optimized with the Yoast SEO plugin v19.5.1 - https:\/\/yoast.com\/wordpress\/plugins\/seo\/ -->\n<title>Seerumi kynsille \u201dLux Visage\u201d, D-panthenol &amp; E-vitamiini 9 ml &ndash; REKVI<\/title>\n<meta name=\"description\" content=\"\u0417\u0430\u043a\u0430\u0437\u0430\u0442\u044c \u00abSeerumi kynsille \u201dLux Visage\u201d, D-panthenol &amp; E-vitamiini 9 ml\u00bb \u0432 \u0438\u043d\u0442\u0435\u0440\u043d\u0435\u0442-\u043c\u0430\u0433\u0430\u0437\u0438\u043d\u0435 REKVI \u0441 \u0434\u043e\u0441\u0442\u0430\u0432\u043a\u043e\u0439 \u043f\u043e \u042d\u0441\u0442\u043e\u043d\u0438\u0438. \u260e +3726363659\" \/>\n<meta name=\"robots\" content=\"index, follow, max-snippet:-1, max-image-preview:large, max-video-preview:-1\" \/>\n<link rel=\"canonical\" href=\"https:\/\/www.rekvi.ee\/fi\/toode\/seerum-kuuntele-lux-visage-d-panthenol-vitamin-e-9-ml\/\" \/>\n<meta property=\"og:locale\" content=\"fi_FI\" \/>\n<meta property=\"og:type\" content=\"article\" \/>\n<meta property=\"og:title\" content=\"Seerumi kynsille \u201dLux Visage\u201d, D-panthenol &amp; E-vitamiini 9 ml &ndash; REKVI\" \/>\n<meta property=\"og:description\" content=\"\u0417\u0430\u043a\u0430\u0437\u0430\u0442\u044c \u00abSeerumi kynsille \u201dLux Visage\u201d, D-panthenol &amp; E-vitamiini 9 ml\u00bb \u0432 \u0438\u043d\u0442\u0435\u0440\u043d\u0435\u0442-\u043c\u0430\u0433\u0430\u0437\u0438\u043d\u0435 REKVI \u0441 \u0434\u043e\u0441\u0442\u0430\u0432\u043a\u043e\u0439 \u043f\u043e \u042d\u0441\u0442\u043e\u043d\u0438\u0438. \u260e +3726363659\" \/>\n<meta property=\"og:url\" content=\"https:\/\/www.rekvi.ee\/fi\/toode\/seerum-kuuntele-lux-visage-d-panthenol-vitamin-e-9-ml\/\" \/>\n<meta property=\"og:site_name\" content=\"REKVI\" \/>\n<meta property=\"article:publisher\" content=\"https:\/\/www.facebook.com\/Rekvi.ee\" \/>\n<meta name=\"twitter:card\" content=\"summary_large_image\" \/>\n<script type=\"application\/ld+json\" class=\"yoast-schema-graph\">{\"@context\":\"https:\/\/schema.org\",\"@graph\":[{\"@type\":\"WebPage\",\"@id\":\"https:\/\/www.rekvi.ee\/fi\/toode\/seerum-kuuntele-lux-visage-d-panthenol-vitamin-e-9-ml\/\",\"url\":\"https:\/\/www.rekvi.ee\/fi\/toode\/seerum-kuuntele-lux-visage-d-panthenol-vitamin-e-9-ml\/\",\"name\":\"Seerumi kynsille \u201dLux Visage\u201d, D-panthenol & E-vitamiini 9 ml &ndash; REKVI\",\"isPartOf\":{\"@id\":\"https:\/\/www.rekvi.ee\/#website\"},\"datePublished\":\"2024-11-18T13:29:56+00:00\",\"dateModified\":\"2024-11-18T13:29:56+00:00\",\"description\":\"\u0417\u0430\u043a\u0430\u0437\u0430\u0442\u044c \u00abSeerumi kynsille \u201dLux Visage\u201d, D-panthenol & E-vitamiini 9 ml\u00bb \u0432 \u0438\u043d\u0442\u0435\u0440\u043d\u0435\u0442-\u043c\u0430\u0433\u0430\u0437\u0438\u043d\u0435 REKVI \u0441 \u0434\u043e\u0441\u0442\u0430\u0432\u043a\u043e\u0439 \u043f\u043e \u042d\u0441\u0442\u043e\u043d\u0438\u0438. \u260e +3726363659\",\"breadcrumb\":{\"@id\":\"https:\/\/www.rekvi.ee\/fi\/toode\/seerum-kuuntele-lux-visage-d-panthenol-vitamin-e-9-ml\/#breadcrumb\"},\"inLanguage\":\"fi\",\"potentialAction\":[{\"@type\":\"ReadAction\",\"target\":[\"https:\/\/www.rekvi.ee\/fi\/toode\/seerum-kuuntele-lux-visage-d-panthenol-vitamin-e-9-ml\/\"]}]},{\"@type\":\"BreadcrumbList\",\"@id\":\"https:\/\/www.rekvi.ee\/fi\/toode\/seerum-kuuntele-lux-visage-d-panthenol-vitamin-e-9-ml\/#breadcrumb\",\"itemListElement\":[{\"@type\":\"ListItem\",\"position\":1,\"name\":\"Shop\",\"item\":\"https:\/\/www.rekvi.ee\/en\/e-shop\/\"},{\"@type\":\"ListItem\",\"position\":2,\"name\":\"Seerumi kynsille \u201dLux Visage\u201d, D-panthenol &#038; E-vitamiini 9 ml\"}]},{\"@type\":\"WebSite\",\"@id\":\"https:\/\/www.rekvi.ee\/#website\",\"url\":\"https:\/\/www.rekvi.ee\/\",\"name\":\"REKVI\",\"description\":\"Tere tulemast kosmeetika maailma!\",\"potentialAction\":[{\"@type\":\"SearchAction\",\"target\":{\"@type\":\"EntryPoint\",\"urlTemplate\":\"https:\/\/www.rekvi.ee\/?s={search_term_string}\"},\"query-input\":\"required name=search_term_string\"}],\"inLanguage\":\"fi\"}]}<\/script>\n<!-- \/ Yoast SEO plugin. -->","yoast_head_json":{"title":"Seerumi kynsille \u201dLux Visage\u201d, D-panthenol & E-vitamiini 9 ml &ndash; REKVI","description":"\u0417\u0430\u043a\u0430\u0437\u0430\u0442\u044c \u00abSeerumi kynsille \u201dLux Visage\u201d, D-panthenol & E-vitamiini 9 ml\u00bb \u0432 \u0438\u043d\u0442\u0435\u0440\u043d\u0435\u0442-\u043c\u0430\u0433\u0430\u0437\u0438\u043d\u0435 REKVI \u0441 \u0434\u043e\u0441\u0442\u0430\u0432\u043a\u043e\u0439 \u043f\u043e \u042d\u0441\u0442\u043e\u043d\u0438\u0438. \u260e +3726363659","robots":{"index":"index","follow":"follow","max-snippet":"max-snippet:-1","max-image-preview":"max-image-preview:large","max-video-preview":"max-video-preview:-1"},"canonical":"https:\/\/www.rekvi.ee\/fi\/toode\/seerum-kuuntele-lux-visage-d-panthenol-vitamin-e-9-ml\/","og_locale":"fi_FI","og_type":"article","og_title":"Seerumi kynsille \u201dLux Visage\u201d, D-panthenol & E-vitamiini 9 ml &ndash; REKVI","og_description":"\u0417\u0430\u043a\u0430\u0437\u0430\u0442\u044c \u00abSeerumi kynsille \u201dLux Visage\u201d, D-panthenol & E-vitamiini 9 ml\u00bb \u0432 \u0438\u043d\u0442\u0435\u0440\u043d\u0435\u0442-\u043c\u0430\u0433\u0430\u0437\u0438\u043d\u0435 REKVI \u0441 \u0434\u043e\u0441\u0442\u0430\u0432\u043a\u043e\u0439 \u043f\u043e \u042d\u0441\u0442\u043e\u043d\u0438\u0438. \u260e +3726363659","og_url":"https:\/\/www.rekvi.ee\/fi\/toode\/seerum-kuuntele-lux-visage-d-panthenol-vitamin-e-9-ml\/","og_site_name":"REKVI","article_publisher":"https:\/\/www.facebook.com\/Rekvi.ee","twitter_card":"summary_large_image","schema":{"@context":"https:\/\/schema.org","@graph":[{"@type":"WebPage","@id":"https:\/\/www.rekvi.ee\/fi\/toode\/seerum-kuuntele-lux-visage-d-panthenol-vitamin-e-9-ml\/","url":"https:\/\/www.rekvi.ee\/fi\/toode\/seerum-kuuntele-lux-visage-d-panthenol-vitamin-e-9-ml\/","name":"Seerumi kynsille \u201dLux Visage\u201d, D-panthenol & E-vitamiini 9 ml &ndash; REKVI","isPartOf":{"@id":"https:\/\/www.rekvi.ee\/#website"},"datePublished":"2024-11-18T13:29:56+00:00","dateModified":"2024-11-18T13:29:56+00:00","description":"\u0417\u0430\u043a\u0430\u0437\u0430\u0442\u044c \u00abSeerumi kynsille \u201dLux Visage\u201d, D-panthenol & E-vitamiini 9 ml\u00bb \u0432 \u0438\u043d\u0442\u0435\u0440\u043d\u0435\u0442-\u043c\u0430\u0433\u0430\u0437\u0438\u043d\u0435 REKVI \u0441 \u0434\u043e\u0441\u0442\u0430\u0432\u043a\u043e\u0439 \u043f\u043e \u042d\u0441\u0442\u043e\u043d\u0438\u0438. \u260e +3726363659","breadcrumb":{"@id":"https:\/\/www.rekvi.ee\/fi\/toode\/seerum-kuuntele-lux-visage-d-panthenol-vitamin-e-9-ml\/#breadcrumb"},"inLanguage":"fi","potentialAction":[{"@type":"ReadAction","target":["https:\/\/www.rekvi.ee\/fi\/toode\/seerum-kuuntele-lux-visage-d-panthenol-vitamin-e-9-ml\/"]}]},{"@type":"BreadcrumbList","@id":"https:\/\/www.rekvi.ee\/fi\/toode\/seerum-kuuntele-lux-visage-d-panthenol-vitamin-e-9-ml\/#breadcrumb","itemListElement":[{"@type":"ListItem","position":1,"name":"Shop","item":"https:\/\/www.rekvi.ee\/en\/e-shop\/"},{"@type":"ListItem","position":2,"name":"Seerumi kynsille \u201dLux Visage\u201d, D-panthenol &#038; E-vitamiini 9 ml"}]},{"@type":"WebSite","@id":"https:\/\/www.rekvi.ee\/#website","url":"https:\/\/www.rekvi.ee\/","name":"REKVI","description":"Tere tulemast kosmeetika maailma!","potentialAction":[{"@type":"SearchAction","target":{"@type":"EntryPoint","urlTemplate":"https:\/\/www.rekvi.ee\/?s={search_term_string}"},"query-input":"required name=search_term_string"}],"inLanguage":"fi"}]}},"_links":{"self":[{"href":"https:\/\/www.rekvi.ee\/fi\/wp-json\/wp\/v2\/product\/69572"}],"collection":[{"href":"https:\/\/www.rekvi.ee\/fi\/wp-json\/wp\/v2\/product"}],"about":[{"href":"https:\/\/www.rekvi.ee\/fi\/wp-json\/wp\/v2\/types\/product"}],"wp:attachment":[{"href":"https:\/\/www.rekvi.ee\/fi\/wp-json\/wp\/v2\/media?parent=69572"}],"wp:term":[{"taxonomy":"product_cat","embeddable":true,"href":"https:\/\/www.rekvi.ee\/fi\/wp-json\/wp\/v2\/product_cat?post=69572"},{"taxonomy":"product_tag","embeddable":true,"href":"https:\/\/www.rekvi.ee\/fi\/wp-json\/wp\/v2\/product_tag?post=69572"}],"curies":[{"name":"wp","href":"https:\/\/api.w.org\/{rel}","templated":true}]}}