{"id":69585,"date":"2024-11-19T17:52:21","date_gmt":"2024-11-19T14:52:21","guid":{"rendered":"https:\/\/www.rekvi.ee\/toode\/basma-juustele-india-natural-100g\/"},"modified":"2024-11-19T17:52:21","modified_gmt":"2024-11-19T14:52:21","slug":"basma-juustele-india-natural-100g","status":"publish","type":"product","link":"https:\/\/www.rekvi.ee\/fi\/toode\/basma-juustele-india-natural-100g\/","title":{"rendered":"Basma hiuksille Intia \u201dNatural\u201d 100g"},"content":{"rendered":"","protected":false},"excerpt":{"rendered":"<p>Basma on luonnollinen kasviv\u00e4ri \u2013 ymp\u00e4rist\u00f6yst\u00e4v\u00e4llinen tuote, joka sis\u00e4lt\u00e4\u00e4 biologisesti aktiivisia aineita ja vitamiineja. Se on tarkoitettu hiusten v\u00e4rj\u00e4\u00e4miseen tummemmilla s\u00e4vyill\u00e4, sek\u00e4 harmaiden hiusten v\u00e4rj\u00e4\u00e4miseen vaaleanruskeasta mustaksi. V\u00e4ri s\u00e4vy riippuu hiusten rakenteesta, paksuudesta, alkuper\u00e4isest\u00e4 v\u00e4rist\u00e4 ja k\u00e4sittelyajasta. Henna- ja basmav\u00e4rj\u00e4yksen j\u00e4lkeen hiukset saavat kiiltoa, kimmoisuutta ja niit\u00e4 on helppo kammata.<\/p>\n<p><strong>K\u00e4ytt\u00f6ohjeet:<\/strong><\/p>\n<p>Pue hanskat k\u00e4teen. Hiusten v\u00e4rj\u00e4\u00e4miseksi levit\u00e4 kuiville, puhtaille hiuksille, ensin juurille ja sitten tasaisesti latvoihin.<\/p>\n<p>Laimenna jauhe tarvittavassa suhteessa hennaan ja kuumaan veteen (ei kiehuvaan veteen) paksuksi tahnaksi. Suuremman v\u00e4rikyll\u00e4isyyden saavuttamiseksi anna seoksen seist\u00e4 useita tunteja. Lis\u00e4\u00e4 sitten hieman vett\u00e4 ja jatka suoraan v\u00e4rj\u00e4\u00e4mist\u00e4. Huuhtele vedell\u00e4, \u00e4l\u00e4 k\u00e4yt\u00e4 shampoota. S\u00e4ilyt\u00e4 huoneenl\u00e4mm\u00f6ss\u00e4 kuivassa paikassa.<\/p>\n<p>Oloaika on 30-60 minuuttia.<\/p>\n<p>&nbsp;<\/p>\n","protected":false},"featured_media":57188,"template":"","meta":[],"product_cat":[2603,2777,2784],"product_tag":[],"yoast_head":"<!-- This site is optimized with the Yoast SEO plugin v19.5.1 - https:\/\/yoast.com\/wordpress\/plugins\/seo\/ -->\n<title>Basma hiuksille Intia \u201dNatural\u201d 100g &ndash; REKVI<\/title>\n<meta name=\"description\" content=\"\u0417\u0430\u043a\u0430\u0437\u0430\u0442\u044c \u00abBasma hiuksille Intia \u201dNatural\u201d 100g\u00bb \u0432 \u0438\u043d\u0442\u0435\u0440\u043d\u0435\u0442-\u043c\u0430\u0433\u0430\u0437\u0438\u043d\u0435 REKVI \u0441 \u0434\u043e\u0441\u0442\u0430\u0432\u043a\u043e\u0439 \u043f\u043e \u042d\u0441\u0442\u043e\u043d\u0438\u0438. \u260e +3726363659\" \/>\n<meta name=\"robots\" content=\"index, follow, max-snippet:-1, max-image-preview:large, max-video-preview:-1\" \/>\n<link rel=\"canonical\" href=\"https:\/\/www.rekvi.ee\/fi\/toode\/basma-juustele-india-natural-100g\/\" \/>\n<meta property=\"og:locale\" content=\"fi_FI\" \/>\n<meta property=\"og:type\" content=\"article\" \/>\n<meta property=\"og:title\" content=\"Basma hiuksille Intia \u201dNatural\u201d 100g &ndash; REKVI\" \/>\n<meta property=\"og:description\" content=\"\u0417\u0430\u043a\u0430\u0437\u0430\u0442\u044c \u00abBasma hiuksille Intia \u201dNatural\u201d 100g\u00bb \u0432 \u0438\u043d\u0442\u0435\u0440\u043d\u0435\u0442-\u043c\u0430\u0433\u0430\u0437\u0438\u043d\u0435 REKVI \u0441 \u0434\u043e\u0441\u0442\u0430\u0432\u043a\u043e\u0439 \u043f\u043e \u042d\u0441\u0442\u043e\u043d\u0438\u0438. \u260e +3726363659\" \/>\n<meta property=\"og:url\" content=\"https:\/\/www.rekvi.ee\/fi\/toode\/basma-juustele-india-natural-100g\/\" \/>\n<meta property=\"og:site_name\" content=\"REKVI\" \/>\n<meta property=\"article:publisher\" content=\"https:\/\/www.facebook.com\/Rekvi.ee\" \/>\n<meta name=\"twitter:card\" content=\"summary_large_image\" \/>\n<script type=\"application\/ld+json\" class=\"yoast-schema-graph\">{\"@context\":\"https:\/\/schema.org\",\"@graph\":[{\"@type\":\"WebPage\",\"@id\":\"https:\/\/www.rekvi.ee\/fi\/toode\/basma-juustele-india-natural-100g\/\",\"url\":\"https:\/\/www.rekvi.ee\/fi\/toode\/basma-juustele-india-natural-100g\/\",\"name\":\"Basma hiuksille Intia \u201dNatural\u201d 100g &ndash; REKVI\",\"isPartOf\":{\"@id\":\"https:\/\/www.rekvi.ee\/#website\"},\"datePublished\":\"2024-11-19T14:52:21+00:00\",\"dateModified\":\"2024-11-19T14:52:21+00:00\",\"description\":\"\u0417\u0430\u043a\u0430\u0437\u0430\u0442\u044c \u00abBasma hiuksille Intia \u201dNatural\u201d 100g\u00bb \u0432 \u0438\u043d\u0442\u0435\u0440\u043d\u0435\u0442-\u043c\u0430\u0433\u0430\u0437\u0438\u043d\u0435 REKVI \u0441 \u0434\u043e\u0441\u0442\u0430\u0432\u043a\u043e\u0439 \u043f\u043e \u042d\u0441\u0442\u043e\u043d\u0438\u0438. \u260e +3726363659\",\"breadcrumb\":{\"@id\":\"https:\/\/www.rekvi.ee\/fi\/toode\/basma-juustele-india-natural-100g\/#breadcrumb\"},\"inLanguage\":\"fi\",\"potentialAction\":[{\"@type\":\"ReadAction\",\"target\":[\"https:\/\/www.rekvi.ee\/fi\/toode\/basma-juustele-india-natural-100g\/\"]}]},{\"@type\":\"BreadcrumbList\",\"@id\":\"https:\/\/www.rekvi.ee\/fi\/toode\/basma-juustele-india-natural-100g\/#breadcrumb\",\"itemListElement\":[{\"@type\":\"ListItem\",\"position\":1,\"name\":\"Shop\",\"item\":\"https:\/\/www.rekvi.ee\/en\/e-shop\/\"},{\"@type\":\"ListItem\",\"position\":2,\"name\":\"Basma hiuksille Intia \u201dNatural\u201d 100g\"}]},{\"@type\":\"WebSite\",\"@id\":\"https:\/\/www.rekvi.ee\/#website\",\"url\":\"https:\/\/www.rekvi.ee\/\",\"name\":\"REKVI\",\"description\":\"Tere tulemast kosmeetika maailma!\",\"potentialAction\":[{\"@type\":\"SearchAction\",\"target\":{\"@type\":\"EntryPoint\",\"urlTemplate\":\"https:\/\/www.rekvi.ee\/?s={search_term_string}\"},\"query-input\":\"required name=search_term_string\"}],\"inLanguage\":\"fi\"}]}<\/script>\n<!-- \/ Yoast SEO plugin. -->","yoast_head_json":{"title":"Basma hiuksille Intia \u201dNatural\u201d 100g &ndash; REKVI","description":"\u0417\u0430\u043a\u0430\u0437\u0430\u0442\u044c \u00abBasma hiuksille Intia \u201dNatural\u201d 100g\u00bb \u0432 \u0438\u043d\u0442\u0435\u0440\u043d\u0435\u0442-\u043c\u0430\u0433\u0430\u0437\u0438\u043d\u0435 REKVI \u0441 \u0434\u043e\u0441\u0442\u0430\u0432\u043a\u043e\u0439 \u043f\u043e \u042d\u0441\u0442\u043e\u043d\u0438\u0438. \u260e +3726363659","robots":{"index":"index","follow":"follow","max-snippet":"max-snippet:-1","max-image-preview":"max-image-preview:large","max-video-preview":"max-video-preview:-1"},"canonical":"https:\/\/www.rekvi.ee\/fi\/toode\/basma-juustele-india-natural-100g\/","og_locale":"fi_FI","og_type":"article","og_title":"Basma hiuksille Intia \u201dNatural\u201d 100g &ndash; REKVI","og_description":"\u0417\u0430\u043a\u0430\u0437\u0430\u0442\u044c \u00abBasma hiuksille Intia \u201dNatural\u201d 100g\u00bb \u0432 \u0438\u043d\u0442\u0435\u0440\u043d\u0435\u0442-\u043c\u0430\u0433\u0430\u0437\u0438\u043d\u0435 REKVI \u0441 \u0434\u043e\u0441\u0442\u0430\u0432\u043a\u043e\u0439 \u043f\u043e \u042d\u0441\u0442\u043e\u043d\u0438\u0438. \u260e +3726363659","og_url":"https:\/\/www.rekvi.ee\/fi\/toode\/basma-juustele-india-natural-100g\/","og_site_name":"REKVI","article_publisher":"https:\/\/www.facebook.com\/Rekvi.ee","twitter_card":"summary_large_image","schema":{"@context":"https:\/\/schema.org","@graph":[{"@type":"WebPage","@id":"https:\/\/www.rekvi.ee\/fi\/toode\/basma-juustele-india-natural-100g\/","url":"https:\/\/www.rekvi.ee\/fi\/toode\/basma-juustele-india-natural-100g\/","name":"Basma hiuksille Intia \u201dNatural\u201d 100g &ndash; REKVI","isPartOf":{"@id":"https:\/\/www.rekvi.ee\/#website"},"datePublished":"2024-11-19T14:52:21+00:00","dateModified":"2024-11-19T14:52:21+00:00","description":"\u0417\u0430\u043a\u0430\u0437\u0430\u0442\u044c \u00abBasma hiuksille Intia \u201dNatural\u201d 100g\u00bb \u0432 \u0438\u043d\u0442\u0435\u0440\u043d\u0435\u0442-\u043c\u0430\u0433\u0430\u0437\u0438\u043d\u0435 REKVI \u0441 \u0434\u043e\u0441\u0442\u0430\u0432\u043a\u043e\u0439 \u043f\u043e \u042d\u0441\u0442\u043e\u043d\u0438\u0438. \u260e +3726363659","breadcrumb":{"@id":"https:\/\/www.rekvi.ee\/fi\/toode\/basma-juustele-india-natural-100g\/#breadcrumb"},"inLanguage":"fi","potentialAction":[{"@type":"ReadAction","target":["https:\/\/www.rekvi.ee\/fi\/toode\/basma-juustele-india-natural-100g\/"]}]},{"@type":"BreadcrumbList","@id":"https:\/\/www.rekvi.ee\/fi\/toode\/basma-juustele-india-natural-100g\/#breadcrumb","itemListElement":[{"@type":"ListItem","position":1,"name":"Shop","item":"https:\/\/www.rekvi.ee\/en\/e-shop\/"},{"@type":"ListItem","position":2,"name":"Basma hiuksille Intia \u201dNatural\u201d 100g"}]},{"@type":"WebSite","@id":"https:\/\/www.rekvi.ee\/#website","url":"https:\/\/www.rekvi.ee\/","name":"REKVI","description":"Tere tulemast kosmeetika maailma!","potentialAction":[{"@type":"SearchAction","target":{"@type":"EntryPoint","urlTemplate":"https:\/\/www.rekvi.ee\/?s={search_term_string}"},"query-input":"required name=search_term_string"}],"inLanguage":"fi"}]}},"_links":{"self":[{"href":"https:\/\/www.rekvi.ee\/fi\/wp-json\/wp\/v2\/product\/69585"}],"collection":[{"href":"https:\/\/www.rekvi.ee\/fi\/wp-json\/wp\/v2\/product"}],"about":[{"href":"https:\/\/www.rekvi.ee\/fi\/wp-json\/wp\/v2\/types\/product"}],"wp:featuredmedia":[{"embeddable":true,"href":"https:\/\/www.rekvi.ee\/fi\/wp-json\/wp\/v2\/media\/57188"}],"wp:attachment":[{"href":"https:\/\/www.rekvi.ee\/fi\/wp-json\/wp\/v2\/media?parent=69585"}],"wp:term":[{"taxonomy":"product_cat","embeddable":true,"href":"https:\/\/www.rekvi.ee\/fi\/wp-json\/wp\/v2\/product_cat?post=69585"},{"taxonomy":"product_tag","embeddable":true,"href":"https:\/\/www.rekvi.ee\/fi\/wp-json\/wp\/v2\/product_tag?post=69585"}],"curies":[{"name":"wp","href":"https:\/\/api.w.org\/{rel}","templated":true}]}}