{"id":69595,"date":"2024-11-25T14:17:44","date_gmt":"2024-11-25T11:17:44","guid":{"rendered":"https:\/\/www.rekvi.ee\/toode\/kinkekomplekt-bon-matin2862-vanillan-round-basket\/"},"modified":"2024-11-25T14:17:44","modified_gmt":"2024-11-25T11:17:44","slug":"kinkekomplekt-bon-matin2862-vanillan-round-basket","status":"publish","type":"product","link":"https:\/\/www.rekvi.ee\/fi\/toode\/kinkekomplekt-bon-matin2862-vanillan-round-basket\/","title":{"rendered":"Lahjasetti \u201dBon Matin \u201d2862 Vanillanin py\u00f6re\u00e4 kori"},"content":{"rendered":"","protected":false},"excerpt":{"rendered":"<p>Erinomainen ja k\u00e4yt\u00e4nn\u00f6llinen valinta ihon hyv\u00e4n ulkon\u00e4\u00f6n yll\u00e4pit\u00e4miseksi joka suihkun aikana ja sen j\u00e4lkeen on nyt ulottuvillasi Bon Matinin ansiosta, joka tarjoaa sinulle kaiken, mit\u00e4 tarvitset intensiivisen itsesihoitorutiinin luomiseen.<\/p>\n<p><b>Sis\u00e4lt\u00e4\u00e4:<\/b><\/p>\n<ul>\n<li>Kosteuttava suihkusaippua 300 ml<\/li>\n<li>Kosteuttava vartalovoide 300 ml<\/li>\n<li>K\u00e4sivoide 50 ml ja Rentouttavat kylpysuolat 200 g<\/li>\n<\/ul>\n<p>&nbsp;<\/p>\n","protected":false},"featured_media":0,"template":"","meta":[],"product_cat":[2606,2754,2794,2797,2803,2805,2801],"product_tag":[],"yoast_head":"<!-- This site is optimized with the Yoast SEO plugin v19.5.1 - https:\/\/yoast.com\/wordpress\/plugins\/seo\/ -->\n<title>Lahjasetti \u201dBon Matin \u201d2862 Vanillanin py\u00f6re\u00e4 kori &ndash; REKVI<\/title>\n<meta name=\"description\" content=\"\u0417\u0430\u043a\u0430\u0437\u0430\u0442\u044c \u00abLahjasetti \u201dBon Matin \u201d2862 Vanillanin py\u00f6re\u00e4 kori\u00bb \u0432 \u0438\u043d\u0442\u0435\u0440\u043d\u0435\u0442-\u043c\u0430\u0433\u0430\u0437\u0438\u043d\u0435 REKVI \u0441 \u0434\u043e\u0441\u0442\u0430\u0432\u043a\u043e\u0439 \u043f\u043e \u042d\u0441\u0442\u043e\u043d\u0438\u0438. \u260e +3726363659\" \/>\n<meta name=\"robots\" content=\"index, follow, max-snippet:-1, max-image-preview:large, max-video-preview:-1\" \/>\n<link rel=\"canonical\" href=\"https:\/\/www.rekvi.ee\/fi\/toode\/kinkekomplekt-bon-matin2862-vanillan-round-basket\/\" \/>\n<meta property=\"og:locale\" content=\"fi_FI\" \/>\n<meta property=\"og:type\" content=\"article\" \/>\n<meta property=\"og:title\" content=\"Lahjasetti \u201dBon Matin \u201d2862 Vanillanin py\u00f6re\u00e4 kori &ndash; REKVI\" \/>\n<meta property=\"og:description\" content=\"\u0417\u0430\u043a\u0430\u0437\u0430\u0442\u044c \u00abLahjasetti \u201dBon Matin \u201d2862 Vanillanin py\u00f6re\u00e4 kori\u00bb \u0432 \u0438\u043d\u0442\u0435\u0440\u043d\u0435\u0442-\u043c\u0430\u0433\u0430\u0437\u0438\u043d\u0435 REKVI \u0441 \u0434\u043e\u0441\u0442\u0430\u0432\u043a\u043e\u0439 \u043f\u043e \u042d\u0441\u0442\u043e\u043d\u0438\u0438. \u260e +3726363659\" \/>\n<meta property=\"og:url\" content=\"https:\/\/www.rekvi.ee\/fi\/toode\/kinkekomplekt-bon-matin2862-vanillan-round-basket\/\" \/>\n<meta property=\"og:site_name\" content=\"REKVI\" \/>\n<meta property=\"article:publisher\" content=\"https:\/\/www.facebook.com\/Rekvi.ee\" \/>\n<meta name=\"twitter:card\" content=\"summary_large_image\" \/>\n<script type=\"application\/ld+json\" class=\"yoast-schema-graph\">{\"@context\":\"https:\/\/schema.org\",\"@graph\":[{\"@type\":\"WebPage\",\"@id\":\"https:\/\/www.rekvi.ee\/fi\/toode\/kinkekomplekt-bon-matin2862-vanillan-round-basket\/\",\"url\":\"https:\/\/www.rekvi.ee\/fi\/toode\/kinkekomplekt-bon-matin2862-vanillan-round-basket\/\",\"name\":\"Lahjasetti \u201dBon Matin \u201d2862 Vanillanin py\u00f6re\u00e4 kori &ndash; REKVI\",\"isPartOf\":{\"@id\":\"https:\/\/www.rekvi.ee\/#website\"},\"datePublished\":\"2024-11-25T11:17:44+00:00\",\"dateModified\":\"2024-11-25T11:17:44+00:00\",\"description\":\"\u0417\u0430\u043a\u0430\u0437\u0430\u0442\u044c \u00abLahjasetti \u201dBon Matin \u201d2862 Vanillanin py\u00f6re\u00e4 kori\u00bb \u0432 \u0438\u043d\u0442\u0435\u0440\u043d\u0435\u0442-\u043c\u0430\u0433\u0430\u0437\u0438\u043d\u0435 REKVI \u0441 \u0434\u043e\u0441\u0442\u0430\u0432\u043a\u043e\u0439 \u043f\u043e \u042d\u0441\u0442\u043e\u043d\u0438\u0438. \u260e +3726363659\",\"breadcrumb\":{\"@id\":\"https:\/\/www.rekvi.ee\/fi\/toode\/kinkekomplekt-bon-matin2862-vanillan-round-basket\/#breadcrumb\"},\"inLanguage\":\"fi\",\"potentialAction\":[{\"@type\":\"ReadAction\",\"target\":[\"https:\/\/www.rekvi.ee\/fi\/toode\/kinkekomplekt-bon-matin2862-vanillan-round-basket\/\"]}]},{\"@type\":\"BreadcrumbList\",\"@id\":\"https:\/\/www.rekvi.ee\/fi\/toode\/kinkekomplekt-bon-matin2862-vanillan-round-basket\/#breadcrumb\",\"itemListElement\":[{\"@type\":\"ListItem\",\"position\":1,\"name\":\"Shop\",\"item\":\"https:\/\/www.rekvi.ee\/en\/e-shop\/\"},{\"@type\":\"ListItem\",\"position\":2,\"name\":\"Lahjasetti \u201dBon Matin \u201d2862 Vanillanin py\u00f6re\u00e4 kori\"}]},{\"@type\":\"WebSite\",\"@id\":\"https:\/\/www.rekvi.ee\/#website\",\"url\":\"https:\/\/www.rekvi.ee\/\",\"name\":\"REKVI\",\"description\":\"Tere tulemast kosmeetika maailma!\",\"potentialAction\":[{\"@type\":\"SearchAction\",\"target\":{\"@type\":\"EntryPoint\",\"urlTemplate\":\"https:\/\/www.rekvi.ee\/?s={search_term_string}\"},\"query-input\":\"required name=search_term_string\"}],\"inLanguage\":\"fi\"}]}<\/script>\n<!-- \/ Yoast SEO plugin. -->","yoast_head_json":{"title":"Lahjasetti \u201dBon Matin \u201d2862 Vanillanin py\u00f6re\u00e4 kori &ndash; REKVI","description":"\u0417\u0430\u043a\u0430\u0437\u0430\u0442\u044c \u00abLahjasetti \u201dBon Matin \u201d2862 Vanillanin py\u00f6re\u00e4 kori\u00bb \u0432 \u0438\u043d\u0442\u0435\u0440\u043d\u0435\u0442-\u043c\u0430\u0433\u0430\u0437\u0438\u043d\u0435 REKVI \u0441 \u0434\u043e\u0441\u0442\u0430\u0432\u043a\u043e\u0439 \u043f\u043e \u042d\u0441\u0442\u043e\u043d\u0438\u0438. \u260e +3726363659","robots":{"index":"index","follow":"follow","max-snippet":"max-snippet:-1","max-image-preview":"max-image-preview:large","max-video-preview":"max-video-preview:-1"},"canonical":"https:\/\/www.rekvi.ee\/fi\/toode\/kinkekomplekt-bon-matin2862-vanillan-round-basket\/","og_locale":"fi_FI","og_type":"article","og_title":"Lahjasetti \u201dBon Matin \u201d2862 Vanillanin py\u00f6re\u00e4 kori &ndash; REKVI","og_description":"\u0417\u0430\u043a\u0430\u0437\u0430\u0442\u044c \u00abLahjasetti \u201dBon Matin \u201d2862 Vanillanin py\u00f6re\u00e4 kori\u00bb \u0432 \u0438\u043d\u0442\u0435\u0440\u043d\u0435\u0442-\u043c\u0430\u0433\u0430\u0437\u0438\u043d\u0435 REKVI \u0441 \u0434\u043e\u0441\u0442\u0430\u0432\u043a\u043e\u0439 \u043f\u043e \u042d\u0441\u0442\u043e\u043d\u0438\u0438. \u260e +3726363659","og_url":"https:\/\/www.rekvi.ee\/fi\/toode\/kinkekomplekt-bon-matin2862-vanillan-round-basket\/","og_site_name":"REKVI","article_publisher":"https:\/\/www.facebook.com\/Rekvi.ee","twitter_card":"summary_large_image","schema":{"@context":"https:\/\/schema.org","@graph":[{"@type":"WebPage","@id":"https:\/\/www.rekvi.ee\/fi\/toode\/kinkekomplekt-bon-matin2862-vanillan-round-basket\/","url":"https:\/\/www.rekvi.ee\/fi\/toode\/kinkekomplekt-bon-matin2862-vanillan-round-basket\/","name":"Lahjasetti \u201dBon Matin \u201d2862 Vanillanin py\u00f6re\u00e4 kori &ndash; REKVI","isPartOf":{"@id":"https:\/\/www.rekvi.ee\/#website"},"datePublished":"2024-11-25T11:17:44+00:00","dateModified":"2024-11-25T11:17:44+00:00","description":"\u0417\u0430\u043a\u0430\u0437\u0430\u0442\u044c \u00abLahjasetti \u201dBon Matin \u201d2862 Vanillanin py\u00f6re\u00e4 kori\u00bb \u0432 \u0438\u043d\u0442\u0435\u0440\u043d\u0435\u0442-\u043c\u0430\u0433\u0430\u0437\u0438\u043d\u0435 REKVI \u0441 \u0434\u043e\u0441\u0442\u0430\u0432\u043a\u043e\u0439 \u043f\u043e \u042d\u0441\u0442\u043e\u043d\u0438\u0438. \u260e +3726363659","breadcrumb":{"@id":"https:\/\/www.rekvi.ee\/fi\/toode\/kinkekomplekt-bon-matin2862-vanillan-round-basket\/#breadcrumb"},"inLanguage":"fi","potentialAction":[{"@type":"ReadAction","target":["https:\/\/www.rekvi.ee\/fi\/toode\/kinkekomplekt-bon-matin2862-vanillan-round-basket\/"]}]},{"@type":"BreadcrumbList","@id":"https:\/\/www.rekvi.ee\/fi\/toode\/kinkekomplekt-bon-matin2862-vanillan-round-basket\/#breadcrumb","itemListElement":[{"@type":"ListItem","position":1,"name":"Shop","item":"https:\/\/www.rekvi.ee\/en\/e-shop\/"},{"@type":"ListItem","position":2,"name":"Lahjasetti \u201dBon Matin \u201d2862 Vanillanin py\u00f6re\u00e4 kori"}]},{"@type":"WebSite","@id":"https:\/\/www.rekvi.ee\/#website","url":"https:\/\/www.rekvi.ee\/","name":"REKVI","description":"Tere tulemast kosmeetika maailma!","potentialAction":[{"@type":"SearchAction","target":{"@type":"EntryPoint","urlTemplate":"https:\/\/www.rekvi.ee\/?s={search_term_string}"},"query-input":"required name=search_term_string"}],"inLanguage":"fi"}]}},"_links":{"self":[{"href":"https:\/\/www.rekvi.ee\/fi\/wp-json\/wp\/v2\/product\/69595"}],"collection":[{"href":"https:\/\/www.rekvi.ee\/fi\/wp-json\/wp\/v2\/product"}],"about":[{"href":"https:\/\/www.rekvi.ee\/fi\/wp-json\/wp\/v2\/types\/product"}],"wp:attachment":[{"href":"https:\/\/www.rekvi.ee\/fi\/wp-json\/wp\/v2\/media?parent=69595"}],"wp:term":[{"taxonomy":"product_cat","embeddable":true,"href":"https:\/\/www.rekvi.ee\/fi\/wp-json\/wp\/v2\/product_cat?post=69595"},{"taxonomy":"product_tag","embeddable":true,"href":"https:\/\/www.rekvi.ee\/fi\/wp-json\/wp\/v2\/product_tag?post=69595"}],"curies":[{"name":"wp","href":"https:\/\/api.w.org\/{rel}","templated":true}]}}