{"id":69607,"date":"2024-09-04T11:48:48","date_gmt":"2024-09-04T08:48:48","guid":{"rendered":"https:\/\/www.rekvi.ee\/toode\/paeva-ja-ookreem-50-eveline-gold-lift-expert-50-ml\/"},"modified":"2024-09-04T11:48:48","modified_gmt":"2024-09-04T08:48:48","slug":"paeva-ja-ookreem-50-eveline-gold-lift-expert-50-ml","status":"publish","type":"product","link":"https:\/\/www.rekvi.ee\/fi\/toode\/paeva-ja-ookreem-50-eveline-gold-lift-expert-50-ml\/","title":{"rendered":"Kosmeettinen risiini\u00f6ljy \u201dDr.Retter\u201d 100% 50ml"},"content":{"rendered":"","protected":false},"excerpt":{"rendered":"<p><strong>K\u00e4ytt\u00f6: <\/strong>K\u00e4yt\u00e4 puhtaalle kasvoille ja kaulalle.<\/p>\n<p><strong>Koostumus:<\/strong>Aqua (vesi), Betaiini, Setyyli-Alkoholi, Glyseryylistearaatti, PEG-75 Stearaatti, Setet-20, Steareth-20, Seteariini-Alkoholi, Kapriili\/Kapriikkitriglyseridi, Glyseriini, Dimetikoni, Butyrospermum Parkii -voi, Natriumhyaluronaatti, Fenoksyetanoli, Etyyliparabeeni, Metyyliparabeeni, Propylparabeeni, Butyyli-parabeeni, Butyleeniglykoli, Laminaria Hyperborea -uutetta, Kaliums\u00e4ilyte, Sorbiinihappo, Kollageeniaminohapot, Etyyliksyyliglyseriini, Argania Spinosa -ydin\u00f6ljy, Aleurites Moluccana -siemen\u00f6ljy, Macadamia Ternifolia -siemen\u00f6ljy, Olus-\u00f6ljy, Tokofeeri, DMDM Hydantoiini, Propyleeniglykoli, Maris Limus -uutetta, Ostrea Shell -uutetta, Ksantaanivaha, Parfyymi (Tuoksu), Tokofeeryylikarbonaatti, Akrylaatit\/C10-30 Alkyl Akrylaattien Ristipolymeeri, Pantenoli, Trietanoolamiini, Etyylihexyylimetoksitsinnamaatti, BHT, PEG-6 Kapriili\/Kapriikkiglyseridit, Retinyylipalmitaatti, Malus Domestica -hedelm\u00e4solu-uute, Lesitiini, Karbomeeri, Palmitoyylitripetidi-1, Palmitoyylietetrapeptiidi-7, Polysorbate 20, Natriumlaktaatti, Kulta<\/p>\n<div>\n<p>Ylellinen 24 karaatin kultaa, MatrixylTM ja PhytoCellTecTM sis\u00e4lt\u00e4v\u00e4 y\u00f6- ja p\u00e4iv\u00e4voide on ihon nuorentava vaikutus. 24 karaatin kultapartikkeleiden ansiosta voide uudistaa ihoa, auttaa v\u00e4hent\u00e4m\u00e4\u00e4n ryppyj\u00e4 ja kiinteytt\u00e4\u00e4. Voide parantaa ihon elastisuutta ja vahvuutta, ja sen huomaa jo ensimm\u00e4isell\u00e4 k\u00e4ytt\u00f6kerralla. Kultapartikkelit auttavat hidastamaan melaniinin tuotantoa ihossa ja tuovat esiin luonnollisen hehkun. Sis\u00e4lt\u00e4\u00e4 Collasurge LQTM:\u00e4\u00e4, proretinooli A:ta, argania-, makadamia- ja kukui-p\u00e4hkin\u00e4\u00f6ljy\u00e4.<\/p>\n<p>Pro-retinooli A v\u00e4hent\u00e4\u00e4 ryppyjen syvyytt\u00e4, pituutta ja leveytt\u00e4, samalla kun Matrixyl 3000 -peptidit auttavat parantamaan ihon elastisuutta.<\/p>\n<\/div>\n","protected":false},"featured_media":56162,"template":"","meta":[],"product_cat":[2604,2819],"product_tag":[],"yoast_head":"<!-- This site is optimized with the Yoast SEO plugin v19.5.1 - https:\/\/yoast.com\/wordpress\/plugins\/seo\/ -->\n<title>Kosmeettinen risiini\u00f6ljy \u201dDr.Retter\u201d 100% 50ml &ndash; REKVI<\/title>\n<meta name=\"description\" content=\"\u0417\u0430\u043a\u0430\u0437\u0430\u0442\u044c \u00abKosmeettinen risiini\u00f6ljy \u201dDr.Retter\u201d 100% 50ml\u00bb \u0432 \u0438\u043d\u0442\u0435\u0440\u043d\u0435\u0442-\u043c\u0430\u0433\u0430\u0437\u0438\u043d\u0435 REKVI \u0441 \u0434\u043e\u0441\u0442\u0430\u0432\u043a\u043e\u0439 \u043f\u043e \u042d\u0441\u0442\u043e\u043d\u0438\u0438. \u260e +3726363659\" \/>\n<meta name=\"robots\" content=\"index, follow, max-snippet:-1, max-image-preview:large, max-video-preview:-1\" \/>\n<link rel=\"canonical\" href=\"https:\/\/www.rekvi.ee\/fi\/toode\/paeva-ja-ookreem-50-eveline-gold-lift-expert-50-ml\/\" \/>\n<meta property=\"og:locale\" content=\"fi_FI\" \/>\n<meta property=\"og:type\" content=\"article\" \/>\n<meta property=\"og:title\" content=\"Kosmeettinen risiini\u00f6ljy \u201dDr.Retter\u201d 100% 50ml &ndash; REKVI\" \/>\n<meta property=\"og:description\" content=\"\u0417\u0430\u043a\u0430\u0437\u0430\u0442\u044c \u00abKosmeettinen risiini\u00f6ljy \u201dDr.Retter\u201d 100% 50ml\u00bb \u0432 \u0438\u043d\u0442\u0435\u0440\u043d\u0435\u0442-\u043c\u0430\u0433\u0430\u0437\u0438\u043d\u0435 REKVI \u0441 \u0434\u043e\u0441\u0442\u0430\u0432\u043a\u043e\u0439 \u043f\u043e \u042d\u0441\u0442\u043e\u043d\u0438\u0438. \u260e +3726363659\" \/>\n<meta property=\"og:url\" content=\"https:\/\/www.rekvi.ee\/fi\/toode\/paeva-ja-ookreem-50-eveline-gold-lift-expert-50-ml\/\" \/>\n<meta property=\"og:site_name\" content=\"REKVI\" \/>\n<meta property=\"article:publisher\" content=\"https:\/\/www.facebook.com\/Rekvi.ee\" \/>\n<meta name=\"twitter:card\" content=\"summary_large_image\" \/>\n<script type=\"application\/ld+json\" class=\"yoast-schema-graph\">{\"@context\":\"https:\/\/schema.org\",\"@graph\":[{\"@type\":\"WebPage\",\"@id\":\"https:\/\/www.rekvi.ee\/fi\/toode\/paeva-ja-ookreem-50-eveline-gold-lift-expert-50-ml\/\",\"url\":\"https:\/\/www.rekvi.ee\/fi\/toode\/paeva-ja-ookreem-50-eveline-gold-lift-expert-50-ml\/\",\"name\":\"Kosmeettinen risiini\u00f6ljy \u201dDr.Retter\u201d 100% 50ml &ndash; REKVI\",\"isPartOf\":{\"@id\":\"https:\/\/www.rekvi.ee\/#website\"},\"datePublished\":\"2024-09-04T08:48:48+00:00\",\"dateModified\":\"2024-09-04T08:48:48+00:00\",\"description\":\"\u0417\u0430\u043a\u0430\u0437\u0430\u0442\u044c \u00abKosmeettinen risiini\u00f6ljy \u201dDr.Retter\u201d 100% 50ml\u00bb \u0432 \u0438\u043d\u0442\u0435\u0440\u043d\u0435\u0442-\u043c\u0430\u0433\u0430\u0437\u0438\u043d\u0435 REKVI \u0441 \u0434\u043e\u0441\u0442\u0430\u0432\u043a\u043e\u0439 \u043f\u043e \u042d\u0441\u0442\u043e\u043d\u0438\u0438. \u260e +3726363659\",\"breadcrumb\":{\"@id\":\"https:\/\/www.rekvi.ee\/fi\/toode\/paeva-ja-ookreem-50-eveline-gold-lift-expert-50-ml\/#breadcrumb\"},\"inLanguage\":\"fi\",\"potentialAction\":[{\"@type\":\"ReadAction\",\"target\":[\"https:\/\/www.rekvi.ee\/fi\/toode\/paeva-ja-ookreem-50-eveline-gold-lift-expert-50-ml\/\"]}]},{\"@type\":\"BreadcrumbList\",\"@id\":\"https:\/\/www.rekvi.ee\/fi\/toode\/paeva-ja-ookreem-50-eveline-gold-lift-expert-50-ml\/#breadcrumb\",\"itemListElement\":[{\"@type\":\"ListItem\",\"position\":1,\"name\":\"Shop\",\"item\":\"https:\/\/www.rekvi.ee\/en\/e-shop\/\"},{\"@type\":\"ListItem\",\"position\":2,\"name\":\"Kosmeettinen risiini\u00f6ljy \u201dDr.Retter\u201d 100% 50ml\"}]},{\"@type\":\"WebSite\",\"@id\":\"https:\/\/www.rekvi.ee\/#website\",\"url\":\"https:\/\/www.rekvi.ee\/\",\"name\":\"REKVI\",\"description\":\"Tere tulemast kosmeetika maailma!\",\"potentialAction\":[{\"@type\":\"SearchAction\",\"target\":{\"@type\":\"EntryPoint\",\"urlTemplate\":\"https:\/\/www.rekvi.ee\/?s={search_term_string}\"},\"query-input\":\"required name=search_term_string\"}],\"inLanguage\":\"fi\"}]}<\/script>\n<!-- \/ Yoast SEO plugin. -->","yoast_head_json":{"title":"Kosmeettinen risiini\u00f6ljy \u201dDr.Retter\u201d 100% 50ml &ndash; REKVI","description":"\u0417\u0430\u043a\u0430\u0437\u0430\u0442\u044c \u00abKosmeettinen risiini\u00f6ljy \u201dDr.Retter\u201d 100% 50ml\u00bb \u0432 \u0438\u043d\u0442\u0435\u0440\u043d\u0435\u0442-\u043c\u0430\u0433\u0430\u0437\u0438\u043d\u0435 REKVI \u0441 \u0434\u043e\u0441\u0442\u0430\u0432\u043a\u043e\u0439 \u043f\u043e \u042d\u0441\u0442\u043e\u043d\u0438\u0438. \u260e +3726363659","robots":{"index":"index","follow":"follow","max-snippet":"max-snippet:-1","max-image-preview":"max-image-preview:large","max-video-preview":"max-video-preview:-1"},"canonical":"https:\/\/www.rekvi.ee\/fi\/toode\/paeva-ja-ookreem-50-eveline-gold-lift-expert-50-ml\/","og_locale":"fi_FI","og_type":"article","og_title":"Kosmeettinen risiini\u00f6ljy \u201dDr.Retter\u201d 100% 50ml &ndash; REKVI","og_description":"\u0417\u0430\u043a\u0430\u0437\u0430\u0442\u044c \u00abKosmeettinen risiini\u00f6ljy \u201dDr.Retter\u201d 100% 50ml\u00bb \u0432 \u0438\u043d\u0442\u0435\u0440\u043d\u0435\u0442-\u043c\u0430\u0433\u0430\u0437\u0438\u043d\u0435 REKVI \u0441 \u0434\u043e\u0441\u0442\u0430\u0432\u043a\u043e\u0439 \u043f\u043e \u042d\u0441\u0442\u043e\u043d\u0438\u0438. \u260e +3726363659","og_url":"https:\/\/www.rekvi.ee\/fi\/toode\/paeva-ja-ookreem-50-eveline-gold-lift-expert-50-ml\/","og_site_name":"REKVI","article_publisher":"https:\/\/www.facebook.com\/Rekvi.ee","twitter_card":"summary_large_image","schema":{"@context":"https:\/\/schema.org","@graph":[{"@type":"WebPage","@id":"https:\/\/www.rekvi.ee\/fi\/toode\/paeva-ja-ookreem-50-eveline-gold-lift-expert-50-ml\/","url":"https:\/\/www.rekvi.ee\/fi\/toode\/paeva-ja-ookreem-50-eveline-gold-lift-expert-50-ml\/","name":"Kosmeettinen risiini\u00f6ljy \u201dDr.Retter\u201d 100% 50ml &ndash; REKVI","isPartOf":{"@id":"https:\/\/www.rekvi.ee\/#website"},"datePublished":"2024-09-04T08:48:48+00:00","dateModified":"2024-09-04T08:48:48+00:00","description":"\u0417\u0430\u043a\u0430\u0437\u0430\u0442\u044c \u00abKosmeettinen risiini\u00f6ljy \u201dDr.Retter\u201d 100% 50ml\u00bb \u0432 \u0438\u043d\u0442\u0435\u0440\u043d\u0435\u0442-\u043c\u0430\u0433\u0430\u0437\u0438\u043d\u0435 REKVI \u0441 \u0434\u043e\u0441\u0442\u0430\u0432\u043a\u043e\u0439 \u043f\u043e \u042d\u0441\u0442\u043e\u043d\u0438\u0438. \u260e +3726363659","breadcrumb":{"@id":"https:\/\/www.rekvi.ee\/fi\/toode\/paeva-ja-ookreem-50-eveline-gold-lift-expert-50-ml\/#breadcrumb"},"inLanguage":"fi","potentialAction":[{"@type":"ReadAction","target":["https:\/\/www.rekvi.ee\/fi\/toode\/paeva-ja-ookreem-50-eveline-gold-lift-expert-50-ml\/"]}]},{"@type":"BreadcrumbList","@id":"https:\/\/www.rekvi.ee\/fi\/toode\/paeva-ja-ookreem-50-eveline-gold-lift-expert-50-ml\/#breadcrumb","itemListElement":[{"@type":"ListItem","position":1,"name":"Shop","item":"https:\/\/www.rekvi.ee\/en\/e-shop\/"},{"@type":"ListItem","position":2,"name":"Kosmeettinen risiini\u00f6ljy \u201dDr.Retter\u201d 100% 50ml"}]},{"@type":"WebSite","@id":"https:\/\/www.rekvi.ee\/#website","url":"https:\/\/www.rekvi.ee\/","name":"REKVI","description":"Tere tulemast kosmeetika maailma!","potentialAction":[{"@type":"SearchAction","target":{"@type":"EntryPoint","urlTemplate":"https:\/\/www.rekvi.ee\/?s={search_term_string}"},"query-input":"required name=search_term_string"}],"inLanguage":"fi"}]}},"_links":{"self":[{"href":"https:\/\/www.rekvi.ee\/fi\/wp-json\/wp\/v2\/product\/69607"}],"collection":[{"href":"https:\/\/www.rekvi.ee\/fi\/wp-json\/wp\/v2\/product"}],"about":[{"href":"https:\/\/www.rekvi.ee\/fi\/wp-json\/wp\/v2\/types\/product"}],"wp:featuredmedia":[{"embeddable":true,"href":"https:\/\/www.rekvi.ee\/fi\/wp-json\/wp\/v2\/media\/56162"}],"wp:attachment":[{"href":"https:\/\/www.rekvi.ee\/fi\/wp-json\/wp\/v2\/media?parent=69607"}],"wp:term":[{"taxonomy":"product_cat","embeddable":true,"href":"https:\/\/www.rekvi.ee\/fi\/wp-json\/wp\/v2\/product_cat?post=69607"},{"taxonomy":"product_tag","embeddable":true,"href":"https:\/\/www.rekvi.ee\/fi\/wp-json\/wp\/v2\/product_tag?post=69607"}],"curies":[{"name":"wp","href":"https:\/\/api.w.org\/{rel}","templated":true}]}}