{"id":69621,"date":"2024-09-18T14:19:24","date_gmt":"2024-09-18T11:19:24","guid":{"rendered":"https:\/\/www.rekvi.ee\/toode\/geel-palsam-kehale-911-kondroitiiniga-125ml\/"},"modified":"2024-09-18T14:19:24","modified_gmt":"2024-09-18T11:19:24","slug":"geel-palsam-kehale-911-kondroitiiniga-125ml","status":"publish","type":"product","link":"https:\/\/www.rekvi.ee\/fi\/toode\/geel-palsam-kehale-911-kondroitiiniga-125ml\/","title":{"rendered":"Geelibalsami vartalolle 911, kondroitiinilla 100ml"},"content":{"rendered":"","protected":false},"excerpt":{"rendered":"<p>Balsami on eritt\u00e4in tehokas v\u00e4line paikalliseen hierontaan. Se palauttaa luuston ja lihaksiston oikean toiminnan. Auttaa taistelemaan lihasten ja nivelten ongelmien kanssa, jotka liittyv\u00e4t ik\u00e4\u00e4ntymisen muutoksiin, urheiluvammoihin ja fyysisiin rasituksiin. Valmiste stimuloi aktiivisesti verenkiertoa, ravitsee ja palauttaa lihaksia ja j\u00e4nteit\u00e4. Valmisteen ainesosat osallistuvat merkitt\u00e4v\u00e4sti polven, kyyn\u00e4rp\u00e4\u00e4n ja olkap\u00e4\u00e4n sek\u00e4 ranteen ja nilkan toiminnan palauttamiseen.<\/p>\n<p>K\u00e4ytt\u00f6: Levit\u00e4 geeli-balsamia puhtaalle iholle suoraan tuubista py\u00f6rivin liikkein 2 kertaa p\u00e4iv\u00e4ss\u00e4, kunnes se imeytyy kokonaan.<\/p>\n","protected":false},"featured_media":66528,"template":"","meta":[],"product_cat":[2603,2754,2797],"product_tag":[],"yoast_head":"<!-- This site is optimized with the Yoast SEO plugin v19.5.1 - https:\/\/yoast.com\/wordpress\/plugins\/seo\/ -->\n<title>Geelibalsami vartalolle 911, kondroitiinilla 100ml &ndash; REKVI<\/title>\n<meta name=\"description\" content=\"\u0417\u0430\u043a\u0430\u0437\u0430\u0442\u044c \u00abGeelibalsami vartalolle 911, kondroitiinilla 100ml\u00bb \u0432 \u0438\u043d\u0442\u0435\u0440\u043d\u0435\u0442-\u043c\u0430\u0433\u0430\u0437\u0438\u043d\u0435 REKVI \u0441 \u0434\u043e\u0441\u0442\u0430\u0432\u043a\u043e\u0439 \u043f\u043e \u042d\u0441\u0442\u043e\u043d\u0438\u0438. \u260e +3726363659\" \/>\n<meta name=\"robots\" content=\"index, follow, max-snippet:-1, max-image-preview:large, max-video-preview:-1\" \/>\n<link rel=\"canonical\" href=\"https:\/\/www.rekvi.ee\/fi\/toode\/geel-palsam-kehale-911-kondroitiiniga-125ml\/\" \/>\n<meta property=\"og:locale\" content=\"fi_FI\" \/>\n<meta property=\"og:type\" content=\"article\" \/>\n<meta property=\"og:title\" content=\"Geelibalsami vartalolle 911, kondroitiinilla 100ml &ndash; REKVI\" \/>\n<meta property=\"og:description\" content=\"\u0417\u0430\u043a\u0430\u0437\u0430\u0442\u044c \u00abGeelibalsami vartalolle 911, kondroitiinilla 100ml\u00bb \u0432 \u0438\u043d\u0442\u0435\u0440\u043d\u0435\u0442-\u043c\u0430\u0433\u0430\u0437\u0438\u043d\u0435 REKVI \u0441 \u0434\u043e\u0441\u0442\u0430\u0432\u043a\u043e\u0439 \u043f\u043e \u042d\u0441\u0442\u043e\u043d\u0438\u0438. \u260e +3726363659\" \/>\n<meta property=\"og:url\" content=\"https:\/\/www.rekvi.ee\/fi\/toode\/geel-palsam-kehale-911-kondroitiiniga-125ml\/\" \/>\n<meta property=\"og:site_name\" content=\"REKVI\" \/>\n<meta property=\"article:publisher\" content=\"https:\/\/www.facebook.com\/Rekvi.ee\" \/>\n<meta name=\"twitter:card\" content=\"summary_large_image\" \/>\n<script type=\"application\/ld+json\" class=\"yoast-schema-graph\">{\"@context\":\"https:\/\/schema.org\",\"@graph\":[{\"@type\":\"WebPage\",\"@id\":\"https:\/\/www.rekvi.ee\/fi\/toode\/geel-palsam-kehale-911-kondroitiiniga-125ml\/\",\"url\":\"https:\/\/www.rekvi.ee\/fi\/toode\/geel-palsam-kehale-911-kondroitiiniga-125ml\/\",\"name\":\"Geelibalsami vartalolle 911, kondroitiinilla 100ml &ndash; REKVI\",\"isPartOf\":{\"@id\":\"https:\/\/www.rekvi.ee\/#website\"},\"datePublished\":\"2024-09-18T11:19:24+00:00\",\"dateModified\":\"2024-09-18T11:19:24+00:00\",\"description\":\"\u0417\u0430\u043a\u0430\u0437\u0430\u0442\u044c \u00abGeelibalsami vartalolle 911, kondroitiinilla 100ml\u00bb \u0432 \u0438\u043d\u0442\u0435\u0440\u043d\u0435\u0442-\u043c\u0430\u0433\u0430\u0437\u0438\u043d\u0435 REKVI \u0441 \u0434\u043e\u0441\u0442\u0430\u0432\u043a\u043e\u0439 \u043f\u043e \u042d\u0441\u0442\u043e\u043d\u0438\u0438. \u260e +3726363659\",\"breadcrumb\":{\"@id\":\"https:\/\/www.rekvi.ee\/fi\/toode\/geel-palsam-kehale-911-kondroitiiniga-125ml\/#breadcrumb\"},\"inLanguage\":\"fi\",\"potentialAction\":[{\"@type\":\"ReadAction\",\"target\":[\"https:\/\/www.rekvi.ee\/fi\/toode\/geel-palsam-kehale-911-kondroitiiniga-125ml\/\"]}]},{\"@type\":\"BreadcrumbList\",\"@id\":\"https:\/\/www.rekvi.ee\/fi\/toode\/geel-palsam-kehale-911-kondroitiiniga-125ml\/#breadcrumb\",\"itemListElement\":[{\"@type\":\"ListItem\",\"position\":1,\"name\":\"Shop\",\"item\":\"https:\/\/www.rekvi.ee\/en\/e-shop\/\"},{\"@type\":\"ListItem\",\"position\":2,\"name\":\"Geelibalsami vartalolle 911, kondroitiinilla 100ml\"}]},{\"@type\":\"WebSite\",\"@id\":\"https:\/\/www.rekvi.ee\/#website\",\"url\":\"https:\/\/www.rekvi.ee\/\",\"name\":\"REKVI\",\"description\":\"Tere tulemast kosmeetika maailma!\",\"potentialAction\":[{\"@type\":\"SearchAction\",\"target\":{\"@type\":\"EntryPoint\",\"urlTemplate\":\"https:\/\/www.rekvi.ee\/?s={search_term_string}\"},\"query-input\":\"required name=search_term_string\"}],\"inLanguage\":\"fi\"}]}<\/script>\n<!-- \/ Yoast SEO plugin. -->","yoast_head_json":{"title":"Geelibalsami vartalolle 911, kondroitiinilla 100ml &ndash; REKVI","description":"\u0417\u0430\u043a\u0430\u0437\u0430\u0442\u044c \u00abGeelibalsami vartalolle 911, kondroitiinilla 100ml\u00bb \u0432 \u0438\u043d\u0442\u0435\u0440\u043d\u0435\u0442-\u043c\u0430\u0433\u0430\u0437\u0438\u043d\u0435 REKVI \u0441 \u0434\u043e\u0441\u0442\u0430\u0432\u043a\u043e\u0439 \u043f\u043e \u042d\u0441\u0442\u043e\u043d\u0438\u0438. \u260e +3726363659","robots":{"index":"index","follow":"follow","max-snippet":"max-snippet:-1","max-image-preview":"max-image-preview:large","max-video-preview":"max-video-preview:-1"},"canonical":"https:\/\/www.rekvi.ee\/fi\/toode\/geel-palsam-kehale-911-kondroitiiniga-125ml\/","og_locale":"fi_FI","og_type":"article","og_title":"Geelibalsami vartalolle 911, kondroitiinilla 100ml &ndash; REKVI","og_description":"\u0417\u0430\u043a\u0430\u0437\u0430\u0442\u044c \u00abGeelibalsami vartalolle 911, kondroitiinilla 100ml\u00bb \u0432 \u0438\u043d\u0442\u0435\u0440\u043d\u0435\u0442-\u043c\u0430\u0433\u0430\u0437\u0438\u043d\u0435 REKVI \u0441 \u0434\u043e\u0441\u0442\u0430\u0432\u043a\u043e\u0439 \u043f\u043e \u042d\u0441\u0442\u043e\u043d\u0438\u0438. \u260e +3726363659","og_url":"https:\/\/www.rekvi.ee\/fi\/toode\/geel-palsam-kehale-911-kondroitiiniga-125ml\/","og_site_name":"REKVI","article_publisher":"https:\/\/www.facebook.com\/Rekvi.ee","twitter_card":"summary_large_image","schema":{"@context":"https:\/\/schema.org","@graph":[{"@type":"WebPage","@id":"https:\/\/www.rekvi.ee\/fi\/toode\/geel-palsam-kehale-911-kondroitiiniga-125ml\/","url":"https:\/\/www.rekvi.ee\/fi\/toode\/geel-palsam-kehale-911-kondroitiiniga-125ml\/","name":"Geelibalsami vartalolle 911, kondroitiinilla 100ml &ndash; REKVI","isPartOf":{"@id":"https:\/\/www.rekvi.ee\/#website"},"datePublished":"2024-09-18T11:19:24+00:00","dateModified":"2024-09-18T11:19:24+00:00","description":"\u0417\u0430\u043a\u0430\u0437\u0430\u0442\u044c \u00abGeelibalsami vartalolle 911, kondroitiinilla 100ml\u00bb \u0432 \u0438\u043d\u0442\u0435\u0440\u043d\u0435\u0442-\u043c\u0430\u0433\u0430\u0437\u0438\u043d\u0435 REKVI \u0441 \u0434\u043e\u0441\u0442\u0430\u0432\u043a\u043e\u0439 \u043f\u043e \u042d\u0441\u0442\u043e\u043d\u0438\u0438. \u260e +3726363659","breadcrumb":{"@id":"https:\/\/www.rekvi.ee\/fi\/toode\/geel-palsam-kehale-911-kondroitiiniga-125ml\/#breadcrumb"},"inLanguage":"fi","potentialAction":[{"@type":"ReadAction","target":["https:\/\/www.rekvi.ee\/fi\/toode\/geel-palsam-kehale-911-kondroitiiniga-125ml\/"]}]},{"@type":"BreadcrumbList","@id":"https:\/\/www.rekvi.ee\/fi\/toode\/geel-palsam-kehale-911-kondroitiiniga-125ml\/#breadcrumb","itemListElement":[{"@type":"ListItem","position":1,"name":"Shop","item":"https:\/\/www.rekvi.ee\/en\/e-shop\/"},{"@type":"ListItem","position":2,"name":"Geelibalsami vartalolle 911, kondroitiinilla 100ml"}]},{"@type":"WebSite","@id":"https:\/\/www.rekvi.ee\/#website","url":"https:\/\/www.rekvi.ee\/","name":"REKVI","description":"Tere tulemast kosmeetika maailma!","potentialAction":[{"@type":"SearchAction","target":{"@type":"EntryPoint","urlTemplate":"https:\/\/www.rekvi.ee\/?s={search_term_string}"},"query-input":"required name=search_term_string"}],"inLanguage":"fi"}]}},"_links":{"self":[{"href":"https:\/\/www.rekvi.ee\/fi\/wp-json\/wp\/v2\/product\/69621"}],"collection":[{"href":"https:\/\/www.rekvi.ee\/fi\/wp-json\/wp\/v2\/product"}],"about":[{"href":"https:\/\/www.rekvi.ee\/fi\/wp-json\/wp\/v2\/types\/product"}],"wp:featuredmedia":[{"embeddable":true,"href":"https:\/\/www.rekvi.ee\/fi\/wp-json\/wp\/v2\/media\/66528"}],"wp:attachment":[{"href":"https:\/\/www.rekvi.ee\/fi\/wp-json\/wp\/v2\/media?parent=69621"}],"wp:term":[{"taxonomy":"product_cat","embeddable":true,"href":"https:\/\/www.rekvi.ee\/fi\/wp-json\/wp\/v2\/product_cat?post=69621"},{"taxonomy":"product_tag","embeddable":true,"href":"https:\/\/www.rekvi.ee\/fi\/wp-json\/wp\/v2\/product_tag?post=69621"}],"curies":[{"name":"wp","href":"https:\/\/api.w.org\/{rel}","templated":true}]}}