{"id":69694,"date":"2024-06-21T09:47:34","date_gmt":"2024-06-21T06:47:34","guid":{"rendered":"https:\/\/www.rekvi.ee\/toode\/toitev-naokreem-filter-eveline-cosmetic-hyaluron-3xretinol-system-60-50-ml\/"},"modified":"2024-06-21T09:47:34","modified_gmt":"2024-06-21T06:47:34","slug":"toitev-naokreem-filter-eveline-cosmetic-hyaluron-3xretinol-system-60-50-ml","status":"publish","type":"product","link":"https:\/\/www.rekvi.ee\/fi\/toode\/toitev-naokreem-filter-eveline-cosmetic-hyaluron-3xretinol-system-60-50-ml\/","title":{"rendered":"Ravitseva kasvovoidesuodatin \u201dEveline Bio Hyaluron 3x Retinol System\u201d 60+, 50 ml"},"content":{"rendered":"","protected":false},"excerpt":{"rendered":"<p><strong>K\u00e4ytt\u00f6:<\/strong> Levit\u00e4 pieni m\u00e4\u00e4r\u00e4 tuotetta kasvojen iholle. Hiero hell\u00e4varaisesti kasvojen ihoon.<\/p>\n<p><strong>Koostumus:<\/strong>Aqua\/\u200bWater\/\u200bEau, Propanediol, Glycerin, Sodium Acrylates Copolymer, C13-15 Alkane, Caprylic\/\u200bCapric\/Myristic\/\u200bStearic Triglyceride, Coco-Caprylate, Hexyldecyl Stearate, Passiflora Incarnata Seed Oil, Aloe Barbadensis Leaf Juice Powder, Algin, Alpha-Glucan Oligosaccharide, Ascorbic Acid, Behenyl Alcohol, Bisabolol, Caprylyl Glycol, Cellulose Gum, Cetearyl Alcohol, Chlorella Vulgaris Extract, Disodium Phosphate, Glyceryl Caprylate, Glyceryl Polyacrylate, Glyceryl Stearate Citrate, Hydrogenated Ethylhexyl Olivate, Hydrogenated Olive Oil Unsaponifiables, Hydrolyzed Sodium Hyaluronate, Lactic Acid, Lactobacillus, Laminaria Digitata Extract, Lecithin, Lonicera Caprifolium (Honeysuckle) Flower Extract, Lonicera Japonica (Honeysuckle) Flower Extract, Maltodextrin, Maris Aqua\/\u200bSea Water\/\u200bEau De Mer, Menthyl Lactate, Microcrystalline Cellulose, Panthenol, Pentylene Glycol, Phenethyl Alcohol, Polyacrylate Crosspolymer-6, Polyglyceryl-3 Diisostearate, Polymnia Sonchifolia Root Juice, Potassium Phosphate, Pullulan, Saccharide Isomerate, Salvia Hispanica Seed Oil, Serine, Sodium Carboxymethyl Beta-Glucan, Sodium Hyaluronate, Tetrasodium Glutamate Diacetate, Tocopheryl Acetate, Trehalose, Tridecane, Undecane, Urea, Xanthan Gum, Yogurt, Yogurt Powder, Zingiber Officinale (Ginger) Root Extract, Benzyl Alcohol, Phenoxyethanol, Salicylic Acid, Sorbic Acid, Parfum\/\u200bFragrance<\/p>\n<div>\n<p>Ravitseva voide &#8211; t\u00e4yteaine kyps\u00e4lle iholle 60+.<\/p>\n<p>Kolminkertainen retinoli yhdistettyn\u00e4 kuuteen hyaluronihapon muotoon &#8211; huipputeknologinen koostumus, joka ravitsee ihoasi. Iho nuorentuu ja uudistuu. Japanilainen kameliauutteet ja akaatsian kollageeni takaavat t\u00e4ydellisen ravinnon ja uudistamisen ihollesi. PROXINE 3-LIFT\u2122 antaa ihollesi vieh\u00e4tt\u00e4v\u00e4n kohottavan vaikutuksen palauttaen sen oikean tiheyden ja j\u00e4tt\u00e4en sen poikkeuksellisen sile\u00e4ksi!<\/p>\n<\/div>\n","protected":false},"featured_media":54836,"template":"","meta":[],"product_cat":[2604,2819],"product_tag":[],"yoast_head":"<!-- This site is optimized with the Yoast SEO plugin v19.5.1 - https:\/\/yoast.com\/wordpress\/plugins\/seo\/ -->\n<title>Ravitseva kasvovoidesuodatin \u201dEveline Bio Hyaluron 3x Retinol System\u201d 60+, 50 ml &ndash; REKVI<\/title>\n<meta name=\"description\" content=\"\u0417\u0430\u043a\u0430\u0437\u0430\u0442\u044c \u00abRavitseva kasvovoidesuodatin \u201dEveline Bio Hyaluron 3x Retinol System\u201d 60+, 50 ml\u00bb \u0432 \u0438\u043d\u0442\u0435\u0440\u043d\u0435\u0442-\u043c\u0430\u0433\u0430\u0437\u0438\u043d\u0435 REKVI \u0441 \u0434\u043e\u0441\u0442\u0430\u0432\u043a\u043e\u0439 \u043f\u043e \u042d\u0441\u0442\u043e\u043d\u0438\u0438. \u260e +3726363659\" \/>\n<meta name=\"robots\" content=\"index, follow, max-snippet:-1, max-image-preview:large, max-video-preview:-1\" \/>\n<link rel=\"canonical\" href=\"https:\/\/www.rekvi.ee\/fi\/toode\/toitev-naokreem-filter-eveline-cosmetic-hyaluron-3xretinol-system-60-50-ml\/\" \/>\n<meta property=\"og:locale\" content=\"fi_FI\" \/>\n<meta property=\"og:type\" content=\"article\" \/>\n<meta property=\"og:title\" content=\"Ravitseva kasvovoidesuodatin \u201dEveline Bio Hyaluron 3x Retinol System\u201d 60+, 50 ml &ndash; REKVI\" \/>\n<meta property=\"og:description\" content=\"\u0417\u0430\u043a\u0430\u0437\u0430\u0442\u044c \u00abRavitseva kasvovoidesuodatin \u201dEveline Bio Hyaluron 3x Retinol System\u201d 60+, 50 ml\u00bb \u0432 \u0438\u043d\u0442\u0435\u0440\u043d\u0435\u0442-\u043c\u0430\u0433\u0430\u0437\u0438\u043d\u0435 REKVI \u0441 \u0434\u043e\u0441\u0442\u0430\u0432\u043a\u043e\u0439 \u043f\u043e \u042d\u0441\u0442\u043e\u043d\u0438\u0438. \u260e +3726363659\" \/>\n<meta property=\"og:url\" content=\"https:\/\/www.rekvi.ee\/fi\/toode\/toitev-naokreem-filter-eveline-cosmetic-hyaluron-3xretinol-system-60-50-ml\/\" \/>\n<meta property=\"og:site_name\" content=\"REKVI\" \/>\n<meta property=\"article:publisher\" content=\"https:\/\/www.facebook.com\/Rekvi.ee\" \/>\n<meta name=\"twitter:card\" content=\"summary_large_image\" \/>\n<script type=\"application\/ld+json\" class=\"yoast-schema-graph\">{\"@context\":\"https:\/\/schema.org\",\"@graph\":[{\"@type\":\"WebPage\",\"@id\":\"https:\/\/www.rekvi.ee\/fi\/toode\/toitev-naokreem-filter-eveline-cosmetic-hyaluron-3xretinol-system-60-50-ml\/\",\"url\":\"https:\/\/www.rekvi.ee\/fi\/toode\/toitev-naokreem-filter-eveline-cosmetic-hyaluron-3xretinol-system-60-50-ml\/\",\"name\":\"Ravitseva kasvovoidesuodatin \u201dEveline Bio Hyaluron 3x Retinol System\u201d 60+, 50 ml &ndash; REKVI\",\"isPartOf\":{\"@id\":\"https:\/\/www.rekvi.ee\/#website\"},\"datePublished\":\"2024-06-21T06:47:34+00:00\",\"dateModified\":\"2024-06-21T06:47:34+00:00\",\"description\":\"\u0417\u0430\u043a\u0430\u0437\u0430\u0442\u044c \u00abRavitseva kasvovoidesuodatin \u201dEveline Bio Hyaluron 3x Retinol System\u201d 60+, 50 ml\u00bb \u0432 \u0438\u043d\u0442\u0435\u0440\u043d\u0435\u0442-\u043c\u0430\u0433\u0430\u0437\u0438\u043d\u0435 REKVI \u0441 \u0434\u043e\u0441\u0442\u0430\u0432\u043a\u043e\u0439 \u043f\u043e \u042d\u0441\u0442\u043e\u043d\u0438\u0438. \u260e +3726363659\",\"breadcrumb\":{\"@id\":\"https:\/\/www.rekvi.ee\/fi\/toode\/toitev-naokreem-filter-eveline-cosmetic-hyaluron-3xretinol-system-60-50-ml\/#breadcrumb\"},\"inLanguage\":\"fi\",\"potentialAction\":[{\"@type\":\"ReadAction\",\"target\":[\"https:\/\/www.rekvi.ee\/fi\/toode\/toitev-naokreem-filter-eveline-cosmetic-hyaluron-3xretinol-system-60-50-ml\/\"]}]},{\"@type\":\"BreadcrumbList\",\"@id\":\"https:\/\/www.rekvi.ee\/fi\/toode\/toitev-naokreem-filter-eveline-cosmetic-hyaluron-3xretinol-system-60-50-ml\/#breadcrumb\",\"itemListElement\":[{\"@type\":\"ListItem\",\"position\":1,\"name\":\"Shop\",\"item\":\"https:\/\/www.rekvi.ee\/en\/e-shop\/\"},{\"@type\":\"ListItem\",\"position\":2,\"name\":\"Ravitseva kasvovoidesuodatin \u201dEveline Bio Hyaluron 3x Retinol System\u201d 60+, 50 ml\"}]},{\"@type\":\"WebSite\",\"@id\":\"https:\/\/www.rekvi.ee\/#website\",\"url\":\"https:\/\/www.rekvi.ee\/\",\"name\":\"REKVI\",\"description\":\"Tere tulemast kosmeetika maailma!\",\"potentialAction\":[{\"@type\":\"SearchAction\",\"target\":{\"@type\":\"EntryPoint\",\"urlTemplate\":\"https:\/\/www.rekvi.ee\/?s={search_term_string}\"},\"query-input\":\"required name=search_term_string\"}],\"inLanguage\":\"fi\"}]}<\/script>\n<!-- \/ Yoast SEO plugin. -->","yoast_head_json":{"title":"Ravitseva kasvovoidesuodatin \u201dEveline Bio Hyaluron 3x Retinol System\u201d 60+, 50 ml &ndash; REKVI","description":"\u0417\u0430\u043a\u0430\u0437\u0430\u0442\u044c \u00abRavitseva kasvovoidesuodatin \u201dEveline Bio Hyaluron 3x Retinol System\u201d 60+, 50 ml\u00bb \u0432 \u0438\u043d\u0442\u0435\u0440\u043d\u0435\u0442-\u043c\u0430\u0433\u0430\u0437\u0438\u043d\u0435 REKVI \u0441 \u0434\u043e\u0441\u0442\u0430\u0432\u043a\u043e\u0439 \u043f\u043e \u042d\u0441\u0442\u043e\u043d\u0438\u0438. \u260e +3726363659","robots":{"index":"index","follow":"follow","max-snippet":"max-snippet:-1","max-image-preview":"max-image-preview:large","max-video-preview":"max-video-preview:-1"},"canonical":"https:\/\/www.rekvi.ee\/fi\/toode\/toitev-naokreem-filter-eveline-cosmetic-hyaluron-3xretinol-system-60-50-ml\/","og_locale":"fi_FI","og_type":"article","og_title":"Ravitseva kasvovoidesuodatin \u201dEveline Bio Hyaluron 3x Retinol System\u201d 60+, 50 ml &ndash; REKVI","og_description":"\u0417\u0430\u043a\u0430\u0437\u0430\u0442\u044c \u00abRavitseva kasvovoidesuodatin \u201dEveline Bio Hyaluron 3x Retinol System\u201d 60+, 50 ml\u00bb \u0432 \u0438\u043d\u0442\u0435\u0440\u043d\u0435\u0442-\u043c\u0430\u0433\u0430\u0437\u0438\u043d\u0435 REKVI \u0441 \u0434\u043e\u0441\u0442\u0430\u0432\u043a\u043e\u0439 \u043f\u043e \u042d\u0441\u0442\u043e\u043d\u0438\u0438. \u260e +3726363659","og_url":"https:\/\/www.rekvi.ee\/fi\/toode\/toitev-naokreem-filter-eveline-cosmetic-hyaluron-3xretinol-system-60-50-ml\/","og_site_name":"REKVI","article_publisher":"https:\/\/www.facebook.com\/Rekvi.ee","twitter_card":"summary_large_image","schema":{"@context":"https:\/\/schema.org","@graph":[{"@type":"WebPage","@id":"https:\/\/www.rekvi.ee\/fi\/toode\/toitev-naokreem-filter-eveline-cosmetic-hyaluron-3xretinol-system-60-50-ml\/","url":"https:\/\/www.rekvi.ee\/fi\/toode\/toitev-naokreem-filter-eveline-cosmetic-hyaluron-3xretinol-system-60-50-ml\/","name":"Ravitseva kasvovoidesuodatin \u201dEveline Bio Hyaluron 3x Retinol System\u201d 60+, 50 ml &ndash; REKVI","isPartOf":{"@id":"https:\/\/www.rekvi.ee\/#website"},"datePublished":"2024-06-21T06:47:34+00:00","dateModified":"2024-06-21T06:47:34+00:00","description":"\u0417\u0430\u043a\u0430\u0437\u0430\u0442\u044c \u00abRavitseva kasvovoidesuodatin \u201dEveline Bio Hyaluron 3x Retinol System\u201d 60+, 50 ml\u00bb \u0432 \u0438\u043d\u0442\u0435\u0440\u043d\u0435\u0442-\u043c\u0430\u0433\u0430\u0437\u0438\u043d\u0435 REKVI \u0441 \u0434\u043e\u0441\u0442\u0430\u0432\u043a\u043e\u0439 \u043f\u043e \u042d\u0441\u0442\u043e\u043d\u0438\u0438. \u260e +3726363659","breadcrumb":{"@id":"https:\/\/www.rekvi.ee\/fi\/toode\/toitev-naokreem-filter-eveline-cosmetic-hyaluron-3xretinol-system-60-50-ml\/#breadcrumb"},"inLanguage":"fi","potentialAction":[{"@type":"ReadAction","target":["https:\/\/www.rekvi.ee\/fi\/toode\/toitev-naokreem-filter-eveline-cosmetic-hyaluron-3xretinol-system-60-50-ml\/"]}]},{"@type":"BreadcrumbList","@id":"https:\/\/www.rekvi.ee\/fi\/toode\/toitev-naokreem-filter-eveline-cosmetic-hyaluron-3xretinol-system-60-50-ml\/#breadcrumb","itemListElement":[{"@type":"ListItem","position":1,"name":"Shop","item":"https:\/\/www.rekvi.ee\/en\/e-shop\/"},{"@type":"ListItem","position":2,"name":"Ravitseva kasvovoidesuodatin \u201dEveline Bio Hyaluron 3x Retinol System\u201d 60+, 50 ml"}]},{"@type":"WebSite","@id":"https:\/\/www.rekvi.ee\/#website","url":"https:\/\/www.rekvi.ee\/","name":"REKVI","description":"Tere tulemast kosmeetika maailma!","potentialAction":[{"@type":"SearchAction","target":{"@type":"EntryPoint","urlTemplate":"https:\/\/www.rekvi.ee\/?s={search_term_string}"},"query-input":"required name=search_term_string"}],"inLanguage":"fi"}]}},"_links":{"self":[{"href":"https:\/\/www.rekvi.ee\/fi\/wp-json\/wp\/v2\/product\/69694"}],"collection":[{"href":"https:\/\/www.rekvi.ee\/fi\/wp-json\/wp\/v2\/product"}],"about":[{"href":"https:\/\/www.rekvi.ee\/fi\/wp-json\/wp\/v2\/types\/product"}],"wp:featuredmedia":[{"embeddable":true,"href":"https:\/\/www.rekvi.ee\/fi\/wp-json\/wp\/v2\/media\/54836"}],"wp:attachment":[{"href":"https:\/\/www.rekvi.ee\/fi\/wp-json\/wp\/v2\/media?parent=69694"}],"wp:term":[{"taxonomy":"product_cat","embeddable":true,"href":"https:\/\/www.rekvi.ee\/fi\/wp-json\/wp\/v2\/product_cat?post=69694"},{"taxonomy":"product_tag","embeddable":true,"href":"https:\/\/www.rekvi.ee\/fi\/wp-json\/wp\/v2\/product_tag?post=69694"}],"curies":[{"name":"wp","href":"https:\/\/api.w.org\/{rel}","templated":true}]}}