{"id":69695,"date":"2024-06-21T10:03:59","date_gmt":"2024-06-21T07:03:59","guid":{"rendered":"https:\/\/www.rekvi.ee\/toode\/naokreem-paevane-eveline-prestige-snail-caviar-50ml\/"},"modified":"2024-06-21T10:03:59","modified_gmt":"2024-06-21T07:03:59","slug":"naokreem-paevane-eveline-prestige-snail-caviar-50ml","status":"publish","type":"product","link":"https:\/\/www.rekvi.ee\/fi\/toode\/naokreem-paevane-eveline-prestige-snail-caviar-50ml\/","title":{"rendered":"Kasvovoide p\u00e4iv\u00e4voide \u201dEveline Prestige\u201d \u201dSnail &#038; Caviar\u201d 50ml"},"content":{"rendered":"","protected":false},"excerpt":{"rendered":"<p>Ik\u00e4\u00e4ntyneelle iholle tarkoitettu voide sis\u00e4lt\u00e4\u00e4 useita vaikuttavia aineita: kaviaaria, 24-karaattista kultaa, 4% teofiltraattia, magnolian, orkidean uutteet, retinolia, dermaks\u00fc\u00fcli\u00e4, aktiivista hyaluronihappoa, bakukiolia.<\/p>\n<p><strong>K\u00e4ytt\u00f6:<\/strong> Levit\u00e4 pieni m\u00e4\u00e4r\u00e4 tuotetta kasvojen iholle. Hiero hell\u00e4varaisesti kasvojen ihoon.<\/p>\n<p><strong><span class=\"VIiyi\"><span class=\"JLqJ4b\" data-language-for-alternatives=\"en\" data-language-to-translate-into=\"pl\" data-phrase-index=\"0\" data-number-of-phrases=\"1\">Koostumus:<\/span><\/span><\/strong><\/p>\n<p><span class=\"VIiyi\"><span class=\"JLqJ4b\" data-language-for-alternatives=\"en\" data-language-to-translate-into=\"pl\" data-phrase-index=\"0\" data-number-of-phrases=\"1\">Aqua (Water), Glycerin, Snail Secretion Filtrate, Isopropyl Myristate, Ceteareth-20, Cetearyl Alcohol, Dimethicone, Butyrospermum parkii (Shea) Butter, Cocos Nucifera (Coconut) Oil, Oryza Sativa (Rice) Bran Oil, Orchis Mascula Extract, Caviar Extract, Betaine, Sodium Hyaluronate, Tocopheryl Acetate, Bakuchiol, Magnesium PCA, Retinyl Palmitate, Tribehenin, Ceramide NG, Dipeptide Diaminobutyroyl Benzylamide Diaceteptide, Palmitoyl Hexapeptide-12, Gold, Silver, Phenopherylate, Hydroxacetan, Ethinophexylate, Fragacetan, Ethinophexylate, Fragacetanethexylate, Sodium Polyacrylate, C13-14 Isoparan, Acrylates \/ C10-30 Alkyl Acrylate Crosspolymer, Triethanolamine, PEG-6 Caprylic \/ Capric Glycerides, Laureth-7, Propylene Glycol, Sucrose Palmitate, C12-15 Alkyl Benzoate, Glyceryl Linoleate, Citric Acid, PEG -10 Phytosterol, Lactic Acid.<\/span><\/span><\/p>\n","protected":false},"featured_media":54841,"template":"","meta":[],"product_cat":[2604,2819],"product_tag":[],"yoast_head":"<!-- This site is optimized with the Yoast SEO plugin v19.5.1 - https:\/\/yoast.com\/wordpress\/plugins\/seo\/ -->\n<title>Kasvovoide p\u00e4iv\u00e4voide \u201dEveline Prestige\u201d \u201dSnail &amp; Caviar\u201d 50ml &ndash; REKVI<\/title>\n<meta name=\"description\" content=\"\u0417\u0430\u043a\u0430\u0437\u0430\u0442\u044c \u00abKasvovoide p\u00e4iv\u00e4voide \u201dEveline Prestige\u201d \u201dSnail &amp; Caviar\u201d 50ml\u00bb \u0432 \u0438\u043d\u0442\u0435\u0440\u043d\u0435\u0442-\u043c\u0430\u0433\u0430\u0437\u0438\u043d\u0435 REKVI \u0441 \u0434\u043e\u0441\u0442\u0430\u0432\u043a\u043e\u0439 \u043f\u043e \u042d\u0441\u0442\u043e\u043d\u0438\u0438. \u260e +3726363659\" \/>\n<meta name=\"robots\" content=\"index, follow, max-snippet:-1, max-image-preview:large, max-video-preview:-1\" \/>\n<link rel=\"canonical\" href=\"https:\/\/www.rekvi.ee\/fi\/toode\/naokreem-paevane-eveline-prestige-snail-caviar-50ml\/\" \/>\n<meta property=\"og:locale\" content=\"fi_FI\" \/>\n<meta property=\"og:type\" content=\"article\" \/>\n<meta property=\"og:title\" content=\"Kasvovoide p\u00e4iv\u00e4voide \u201dEveline Prestige\u201d \u201dSnail &amp; Caviar\u201d 50ml &ndash; REKVI\" \/>\n<meta property=\"og:description\" content=\"\u0417\u0430\u043a\u0430\u0437\u0430\u0442\u044c \u00abKasvovoide p\u00e4iv\u00e4voide \u201dEveline Prestige\u201d \u201dSnail &amp; Caviar\u201d 50ml\u00bb \u0432 \u0438\u043d\u0442\u0435\u0440\u043d\u0435\u0442-\u043c\u0430\u0433\u0430\u0437\u0438\u043d\u0435 REKVI \u0441 \u0434\u043e\u0441\u0442\u0430\u0432\u043a\u043e\u0439 \u043f\u043e \u042d\u0441\u0442\u043e\u043d\u0438\u0438. \u260e +3726363659\" \/>\n<meta property=\"og:url\" content=\"https:\/\/www.rekvi.ee\/fi\/toode\/naokreem-paevane-eveline-prestige-snail-caviar-50ml\/\" \/>\n<meta property=\"og:site_name\" content=\"REKVI\" \/>\n<meta property=\"article:publisher\" content=\"https:\/\/www.facebook.com\/Rekvi.ee\" \/>\n<meta name=\"twitter:card\" content=\"summary_large_image\" \/>\n<script type=\"application\/ld+json\" class=\"yoast-schema-graph\">{\"@context\":\"https:\/\/schema.org\",\"@graph\":[{\"@type\":\"WebPage\",\"@id\":\"https:\/\/www.rekvi.ee\/fi\/toode\/naokreem-paevane-eveline-prestige-snail-caviar-50ml\/\",\"url\":\"https:\/\/www.rekvi.ee\/fi\/toode\/naokreem-paevane-eveline-prestige-snail-caviar-50ml\/\",\"name\":\"Kasvovoide p\u00e4iv\u00e4voide \u201dEveline Prestige\u201d \u201dSnail & Caviar\u201d 50ml &ndash; REKVI\",\"isPartOf\":{\"@id\":\"https:\/\/www.rekvi.ee\/#website\"},\"datePublished\":\"2024-06-21T07:03:59+00:00\",\"dateModified\":\"2024-06-21T07:03:59+00:00\",\"description\":\"\u0417\u0430\u043a\u0430\u0437\u0430\u0442\u044c \u00abKasvovoide p\u00e4iv\u00e4voide \u201dEveline Prestige\u201d \u201dSnail & Caviar\u201d 50ml\u00bb \u0432 \u0438\u043d\u0442\u0435\u0440\u043d\u0435\u0442-\u043c\u0430\u0433\u0430\u0437\u0438\u043d\u0435 REKVI \u0441 \u0434\u043e\u0441\u0442\u0430\u0432\u043a\u043e\u0439 \u043f\u043e \u042d\u0441\u0442\u043e\u043d\u0438\u0438. \u260e +3726363659\",\"breadcrumb\":{\"@id\":\"https:\/\/www.rekvi.ee\/fi\/toode\/naokreem-paevane-eveline-prestige-snail-caviar-50ml\/#breadcrumb\"},\"inLanguage\":\"fi\",\"potentialAction\":[{\"@type\":\"ReadAction\",\"target\":[\"https:\/\/www.rekvi.ee\/fi\/toode\/naokreem-paevane-eveline-prestige-snail-caviar-50ml\/\"]}]},{\"@type\":\"BreadcrumbList\",\"@id\":\"https:\/\/www.rekvi.ee\/fi\/toode\/naokreem-paevane-eveline-prestige-snail-caviar-50ml\/#breadcrumb\",\"itemListElement\":[{\"@type\":\"ListItem\",\"position\":1,\"name\":\"Shop\",\"item\":\"https:\/\/www.rekvi.ee\/en\/e-shop\/\"},{\"@type\":\"ListItem\",\"position\":2,\"name\":\"Kasvovoide p\u00e4iv\u00e4voide \u201dEveline Prestige\u201d \u201dSnail &#038; Caviar\u201d 50ml\"}]},{\"@type\":\"WebSite\",\"@id\":\"https:\/\/www.rekvi.ee\/#website\",\"url\":\"https:\/\/www.rekvi.ee\/\",\"name\":\"REKVI\",\"description\":\"Tere tulemast kosmeetika maailma!\",\"potentialAction\":[{\"@type\":\"SearchAction\",\"target\":{\"@type\":\"EntryPoint\",\"urlTemplate\":\"https:\/\/www.rekvi.ee\/?s={search_term_string}\"},\"query-input\":\"required name=search_term_string\"}],\"inLanguage\":\"fi\"}]}<\/script>\n<!-- \/ Yoast SEO plugin. -->","yoast_head_json":{"title":"Kasvovoide p\u00e4iv\u00e4voide \u201dEveline Prestige\u201d \u201dSnail & Caviar\u201d 50ml &ndash; REKVI","description":"\u0417\u0430\u043a\u0430\u0437\u0430\u0442\u044c \u00abKasvovoide p\u00e4iv\u00e4voide \u201dEveline Prestige\u201d \u201dSnail & Caviar\u201d 50ml\u00bb \u0432 \u0438\u043d\u0442\u0435\u0440\u043d\u0435\u0442-\u043c\u0430\u0433\u0430\u0437\u0438\u043d\u0435 REKVI \u0441 \u0434\u043e\u0441\u0442\u0430\u0432\u043a\u043e\u0439 \u043f\u043e \u042d\u0441\u0442\u043e\u043d\u0438\u0438. \u260e +3726363659","robots":{"index":"index","follow":"follow","max-snippet":"max-snippet:-1","max-image-preview":"max-image-preview:large","max-video-preview":"max-video-preview:-1"},"canonical":"https:\/\/www.rekvi.ee\/fi\/toode\/naokreem-paevane-eveline-prestige-snail-caviar-50ml\/","og_locale":"fi_FI","og_type":"article","og_title":"Kasvovoide p\u00e4iv\u00e4voide \u201dEveline Prestige\u201d \u201dSnail & Caviar\u201d 50ml &ndash; REKVI","og_description":"\u0417\u0430\u043a\u0430\u0437\u0430\u0442\u044c \u00abKasvovoide p\u00e4iv\u00e4voide \u201dEveline Prestige\u201d \u201dSnail & Caviar\u201d 50ml\u00bb \u0432 \u0438\u043d\u0442\u0435\u0440\u043d\u0435\u0442-\u043c\u0430\u0433\u0430\u0437\u0438\u043d\u0435 REKVI \u0441 \u0434\u043e\u0441\u0442\u0430\u0432\u043a\u043e\u0439 \u043f\u043e \u042d\u0441\u0442\u043e\u043d\u0438\u0438. \u260e +3726363659","og_url":"https:\/\/www.rekvi.ee\/fi\/toode\/naokreem-paevane-eveline-prestige-snail-caviar-50ml\/","og_site_name":"REKVI","article_publisher":"https:\/\/www.facebook.com\/Rekvi.ee","twitter_card":"summary_large_image","schema":{"@context":"https:\/\/schema.org","@graph":[{"@type":"WebPage","@id":"https:\/\/www.rekvi.ee\/fi\/toode\/naokreem-paevane-eveline-prestige-snail-caviar-50ml\/","url":"https:\/\/www.rekvi.ee\/fi\/toode\/naokreem-paevane-eveline-prestige-snail-caviar-50ml\/","name":"Kasvovoide p\u00e4iv\u00e4voide \u201dEveline Prestige\u201d \u201dSnail & Caviar\u201d 50ml &ndash; REKVI","isPartOf":{"@id":"https:\/\/www.rekvi.ee\/#website"},"datePublished":"2024-06-21T07:03:59+00:00","dateModified":"2024-06-21T07:03:59+00:00","description":"\u0417\u0430\u043a\u0430\u0437\u0430\u0442\u044c \u00abKasvovoide p\u00e4iv\u00e4voide \u201dEveline Prestige\u201d \u201dSnail & Caviar\u201d 50ml\u00bb \u0432 \u0438\u043d\u0442\u0435\u0440\u043d\u0435\u0442-\u043c\u0430\u0433\u0430\u0437\u0438\u043d\u0435 REKVI \u0441 \u0434\u043e\u0441\u0442\u0430\u0432\u043a\u043e\u0439 \u043f\u043e \u042d\u0441\u0442\u043e\u043d\u0438\u0438. \u260e +3726363659","breadcrumb":{"@id":"https:\/\/www.rekvi.ee\/fi\/toode\/naokreem-paevane-eveline-prestige-snail-caviar-50ml\/#breadcrumb"},"inLanguage":"fi","potentialAction":[{"@type":"ReadAction","target":["https:\/\/www.rekvi.ee\/fi\/toode\/naokreem-paevane-eveline-prestige-snail-caviar-50ml\/"]}]},{"@type":"BreadcrumbList","@id":"https:\/\/www.rekvi.ee\/fi\/toode\/naokreem-paevane-eveline-prestige-snail-caviar-50ml\/#breadcrumb","itemListElement":[{"@type":"ListItem","position":1,"name":"Shop","item":"https:\/\/www.rekvi.ee\/en\/e-shop\/"},{"@type":"ListItem","position":2,"name":"Kasvovoide p\u00e4iv\u00e4voide \u201dEveline Prestige\u201d \u201dSnail &#038; Caviar\u201d 50ml"}]},{"@type":"WebSite","@id":"https:\/\/www.rekvi.ee\/#website","url":"https:\/\/www.rekvi.ee\/","name":"REKVI","description":"Tere tulemast kosmeetika maailma!","potentialAction":[{"@type":"SearchAction","target":{"@type":"EntryPoint","urlTemplate":"https:\/\/www.rekvi.ee\/?s={search_term_string}"},"query-input":"required name=search_term_string"}],"inLanguage":"fi"}]}},"_links":{"self":[{"href":"https:\/\/www.rekvi.ee\/fi\/wp-json\/wp\/v2\/product\/69695"}],"collection":[{"href":"https:\/\/www.rekvi.ee\/fi\/wp-json\/wp\/v2\/product"}],"about":[{"href":"https:\/\/www.rekvi.ee\/fi\/wp-json\/wp\/v2\/types\/product"}],"wp:featuredmedia":[{"embeddable":true,"href":"https:\/\/www.rekvi.ee\/fi\/wp-json\/wp\/v2\/media\/54841"}],"wp:attachment":[{"href":"https:\/\/www.rekvi.ee\/fi\/wp-json\/wp\/v2\/media?parent=69695"}],"wp:term":[{"taxonomy":"product_cat","embeddable":true,"href":"https:\/\/www.rekvi.ee\/fi\/wp-json\/wp\/v2\/product_cat?post=69695"},{"taxonomy":"product_tag","embeddable":true,"href":"https:\/\/www.rekvi.ee\/fi\/wp-json\/wp\/v2\/product_tag?post=69695"}],"curies":[{"name":"wp","href":"https:\/\/api.w.org\/{rel}","templated":true}]}}