{"id":69752,"date":"2024-06-18T13:33:21","date_gmt":"2024-06-18T10:33:21","guid":{"rendered":"https:\/\/www.rekvi.ee\/toode\/sampoon-lastele-online-disney-victoria-400ml\/"},"modified":"2024-06-18T13:33:21","modified_gmt":"2024-06-18T10:33:21","slug":"sampoon-lastele-online-disney-victoria-400ml","status":"publish","type":"product","link":"https:\/\/www.rekvi.ee\/fi\/toode\/sampoon-lastele-online-disney-victoria-400ml\/","title":{"rendered":"Shampoo, suihkugeeli ja kylpyvaahto 3in1 &#8220;On Line Victoria&#8221; 400ml"},"content":{"rendered":"","protected":false},"excerpt":{"rendered":"<p>Shampoolla on upea makean vanukkaan tuoksu ja kermainen koostumus. Erityinen kaava huolehtii lapsen hiuksista, p\u00e4\u00e4nahasta ja kehosta. Tuote on dermatologisesti testattu. PH on neutraali. Shampoo puhdistaa hell\u00e4varaisesti lapsen hiukset ja p\u00e4\u00e4nahan, helpottaa hiusten kampaamista. Voidaan k\u00e4ytt\u00e4\u00e4 alkaen 1 vuoden i\u00e4st\u00e4.<\/p>\n<p>K\u00e4ytt\u00f6: Levit\u00e4 kosteille hiuksille. Vaahdota, hiero kevyesti p\u00e4\u00e4nahkaa ja huuhtele sitten.<\/p>\n<p>&nbsp;<\/p>\n","protected":false},"featured_media":57468,"template":"","meta":[],"product_cat":[2742,2744,2743],"product_tag":[],"yoast_head":"<!-- This site is optimized with the Yoast SEO plugin v19.5.1 - https:\/\/yoast.com\/wordpress\/plugins\/seo\/ -->\n<title>Shampoo, suihkugeeli ja kylpyvaahto 3in1 &quot;On Line Victoria&quot; 400ml &ndash; REKVI<\/title>\n<meta name=\"description\" content=\"\u0417\u0430\u043a\u0430\u0437\u0430\u0442\u044c \u00abShampoo, suihkugeeli ja kylpyvaahto 3in1 &quot;On Line Victoria&quot; 400ml\u00bb \u0432 \u0438\u043d\u0442\u0435\u0440\u043d\u0435\u0442-\u043c\u0430\u0433\u0430\u0437\u0438\u043d\u0435 REKVI \u0441 \u0434\u043e\u0441\u0442\u0430\u0432\u043a\u043e\u0439 \u043f\u043e \u042d\u0441\u0442\u043e\u043d\u0438\u0438. \u260e +3726363659\" \/>\n<meta name=\"robots\" content=\"index, follow, max-snippet:-1, max-image-preview:large, max-video-preview:-1\" \/>\n<link rel=\"canonical\" href=\"https:\/\/www.rekvi.ee\/fi\/toode\/sampoon-lastele-online-disney-victoria-400ml\/\" \/>\n<meta property=\"og:locale\" content=\"fi_FI\" \/>\n<meta property=\"og:type\" content=\"article\" \/>\n<meta property=\"og:title\" content=\"Shampoo, suihkugeeli ja kylpyvaahto 3in1 &quot;On Line Victoria&quot; 400ml &ndash; REKVI\" \/>\n<meta property=\"og:description\" content=\"\u0417\u0430\u043a\u0430\u0437\u0430\u0442\u044c \u00abShampoo, suihkugeeli ja kylpyvaahto 3in1 &quot;On Line Victoria&quot; 400ml\u00bb \u0432 \u0438\u043d\u0442\u0435\u0440\u043d\u0435\u0442-\u043c\u0430\u0433\u0430\u0437\u0438\u043d\u0435 REKVI \u0441 \u0434\u043e\u0441\u0442\u0430\u0432\u043a\u043e\u0439 \u043f\u043e \u042d\u0441\u0442\u043e\u043d\u0438\u0438. \u260e +3726363659\" \/>\n<meta property=\"og:url\" content=\"https:\/\/www.rekvi.ee\/fi\/toode\/sampoon-lastele-online-disney-victoria-400ml\/\" \/>\n<meta property=\"og:site_name\" content=\"REKVI\" \/>\n<meta property=\"article:publisher\" content=\"https:\/\/www.facebook.com\/Rekvi.ee\" \/>\n<meta name=\"twitter:card\" content=\"summary_large_image\" \/>\n<script type=\"application\/ld+json\" class=\"yoast-schema-graph\">{\"@context\":\"https:\/\/schema.org\",\"@graph\":[{\"@type\":\"WebPage\",\"@id\":\"https:\/\/www.rekvi.ee\/fi\/toode\/sampoon-lastele-online-disney-victoria-400ml\/\",\"url\":\"https:\/\/www.rekvi.ee\/fi\/toode\/sampoon-lastele-online-disney-victoria-400ml\/\",\"name\":\"Shampoo, suihkugeeli ja kylpyvaahto 3in1 \\\"On Line Victoria\\\" 400ml &ndash; REKVI\",\"isPartOf\":{\"@id\":\"https:\/\/www.rekvi.ee\/#website\"},\"datePublished\":\"2024-06-18T10:33:21+00:00\",\"dateModified\":\"2024-06-18T10:33:21+00:00\",\"description\":\"\u0417\u0430\u043a\u0430\u0437\u0430\u0442\u044c \u00abShampoo, suihkugeeli ja kylpyvaahto 3in1 \\\"On Line Victoria\\\" 400ml\u00bb \u0432 \u0438\u043d\u0442\u0435\u0440\u043d\u0435\u0442-\u043c\u0430\u0433\u0430\u0437\u0438\u043d\u0435 REKVI \u0441 \u0434\u043e\u0441\u0442\u0430\u0432\u043a\u043e\u0439 \u043f\u043e \u042d\u0441\u0442\u043e\u043d\u0438\u0438. \u260e +3726363659\",\"breadcrumb\":{\"@id\":\"https:\/\/www.rekvi.ee\/fi\/toode\/sampoon-lastele-online-disney-victoria-400ml\/#breadcrumb\"},\"inLanguage\":\"fi\",\"potentialAction\":[{\"@type\":\"ReadAction\",\"target\":[\"https:\/\/www.rekvi.ee\/fi\/toode\/sampoon-lastele-online-disney-victoria-400ml\/\"]}]},{\"@type\":\"BreadcrumbList\",\"@id\":\"https:\/\/www.rekvi.ee\/fi\/toode\/sampoon-lastele-online-disney-victoria-400ml\/#breadcrumb\",\"itemListElement\":[{\"@type\":\"ListItem\",\"position\":1,\"name\":\"Shop\",\"item\":\"https:\/\/www.rekvi.ee\/en\/e-shop\/\"},{\"@type\":\"ListItem\",\"position\":2,\"name\":\"Shampoo, suihkugeeli ja kylpyvaahto 3in1 &#8220;On Line Victoria&#8221; 400ml\"}]},{\"@type\":\"WebSite\",\"@id\":\"https:\/\/www.rekvi.ee\/#website\",\"url\":\"https:\/\/www.rekvi.ee\/\",\"name\":\"REKVI\",\"description\":\"Tere tulemast kosmeetika maailma!\",\"potentialAction\":[{\"@type\":\"SearchAction\",\"target\":{\"@type\":\"EntryPoint\",\"urlTemplate\":\"https:\/\/www.rekvi.ee\/?s={search_term_string}\"},\"query-input\":\"required name=search_term_string\"}],\"inLanguage\":\"fi\"}]}<\/script>\n<!-- \/ Yoast SEO plugin. -->","yoast_head_json":{"title":"Shampoo, suihkugeeli ja kylpyvaahto 3in1 \"On Line Victoria\" 400ml &ndash; REKVI","description":"\u0417\u0430\u043a\u0430\u0437\u0430\u0442\u044c \u00abShampoo, suihkugeeli ja kylpyvaahto 3in1 \"On Line Victoria\" 400ml\u00bb \u0432 \u0438\u043d\u0442\u0435\u0440\u043d\u0435\u0442-\u043c\u0430\u0433\u0430\u0437\u0438\u043d\u0435 REKVI \u0441 \u0434\u043e\u0441\u0442\u0430\u0432\u043a\u043e\u0439 \u043f\u043e \u042d\u0441\u0442\u043e\u043d\u0438\u0438. \u260e +3726363659","robots":{"index":"index","follow":"follow","max-snippet":"max-snippet:-1","max-image-preview":"max-image-preview:large","max-video-preview":"max-video-preview:-1"},"canonical":"https:\/\/www.rekvi.ee\/fi\/toode\/sampoon-lastele-online-disney-victoria-400ml\/","og_locale":"fi_FI","og_type":"article","og_title":"Shampoo, suihkugeeli ja kylpyvaahto 3in1 \"On Line Victoria\" 400ml &ndash; REKVI","og_description":"\u0417\u0430\u043a\u0430\u0437\u0430\u0442\u044c \u00abShampoo, suihkugeeli ja kylpyvaahto 3in1 \"On Line Victoria\" 400ml\u00bb \u0432 \u0438\u043d\u0442\u0435\u0440\u043d\u0435\u0442-\u043c\u0430\u0433\u0430\u0437\u0438\u043d\u0435 REKVI \u0441 \u0434\u043e\u0441\u0442\u0430\u0432\u043a\u043e\u0439 \u043f\u043e \u042d\u0441\u0442\u043e\u043d\u0438\u0438. \u260e +3726363659","og_url":"https:\/\/www.rekvi.ee\/fi\/toode\/sampoon-lastele-online-disney-victoria-400ml\/","og_site_name":"REKVI","article_publisher":"https:\/\/www.facebook.com\/Rekvi.ee","twitter_card":"summary_large_image","schema":{"@context":"https:\/\/schema.org","@graph":[{"@type":"WebPage","@id":"https:\/\/www.rekvi.ee\/fi\/toode\/sampoon-lastele-online-disney-victoria-400ml\/","url":"https:\/\/www.rekvi.ee\/fi\/toode\/sampoon-lastele-online-disney-victoria-400ml\/","name":"Shampoo, suihkugeeli ja kylpyvaahto 3in1 \"On Line Victoria\" 400ml &ndash; REKVI","isPartOf":{"@id":"https:\/\/www.rekvi.ee\/#website"},"datePublished":"2024-06-18T10:33:21+00:00","dateModified":"2024-06-18T10:33:21+00:00","description":"\u0417\u0430\u043a\u0430\u0437\u0430\u0442\u044c \u00abShampoo, suihkugeeli ja kylpyvaahto 3in1 \"On Line Victoria\" 400ml\u00bb \u0432 \u0438\u043d\u0442\u0435\u0440\u043d\u0435\u0442-\u043c\u0430\u0433\u0430\u0437\u0438\u043d\u0435 REKVI \u0441 \u0434\u043e\u0441\u0442\u0430\u0432\u043a\u043e\u0439 \u043f\u043e \u042d\u0441\u0442\u043e\u043d\u0438\u0438. \u260e +3726363659","breadcrumb":{"@id":"https:\/\/www.rekvi.ee\/fi\/toode\/sampoon-lastele-online-disney-victoria-400ml\/#breadcrumb"},"inLanguage":"fi","potentialAction":[{"@type":"ReadAction","target":["https:\/\/www.rekvi.ee\/fi\/toode\/sampoon-lastele-online-disney-victoria-400ml\/"]}]},{"@type":"BreadcrumbList","@id":"https:\/\/www.rekvi.ee\/fi\/toode\/sampoon-lastele-online-disney-victoria-400ml\/#breadcrumb","itemListElement":[{"@type":"ListItem","position":1,"name":"Shop","item":"https:\/\/www.rekvi.ee\/en\/e-shop\/"},{"@type":"ListItem","position":2,"name":"Shampoo, suihkugeeli ja kylpyvaahto 3in1 &#8220;On Line Victoria&#8221; 400ml"}]},{"@type":"WebSite","@id":"https:\/\/www.rekvi.ee\/#website","url":"https:\/\/www.rekvi.ee\/","name":"REKVI","description":"Tere tulemast kosmeetika maailma!","potentialAction":[{"@type":"SearchAction","target":{"@type":"EntryPoint","urlTemplate":"https:\/\/www.rekvi.ee\/?s={search_term_string}"},"query-input":"required name=search_term_string"}],"inLanguage":"fi"}]}},"_links":{"self":[{"href":"https:\/\/www.rekvi.ee\/fi\/wp-json\/wp\/v2\/product\/69752"}],"collection":[{"href":"https:\/\/www.rekvi.ee\/fi\/wp-json\/wp\/v2\/product"}],"about":[{"href":"https:\/\/www.rekvi.ee\/fi\/wp-json\/wp\/v2\/types\/product"}],"wp:featuredmedia":[{"embeddable":true,"href":"https:\/\/www.rekvi.ee\/fi\/wp-json\/wp\/v2\/media\/57468"}],"wp:attachment":[{"href":"https:\/\/www.rekvi.ee\/fi\/wp-json\/wp\/v2\/media?parent=69752"}],"wp:term":[{"taxonomy":"product_cat","embeddable":true,"href":"https:\/\/www.rekvi.ee\/fi\/wp-json\/wp\/v2\/product_cat?post=69752"},{"taxonomy":"product_tag","embeddable":true,"href":"https:\/\/www.rekvi.ee\/fi\/wp-json\/wp\/v2\/product_tag?post=69752"}],"curies":[{"name":"wp","href":"https:\/\/api.w.org\/{rel}","templated":true}]}}