{"id":69770,"date":"2024-04-05T11:00:45","date_gmt":"2024-04-05T08:00:45","guid":{"rendered":"https:\/\/www.rekvi.ee\/toode\/vedelseep-kids-time-pirni-ekstraktiga-500-ml\/"},"modified":"2024-04-05T11:00:45","modified_gmt":"2024-04-05T08:00:45","slug":"vedelseep-kids-time-pirni-ekstraktiga-500-ml","status":"publish","type":"product","link":"https:\/\/www.rekvi.ee\/fi\/toode\/vedelseep-kids-time-pirni-ekstraktiga-500-ml\/","title":{"rendered":"Saippua \u201dKids Time\u201d p\u00e4\u00e4ryn\u00e4uutteella 500ml parasta ennen 06.2025"},"content":{"rendered":"","protected":false},"excerpt":{"rendered":"<p>93 % ainesosista on luonnollista alkuper\u00e4\u00e4. Erityisen koostumuksensa ansiosta saippua puhdistaa, pehment\u00e4\u00e4 ja kosteuttaa ihoa erinomaisesti. Ei h\u00e4iritse ihon luonnollista vesitasapainoa, parantaa sen kimmoisuutta. Se on miellytt\u00e4v\u00e4n pysyv\u00e4ll\u00e4 tuoksulla. Dermatologisesti testattu ja soveltuu yli 3-vuotiaille lapsille.<\/p>\n<p>K\u00e4ytt\u00f6: Levit\u00e4 pieni m\u00e4\u00e4r\u00e4 saippuaa kostealle iholle, vaahdota, huuhtele sitten vedell\u00e4.<\/p>\n","protected":false},"featured_media":0,"template":"","meta":[],"product_cat":[2606,2603,2807,2742],"product_tag":[],"yoast_head":"<!-- This site is optimized with the Yoast SEO plugin v19.5.1 - https:\/\/yoast.com\/wordpress\/plugins\/seo\/ -->\n<title>Saippua \u201dKids Time\u201d p\u00e4\u00e4ryn\u00e4uutteella 500ml parasta ennen 06.2025 &ndash; REKVI<\/title>\n<meta name=\"description\" content=\"\u0417\u0430\u043a\u0430\u0437\u0430\u0442\u044c \u00abSaippua \u201dKids Time\u201d p\u00e4\u00e4ryn\u00e4uutteella 500ml parasta ennen 06.2025\u00bb \u0432 \u0438\u043d\u0442\u0435\u0440\u043d\u0435\u0442-\u043c\u0430\u0433\u0430\u0437\u0438\u043d\u0435 REKVI \u0441 \u0434\u043e\u0441\u0442\u0430\u0432\u043a\u043e\u0439 \u043f\u043e \u042d\u0441\u0442\u043e\u043d\u0438\u0438. \u260e +3726363659\" \/>\n<meta name=\"robots\" content=\"index, follow, max-snippet:-1, max-image-preview:large, max-video-preview:-1\" \/>\n<link rel=\"canonical\" href=\"https:\/\/www.rekvi.ee\/fi\/toode\/vedelseep-kids-time-pirni-ekstraktiga-500-ml\/\" \/>\n<meta property=\"og:locale\" content=\"fi_FI\" \/>\n<meta property=\"og:type\" content=\"article\" \/>\n<meta property=\"og:title\" content=\"Saippua \u201dKids Time\u201d p\u00e4\u00e4ryn\u00e4uutteella 500ml parasta ennen 06.2025 &ndash; REKVI\" \/>\n<meta property=\"og:description\" content=\"\u0417\u0430\u043a\u0430\u0437\u0430\u0442\u044c \u00abSaippua \u201dKids Time\u201d p\u00e4\u00e4ryn\u00e4uutteella 500ml parasta ennen 06.2025\u00bb \u0432 \u0438\u043d\u0442\u0435\u0440\u043d\u0435\u0442-\u043c\u0430\u0433\u0430\u0437\u0438\u043d\u0435 REKVI \u0441 \u0434\u043e\u0441\u0442\u0430\u0432\u043a\u043e\u0439 \u043f\u043e \u042d\u0441\u0442\u043e\u043d\u0438\u0438. \u260e +3726363659\" \/>\n<meta property=\"og:url\" content=\"https:\/\/www.rekvi.ee\/fi\/toode\/vedelseep-kids-time-pirni-ekstraktiga-500-ml\/\" \/>\n<meta property=\"og:site_name\" content=\"REKVI\" \/>\n<meta property=\"article:publisher\" content=\"https:\/\/www.facebook.com\/Rekvi.ee\" \/>\n<meta name=\"twitter:card\" content=\"summary_large_image\" \/>\n<script type=\"application\/ld+json\" class=\"yoast-schema-graph\">{\"@context\":\"https:\/\/schema.org\",\"@graph\":[{\"@type\":\"WebPage\",\"@id\":\"https:\/\/www.rekvi.ee\/fi\/toode\/vedelseep-kids-time-pirni-ekstraktiga-500-ml\/\",\"url\":\"https:\/\/www.rekvi.ee\/fi\/toode\/vedelseep-kids-time-pirni-ekstraktiga-500-ml\/\",\"name\":\"Saippua \u201dKids Time\u201d p\u00e4\u00e4ryn\u00e4uutteella 500ml parasta ennen 06.2025 &ndash; REKVI\",\"isPartOf\":{\"@id\":\"https:\/\/www.rekvi.ee\/#website\"},\"datePublished\":\"2024-04-05T08:00:45+00:00\",\"dateModified\":\"2024-04-05T08:00:45+00:00\",\"description\":\"\u0417\u0430\u043a\u0430\u0437\u0430\u0442\u044c \u00abSaippua \u201dKids Time\u201d p\u00e4\u00e4ryn\u00e4uutteella 500ml parasta ennen 06.2025\u00bb \u0432 \u0438\u043d\u0442\u0435\u0440\u043d\u0435\u0442-\u043c\u0430\u0433\u0430\u0437\u0438\u043d\u0435 REKVI \u0441 \u0434\u043e\u0441\u0442\u0430\u0432\u043a\u043e\u0439 \u043f\u043e \u042d\u0441\u0442\u043e\u043d\u0438\u0438. \u260e +3726363659\",\"breadcrumb\":{\"@id\":\"https:\/\/www.rekvi.ee\/fi\/toode\/vedelseep-kids-time-pirni-ekstraktiga-500-ml\/#breadcrumb\"},\"inLanguage\":\"fi\",\"potentialAction\":[{\"@type\":\"ReadAction\",\"target\":[\"https:\/\/www.rekvi.ee\/fi\/toode\/vedelseep-kids-time-pirni-ekstraktiga-500-ml\/\"]}]},{\"@type\":\"BreadcrumbList\",\"@id\":\"https:\/\/www.rekvi.ee\/fi\/toode\/vedelseep-kids-time-pirni-ekstraktiga-500-ml\/#breadcrumb\",\"itemListElement\":[{\"@type\":\"ListItem\",\"position\":1,\"name\":\"Shop\",\"item\":\"https:\/\/www.rekvi.ee\/en\/e-shop\/\"},{\"@type\":\"ListItem\",\"position\":2,\"name\":\"Saippua \u201dKids Time\u201d p\u00e4\u00e4ryn\u00e4uutteella 500ml parasta ennen 06.2025\"}]},{\"@type\":\"WebSite\",\"@id\":\"https:\/\/www.rekvi.ee\/#website\",\"url\":\"https:\/\/www.rekvi.ee\/\",\"name\":\"REKVI\",\"description\":\"Tere tulemast kosmeetika maailma!\",\"potentialAction\":[{\"@type\":\"SearchAction\",\"target\":{\"@type\":\"EntryPoint\",\"urlTemplate\":\"https:\/\/www.rekvi.ee\/?s={search_term_string}\"},\"query-input\":\"required name=search_term_string\"}],\"inLanguage\":\"fi\"}]}<\/script>\n<!-- \/ Yoast SEO plugin. -->","yoast_head_json":{"title":"Saippua \u201dKids Time\u201d p\u00e4\u00e4ryn\u00e4uutteella 500ml parasta ennen 06.2025 &ndash; REKVI","description":"\u0417\u0430\u043a\u0430\u0437\u0430\u0442\u044c \u00abSaippua \u201dKids Time\u201d p\u00e4\u00e4ryn\u00e4uutteella 500ml parasta ennen 06.2025\u00bb \u0432 \u0438\u043d\u0442\u0435\u0440\u043d\u0435\u0442-\u043c\u0430\u0433\u0430\u0437\u0438\u043d\u0435 REKVI \u0441 \u0434\u043e\u0441\u0442\u0430\u0432\u043a\u043e\u0439 \u043f\u043e \u042d\u0441\u0442\u043e\u043d\u0438\u0438. \u260e +3726363659","robots":{"index":"index","follow":"follow","max-snippet":"max-snippet:-1","max-image-preview":"max-image-preview:large","max-video-preview":"max-video-preview:-1"},"canonical":"https:\/\/www.rekvi.ee\/fi\/toode\/vedelseep-kids-time-pirni-ekstraktiga-500-ml\/","og_locale":"fi_FI","og_type":"article","og_title":"Saippua \u201dKids Time\u201d p\u00e4\u00e4ryn\u00e4uutteella 500ml parasta ennen 06.2025 &ndash; REKVI","og_description":"\u0417\u0430\u043a\u0430\u0437\u0430\u0442\u044c \u00abSaippua \u201dKids Time\u201d p\u00e4\u00e4ryn\u00e4uutteella 500ml parasta ennen 06.2025\u00bb \u0432 \u0438\u043d\u0442\u0435\u0440\u043d\u0435\u0442-\u043c\u0430\u0433\u0430\u0437\u0438\u043d\u0435 REKVI \u0441 \u0434\u043e\u0441\u0442\u0430\u0432\u043a\u043e\u0439 \u043f\u043e \u042d\u0441\u0442\u043e\u043d\u0438\u0438. \u260e +3726363659","og_url":"https:\/\/www.rekvi.ee\/fi\/toode\/vedelseep-kids-time-pirni-ekstraktiga-500-ml\/","og_site_name":"REKVI","article_publisher":"https:\/\/www.facebook.com\/Rekvi.ee","twitter_card":"summary_large_image","schema":{"@context":"https:\/\/schema.org","@graph":[{"@type":"WebPage","@id":"https:\/\/www.rekvi.ee\/fi\/toode\/vedelseep-kids-time-pirni-ekstraktiga-500-ml\/","url":"https:\/\/www.rekvi.ee\/fi\/toode\/vedelseep-kids-time-pirni-ekstraktiga-500-ml\/","name":"Saippua \u201dKids Time\u201d p\u00e4\u00e4ryn\u00e4uutteella 500ml parasta ennen 06.2025 &ndash; REKVI","isPartOf":{"@id":"https:\/\/www.rekvi.ee\/#website"},"datePublished":"2024-04-05T08:00:45+00:00","dateModified":"2024-04-05T08:00:45+00:00","description":"\u0417\u0430\u043a\u0430\u0437\u0430\u0442\u044c \u00abSaippua \u201dKids Time\u201d p\u00e4\u00e4ryn\u00e4uutteella 500ml parasta ennen 06.2025\u00bb \u0432 \u0438\u043d\u0442\u0435\u0440\u043d\u0435\u0442-\u043c\u0430\u0433\u0430\u0437\u0438\u043d\u0435 REKVI \u0441 \u0434\u043e\u0441\u0442\u0430\u0432\u043a\u043e\u0439 \u043f\u043e \u042d\u0441\u0442\u043e\u043d\u0438\u0438. \u260e +3726363659","breadcrumb":{"@id":"https:\/\/www.rekvi.ee\/fi\/toode\/vedelseep-kids-time-pirni-ekstraktiga-500-ml\/#breadcrumb"},"inLanguage":"fi","potentialAction":[{"@type":"ReadAction","target":["https:\/\/www.rekvi.ee\/fi\/toode\/vedelseep-kids-time-pirni-ekstraktiga-500-ml\/"]}]},{"@type":"BreadcrumbList","@id":"https:\/\/www.rekvi.ee\/fi\/toode\/vedelseep-kids-time-pirni-ekstraktiga-500-ml\/#breadcrumb","itemListElement":[{"@type":"ListItem","position":1,"name":"Shop","item":"https:\/\/www.rekvi.ee\/en\/e-shop\/"},{"@type":"ListItem","position":2,"name":"Saippua \u201dKids Time\u201d p\u00e4\u00e4ryn\u00e4uutteella 500ml parasta ennen 06.2025"}]},{"@type":"WebSite","@id":"https:\/\/www.rekvi.ee\/#website","url":"https:\/\/www.rekvi.ee\/","name":"REKVI","description":"Tere tulemast kosmeetika maailma!","potentialAction":[{"@type":"SearchAction","target":{"@type":"EntryPoint","urlTemplate":"https:\/\/www.rekvi.ee\/?s={search_term_string}"},"query-input":"required name=search_term_string"}],"inLanguage":"fi"}]}},"_links":{"self":[{"href":"https:\/\/www.rekvi.ee\/fi\/wp-json\/wp\/v2\/product\/69770"}],"collection":[{"href":"https:\/\/www.rekvi.ee\/fi\/wp-json\/wp\/v2\/product"}],"about":[{"href":"https:\/\/www.rekvi.ee\/fi\/wp-json\/wp\/v2\/types\/product"}],"wp:attachment":[{"href":"https:\/\/www.rekvi.ee\/fi\/wp-json\/wp\/v2\/media?parent=69770"}],"wp:term":[{"taxonomy":"product_cat","embeddable":true,"href":"https:\/\/www.rekvi.ee\/fi\/wp-json\/wp\/v2\/product_cat?post=69770"},{"taxonomy":"product_tag","embeddable":true,"href":"https:\/\/www.rekvi.ee\/fi\/wp-json\/wp\/v2\/product_tag?post=69770"}],"curies":[{"name":"wp","href":"https:\/\/api.w.org\/{rel}","templated":true}]}}