{"id":69775,"date":"2024-04-11T12:52:05","date_gmt":"2024-04-11T09:52:05","guid":{"rendered":"https:\/\/www.rekvi.ee\/toode\/ripsmetuss-lux-visage-xxl-must-voluumi-9g\/"},"modified":"2024-04-11T12:52:05","modified_gmt":"2024-04-11T09:52:05","slug":"ripsmetuss-lux-visage-xxl-must-voluumi-9g","status":"publish","type":"product","link":"https:\/\/www.rekvi.ee\/fi\/toode\/ripsmetuss-lux-visage-xxl-must-voluumi-9g\/","title":{"rendered":"Ripsiv\u00e4ri \u201dLux Visage\u201d XXL musta (tuuheuttava) 9g"},"content":{"rendered":"","protected":false},"excerpt":{"rendered":"<p><strong>K\u00e4ytt\u00f6:<\/strong> Levit\u00e4 siveltimell\u00e4 kevyesti juurista ripsenp\u00e4ihin, toista tarvittaessa samalla my\u00f6s alaripsille.<\/p>\n<p>Ripsiv\u00e4ri ymp\u00e4r\u00f6i ja paksuntaa jokaista ripsikarvaa luoden kaukaa n\u00e4ht\u00e4v\u00e4n ja ultrakevyen ripseefektin. Kermainen koostumus ja innovatiivinen sivellin t\u00e4ydellinen yhdistelm\u00e4 luo shokeeraavan tuuheuden ja erottaa ripset veistoksellisesti.<\/p>\n","protected":false},"featured_media":0,"template":"","meta":[],"product_cat":[2606,2603,2756,2766],"product_tag":[],"yoast_head":"<!-- This site is optimized with the Yoast SEO plugin v19.5.1 - https:\/\/yoast.com\/wordpress\/plugins\/seo\/ -->\n<title>Ripsiv\u00e4ri \u201dLux Visage\u201d XXL musta (tuuheuttava) 9g &ndash; REKVI<\/title>\n<meta name=\"description\" content=\"\u0417\u0430\u043a\u0430\u0437\u0430\u0442\u044c \u00abRipsiv\u00e4ri \u201dLux Visage\u201d XXL musta (tuuheuttava) 9g\u00bb \u0432 \u0438\u043d\u0442\u0435\u0440\u043d\u0435\u0442-\u043c\u0430\u0433\u0430\u0437\u0438\u043d\u0435 REKVI \u0441 \u0434\u043e\u0441\u0442\u0430\u0432\u043a\u043e\u0439 \u043f\u043e \u042d\u0441\u0442\u043e\u043d\u0438\u0438. \u260e +3726363659\" \/>\n<meta name=\"robots\" content=\"index, follow, max-snippet:-1, max-image-preview:large, max-video-preview:-1\" \/>\n<link rel=\"canonical\" href=\"https:\/\/www.rekvi.ee\/fi\/toode\/ripsmetuss-lux-visage-xxl-must-voluumi-9g\/\" \/>\n<meta property=\"og:locale\" content=\"fi_FI\" \/>\n<meta property=\"og:type\" content=\"article\" \/>\n<meta property=\"og:title\" content=\"Ripsiv\u00e4ri \u201dLux Visage\u201d XXL musta (tuuheuttava) 9g &ndash; REKVI\" \/>\n<meta property=\"og:description\" content=\"\u0417\u0430\u043a\u0430\u0437\u0430\u0442\u044c \u00abRipsiv\u00e4ri \u201dLux Visage\u201d XXL musta (tuuheuttava) 9g\u00bb \u0432 \u0438\u043d\u0442\u0435\u0440\u043d\u0435\u0442-\u043c\u0430\u0433\u0430\u0437\u0438\u043d\u0435 REKVI \u0441 \u0434\u043e\u0441\u0442\u0430\u0432\u043a\u043e\u0439 \u043f\u043e \u042d\u0441\u0442\u043e\u043d\u0438\u0438. \u260e +3726363659\" \/>\n<meta property=\"og:url\" content=\"https:\/\/www.rekvi.ee\/fi\/toode\/ripsmetuss-lux-visage-xxl-must-voluumi-9g\/\" \/>\n<meta property=\"og:site_name\" content=\"REKVI\" \/>\n<meta property=\"article:publisher\" content=\"https:\/\/www.facebook.com\/Rekvi.ee\" \/>\n<meta name=\"twitter:card\" content=\"summary_large_image\" \/>\n<script type=\"application\/ld+json\" class=\"yoast-schema-graph\">{\"@context\":\"https:\/\/schema.org\",\"@graph\":[{\"@type\":\"WebPage\",\"@id\":\"https:\/\/www.rekvi.ee\/fi\/toode\/ripsmetuss-lux-visage-xxl-must-voluumi-9g\/\",\"url\":\"https:\/\/www.rekvi.ee\/fi\/toode\/ripsmetuss-lux-visage-xxl-must-voluumi-9g\/\",\"name\":\"Ripsiv\u00e4ri \u201dLux Visage\u201d XXL musta (tuuheuttava) 9g &ndash; REKVI\",\"isPartOf\":{\"@id\":\"https:\/\/www.rekvi.ee\/#website\"},\"datePublished\":\"2024-04-11T09:52:05+00:00\",\"dateModified\":\"2024-04-11T09:52:05+00:00\",\"description\":\"\u0417\u0430\u043a\u0430\u0437\u0430\u0442\u044c \u00abRipsiv\u00e4ri \u201dLux Visage\u201d XXL musta (tuuheuttava) 9g\u00bb \u0432 \u0438\u043d\u0442\u0435\u0440\u043d\u0435\u0442-\u043c\u0430\u0433\u0430\u0437\u0438\u043d\u0435 REKVI \u0441 \u0434\u043e\u0441\u0442\u0430\u0432\u043a\u043e\u0439 \u043f\u043e \u042d\u0441\u0442\u043e\u043d\u0438\u0438. \u260e +3726363659\",\"breadcrumb\":{\"@id\":\"https:\/\/www.rekvi.ee\/fi\/toode\/ripsmetuss-lux-visage-xxl-must-voluumi-9g\/#breadcrumb\"},\"inLanguage\":\"fi\",\"potentialAction\":[{\"@type\":\"ReadAction\",\"target\":[\"https:\/\/www.rekvi.ee\/fi\/toode\/ripsmetuss-lux-visage-xxl-must-voluumi-9g\/\"]}]},{\"@type\":\"BreadcrumbList\",\"@id\":\"https:\/\/www.rekvi.ee\/fi\/toode\/ripsmetuss-lux-visage-xxl-must-voluumi-9g\/#breadcrumb\",\"itemListElement\":[{\"@type\":\"ListItem\",\"position\":1,\"name\":\"Shop\",\"item\":\"https:\/\/www.rekvi.ee\/en\/e-shop\/\"},{\"@type\":\"ListItem\",\"position\":2,\"name\":\"Ripsiv\u00e4ri \u201dLux Visage\u201d XXL musta (tuuheuttava) 9g\"}]},{\"@type\":\"WebSite\",\"@id\":\"https:\/\/www.rekvi.ee\/#website\",\"url\":\"https:\/\/www.rekvi.ee\/\",\"name\":\"REKVI\",\"description\":\"Tere tulemast kosmeetika maailma!\",\"potentialAction\":[{\"@type\":\"SearchAction\",\"target\":{\"@type\":\"EntryPoint\",\"urlTemplate\":\"https:\/\/www.rekvi.ee\/?s={search_term_string}\"},\"query-input\":\"required name=search_term_string\"}],\"inLanguage\":\"fi\"}]}<\/script>\n<!-- \/ Yoast SEO plugin. -->","yoast_head_json":{"title":"Ripsiv\u00e4ri \u201dLux Visage\u201d XXL musta (tuuheuttava) 9g &ndash; REKVI","description":"\u0417\u0430\u043a\u0430\u0437\u0430\u0442\u044c \u00abRipsiv\u00e4ri \u201dLux Visage\u201d XXL musta (tuuheuttava) 9g\u00bb \u0432 \u0438\u043d\u0442\u0435\u0440\u043d\u0435\u0442-\u043c\u0430\u0433\u0430\u0437\u0438\u043d\u0435 REKVI \u0441 \u0434\u043e\u0441\u0442\u0430\u0432\u043a\u043e\u0439 \u043f\u043e \u042d\u0441\u0442\u043e\u043d\u0438\u0438. \u260e +3726363659","robots":{"index":"index","follow":"follow","max-snippet":"max-snippet:-1","max-image-preview":"max-image-preview:large","max-video-preview":"max-video-preview:-1"},"canonical":"https:\/\/www.rekvi.ee\/fi\/toode\/ripsmetuss-lux-visage-xxl-must-voluumi-9g\/","og_locale":"fi_FI","og_type":"article","og_title":"Ripsiv\u00e4ri \u201dLux Visage\u201d XXL musta (tuuheuttava) 9g &ndash; REKVI","og_description":"\u0417\u0430\u043a\u0430\u0437\u0430\u0442\u044c \u00abRipsiv\u00e4ri \u201dLux Visage\u201d XXL musta (tuuheuttava) 9g\u00bb \u0432 \u0438\u043d\u0442\u0435\u0440\u043d\u0435\u0442-\u043c\u0430\u0433\u0430\u0437\u0438\u043d\u0435 REKVI \u0441 \u0434\u043e\u0441\u0442\u0430\u0432\u043a\u043e\u0439 \u043f\u043e \u042d\u0441\u0442\u043e\u043d\u0438\u0438. \u260e +3726363659","og_url":"https:\/\/www.rekvi.ee\/fi\/toode\/ripsmetuss-lux-visage-xxl-must-voluumi-9g\/","og_site_name":"REKVI","article_publisher":"https:\/\/www.facebook.com\/Rekvi.ee","twitter_card":"summary_large_image","schema":{"@context":"https:\/\/schema.org","@graph":[{"@type":"WebPage","@id":"https:\/\/www.rekvi.ee\/fi\/toode\/ripsmetuss-lux-visage-xxl-must-voluumi-9g\/","url":"https:\/\/www.rekvi.ee\/fi\/toode\/ripsmetuss-lux-visage-xxl-must-voluumi-9g\/","name":"Ripsiv\u00e4ri \u201dLux Visage\u201d XXL musta (tuuheuttava) 9g &ndash; REKVI","isPartOf":{"@id":"https:\/\/www.rekvi.ee\/#website"},"datePublished":"2024-04-11T09:52:05+00:00","dateModified":"2024-04-11T09:52:05+00:00","description":"\u0417\u0430\u043a\u0430\u0437\u0430\u0442\u044c \u00abRipsiv\u00e4ri \u201dLux Visage\u201d XXL musta (tuuheuttava) 9g\u00bb \u0432 \u0438\u043d\u0442\u0435\u0440\u043d\u0435\u0442-\u043c\u0430\u0433\u0430\u0437\u0438\u043d\u0435 REKVI \u0441 \u0434\u043e\u0441\u0442\u0430\u0432\u043a\u043e\u0439 \u043f\u043e \u042d\u0441\u0442\u043e\u043d\u0438\u0438. \u260e +3726363659","breadcrumb":{"@id":"https:\/\/www.rekvi.ee\/fi\/toode\/ripsmetuss-lux-visage-xxl-must-voluumi-9g\/#breadcrumb"},"inLanguage":"fi","potentialAction":[{"@type":"ReadAction","target":["https:\/\/www.rekvi.ee\/fi\/toode\/ripsmetuss-lux-visage-xxl-must-voluumi-9g\/"]}]},{"@type":"BreadcrumbList","@id":"https:\/\/www.rekvi.ee\/fi\/toode\/ripsmetuss-lux-visage-xxl-must-voluumi-9g\/#breadcrumb","itemListElement":[{"@type":"ListItem","position":1,"name":"Shop","item":"https:\/\/www.rekvi.ee\/en\/e-shop\/"},{"@type":"ListItem","position":2,"name":"Ripsiv\u00e4ri \u201dLux Visage\u201d XXL musta (tuuheuttava) 9g"}]},{"@type":"WebSite","@id":"https:\/\/www.rekvi.ee\/#website","url":"https:\/\/www.rekvi.ee\/","name":"REKVI","description":"Tere tulemast kosmeetika maailma!","potentialAction":[{"@type":"SearchAction","target":{"@type":"EntryPoint","urlTemplate":"https:\/\/www.rekvi.ee\/?s={search_term_string}"},"query-input":"required name=search_term_string"}],"inLanguage":"fi"}]}},"_links":{"self":[{"href":"https:\/\/www.rekvi.ee\/fi\/wp-json\/wp\/v2\/product\/69775"}],"collection":[{"href":"https:\/\/www.rekvi.ee\/fi\/wp-json\/wp\/v2\/product"}],"about":[{"href":"https:\/\/www.rekvi.ee\/fi\/wp-json\/wp\/v2\/types\/product"}],"wp:attachment":[{"href":"https:\/\/www.rekvi.ee\/fi\/wp-json\/wp\/v2\/media?parent=69775"}],"wp:term":[{"taxonomy":"product_cat","embeddable":true,"href":"https:\/\/www.rekvi.ee\/fi\/wp-json\/wp\/v2\/product_cat?post=69775"},{"taxonomy":"product_tag","embeddable":true,"href":"https:\/\/www.rekvi.ee\/fi\/wp-json\/wp\/v2\/product_tag?post=69775"}],"curies":[{"name":"wp","href":"https:\/\/api.w.org\/{rel}","templated":true}]}}