{"id":69777,"date":"2024-04-15T11:30:23","date_gmt":"2024-04-15T08:30:23","guid":{"rendered":"https:\/\/www.rekvi.ee\/toode\/sidruni-eeterlik-oli-kodune-doktor-10-ml\/"},"modified":"2025-05-11T20:34:48","modified_gmt":"2025-05-11T17:34:48","slug":"sidruni-eeterlik-oli-kodune-doktor-10-ml","status":"publish","type":"product","link":"https:\/\/www.rekvi.ee\/fi\/toode\/sidruni-eeterlik-oli-kodune-doktor-10-ml\/","title":{"rendered":"Sitruunan eteerinen \u00f6ljy \u201dHome Doctor\u201d 10 ml"},"content":{"rendered":"","protected":false},"excerpt":{"rendered":"<p>Kuvaus: vahva, raikas, hein\u00e4m\u00e4inen, sitruksinen, karvas<\/p>\n<p>Sitrushedelm\u00e4n eteerinen \u00f6ljy vaikuttaa my\u00f6nteisesti ihmisen psyko-emotionaaliseen tilaan: parantaa mielialaa, tuo iloa ja hymy\u00e4! S\u00e4\u00e4nn\u00f6llinen \u00f6ljyll\u00e4 rikastettu kosmetiikan k\u00e4ytt\u00f6 auttaa p\u00e4\u00e4sem\u00e4\u00e4n eroon ik\u00e4\u00e4ntymislaikuista ja pisamista, tasoittaa ihon s\u00e4vy\u00e4, kirkastaa ja saa sen hehkumaan. Palauttaa ihosolut, tasoittaa s\u00e4vy\u00e4, poistaa hienoja juonteita. K\u00e4ytt\u00f6: voi k\u00e4ytt\u00e4\u00e4 kylvyss\u00e4, tuoksulampussa, inhalaatioissa, saunassa, hieronnassa.<\/p>\n<p>(INCI): CITRUS LIMON PEEL OIL, LIMONENE, CITRAL, LINALOOL, CITRONELLOL, GERANIOL.<\/p>\n","protected":false},"featured_media":53490,"template":"","meta":[],"product_cat":[2603,2754,2769],"product_tag":[],"yoast_head":"<!-- This site is optimized with the Yoast SEO plugin v19.5.1 - https:\/\/yoast.com\/wordpress\/plugins\/seo\/ -->\n<title>Sitruunan eteerinen \u00f6ljy \u201dHome Doctor\u201d 10 ml &ndash; REKVI<\/title>\n<meta name=\"description\" content=\"\u0417\u0430\u043a\u0430\u0437\u0430\u0442\u044c \u00abSitruunan eteerinen \u00f6ljy \u201dHome Doctor\u201d 10 ml\u00bb \u0432 \u0438\u043d\u0442\u0435\u0440\u043d\u0435\u0442-\u043c\u0430\u0433\u0430\u0437\u0438\u043d\u0435 REKVI \u0441 \u0434\u043e\u0441\u0442\u0430\u0432\u043a\u043e\u0439 \u043f\u043e \u042d\u0441\u0442\u043e\u043d\u0438\u0438. \u260e +3726363659\" \/>\n<meta name=\"robots\" content=\"index, follow, max-snippet:-1, max-image-preview:large, max-video-preview:-1\" \/>\n<link rel=\"canonical\" href=\"https:\/\/www.rekvi.ee\/fi\/toode\/sidruni-eeterlik-oli-kodune-doktor-10-ml\/\" \/>\n<meta property=\"og:locale\" content=\"fi_FI\" \/>\n<meta property=\"og:type\" content=\"article\" \/>\n<meta property=\"og:title\" content=\"Sitruunan eteerinen \u00f6ljy \u201dHome Doctor\u201d 10 ml &ndash; REKVI\" \/>\n<meta property=\"og:description\" content=\"\u0417\u0430\u043a\u0430\u0437\u0430\u0442\u044c \u00abSitruunan eteerinen \u00f6ljy \u201dHome Doctor\u201d 10 ml\u00bb \u0432 \u0438\u043d\u0442\u0435\u0440\u043d\u0435\u0442-\u043c\u0430\u0433\u0430\u0437\u0438\u043d\u0435 REKVI \u0441 \u0434\u043e\u0441\u0442\u0430\u0432\u043a\u043e\u0439 \u043f\u043e \u042d\u0441\u0442\u043e\u043d\u0438\u0438. \u260e +3726363659\" \/>\n<meta property=\"og:url\" content=\"https:\/\/www.rekvi.ee\/fi\/toode\/sidruni-eeterlik-oli-kodune-doktor-10-ml\/\" \/>\n<meta property=\"og:site_name\" content=\"REKVI\" \/>\n<meta property=\"article:publisher\" content=\"https:\/\/www.facebook.com\/Rekvi.ee\" \/>\n<meta property=\"article:modified_time\" content=\"2025-05-11T17:34:48+00:00\" \/>\n<meta name=\"twitter:card\" content=\"summary_large_image\" \/>\n<script type=\"application\/ld+json\" class=\"yoast-schema-graph\">{\"@context\":\"https:\/\/schema.org\",\"@graph\":[{\"@type\":\"WebPage\",\"@id\":\"https:\/\/www.rekvi.ee\/fi\/toode\/sidruni-eeterlik-oli-kodune-doktor-10-ml\/\",\"url\":\"https:\/\/www.rekvi.ee\/fi\/toode\/sidruni-eeterlik-oli-kodune-doktor-10-ml\/\",\"name\":\"Sitruunan eteerinen \u00f6ljy \u201dHome Doctor\u201d 10 ml &ndash; REKVI\",\"isPartOf\":{\"@id\":\"https:\/\/www.rekvi.ee\/#website\"},\"datePublished\":\"2024-04-15T08:30:23+00:00\",\"dateModified\":\"2025-05-11T17:34:48+00:00\",\"description\":\"\u0417\u0430\u043a\u0430\u0437\u0430\u0442\u044c \u00abSitruunan eteerinen \u00f6ljy \u201dHome Doctor\u201d 10 ml\u00bb \u0432 \u0438\u043d\u0442\u0435\u0440\u043d\u0435\u0442-\u043c\u0430\u0433\u0430\u0437\u0438\u043d\u0435 REKVI \u0441 \u0434\u043e\u0441\u0442\u0430\u0432\u043a\u043e\u0439 \u043f\u043e \u042d\u0441\u0442\u043e\u043d\u0438\u0438. \u260e +3726363659\",\"breadcrumb\":{\"@id\":\"https:\/\/www.rekvi.ee\/fi\/toode\/sidruni-eeterlik-oli-kodune-doktor-10-ml\/#breadcrumb\"},\"inLanguage\":\"fi\",\"potentialAction\":[{\"@type\":\"ReadAction\",\"target\":[\"https:\/\/www.rekvi.ee\/fi\/toode\/sidruni-eeterlik-oli-kodune-doktor-10-ml\/\"]}]},{\"@type\":\"BreadcrumbList\",\"@id\":\"https:\/\/www.rekvi.ee\/fi\/toode\/sidruni-eeterlik-oli-kodune-doktor-10-ml\/#breadcrumb\",\"itemListElement\":[{\"@type\":\"ListItem\",\"position\":1,\"name\":\"Shop\",\"item\":\"https:\/\/www.rekvi.ee\/en\/e-shop\/\"},{\"@type\":\"ListItem\",\"position\":2,\"name\":\"Sitruunan eteerinen \u00f6ljy \u201dHome Doctor\u201d 10 ml\"}]},{\"@type\":\"WebSite\",\"@id\":\"https:\/\/www.rekvi.ee\/#website\",\"url\":\"https:\/\/www.rekvi.ee\/\",\"name\":\"REKVI\",\"description\":\"Tere tulemast kosmeetika maailma!\",\"potentialAction\":[{\"@type\":\"SearchAction\",\"target\":{\"@type\":\"EntryPoint\",\"urlTemplate\":\"https:\/\/www.rekvi.ee\/?s={search_term_string}\"},\"query-input\":\"required name=search_term_string\"}],\"inLanguage\":\"fi\"}]}<\/script>\n<!-- \/ Yoast SEO plugin. -->","yoast_head_json":{"title":"Sitruunan eteerinen \u00f6ljy \u201dHome Doctor\u201d 10 ml &ndash; REKVI","description":"\u0417\u0430\u043a\u0430\u0437\u0430\u0442\u044c \u00abSitruunan eteerinen \u00f6ljy \u201dHome Doctor\u201d 10 ml\u00bb \u0432 \u0438\u043d\u0442\u0435\u0440\u043d\u0435\u0442-\u043c\u0430\u0433\u0430\u0437\u0438\u043d\u0435 REKVI \u0441 \u0434\u043e\u0441\u0442\u0430\u0432\u043a\u043e\u0439 \u043f\u043e \u042d\u0441\u0442\u043e\u043d\u0438\u0438. \u260e +3726363659","robots":{"index":"index","follow":"follow","max-snippet":"max-snippet:-1","max-image-preview":"max-image-preview:large","max-video-preview":"max-video-preview:-1"},"canonical":"https:\/\/www.rekvi.ee\/fi\/toode\/sidruni-eeterlik-oli-kodune-doktor-10-ml\/","og_locale":"fi_FI","og_type":"article","og_title":"Sitruunan eteerinen \u00f6ljy \u201dHome Doctor\u201d 10 ml &ndash; REKVI","og_description":"\u0417\u0430\u043a\u0430\u0437\u0430\u0442\u044c \u00abSitruunan eteerinen \u00f6ljy \u201dHome Doctor\u201d 10 ml\u00bb \u0432 \u0438\u043d\u0442\u0435\u0440\u043d\u0435\u0442-\u043c\u0430\u0433\u0430\u0437\u0438\u043d\u0435 REKVI \u0441 \u0434\u043e\u0441\u0442\u0430\u0432\u043a\u043e\u0439 \u043f\u043e \u042d\u0441\u0442\u043e\u043d\u0438\u0438. \u260e +3726363659","og_url":"https:\/\/www.rekvi.ee\/fi\/toode\/sidruni-eeterlik-oli-kodune-doktor-10-ml\/","og_site_name":"REKVI","article_publisher":"https:\/\/www.facebook.com\/Rekvi.ee","article_modified_time":"2025-05-11T17:34:48+00:00","twitter_card":"summary_large_image","schema":{"@context":"https:\/\/schema.org","@graph":[{"@type":"WebPage","@id":"https:\/\/www.rekvi.ee\/fi\/toode\/sidruni-eeterlik-oli-kodune-doktor-10-ml\/","url":"https:\/\/www.rekvi.ee\/fi\/toode\/sidruni-eeterlik-oli-kodune-doktor-10-ml\/","name":"Sitruunan eteerinen \u00f6ljy \u201dHome Doctor\u201d 10 ml &ndash; REKVI","isPartOf":{"@id":"https:\/\/www.rekvi.ee\/#website"},"datePublished":"2024-04-15T08:30:23+00:00","dateModified":"2025-05-11T17:34:48+00:00","description":"\u0417\u0430\u043a\u0430\u0437\u0430\u0442\u044c \u00abSitruunan eteerinen \u00f6ljy \u201dHome Doctor\u201d 10 ml\u00bb \u0432 \u0438\u043d\u0442\u0435\u0440\u043d\u0435\u0442-\u043c\u0430\u0433\u0430\u0437\u0438\u043d\u0435 REKVI \u0441 \u0434\u043e\u0441\u0442\u0430\u0432\u043a\u043e\u0439 \u043f\u043e \u042d\u0441\u0442\u043e\u043d\u0438\u0438. \u260e +3726363659","breadcrumb":{"@id":"https:\/\/www.rekvi.ee\/fi\/toode\/sidruni-eeterlik-oli-kodune-doktor-10-ml\/#breadcrumb"},"inLanguage":"fi","potentialAction":[{"@type":"ReadAction","target":["https:\/\/www.rekvi.ee\/fi\/toode\/sidruni-eeterlik-oli-kodune-doktor-10-ml\/"]}]},{"@type":"BreadcrumbList","@id":"https:\/\/www.rekvi.ee\/fi\/toode\/sidruni-eeterlik-oli-kodune-doktor-10-ml\/#breadcrumb","itemListElement":[{"@type":"ListItem","position":1,"name":"Shop","item":"https:\/\/www.rekvi.ee\/en\/e-shop\/"},{"@type":"ListItem","position":2,"name":"Sitruunan eteerinen \u00f6ljy \u201dHome Doctor\u201d 10 ml"}]},{"@type":"WebSite","@id":"https:\/\/www.rekvi.ee\/#website","url":"https:\/\/www.rekvi.ee\/","name":"REKVI","description":"Tere tulemast kosmeetika maailma!","potentialAction":[{"@type":"SearchAction","target":{"@type":"EntryPoint","urlTemplate":"https:\/\/www.rekvi.ee\/?s={search_term_string}"},"query-input":"required name=search_term_string"}],"inLanguage":"fi"}]}},"_links":{"self":[{"href":"https:\/\/www.rekvi.ee\/fi\/wp-json\/wp\/v2\/product\/69777"}],"collection":[{"href":"https:\/\/www.rekvi.ee\/fi\/wp-json\/wp\/v2\/product"}],"about":[{"href":"https:\/\/www.rekvi.ee\/fi\/wp-json\/wp\/v2\/types\/product"}],"wp:featuredmedia":[{"embeddable":true,"href":"https:\/\/www.rekvi.ee\/fi\/wp-json\/wp\/v2\/media\/53490"}],"wp:attachment":[{"href":"https:\/\/www.rekvi.ee\/fi\/wp-json\/wp\/v2\/media?parent=69777"}],"wp:term":[{"taxonomy":"product_cat","embeddable":true,"href":"https:\/\/www.rekvi.ee\/fi\/wp-json\/wp\/v2\/product_cat?post=69777"},{"taxonomy":"product_tag","embeddable":true,"href":"https:\/\/www.rekvi.ee\/fi\/wp-json\/wp\/v2\/product_tag?post=69777"}],"curies":[{"name":"wp","href":"https:\/\/api.w.org\/{rel}","templated":true}]}}