{"id":69779,"date":"2024-04-15T11:45:10","date_gmt":"2024-04-15T08:45:10","guid":{"rendered":"https:\/\/www.rekvi.ee\/toode\/melissa-eeterlik-oli-kodune-doktor-10-ml\/"},"modified":"2024-04-15T11:45:10","modified_gmt":"2024-04-15T08:45:10","slug":"melissa-eeterlik-oli-kodune-doktor-10-ml","status":"publish","type":"product","link":"https:\/\/www.rekvi.ee\/fi\/toode\/melissa-eeterlik-oli-kodune-doktor-10-ml\/","title":{"rendered":"Meliss eteerinen \u00f6ljy \u201dHome Doctor\u201d 10 ml"},"content":{"rendered":"","protected":false},"excerpt":{"rendered":"<p>Melissa eteerinen \u00f6ljy \u2013 Melissa tunnetaan my\u00f6s sitruunamelissana. Rauhoittava vaikutus.<br \/>\nTuottaa iloisuutta, rauhaa, lempeytt\u00e4, virkist\u00e4\u00e4 mielt\u00e4.<\/p>\n<p>100% puhtaat eteeriset \u00f6ljyt sopivat k\u00e4ytett\u00e4v\u00e4ksi esimerkiksi saunan h\u00f6yryvedess\u00e4, tuoksulampussa, kotisiivouksessa, erilaisissa \u00f6ljyseoksissa ihonhoidossa sek\u00e4 aromaterapiassa.<\/p>\n<p>HUOM! \u00c4l\u00e4 k\u00e4yt\u00e4 eteerisi\u00e4 \u00f6ljyj\u00e4 laimentamattomina. S\u00e4ilyt\u00e4 \u00f6ljyt lasten ulottumattomissa. Ei sis\u00e4isesti k\u00e4ytett\u00e4v\u00e4ksi. Sivustolla oleva tieto eteerisist\u00e4 \u00f6ljyist\u00e4 on per\u00e4isin julkisista l\u00e4hteist\u00e4, ja viitteet ominaisuuksista ja vaikutuksista perustuvat vain aromaterapiaan ja kansanl\u00e4\u00e4ketieteeseen.<\/p>\n<p>(INCI): MELISSA \u041eFFICINALIS LEAF OIL, GERANIOL, CITRONELLOL, LIMONENE, LINALOOL, CITRAL, EUGENOL, FARNESOL.<\/p>\n","protected":false},"featured_media":53505,"template":"","meta":[],"product_cat":[2603,2754,2769],"product_tag":[],"yoast_head":"<!-- This site is optimized with the Yoast SEO plugin v19.5.1 - https:\/\/yoast.com\/wordpress\/plugins\/seo\/ -->\n<title>Meliss eteerinen \u00f6ljy \u201dHome Doctor\u201d 10 ml &ndash; REKVI<\/title>\n<meta name=\"description\" content=\"\u0417\u0430\u043a\u0430\u0437\u0430\u0442\u044c \u00abMeliss eteerinen \u00f6ljy \u201dHome Doctor\u201d 10 ml\u00bb \u0432 \u0438\u043d\u0442\u0435\u0440\u043d\u0435\u0442-\u043c\u0430\u0433\u0430\u0437\u0438\u043d\u0435 REKVI \u0441 \u0434\u043e\u0441\u0442\u0430\u0432\u043a\u043e\u0439 \u043f\u043e \u042d\u0441\u0442\u043e\u043d\u0438\u0438. \u260e +3726363659\" \/>\n<meta name=\"robots\" content=\"index, follow, max-snippet:-1, max-image-preview:large, max-video-preview:-1\" \/>\n<link rel=\"canonical\" href=\"https:\/\/www.rekvi.ee\/fi\/toode\/melissa-eeterlik-oli-kodune-doktor-10-ml\/\" \/>\n<meta property=\"og:locale\" content=\"fi_FI\" \/>\n<meta property=\"og:type\" content=\"article\" \/>\n<meta property=\"og:title\" content=\"Meliss eteerinen \u00f6ljy \u201dHome Doctor\u201d 10 ml &ndash; REKVI\" \/>\n<meta property=\"og:description\" content=\"\u0417\u0430\u043a\u0430\u0437\u0430\u0442\u044c \u00abMeliss eteerinen \u00f6ljy \u201dHome Doctor\u201d 10 ml\u00bb \u0432 \u0438\u043d\u0442\u0435\u0440\u043d\u0435\u0442-\u043c\u0430\u0433\u0430\u0437\u0438\u043d\u0435 REKVI \u0441 \u0434\u043e\u0441\u0442\u0430\u0432\u043a\u043e\u0439 \u043f\u043e \u042d\u0441\u0442\u043e\u043d\u0438\u0438. \u260e +3726363659\" \/>\n<meta property=\"og:url\" content=\"https:\/\/www.rekvi.ee\/fi\/toode\/melissa-eeterlik-oli-kodune-doktor-10-ml\/\" \/>\n<meta property=\"og:site_name\" content=\"REKVI\" \/>\n<meta property=\"article:publisher\" content=\"https:\/\/www.facebook.com\/Rekvi.ee\" \/>\n<meta name=\"twitter:card\" content=\"summary_large_image\" \/>\n<script type=\"application\/ld+json\" class=\"yoast-schema-graph\">{\"@context\":\"https:\/\/schema.org\",\"@graph\":[{\"@type\":\"WebPage\",\"@id\":\"https:\/\/www.rekvi.ee\/fi\/toode\/melissa-eeterlik-oli-kodune-doktor-10-ml\/\",\"url\":\"https:\/\/www.rekvi.ee\/fi\/toode\/melissa-eeterlik-oli-kodune-doktor-10-ml\/\",\"name\":\"Meliss eteerinen \u00f6ljy \u201dHome Doctor\u201d 10 ml &ndash; REKVI\",\"isPartOf\":{\"@id\":\"https:\/\/www.rekvi.ee\/#website\"},\"datePublished\":\"2024-04-15T08:45:10+00:00\",\"dateModified\":\"2024-04-15T08:45:10+00:00\",\"description\":\"\u0417\u0430\u043a\u0430\u0437\u0430\u0442\u044c \u00abMeliss eteerinen \u00f6ljy \u201dHome Doctor\u201d 10 ml\u00bb \u0432 \u0438\u043d\u0442\u0435\u0440\u043d\u0435\u0442-\u043c\u0430\u0433\u0430\u0437\u0438\u043d\u0435 REKVI \u0441 \u0434\u043e\u0441\u0442\u0430\u0432\u043a\u043e\u0439 \u043f\u043e \u042d\u0441\u0442\u043e\u043d\u0438\u0438. \u260e +3726363659\",\"breadcrumb\":{\"@id\":\"https:\/\/www.rekvi.ee\/fi\/toode\/melissa-eeterlik-oli-kodune-doktor-10-ml\/#breadcrumb\"},\"inLanguage\":\"fi\",\"potentialAction\":[{\"@type\":\"ReadAction\",\"target\":[\"https:\/\/www.rekvi.ee\/fi\/toode\/melissa-eeterlik-oli-kodune-doktor-10-ml\/\"]}]},{\"@type\":\"BreadcrumbList\",\"@id\":\"https:\/\/www.rekvi.ee\/fi\/toode\/melissa-eeterlik-oli-kodune-doktor-10-ml\/#breadcrumb\",\"itemListElement\":[{\"@type\":\"ListItem\",\"position\":1,\"name\":\"Shop\",\"item\":\"https:\/\/www.rekvi.ee\/en\/e-shop\/\"},{\"@type\":\"ListItem\",\"position\":2,\"name\":\"Meliss eteerinen \u00f6ljy \u201dHome Doctor\u201d 10 ml\"}]},{\"@type\":\"WebSite\",\"@id\":\"https:\/\/www.rekvi.ee\/#website\",\"url\":\"https:\/\/www.rekvi.ee\/\",\"name\":\"REKVI\",\"description\":\"Tere tulemast kosmeetika maailma!\",\"potentialAction\":[{\"@type\":\"SearchAction\",\"target\":{\"@type\":\"EntryPoint\",\"urlTemplate\":\"https:\/\/www.rekvi.ee\/?s={search_term_string}\"},\"query-input\":\"required name=search_term_string\"}],\"inLanguage\":\"fi\"}]}<\/script>\n<!-- \/ Yoast SEO plugin. -->","yoast_head_json":{"title":"Meliss eteerinen \u00f6ljy \u201dHome Doctor\u201d 10 ml &ndash; REKVI","description":"\u0417\u0430\u043a\u0430\u0437\u0430\u0442\u044c \u00abMeliss eteerinen \u00f6ljy \u201dHome Doctor\u201d 10 ml\u00bb \u0432 \u0438\u043d\u0442\u0435\u0440\u043d\u0435\u0442-\u043c\u0430\u0433\u0430\u0437\u0438\u043d\u0435 REKVI \u0441 \u0434\u043e\u0441\u0442\u0430\u0432\u043a\u043e\u0439 \u043f\u043e \u042d\u0441\u0442\u043e\u043d\u0438\u0438. \u260e +3726363659","robots":{"index":"index","follow":"follow","max-snippet":"max-snippet:-1","max-image-preview":"max-image-preview:large","max-video-preview":"max-video-preview:-1"},"canonical":"https:\/\/www.rekvi.ee\/fi\/toode\/melissa-eeterlik-oli-kodune-doktor-10-ml\/","og_locale":"fi_FI","og_type":"article","og_title":"Meliss eteerinen \u00f6ljy \u201dHome Doctor\u201d 10 ml &ndash; REKVI","og_description":"\u0417\u0430\u043a\u0430\u0437\u0430\u0442\u044c \u00abMeliss eteerinen \u00f6ljy \u201dHome Doctor\u201d 10 ml\u00bb \u0432 \u0438\u043d\u0442\u0435\u0440\u043d\u0435\u0442-\u043c\u0430\u0433\u0430\u0437\u0438\u043d\u0435 REKVI \u0441 \u0434\u043e\u0441\u0442\u0430\u0432\u043a\u043e\u0439 \u043f\u043e \u042d\u0441\u0442\u043e\u043d\u0438\u0438. \u260e +3726363659","og_url":"https:\/\/www.rekvi.ee\/fi\/toode\/melissa-eeterlik-oli-kodune-doktor-10-ml\/","og_site_name":"REKVI","article_publisher":"https:\/\/www.facebook.com\/Rekvi.ee","twitter_card":"summary_large_image","schema":{"@context":"https:\/\/schema.org","@graph":[{"@type":"WebPage","@id":"https:\/\/www.rekvi.ee\/fi\/toode\/melissa-eeterlik-oli-kodune-doktor-10-ml\/","url":"https:\/\/www.rekvi.ee\/fi\/toode\/melissa-eeterlik-oli-kodune-doktor-10-ml\/","name":"Meliss eteerinen \u00f6ljy \u201dHome Doctor\u201d 10 ml &ndash; REKVI","isPartOf":{"@id":"https:\/\/www.rekvi.ee\/#website"},"datePublished":"2024-04-15T08:45:10+00:00","dateModified":"2024-04-15T08:45:10+00:00","description":"\u0417\u0430\u043a\u0430\u0437\u0430\u0442\u044c \u00abMeliss eteerinen \u00f6ljy \u201dHome Doctor\u201d 10 ml\u00bb \u0432 \u0438\u043d\u0442\u0435\u0440\u043d\u0435\u0442-\u043c\u0430\u0433\u0430\u0437\u0438\u043d\u0435 REKVI \u0441 \u0434\u043e\u0441\u0442\u0430\u0432\u043a\u043e\u0439 \u043f\u043e \u042d\u0441\u0442\u043e\u043d\u0438\u0438. \u260e +3726363659","breadcrumb":{"@id":"https:\/\/www.rekvi.ee\/fi\/toode\/melissa-eeterlik-oli-kodune-doktor-10-ml\/#breadcrumb"},"inLanguage":"fi","potentialAction":[{"@type":"ReadAction","target":["https:\/\/www.rekvi.ee\/fi\/toode\/melissa-eeterlik-oli-kodune-doktor-10-ml\/"]}]},{"@type":"BreadcrumbList","@id":"https:\/\/www.rekvi.ee\/fi\/toode\/melissa-eeterlik-oli-kodune-doktor-10-ml\/#breadcrumb","itemListElement":[{"@type":"ListItem","position":1,"name":"Shop","item":"https:\/\/www.rekvi.ee\/en\/e-shop\/"},{"@type":"ListItem","position":2,"name":"Meliss eteerinen \u00f6ljy \u201dHome Doctor\u201d 10 ml"}]},{"@type":"WebSite","@id":"https:\/\/www.rekvi.ee\/#website","url":"https:\/\/www.rekvi.ee\/","name":"REKVI","description":"Tere tulemast kosmeetika maailma!","potentialAction":[{"@type":"SearchAction","target":{"@type":"EntryPoint","urlTemplate":"https:\/\/www.rekvi.ee\/?s={search_term_string}"},"query-input":"required name=search_term_string"}],"inLanguage":"fi"}]}},"_links":{"self":[{"href":"https:\/\/www.rekvi.ee\/fi\/wp-json\/wp\/v2\/product\/69779"}],"collection":[{"href":"https:\/\/www.rekvi.ee\/fi\/wp-json\/wp\/v2\/product"}],"about":[{"href":"https:\/\/www.rekvi.ee\/fi\/wp-json\/wp\/v2\/types\/product"}],"wp:featuredmedia":[{"embeddable":true,"href":"https:\/\/www.rekvi.ee\/fi\/wp-json\/wp\/v2\/media\/53505"}],"wp:attachment":[{"href":"https:\/\/www.rekvi.ee\/fi\/wp-json\/wp\/v2\/media?parent=69779"}],"wp:term":[{"taxonomy":"product_cat","embeddable":true,"href":"https:\/\/www.rekvi.ee\/fi\/wp-json\/wp\/v2\/product_cat?post=69779"},{"taxonomy":"product_tag","embeddable":true,"href":"https:\/\/www.rekvi.ee\/fi\/wp-json\/wp\/v2\/product_tag?post=69779"}],"curies":[{"name":"wp","href":"https:\/\/api.w.org\/{rel}","templated":true}]}}