{"id":69809,"date":"2024-03-21T17:39:15","date_gmt":"2024-03-21T14:39:15","guid":{"rendered":"https:\/\/www.rekvi.ee\/toode\/eeterlik-oli-ylang-ylang-10-ml\/"},"modified":"2024-03-21T17:39:15","modified_gmt":"2024-03-21T14:39:15","slug":"eeterlik-oli-ylang-ylang-10-ml","status":"publish","type":"product","link":"https:\/\/www.rekvi.ee\/fi\/toode\/eeterlik-oli-ylang-ylang-10-ml\/","title":{"rendered":"Eteerinen \u00f6ljy Ylang-ylang 10 ml parasta ennen 05.2025"},"content":{"rendered":"","protected":false},"excerpt":{"rendered":"<p>V\u00e4itetysti: rentouttaa hermostoa, v\u00e4hent\u00e4\u00e4 stressi\u00e4 ja henkist\u00e4 v\u00e4symyst\u00e4.<br \/>\nEdist\u00e4\u00e4 hiusten kasvua, antaa kiiltoa ja v\u00e4hent\u00e4\u00e4 niiden rasvaisuutta. Tonisoi p\u00e4\u00e4nahkaa.<\/p>\n<p><b>K\u00e4ytt\u00f6ohjeet<\/b><br \/>\nKosmetiikkatuotteiden rikastaminen: sekoita 2 tippaa 15 g pohjaan (kosmetiikka\u00f6ljy, voide, lotion, tonic, naamio, suihkusaippua, shampoo, hoitoaine jne.).<\/p>\n<p id=\"tw-target-text\" class=\"tw-data-text tw-text-large tw-ta\" dir=\"ltr\" data-placeholder=\"\u041f\u0435\u0440\u0435\u0432\u043e\u0434\" aria-label=\"\u041f\u0435\u0440\u0435\u0432\u0435\u0434\u0435\u043d\u043d\u044b\u0439 \u0442\u0435\u043a\u0441\u0442\" data-ved=\"2ahUKEwiRmfi8xYWFAxXCKhAIHTyEDw8Q3ewLegQIBRAU\"><span class=\"Y2IQFc\" lang=\"et\">Kylvyt: lis\u00e4\u00e4 4-7 tippaa eteerist\u00e4 \u00f6ljy\u00e4 kylpyyn, jonka veden l\u00e4mp\u00f6tila on 37-40C\u00b0. Parhaan liukenemisen saavuttamiseksi sekoita 2-4 rkl emulgaattoria (suola, hunaja, maito). Toimenpiteen kesto on 15-30 minuuttia.<\/span><\/p>\n<p>Huoneen tuoksuttaminen: tuoksulamppu 3-6 tippaa \u00f6ljy\u00e4. Heti, kun ilmenee \u00e4rsytysoireita, v\u00e4henn\u00e4 k\u00e4ytetyn \u00f6ljyn m\u00e4\u00e4r\u00e4\u00e4 ja tuulettaa huonetta.<\/p>\n<p><b>S\u00e4ilytysohjeet<\/b><br \/>\nS\u00e4ilyt\u00e4 tuote hyvin suljettuna, poissa auringonvalosta, huoneenl\u00e4mm\u00f6ss\u00e4 tai mieluiten viile\u00e4ss\u00e4.<\/p>\n","protected":false},"featured_media":0,"template":"","meta":[],"product_cat":[2606,2603,2754,2769],"product_tag":[],"yoast_head":"<!-- This site is optimized with the Yoast SEO plugin v19.5.1 - https:\/\/yoast.com\/wordpress\/plugins\/seo\/ -->\n<title>Eteerinen \u00f6ljy Ylang-ylang 10 ml parasta ennen 05.2025 &ndash; REKVI<\/title>\n<meta name=\"description\" content=\"\u0417\u0430\u043a\u0430\u0437\u0430\u0442\u044c \u00abEteerinen \u00f6ljy Ylang-ylang 10 ml parasta ennen 05.2025\u00bb \u0432 \u0438\u043d\u0442\u0435\u0440\u043d\u0435\u0442-\u043c\u0430\u0433\u0430\u0437\u0438\u043d\u0435 REKVI \u0441 \u0434\u043e\u0441\u0442\u0430\u0432\u043a\u043e\u0439 \u043f\u043e \u042d\u0441\u0442\u043e\u043d\u0438\u0438. \u260e +3726363659\" \/>\n<meta name=\"robots\" content=\"index, follow, max-snippet:-1, max-image-preview:large, max-video-preview:-1\" \/>\n<link rel=\"canonical\" href=\"https:\/\/www.rekvi.ee\/fi\/toode\/eeterlik-oli-ylang-ylang-10-ml\/\" \/>\n<meta property=\"og:locale\" content=\"fi_FI\" \/>\n<meta property=\"og:type\" content=\"article\" \/>\n<meta property=\"og:title\" content=\"Eteerinen \u00f6ljy Ylang-ylang 10 ml parasta ennen 05.2025 &ndash; REKVI\" \/>\n<meta property=\"og:description\" content=\"\u0417\u0430\u043a\u0430\u0437\u0430\u0442\u044c \u00abEteerinen \u00f6ljy Ylang-ylang 10 ml parasta ennen 05.2025\u00bb \u0432 \u0438\u043d\u0442\u0435\u0440\u043d\u0435\u0442-\u043c\u0430\u0433\u0430\u0437\u0438\u043d\u0435 REKVI \u0441 \u0434\u043e\u0441\u0442\u0430\u0432\u043a\u043e\u0439 \u043f\u043e \u042d\u0441\u0442\u043e\u043d\u0438\u0438. \u260e +3726363659\" \/>\n<meta property=\"og:url\" content=\"https:\/\/www.rekvi.ee\/fi\/toode\/eeterlik-oli-ylang-ylang-10-ml\/\" \/>\n<meta property=\"og:site_name\" content=\"REKVI\" \/>\n<meta property=\"article:publisher\" content=\"https:\/\/www.facebook.com\/Rekvi.ee\" \/>\n<meta name=\"twitter:card\" content=\"summary_large_image\" \/>\n<script type=\"application\/ld+json\" class=\"yoast-schema-graph\">{\"@context\":\"https:\/\/schema.org\",\"@graph\":[{\"@type\":\"WebPage\",\"@id\":\"https:\/\/www.rekvi.ee\/fi\/toode\/eeterlik-oli-ylang-ylang-10-ml\/\",\"url\":\"https:\/\/www.rekvi.ee\/fi\/toode\/eeterlik-oli-ylang-ylang-10-ml\/\",\"name\":\"Eteerinen \u00f6ljy Ylang-ylang 10 ml parasta ennen 05.2025 &ndash; REKVI\",\"isPartOf\":{\"@id\":\"https:\/\/www.rekvi.ee\/#website\"},\"datePublished\":\"2024-03-21T14:39:15+00:00\",\"dateModified\":\"2024-03-21T14:39:15+00:00\",\"description\":\"\u0417\u0430\u043a\u0430\u0437\u0430\u0442\u044c \u00abEteerinen \u00f6ljy Ylang-ylang 10 ml parasta ennen 05.2025\u00bb \u0432 \u0438\u043d\u0442\u0435\u0440\u043d\u0435\u0442-\u043c\u0430\u0433\u0430\u0437\u0438\u043d\u0435 REKVI \u0441 \u0434\u043e\u0441\u0442\u0430\u0432\u043a\u043e\u0439 \u043f\u043e \u042d\u0441\u0442\u043e\u043d\u0438\u0438. \u260e +3726363659\",\"breadcrumb\":{\"@id\":\"https:\/\/www.rekvi.ee\/fi\/toode\/eeterlik-oli-ylang-ylang-10-ml\/#breadcrumb\"},\"inLanguage\":\"fi\",\"potentialAction\":[{\"@type\":\"ReadAction\",\"target\":[\"https:\/\/www.rekvi.ee\/fi\/toode\/eeterlik-oli-ylang-ylang-10-ml\/\"]}]},{\"@type\":\"BreadcrumbList\",\"@id\":\"https:\/\/www.rekvi.ee\/fi\/toode\/eeterlik-oli-ylang-ylang-10-ml\/#breadcrumb\",\"itemListElement\":[{\"@type\":\"ListItem\",\"position\":1,\"name\":\"Shop\",\"item\":\"https:\/\/www.rekvi.ee\/en\/e-shop\/\"},{\"@type\":\"ListItem\",\"position\":2,\"name\":\"Eteerinen \u00f6ljy Ylang-ylang 10 ml parasta ennen 05.2025\"}]},{\"@type\":\"WebSite\",\"@id\":\"https:\/\/www.rekvi.ee\/#website\",\"url\":\"https:\/\/www.rekvi.ee\/\",\"name\":\"REKVI\",\"description\":\"Tere tulemast kosmeetika maailma!\",\"potentialAction\":[{\"@type\":\"SearchAction\",\"target\":{\"@type\":\"EntryPoint\",\"urlTemplate\":\"https:\/\/www.rekvi.ee\/?s={search_term_string}\"},\"query-input\":\"required name=search_term_string\"}],\"inLanguage\":\"fi\"}]}<\/script>\n<!-- \/ Yoast SEO plugin. -->","yoast_head_json":{"title":"Eteerinen \u00f6ljy Ylang-ylang 10 ml parasta ennen 05.2025 &ndash; REKVI","description":"\u0417\u0430\u043a\u0430\u0437\u0430\u0442\u044c \u00abEteerinen \u00f6ljy Ylang-ylang 10 ml parasta ennen 05.2025\u00bb \u0432 \u0438\u043d\u0442\u0435\u0440\u043d\u0435\u0442-\u043c\u0430\u0433\u0430\u0437\u0438\u043d\u0435 REKVI \u0441 \u0434\u043e\u0441\u0442\u0430\u0432\u043a\u043e\u0439 \u043f\u043e \u042d\u0441\u0442\u043e\u043d\u0438\u0438. \u260e +3726363659","robots":{"index":"index","follow":"follow","max-snippet":"max-snippet:-1","max-image-preview":"max-image-preview:large","max-video-preview":"max-video-preview:-1"},"canonical":"https:\/\/www.rekvi.ee\/fi\/toode\/eeterlik-oli-ylang-ylang-10-ml\/","og_locale":"fi_FI","og_type":"article","og_title":"Eteerinen \u00f6ljy Ylang-ylang 10 ml parasta ennen 05.2025 &ndash; REKVI","og_description":"\u0417\u0430\u043a\u0430\u0437\u0430\u0442\u044c \u00abEteerinen \u00f6ljy Ylang-ylang 10 ml parasta ennen 05.2025\u00bb \u0432 \u0438\u043d\u0442\u0435\u0440\u043d\u0435\u0442-\u043c\u0430\u0433\u0430\u0437\u0438\u043d\u0435 REKVI \u0441 \u0434\u043e\u0441\u0442\u0430\u0432\u043a\u043e\u0439 \u043f\u043e \u042d\u0441\u0442\u043e\u043d\u0438\u0438. \u260e +3726363659","og_url":"https:\/\/www.rekvi.ee\/fi\/toode\/eeterlik-oli-ylang-ylang-10-ml\/","og_site_name":"REKVI","article_publisher":"https:\/\/www.facebook.com\/Rekvi.ee","twitter_card":"summary_large_image","schema":{"@context":"https:\/\/schema.org","@graph":[{"@type":"WebPage","@id":"https:\/\/www.rekvi.ee\/fi\/toode\/eeterlik-oli-ylang-ylang-10-ml\/","url":"https:\/\/www.rekvi.ee\/fi\/toode\/eeterlik-oli-ylang-ylang-10-ml\/","name":"Eteerinen \u00f6ljy Ylang-ylang 10 ml parasta ennen 05.2025 &ndash; REKVI","isPartOf":{"@id":"https:\/\/www.rekvi.ee\/#website"},"datePublished":"2024-03-21T14:39:15+00:00","dateModified":"2024-03-21T14:39:15+00:00","description":"\u0417\u0430\u043a\u0430\u0437\u0430\u0442\u044c \u00abEteerinen \u00f6ljy Ylang-ylang 10 ml parasta ennen 05.2025\u00bb \u0432 \u0438\u043d\u0442\u0435\u0440\u043d\u0435\u0442-\u043c\u0430\u0433\u0430\u0437\u0438\u043d\u0435 REKVI \u0441 \u0434\u043e\u0441\u0442\u0430\u0432\u043a\u043e\u0439 \u043f\u043e \u042d\u0441\u0442\u043e\u043d\u0438\u0438. \u260e +3726363659","breadcrumb":{"@id":"https:\/\/www.rekvi.ee\/fi\/toode\/eeterlik-oli-ylang-ylang-10-ml\/#breadcrumb"},"inLanguage":"fi","potentialAction":[{"@type":"ReadAction","target":["https:\/\/www.rekvi.ee\/fi\/toode\/eeterlik-oli-ylang-ylang-10-ml\/"]}]},{"@type":"BreadcrumbList","@id":"https:\/\/www.rekvi.ee\/fi\/toode\/eeterlik-oli-ylang-ylang-10-ml\/#breadcrumb","itemListElement":[{"@type":"ListItem","position":1,"name":"Shop","item":"https:\/\/www.rekvi.ee\/en\/e-shop\/"},{"@type":"ListItem","position":2,"name":"Eteerinen \u00f6ljy Ylang-ylang 10 ml parasta ennen 05.2025"}]},{"@type":"WebSite","@id":"https:\/\/www.rekvi.ee\/#website","url":"https:\/\/www.rekvi.ee\/","name":"REKVI","description":"Tere tulemast kosmeetika maailma!","potentialAction":[{"@type":"SearchAction","target":{"@type":"EntryPoint","urlTemplate":"https:\/\/www.rekvi.ee\/?s={search_term_string}"},"query-input":"required name=search_term_string"}],"inLanguage":"fi"}]}},"_links":{"self":[{"href":"https:\/\/www.rekvi.ee\/fi\/wp-json\/wp\/v2\/product\/69809"}],"collection":[{"href":"https:\/\/www.rekvi.ee\/fi\/wp-json\/wp\/v2\/product"}],"about":[{"href":"https:\/\/www.rekvi.ee\/fi\/wp-json\/wp\/v2\/types\/product"}],"wp:attachment":[{"href":"https:\/\/www.rekvi.ee\/fi\/wp-json\/wp\/v2\/media?parent=69809"}],"wp:term":[{"taxonomy":"product_cat","embeddable":true,"href":"https:\/\/www.rekvi.ee\/fi\/wp-json\/wp\/v2\/product_cat?post=69809"},{"taxonomy":"product_tag","embeddable":true,"href":"https:\/\/www.rekvi.ee\/fi\/wp-json\/wp\/v2\/product_tag?post=69809"}],"curies":[{"name":"wp","href":"https:\/\/api.w.org\/{rel}","templated":true}]}}