{"id":69812,"date":"2024-04-03T11:45:40","date_gmt":"2024-04-03T08:45:40","guid":{"rendered":"https:\/\/www.rekvi.ee\/toode\/piparmundi-eeterlik-oli-aroma-kraina-10-ml\/"},"modified":"2024-04-03T11:45:40","modified_gmt":"2024-04-03T08:45:40","slug":"piparmundi-eeterlik-oli-aroma-kraina-10-ml","status":"publish","type":"product","link":"https:\/\/www.rekvi.ee\/fi\/toode\/piparmundi-eeterlik-oli-aroma-kraina-10-ml\/","title":{"rendered":"Piparminttu eteerinen \u00f6ljy Aroma Crane 10 ml"},"content":{"rendered":"","protected":false},"excerpt":{"rendered":"<p><strong>K\u00e4ytt\u00f6: <\/strong>Minttu eteerinen \u00f6ljy. Tuoksulamppu: 3-7 tippaa 15 m2 kohti. Kylvyt: 4-7 tippaa (sekoita emulgaattorin kanssa: 100-200 g suolaa). Hieronta: 3-7 tippaa 15 g kant\u00f6ljy\u00e4 kohti. Kosmetiikan rikastaminen: 1-5 tippaa 10 grammaa pohjaa kohti.<\/p>\n<p><strong>Koostumus:<\/strong> Minttu eteerinen \u00f6ljy.<\/p>\n<div>\n<p>Minttu eteerinen \u00f6ljy on hienostuneen raikkaalla tuoksulla. Kosmetologiassa sit\u00e4 k\u00e4ytet\u00e4\u00e4n rasvaiselle ja kuivalle iholle. S\u00e4\u00e4telee ihon veden ja rasvan tasapainoa, raikastaa ja hoitaa erilaisten \u00e4rsytysten ja punoitusten vaurioittamaa ihoa. Helpottaa hy\u00f6nteisten puremista aiheutuvan kutinan lievitt\u00e4mist\u00e4. Tehokas flunssan, bronkiitin ehk\u00e4isyyn ja immuunij\u00e4rjestelm\u00e4n vahvistamiseen.<\/p>\n<\/div>\n","protected":false},"featured_media":53178,"template":"","meta":[],"product_cat":[2603,2754,2769],"product_tag":[],"yoast_head":"<!-- This site is optimized with the Yoast SEO plugin v19.5.1 - https:\/\/yoast.com\/wordpress\/plugins\/seo\/ -->\n<title>Piparminttu eteerinen \u00f6ljy Aroma Crane 10 ml &ndash; REKVI<\/title>\n<meta name=\"description\" content=\"\u0417\u0430\u043a\u0430\u0437\u0430\u0442\u044c \u00abPiparminttu eteerinen \u00f6ljy Aroma Crane 10 ml\u00bb \u0432 \u0438\u043d\u0442\u0435\u0440\u043d\u0435\u0442-\u043c\u0430\u0433\u0430\u0437\u0438\u043d\u0435 REKVI \u0441 \u0434\u043e\u0441\u0442\u0430\u0432\u043a\u043e\u0439 \u043f\u043e \u042d\u0441\u0442\u043e\u043d\u0438\u0438. \u260e +3726363659\" \/>\n<meta name=\"robots\" content=\"index, follow, max-snippet:-1, max-image-preview:large, max-video-preview:-1\" \/>\n<link rel=\"canonical\" href=\"https:\/\/www.rekvi.ee\/fi\/toode\/piparmundi-eeterlik-oli-aroma-kraina-10-ml\/\" \/>\n<meta property=\"og:locale\" content=\"fi_FI\" \/>\n<meta property=\"og:type\" content=\"article\" \/>\n<meta property=\"og:title\" content=\"Piparminttu eteerinen \u00f6ljy Aroma Crane 10 ml &ndash; REKVI\" \/>\n<meta property=\"og:description\" content=\"\u0417\u0430\u043a\u0430\u0437\u0430\u0442\u044c \u00abPiparminttu eteerinen \u00f6ljy Aroma Crane 10 ml\u00bb \u0432 \u0438\u043d\u0442\u0435\u0440\u043d\u0435\u0442-\u043c\u0430\u0433\u0430\u0437\u0438\u043d\u0435 REKVI \u0441 \u0434\u043e\u0441\u0442\u0430\u0432\u043a\u043e\u0439 \u043f\u043e \u042d\u0441\u0442\u043e\u043d\u0438\u0438. \u260e +3726363659\" \/>\n<meta property=\"og:url\" content=\"https:\/\/www.rekvi.ee\/fi\/toode\/piparmundi-eeterlik-oli-aroma-kraina-10-ml\/\" \/>\n<meta property=\"og:site_name\" content=\"REKVI\" \/>\n<meta property=\"article:publisher\" content=\"https:\/\/www.facebook.com\/Rekvi.ee\" \/>\n<meta name=\"twitter:card\" content=\"summary_large_image\" \/>\n<script type=\"application\/ld+json\" class=\"yoast-schema-graph\">{\"@context\":\"https:\/\/schema.org\",\"@graph\":[{\"@type\":\"WebPage\",\"@id\":\"https:\/\/www.rekvi.ee\/fi\/toode\/piparmundi-eeterlik-oli-aroma-kraina-10-ml\/\",\"url\":\"https:\/\/www.rekvi.ee\/fi\/toode\/piparmundi-eeterlik-oli-aroma-kraina-10-ml\/\",\"name\":\"Piparminttu eteerinen \u00f6ljy Aroma Crane 10 ml &ndash; REKVI\",\"isPartOf\":{\"@id\":\"https:\/\/www.rekvi.ee\/#website\"},\"datePublished\":\"2024-04-03T08:45:40+00:00\",\"dateModified\":\"2024-04-03T08:45:40+00:00\",\"description\":\"\u0417\u0430\u043a\u0430\u0437\u0430\u0442\u044c \u00abPiparminttu eteerinen \u00f6ljy Aroma Crane 10 ml\u00bb \u0432 \u0438\u043d\u0442\u0435\u0440\u043d\u0435\u0442-\u043c\u0430\u0433\u0430\u0437\u0438\u043d\u0435 REKVI \u0441 \u0434\u043e\u0441\u0442\u0430\u0432\u043a\u043e\u0439 \u043f\u043e \u042d\u0441\u0442\u043e\u043d\u0438\u0438. \u260e +3726363659\",\"breadcrumb\":{\"@id\":\"https:\/\/www.rekvi.ee\/fi\/toode\/piparmundi-eeterlik-oli-aroma-kraina-10-ml\/#breadcrumb\"},\"inLanguage\":\"fi\",\"potentialAction\":[{\"@type\":\"ReadAction\",\"target\":[\"https:\/\/www.rekvi.ee\/fi\/toode\/piparmundi-eeterlik-oli-aroma-kraina-10-ml\/\"]}]},{\"@type\":\"BreadcrumbList\",\"@id\":\"https:\/\/www.rekvi.ee\/fi\/toode\/piparmundi-eeterlik-oli-aroma-kraina-10-ml\/#breadcrumb\",\"itemListElement\":[{\"@type\":\"ListItem\",\"position\":1,\"name\":\"Shop\",\"item\":\"https:\/\/www.rekvi.ee\/en\/e-shop\/\"},{\"@type\":\"ListItem\",\"position\":2,\"name\":\"Piparminttu eteerinen \u00f6ljy Aroma Crane 10 ml\"}]},{\"@type\":\"WebSite\",\"@id\":\"https:\/\/www.rekvi.ee\/#website\",\"url\":\"https:\/\/www.rekvi.ee\/\",\"name\":\"REKVI\",\"description\":\"Tere tulemast kosmeetika maailma!\",\"potentialAction\":[{\"@type\":\"SearchAction\",\"target\":{\"@type\":\"EntryPoint\",\"urlTemplate\":\"https:\/\/www.rekvi.ee\/?s={search_term_string}\"},\"query-input\":\"required name=search_term_string\"}],\"inLanguage\":\"fi\"}]}<\/script>\n<!-- \/ Yoast SEO plugin. -->","yoast_head_json":{"title":"Piparminttu eteerinen \u00f6ljy Aroma Crane 10 ml &ndash; REKVI","description":"\u0417\u0430\u043a\u0430\u0437\u0430\u0442\u044c \u00abPiparminttu eteerinen \u00f6ljy Aroma Crane 10 ml\u00bb \u0432 \u0438\u043d\u0442\u0435\u0440\u043d\u0435\u0442-\u043c\u0430\u0433\u0430\u0437\u0438\u043d\u0435 REKVI \u0441 \u0434\u043e\u0441\u0442\u0430\u0432\u043a\u043e\u0439 \u043f\u043e \u042d\u0441\u0442\u043e\u043d\u0438\u0438. \u260e +3726363659","robots":{"index":"index","follow":"follow","max-snippet":"max-snippet:-1","max-image-preview":"max-image-preview:large","max-video-preview":"max-video-preview:-1"},"canonical":"https:\/\/www.rekvi.ee\/fi\/toode\/piparmundi-eeterlik-oli-aroma-kraina-10-ml\/","og_locale":"fi_FI","og_type":"article","og_title":"Piparminttu eteerinen \u00f6ljy Aroma Crane 10 ml &ndash; REKVI","og_description":"\u0417\u0430\u043a\u0430\u0437\u0430\u0442\u044c \u00abPiparminttu eteerinen \u00f6ljy Aroma Crane 10 ml\u00bb \u0432 \u0438\u043d\u0442\u0435\u0440\u043d\u0435\u0442-\u043c\u0430\u0433\u0430\u0437\u0438\u043d\u0435 REKVI \u0441 \u0434\u043e\u0441\u0442\u0430\u0432\u043a\u043e\u0439 \u043f\u043e \u042d\u0441\u0442\u043e\u043d\u0438\u0438. \u260e +3726363659","og_url":"https:\/\/www.rekvi.ee\/fi\/toode\/piparmundi-eeterlik-oli-aroma-kraina-10-ml\/","og_site_name":"REKVI","article_publisher":"https:\/\/www.facebook.com\/Rekvi.ee","twitter_card":"summary_large_image","schema":{"@context":"https:\/\/schema.org","@graph":[{"@type":"WebPage","@id":"https:\/\/www.rekvi.ee\/fi\/toode\/piparmundi-eeterlik-oli-aroma-kraina-10-ml\/","url":"https:\/\/www.rekvi.ee\/fi\/toode\/piparmundi-eeterlik-oli-aroma-kraina-10-ml\/","name":"Piparminttu eteerinen \u00f6ljy Aroma Crane 10 ml &ndash; REKVI","isPartOf":{"@id":"https:\/\/www.rekvi.ee\/#website"},"datePublished":"2024-04-03T08:45:40+00:00","dateModified":"2024-04-03T08:45:40+00:00","description":"\u0417\u0430\u043a\u0430\u0437\u0430\u0442\u044c \u00abPiparminttu eteerinen \u00f6ljy Aroma Crane 10 ml\u00bb \u0432 \u0438\u043d\u0442\u0435\u0440\u043d\u0435\u0442-\u043c\u0430\u0433\u0430\u0437\u0438\u043d\u0435 REKVI \u0441 \u0434\u043e\u0441\u0442\u0430\u0432\u043a\u043e\u0439 \u043f\u043e \u042d\u0441\u0442\u043e\u043d\u0438\u0438. \u260e +3726363659","breadcrumb":{"@id":"https:\/\/www.rekvi.ee\/fi\/toode\/piparmundi-eeterlik-oli-aroma-kraina-10-ml\/#breadcrumb"},"inLanguage":"fi","potentialAction":[{"@type":"ReadAction","target":["https:\/\/www.rekvi.ee\/fi\/toode\/piparmundi-eeterlik-oli-aroma-kraina-10-ml\/"]}]},{"@type":"BreadcrumbList","@id":"https:\/\/www.rekvi.ee\/fi\/toode\/piparmundi-eeterlik-oli-aroma-kraina-10-ml\/#breadcrumb","itemListElement":[{"@type":"ListItem","position":1,"name":"Shop","item":"https:\/\/www.rekvi.ee\/en\/e-shop\/"},{"@type":"ListItem","position":2,"name":"Piparminttu eteerinen \u00f6ljy Aroma Crane 10 ml"}]},{"@type":"WebSite","@id":"https:\/\/www.rekvi.ee\/#website","url":"https:\/\/www.rekvi.ee\/","name":"REKVI","description":"Tere tulemast kosmeetika maailma!","potentialAction":[{"@type":"SearchAction","target":{"@type":"EntryPoint","urlTemplate":"https:\/\/www.rekvi.ee\/?s={search_term_string}"},"query-input":"required name=search_term_string"}],"inLanguage":"fi"}]}},"_links":{"self":[{"href":"https:\/\/www.rekvi.ee\/fi\/wp-json\/wp\/v2\/product\/69812"}],"collection":[{"href":"https:\/\/www.rekvi.ee\/fi\/wp-json\/wp\/v2\/product"}],"about":[{"href":"https:\/\/www.rekvi.ee\/fi\/wp-json\/wp\/v2\/types\/product"}],"wp:featuredmedia":[{"embeddable":true,"href":"https:\/\/www.rekvi.ee\/fi\/wp-json\/wp\/v2\/media\/53178"}],"wp:attachment":[{"href":"https:\/\/www.rekvi.ee\/fi\/wp-json\/wp\/v2\/media?parent=69812"}],"wp:term":[{"taxonomy":"product_cat","embeddable":true,"href":"https:\/\/www.rekvi.ee\/fi\/wp-json\/wp\/v2\/product_cat?post=69812"},{"taxonomy":"product_tag","embeddable":true,"href":"https:\/\/www.rekvi.ee\/fi\/wp-json\/wp\/v2\/product_tag?post=69812"}],"curies":[{"name":"wp","href":"https:\/\/api.w.org\/{rel}","templated":true}]}}