{"id":69823,"date":"2024-04-04T12:22:55","date_gmt":"2024-04-04T09:22:55","guid":{"rendered":"https:\/\/www.rekvi.ee\/toode\/apelsiin-eeterlik-oli-aroma-kraina-10-ml\/"},"modified":"2024-04-04T12:22:55","modified_gmt":"2024-04-04T09:22:55","slug":"apelsiin-eeterlik-oli-aroma-kraina-10-ml","status":"publish","type":"product","link":"https:\/\/www.rekvi.ee\/fi\/toode\/apelsiin-eeterlik-oli-aroma-kraina-10-ml\/","title":{"rendered":"Appelsiinin eteerinen \u00f6ljy \u201dAroma of the crater\u201d 10 ml"},"content":{"rendered":"","protected":false},"excerpt":{"rendered":"<p>Sopii k\u00e4ytett\u00e4v\u00e4ksi my\u00f6s kylvyss\u00e4, inhalaatioissa, hieronnassa, ja lis\u00e4ksi voit lis\u00e4t\u00e4 appelsiinieteerist\u00e4 \u00f6ljy\u00e4 hajuttomiin vartalovoiteisiin, \u00f6ljyihin ja shampoisiin miellytt\u00e4v\u00e4n tuoksun saavuttamiseksi.<\/p>\n<p>Kuvaus: makea, raikas, mehukas, sitruksinen.<\/p>\n<hr \/>\n<p>Makea appelsiini eteerinen \u00f6ljy vaikuttaa pirist\u00e4v\u00e4sti ja auttaa tehokkaasti hermostopaineen ja masennuksen lievitt\u00e4misess\u00e4. Aamulla sumuta sit\u00e4 yhdess\u00e4 tuoksudiffuusorin kanssa ilmaan, ja appelsiinin eteerinen \u00f6ljy antaa sinulle energiaa koko p\u00e4iv\u00e4ksi. Samalla se auttaa laskemaan pulssia ja rauhoittaa mielt\u00e4.<\/p>\n<p>Kylpyhuone: T\u00e4ytettyyn kylpyyn (37-38\u00b0C) lis\u00e4\u00e4 7-10 tippaa appelsiini\u00f6ljy\u00e4, joka on aiemmin sekoitettu emulgaattorin kanssa (100-200 g merisuolaa, ruokasuolaa, kylpyvaahtoa jne).<br \/>\nHuoneiden aromatisointi: 7-8 tippaa.<br \/>\nKosmetiikan rikastaminen: 2-5 tippaa 10 g pohjaa kohti (voide, shampoo jne).<\/p>\n","protected":false},"featured_media":53247,"template":"","meta":[],"product_cat":[2603,2754,2769],"product_tag":[],"yoast_head":"<!-- This site is optimized with the Yoast SEO plugin v19.5.1 - https:\/\/yoast.com\/wordpress\/plugins\/seo\/ -->\n<title>Appelsiinin eteerinen \u00f6ljy \u201dAroma of the crater\u201d 10 ml &ndash; REKVI<\/title>\n<meta name=\"description\" content=\"\u0417\u0430\u043a\u0430\u0437\u0430\u0442\u044c \u00abAppelsiinin eteerinen \u00f6ljy \u201dAroma of the crater\u201d 10 ml\u00bb \u0432 \u0438\u043d\u0442\u0435\u0440\u043d\u0435\u0442-\u043c\u0430\u0433\u0430\u0437\u0438\u043d\u0435 REKVI \u0441 \u0434\u043e\u0441\u0442\u0430\u0432\u043a\u043e\u0439 \u043f\u043e \u042d\u0441\u0442\u043e\u043d\u0438\u0438. \u260e +3726363659\" \/>\n<meta name=\"robots\" content=\"index, follow, max-snippet:-1, max-image-preview:large, max-video-preview:-1\" \/>\n<link rel=\"canonical\" href=\"https:\/\/www.rekvi.ee\/fi\/toode\/apelsiin-eeterlik-oli-aroma-kraina-10-ml\/\" \/>\n<meta property=\"og:locale\" content=\"fi_FI\" \/>\n<meta property=\"og:type\" content=\"article\" \/>\n<meta property=\"og:title\" content=\"Appelsiinin eteerinen \u00f6ljy \u201dAroma of the crater\u201d 10 ml &ndash; REKVI\" \/>\n<meta property=\"og:description\" content=\"\u0417\u0430\u043a\u0430\u0437\u0430\u0442\u044c \u00abAppelsiinin eteerinen \u00f6ljy \u201dAroma of the crater\u201d 10 ml\u00bb \u0432 \u0438\u043d\u0442\u0435\u0440\u043d\u0435\u0442-\u043c\u0430\u0433\u0430\u0437\u0438\u043d\u0435 REKVI \u0441 \u0434\u043e\u0441\u0442\u0430\u0432\u043a\u043e\u0439 \u043f\u043e \u042d\u0441\u0442\u043e\u043d\u0438\u0438. \u260e +3726363659\" \/>\n<meta property=\"og:url\" content=\"https:\/\/www.rekvi.ee\/fi\/toode\/apelsiin-eeterlik-oli-aroma-kraina-10-ml\/\" \/>\n<meta property=\"og:site_name\" content=\"REKVI\" \/>\n<meta property=\"article:publisher\" content=\"https:\/\/www.facebook.com\/Rekvi.ee\" \/>\n<meta name=\"twitter:card\" content=\"summary_large_image\" \/>\n<script type=\"application\/ld+json\" class=\"yoast-schema-graph\">{\"@context\":\"https:\/\/schema.org\",\"@graph\":[{\"@type\":\"WebPage\",\"@id\":\"https:\/\/www.rekvi.ee\/fi\/toode\/apelsiin-eeterlik-oli-aroma-kraina-10-ml\/\",\"url\":\"https:\/\/www.rekvi.ee\/fi\/toode\/apelsiin-eeterlik-oli-aroma-kraina-10-ml\/\",\"name\":\"Appelsiinin eteerinen \u00f6ljy \u201dAroma of the crater\u201d 10 ml &ndash; REKVI\",\"isPartOf\":{\"@id\":\"https:\/\/www.rekvi.ee\/#website\"},\"datePublished\":\"2024-04-04T09:22:55+00:00\",\"dateModified\":\"2024-04-04T09:22:55+00:00\",\"description\":\"\u0417\u0430\u043a\u0430\u0437\u0430\u0442\u044c \u00abAppelsiinin eteerinen \u00f6ljy \u201dAroma of the crater\u201d 10 ml\u00bb \u0432 \u0438\u043d\u0442\u0435\u0440\u043d\u0435\u0442-\u043c\u0430\u0433\u0430\u0437\u0438\u043d\u0435 REKVI \u0441 \u0434\u043e\u0441\u0442\u0430\u0432\u043a\u043e\u0439 \u043f\u043e \u042d\u0441\u0442\u043e\u043d\u0438\u0438. \u260e +3726363659\",\"breadcrumb\":{\"@id\":\"https:\/\/www.rekvi.ee\/fi\/toode\/apelsiin-eeterlik-oli-aroma-kraina-10-ml\/#breadcrumb\"},\"inLanguage\":\"fi\",\"potentialAction\":[{\"@type\":\"ReadAction\",\"target\":[\"https:\/\/www.rekvi.ee\/fi\/toode\/apelsiin-eeterlik-oli-aroma-kraina-10-ml\/\"]}]},{\"@type\":\"BreadcrumbList\",\"@id\":\"https:\/\/www.rekvi.ee\/fi\/toode\/apelsiin-eeterlik-oli-aroma-kraina-10-ml\/#breadcrumb\",\"itemListElement\":[{\"@type\":\"ListItem\",\"position\":1,\"name\":\"Shop\",\"item\":\"https:\/\/www.rekvi.ee\/en\/e-shop\/\"},{\"@type\":\"ListItem\",\"position\":2,\"name\":\"Appelsiinin eteerinen \u00f6ljy \u201dAroma of the crater\u201d 10 ml\"}]},{\"@type\":\"WebSite\",\"@id\":\"https:\/\/www.rekvi.ee\/#website\",\"url\":\"https:\/\/www.rekvi.ee\/\",\"name\":\"REKVI\",\"description\":\"Tere tulemast kosmeetika maailma!\",\"potentialAction\":[{\"@type\":\"SearchAction\",\"target\":{\"@type\":\"EntryPoint\",\"urlTemplate\":\"https:\/\/www.rekvi.ee\/?s={search_term_string}\"},\"query-input\":\"required name=search_term_string\"}],\"inLanguage\":\"fi\"}]}<\/script>\n<!-- \/ Yoast SEO plugin. -->","yoast_head_json":{"title":"Appelsiinin eteerinen \u00f6ljy \u201dAroma of the crater\u201d 10 ml &ndash; REKVI","description":"\u0417\u0430\u043a\u0430\u0437\u0430\u0442\u044c \u00abAppelsiinin eteerinen \u00f6ljy \u201dAroma of the crater\u201d 10 ml\u00bb \u0432 \u0438\u043d\u0442\u0435\u0440\u043d\u0435\u0442-\u043c\u0430\u0433\u0430\u0437\u0438\u043d\u0435 REKVI \u0441 \u0434\u043e\u0441\u0442\u0430\u0432\u043a\u043e\u0439 \u043f\u043e \u042d\u0441\u0442\u043e\u043d\u0438\u0438. \u260e +3726363659","robots":{"index":"index","follow":"follow","max-snippet":"max-snippet:-1","max-image-preview":"max-image-preview:large","max-video-preview":"max-video-preview:-1"},"canonical":"https:\/\/www.rekvi.ee\/fi\/toode\/apelsiin-eeterlik-oli-aroma-kraina-10-ml\/","og_locale":"fi_FI","og_type":"article","og_title":"Appelsiinin eteerinen \u00f6ljy \u201dAroma of the crater\u201d 10 ml &ndash; REKVI","og_description":"\u0417\u0430\u043a\u0430\u0437\u0430\u0442\u044c \u00abAppelsiinin eteerinen \u00f6ljy \u201dAroma of the crater\u201d 10 ml\u00bb \u0432 \u0438\u043d\u0442\u0435\u0440\u043d\u0435\u0442-\u043c\u0430\u0433\u0430\u0437\u0438\u043d\u0435 REKVI \u0441 \u0434\u043e\u0441\u0442\u0430\u0432\u043a\u043e\u0439 \u043f\u043e \u042d\u0441\u0442\u043e\u043d\u0438\u0438. \u260e +3726363659","og_url":"https:\/\/www.rekvi.ee\/fi\/toode\/apelsiin-eeterlik-oli-aroma-kraina-10-ml\/","og_site_name":"REKVI","article_publisher":"https:\/\/www.facebook.com\/Rekvi.ee","twitter_card":"summary_large_image","schema":{"@context":"https:\/\/schema.org","@graph":[{"@type":"WebPage","@id":"https:\/\/www.rekvi.ee\/fi\/toode\/apelsiin-eeterlik-oli-aroma-kraina-10-ml\/","url":"https:\/\/www.rekvi.ee\/fi\/toode\/apelsiin-eeterlik-oli-aroma-kraina-10-ml\/","name":"Appelsiinin eteerinen \u00f6ljy \u201dAroma of the crater\u201d 10 ml &ndash; REKVI","isPartOf":{"@id":"https:\/\/www.rekvi.ee\/#website"},"datePublished":"2024-04-04T09:22:55+00:00","dateModified":"2024-04-04T09:22:55+00:00","description":"\u0417\u0430\u043a\u0430\u0437\u0430\u0442\u044c \u00abAppelsiinin eteerinen \u00f6ljy \u201dAroma of the crater\u201d 10 ml\u00bb \u0432 \u0438\u043d\u0442\u0435\u0440\u043d\u0435\u0442-\u043c\u0430\u0433\u0430\u0437\u0438\u043d\u0435 REKVI \u0441 \u0434\u043e\u0441\u0442\u0430\u0432\u043a\u043e\u0439 \u043f\u043e \u042d\u0441\u0442\u043e\u043d\u0438\u0438. \u260e +3726363659","breadcrumb":{"@id":"https:\/\/www.rekvi.ee\/fi\/toode\/apelsiin-eeterlik-oli-aroma-kraina-10-ml\/#breadcrumb"},"inLanguage":"fi","potentialAction":[{"@type":"ReadAction","target":["https:\/\/www.rekvi.ee\/fi\/toode\/apelsiin-eeterlik-oli-aroma-kraina-10-ml\/"]}]},{"@type":"BreadcrumbList","@id":"https:\/\/www.rekvi.ee\/fi\/toode\/apelsiin-eeterlik-oli-aroma-kraina-10-ml\/#breadcrumb","itemListElement":[{"@type":"ListItem","position":1,"name":"Shop","item":"https:\/\/www.rekvi.ee\/en\/e-shop\/"},{"@type":"ListItem","position":2,"name":"Appelsiinin eteerinen \u00f6ljy \u201dAroma of the crater\u201d 10 ml"}]},{"@type":"WebSite","@id":"https:\/\/www.rekvi.ee\/#website","url":"https:\/\/www.rekvi.ee\/","name":"REKVI","description":"Tere tulemast kosmeetika maailma!","potentialAction":[{"@type":"SearchAction","target":{"@type":"EntryPoint","urlTemplate":"https:\/\/www.rekvi.ee\/?s={search_term_string}"},"query-input":"required name=search_term_string"}],"inLanguage":"fi"}]}},"_links":{"self":[{"href":"https:\/\/www.rekvi.ee\/fi\/wp-json\/wp\/v2\/product\/69823"}],"collection":[{"href":"https:\/\/www.rekvi.ee\/fi\/wp-json\/wp\/v2\/product"}],"about":[{"href":"https:\/\/www.rekvi.ee\/fi\/wp-json\/wp\/v2\/types\/product"}],"wp:featuredmedia":[{"embeddable":true,"href":"https:\/\/www.rekvi.ee\/fi\/wp-json\/wp\/v2\/media\/53247"}],"wp:attachment":[{"href":"https:\/\/www.rekvi.ee\/fi\/wp-json\/wp\/v2\/media?parent=69823"}],"wp:term":[{"taxonomy":"product_cat","embeddable":true,"href":"https:\/\/www.rekvi.ee\/fi\/wp-json\/wp\/v2\/product_cat?post=69823"},{"taxonomy":"product_tag","embeddable":true,"href":"https:\/\/www.rekvi.ee\/fi\/wp-json\/wp\/v2\/product_tag?post=69823"}],"curies":[{"name":"wp","href":"https:\/\/api.w.org\/{rel}","templated":true}]}}