{"id":69825,"date":"2024-04-04T14:17:18","date_gmt":"2024-04-04T11:17:18","guid":{"rendered":"https:\/\/www.rekvi.ee\/toode\/bergamot-eeterlik-oli-aroma-kraina-10-ml\/"},"modified":"2024-04-04T14:17:18","modified_gmt":"2024-04-04T11:17:18","slug":"bergamot-eeterlik-oli-aroma-kraina-10-ml","status":"publish","type":"product","link":"https:\/\/www.rekvi.ee\/fi\/toode\/bergamot-eeterlik-oli-aroma-kraina-10-ml\/","title":{"rendered":"Bergamotti eteerinen \u00f6ljy \u201dAroma of the crater\u201d 10 ml"},"content":{"rendered":"","protected":false},"excerpt":{"rendered":"<p>Kuvaus: runsas, makea, hedelm\u00e4inen, sitruksinen, raikas.<\/p>\n<hr \/>\n<p>K\u00e4ytt\u00f6: voi k\u00e4ytt\u00e4\u00e4 kylvyss\u00e4, tuoksulampussa, inhalaatioissa, saunassa, hieronnassa.<\/p>\n<p>Bergamot eteerinen \u00f6ljy <strong>vaikuttaa pirist\u00e4v\u00e4sti<\/strong>, antaa uutta energiaa ja lievitt\u00e4\u00e4 negatiivisia ajatuksia. Sumuta sit\u00e4 ilmaan pitk\u00e4n ty\u00f6p\u00e4iv\u00e4n j\u00e4lkeen tai ennen vieraiden vastaanottamista. Se tuo my\u00f6s bergamot <strong>selkeytt\u00e4 ajatuksiin ja uutta henkist\u00e4 voimaa,<\/strong> joten se on erityisen hy\u00f6dyllinen monimutkaisen projektin tai kouluteht\u00e4v\u00e4n aikana.<\/p>\n<p>Bergamot eteerinen \u00f6ljy helpottaa vilustumisen oireita, stimuloimaan verenkiertoa, lis\u00e4\u00e4 ruokahalua, auttaa ihon ongelmissa. K\u00e4ytet\u00e4\u00e4n usein saippuoissa, voiteissa ja shampoissa. Lis\u00e4\u00e4 muutama tippa hajuttomaan shampooni \u2013 se rauhoittaa p\u00e4\u00e4nahkaa, edist\u00e4\u00e4 hiusten kasvua ja lis\u00e4\u00e4 kiiltoa.<\/p>\n<p><strong>K\u00e4ytt\u00f6:<\/strong><\/p>\n<p>Huoneen aromatisointi: 3-7 tippaa eteerist\u00e4 \u00f6ljy\u00e4 15 neli\u00f6metri\u00e4 kohti. Lis\u00e4\u00e4 tuoksulamppuun.<\/p>\n<p>Kylvyt: 4-7 tippaa sekoitettuna emulgaattoriin: 100-200 g suolaa.<\/p>\n<p>Kosmetiikan rikastaminen: 1-5 tippaa 10 g pohjaa kohti.<\/p>\n","protected":false},"featured_media":53269,"template":"","meta":[],"product_cat":[2603,2754,2769],"product_tag":[],"yoast_head":"<!-- This site is optimized with the Yoast SEO plugin v19.5.1 - https:\/\/yoast.com\/wordpress\/plugins\/seo\/ -->\n<title>Bergamotti eteerinen \u00f6ljy \u201dAroma of the crater\u201d 10 ml &ndash; REKVI<\/title>\n<meta name=\"description\" content=\"\u0417\u0430\u043a\u0430\u0437\u0430\u0442\u044c \u00abBergamotti eteerinen \u00f6ljy \u201dAroma of the crater\u201d 10 ml\u00bb \u0432 \u0438\u043d\u0442\u0435\u0440\u043d\u0435\u0442-\u043c\u0430\u0433\u0430\u0437\u0438\u043d\u0435 REKVI \u0441 \u0434\u043e\u0441\u0442\u0430\u0432\u043a\u043e\u0439 \u043f\u043e \u042d\u0441\u0442\u043e\u043d\u0438\u0438. \u260e +3726363659\" \/>\n<meta name=\"robots\" content=\"index, follow, max-snippet:-1, max-image-preview:large, max-video-preview:-1\" \/>\n<link rel=\"canonical\" href=\"https:\/\/www.rekvi.ee\/fi\/toode\/bergamot-eeterlik-oli-aroma-kraina-10-ml\/\" \/>\n<meta property=\"og:locale\" content=\"fi_FI\" \/>\n<meta property=\"og:type\" content=\"article\" \/>\n<meta property=\"og:title\" content=\"Bergamotti eteerinen \u00f6ljy \u201dAroma of the crater\u201d 10 ml &ndash; REKVI\" \/>\n<meta property=\"og:description\" content=\"\u0417\u0430\u043a\u0430\u0437\u0430\u0442\u044c \u00abBergamotti eteerinen \u00f6ljy \u201dAroma of the crater\u201d 10 ml\u00bb \u0432 \u0438\u043d\u0442\u0435\u0440\u043d\u0435\u0442-\u043c\u0430\u0433\u0430\u0437\u0438\u043d\u0435 REKVI \u0441 \u0434\u043e\u0441\u0442\u0430\u0432\u043a\u043e\u0439 \u043f\u043e \u042d\u0441\u0442\u043e\u043d\u0438\u0438. \u260e +3726363659\" \/>\n<meta property=\"og:url\" content=\"https:\/\/www.rekvi.ee\/fi\/toode\/bergamot-eeterlik-oli-aroma-kraina-10-ml\/\" \/>\n<meta property=\"og:site_name\" content=\"REKVI\" \/>\n<meta property=\"article:publisher\" content=\"https:\/\/www.facebook.com\/Rekvi.ee\" \/>\n<meta name=\"twitter:card\" content=\"summary_large_image\" \/>\n<script type=\"application\/ld+json\" class=\"yoast-schema-graph\">{\"@context\":\"https:\/\/schema.org\",\"@graph\":[{\"@type\":\"WebPage\",\"@id\":\"https:\/\/www.rekvi.ee\/fi\/toode\/bergamot-eeterlik-oli-aroma-kraina-10-ml\/\",\"url\":\"https:\/\/www.rekvi.ee\/fi\/toode\/bergamot-eeterlik-oli-aroma-kraina-10-ml\/\",\"name\":\"Bergamotti eteerinen \u00f6ljy \u201dAroma of the crater\u201d 10 ml &ndash; REKVI\",\"isPartOf\":{\"@id\":\"https:\/\/www.rekvi.ee\/#website\"},\"datePublished\":\"2024-04-04T11:17:18+00:00\",\"dateModified\":\"2024-04-04T11:17:18+00:00\",\"description\":\"\u0417\u0430\u043a\u0430\u0437\u0430\u0442\u044c \u00abBergamotti eteerinen \u00f6ljy \u201dAroma of the crater\u201d 10 ml\u00bb \u0432 \u0438\u043d\u0442\u0435\u0440\u043d\u0435\u0442-\u043c\u0430\u0433\u0430\u0437\u0438\u043d\u0435 REKVI \u0441 \u0434\u043e\u0441\u0442\u0430\u0432\u043a\u043e\u0439 \u043f\u043e \u042d\u0441\u0442\u043e\u043d\u0438\u0438. \u260e +3726363659\",\"breadcrumb\":{\"@id\":\"https:\/\/www.rekvi.ee\/fi\/toode\/bergamot-eeterlik-oli-aroma-kraina-10-ml\/#breadcrumb\"},\"inLanguage\":\"fi\",\"potentialAction\":[{\"@type\":\"ReadAction\",\"target\":[\"https:\/\/www.rekvi.ee\/fi\/toode\/bergamot-eeterlik-oli-aroma-kraina-10-ml\/\"]}]},{\"@type\":\"BreadcrumbList\",\"@id\":\"https:\/\/www.rekvi.ee\/fi\/toode\/bergamot-eeterlik-oli-aroma-kraina-10-ml\/#breadcrumb\",\"itemListElement\":[{\"@type\":\"ListItem\",\"position\":1,\"name\":\"Shop\",\"item\":\"https:\/\/www.rekvi.ee\/en\/e-shop\/\"},{\"@type\":\"ListItem\",\"position\":2,\"name\":\"Bergamotti eteerinen \u00f6ljy \u201dAroma of the crater\u201d 10 ml\"}]},{\"@type\":\"WebSite\",\"@id\":\"https:\/\/www.rekvi.ee\/#website\",\"url\":\"https:\/\/www.rekvi.ee\/\",\"name\":\"REKVI\",\"description\":\"Tere tulemast kosmeetika maailma!\",\"potentialAction\":[{\"@type\":\"SearchAction\",\"target\":{\"@type\":\"EntryPoint\",\"urlTemplate\":\"https:\/\/www.rekvi.ee\/?s={search_term_string}\"},\"query-input\":\"required name=search_term_string\"}],\"inLanguage\":\"fi\"}]}<\/script>\n<!-- \/ Yoast SEO plugin. -->","yoast_head_json":{"title":"Bergamotti eteerinen \u00f6ljy \u201dAroma of the crater\u201d 10 ml &ndash; REKVI","description":"\u0417\u0430\u043a\u0430\u0437\u0430\u0442\u044c \u00abBergamotti eteerinen \u00f6ljy \u201dAroma of the crater\u201d 10 ml\u00bb \u0432 \u0438\u043d\u0442\u0435\u0440\u043d\u0435\u0442-\u043c\u0430\u0433\u0430\u0437\u0438\u043d\u0435 REKVI \u0441 \u0434\u043e\u0441\u0442\u0430\u0432\u043a\u043e\u0439 \u043f\u043e \u042d\u0441\u0442\u043e\u043d\u0438\u0438. \u260e +3726363659","robots":{"index":"index","follow":"follow","max-snippet":"max-snippet:-1","max-image-preview":"max-image-preview:large","max-video-preview":"max-video-preview:-1"},"canonical":"https:\/\/www.rekvi.ee\/fi\/toode\/bergamot-eeterlik-oli-aroma-kraina-10-ml\/","og_locale":"fi_FI","og_type":"article","og_title":"Bergamotti eteerinen \u00f6ljy \u201dAroma of the crater\u201d 10 ml &ndash; REKVI","og_description":"\u0417\u0430\u043a\u0430\u0437\u0430\u0442\u044c \u00abBergamotti eteerinen \u00f6ljy \u201dAroma of the crater\u201d 10 ml\u00bb \u0432 \u0438\u043d\u0442\u0435\u0440\u043d\u0435\u0442-\u043c\u0430\u0433\u0430\u0437\u0438\u043d\u0435 REKVI \u0441 \u0434\u043e\u0441\u0442\u0430\u0432\u043a\u043e\u0439 \u043f\u043e \u042d\u0441\u0442\u043e\u043d\u0438\u0438. \u260e +3726363659","og_url":"https:\/\/www.rekvi.ee\/fi\/toode\/bergamot-eeterlik-oli-aroma-kraina-10-ml\/","og_site_name":"REKVI","article_publisher":"https:\/\/www.facebook.com\/Rekvi.ee","twitter_card":"summary_large_image","schema":{"@context":"https:\/\/schema.org","@graph":[{"@type":"WebPage","@id":"https:\/\/www.rekvi.ee\/fi\/toode\/bergamot-eeterlik-oli-aroma-kraina-10-ml\/","url":"https:\/\/www.rekvi.ee\/fi\/toode\/bergamot-eeterlik-oli-aroma-kraina-10-ml\/","name":"Bergamotti eteerinen \u00f6ljy \u201dAroma of the crater\u201d 10 ml &ndash; REKVI","isPartOf":{"@id":"https:\/\/www.rekvi.ee\/#website"},"datePublished":"2024-04-04T11:17:18+00:00","dateModified":"2024-04-04T11:17:18+00:00","description":"\u0417\u0430\u043a\u0430\u0437\u0430\u0442\u044c \u00abBergamotti eteerinen \u00f6ljy \u201dAroma of the crater\u201d 10 ml\u00bb \u0432 \u0438\u043d\u0442\u0435\u0440\u043d\u0435\u0442-\u043c\u0430\u0433\u0430\u0437\u0438\u043d\u0435 REKVI \u0441 \u0434\u043e\u0441\u0442\u0430\u0432\u043a\u043e\u0439 \u043f\u043e \u042d\u0441\u0442\u043e\u043d\u0438\u0438. \u260e +3726363659","breadcrumb":{"@id":"https:\/\/www.rekvi.ee\/fi\/toode\/bergamot-eeterlik-oli-aroma-kraina-10-ml\/#breadcrumb"},"inLanguage":"fi","potentialAction":[{"@type":"ReadAction","target":["https:\/\/www.rekvi.ee\/fi\/toode\/bergamot-eeterlik-oli-aroma-kraina-10-ml\/"]}]},{"@type":"BreadcrumbList","@id":"https:\/\/www.rekvi.ee\/fi\/toode\/bergamot-eeterlik-oli-aroma-kraina-10-ml\/#breadcrumb","itemListElement":[{"@type":"ListItem","position":1,"name":"Shop","item":"https:\/\/www.rekvi.ee\/en\/e-shop\/"},{"@type":"ListItem","position":2,"name":"Bergamotti eteerinen \u00f6ljy \u201dAroma of the crater\u201d 10 ml"}]},{"@type":"WebSite","@id":"https:\/\/www.rekvi.ee\/#website","url":"https:\/\/www.rekvi.ee\/","name":"REKVI","description":"Tere tulemast kosmeetika maailma!","potentialAction":[{"@type":"SearchAction","target":{"@type":"EntryPoint","urlTemplate":"https:\/\/www.rekvi.ee\/?s={search_term_string}"},"query-input":"required name=search_term_string"}],"inLanguage":"fi"}]}},"_links":{"self":[{"href":"https:\/\/www.rekvi.ee\/fi\/wp-json\/wp\/v2\/product\/69825"}],"collection":[{"href":"https:\/\/www.rekvi.ee\/fi\/wp-json\/wp\/v2\/product"}],"about":[{"href":"https:\/\/www.rekvi.ee\/fi\/wp-json\/wp\/v2\/types\/product"}],"wp:featuredmedia":[{"embeddable":true,"href":"https:\/\/www.rekvi.ee\/fi\/wp-json\/wp\/v2\/media\/53269"}],"wp:attachment":[{"href":"https:\/\/www.rekvi.ee\/fi\/wp-json\/wp\/v2\/media?parent=69825"}],"wp:term":[{"taxonomy":"product_cat","embeddable":true,"href":"https:\/\/www.rekvi.ee\/fi\/wp-json\/wp\/v2\/product_cat?post=69825"},{"taxonomy":"product_tag","embeddable":true,"href":"https:\/\/www.rekvi.ee\/fi\/wp-json\/wp\/v2\/product_tag?post=69825"}],"curies":[{"name":"wp","href":"https:\/\/api.w.org\/{rel}","templated":true}]}}