{"id":69847,"date":"2024-03-07T13:22:30","date_gmt":"2024-03-07T10:22:30","guid":{"rendered":"https:\/\/www.rekvi.ee\/toode\/huulepalsam-lasteleluxvisage-girl-kitty-3-9g\/"},"modified":"2024-03-07T13:22:30","modified_gmt":"2024-03-07T10:22:30","slug":"huulepalsam-lasteleluxvisage-girl-kitty-3-9g","status":"publish","type":"product","link":"https:\/\/www.rekvi.ee\/fi\/toode\/huulepalsam-lasteleluxvisage-girl-kitty-3-9g\/","title":{"rendered":"Huulirasva lapsille &#8220;LuxVisage&#8221;, Girl Kitty 3.9g"},"content":{"rendered":"","protected":false},"excerpt":{"rendered":"<p>Ominaisuudet:<\/p>\n<ul>\n<li>suojaa huulten ihoa,<\/li>\n<li>tuoksuu miellytt\u00e4v\u00e4lt\u00e4,<\/li>\n<li>palauttaa hetkess\u00e4 ja ravitsee huulia,<\/li>\n<li>tuote sopii p\u00e4ivitt\u00e4iseen hoitoon.<\/li>\n<\/ul>\n<p>K\u00e4ytt\u00f6: Levit\u00e4 kevyin py\u00f6rivin liikkein huulille.<\/p>\n","protected":false},"featured_media":0,"template":"","meta":[],"product_cat":[2606,2756,2759,2742],"product_tag":[],"yoast_head":"<!-- This site is optimized with the Yoast SEO plugin v19.5.1 - https:\/\/yoast.com\/wordpress\/plugins\/seo\/ -->\n<title>Huulirasva lapsille &quot;LuxVisage&quot;, Girl Kitty 3.9g &ndash; REKVI<\/title>\n<meta name=\"description\" content=\"\u0417\u0430\u043a\u0430\u0437\u0430\u0442\u044c \u00abHuulirasva lapsille &quot;LuxVisage&quot;, Girl Kitty 3.9g\u00bb \u0432 \u0438\u043d\u0442\u0435\u0440\u043d\u0435\u0442-\u043c\u0430\u0433\u0430\u0437\u0438\u043d\u0435 REKVI \u0441 \u0434\u043e\u0441\u0442\u0430\u0432\u043a\u043e\u0439 \u043f\u043e \u042d\u0441\u0442\u043e\u043d\u0438\u0438. \u260e +3726363659\" \/>\n<meta name=\"robots\" content=\"index, follow, max-snippet:-1, max-image-preview:large, max-video-preview:-1\" \/>\n<link rel=\"canonical\" href=\"https:\/\/www.rekvi.ee\/fi\/toode\/huulepalsam-lasteleluxvisage-girl-kitty-3-9g\/\" \/>\n<meta property=\"og:locale\" content=\"fi_FI\" \/>\n<meta property=\"og:type\" content=\"article\" \/>\n<meta property=\"og:title\" content=\"Huulirasva lapsille &quot;LuxVisage&quot;, Girl Kitty 3.9g &ndash; REKVI\" \/>\n<meta property=\"og:description\" content=\"\u0417\u0430\u043a\u0430\u0437\u0430\u0442\u044c \u00abHuulirasva lapsille &quot;LuxVisage&quot;, Girl Kitty 3.9g\u00bb \u0432 \u0438\u043d\u0442\u0435\u0440\u043d\u0435\u0442-\u043c\u0430\u0433\u0430\u0437\u0438\u043d\u0435 REKVI \u0441 \u0434\u043e\u0441\u0442\u0430\u0432\u043a\u043e\u0439 \u043f\u043e \u042d\u0441\u0442\u043e\u043d\u0438\u0438. \u260e +3726363659\" \/>\n<meta property=\"og:url\" content=\"https:\/\/www.rekvi.ee\/fi\/toode\/huulepalsam-lasteleluxvisage-girl-kitty-3-9g\/\" \/>\n<meta property=\"og:site_name\" content=\"REKVI\" \/>\n<meta property=\"article:publisher\" content=\"https:\/\/www.facebook.com\/Rekvi.ee\" \/>\n<meta name=\"twitter:card\" content=\"summary_large_image\" \/>\n<script type=\"application\/ld+json\" class=\"yoast-schema-graph\">{\"@context\":\"https:\/\/schema.org\",\"@graph\":[{\"@type\":\"WebPage\",\"@id\":\"https:\/\/www.rekvi.ee\/fi\/toode\/huulepalsam-lasteleluxvisage-girl-kitty-3-9g\/\",\"url\":\"https:\/\/www.rekvi.ee\/fi\/toode\/huulepalsam-lasteleluxvisage-girl-kitty-3-9g\/\",\"name\":\"Huulirasva lapsille \\\"LuxVisage\\\", Girl Kitty 3.9g &ndash; REKVI\",\"isPartOf\":{\"@id\":\"https:\/\/www.rekvi.ee\/#website\"},\"datePublished\":\"2024-03-07T10:22:30+00:00\",\"dateModified\":\"2024-03-07T10:22:30+00:00\",\"description\":\"\u0417\u0430\u043a\u0430\u0437\u0430\u0442\u044c \u00abHuulirasva lapsille \\\"LuxVisage\\\", Girl Kitty 3.9g\u00bb \u0432 \u0438\u043d\u0442\u0435\u0440\u043d\u0435\u0442-\u043c\u0430\u0433\u0430\u0437\u0438\u043d\u0435 REKVI \u0441 \u0434\u043e\u0441\u0442\u0430\u0432\u043a\u043e\u0439 \u043f\u043e \u042d\u0441\u0442\u043e\u043d\u0438\u0438. \u260e +3726363659\",\"breadcrumb\":{\"@id\":\"https:\/\/www.rekvi.ee\/fi\/toode\/huulepalsam-lasteleluxvisage-girl-kitty-3-9g\/#breadcrumb\"},\"inLanguage\":\"fi\",\"potentialAction\":[{\"@type\":\"ReadAction\",\"target\":[\"https:\/\/www.rekvi.ee\/fi\/toode\/huulepalsam-lasteleluxvisage-girl-kitty-3-9g\/\"]}]},{\"@type\":\"BreadcrumbList\",\"@id\":\"https:\/\/www.rekvi.ee\/fi\/toode\/huulepalsam-lasteleluxvisage-girl-kitty-3-9g\/#breadcrumb\",\"itemListElement\":[{\"@type\":\"ListItem\",\"position\":1,\"name\":\"Shop\",\"item\":\"https:\/\/www.rekvi.ee\/en\/e-shop\/\"},{\"@type\":\"ListItem\",\"position\":2,\"name\":\"Huulirasva lapsille &#8220;LuxVisage&#8221;, Girl Kitty 3.9g\"}]},{\"@type\":\"WebSite\",\"@id\":\"https:\/\/www.rekvi.ee\/#website\",\"url\":\"https:\/\/www.rekvi.ee\/\",\"name\":\"REKVI\",\"description\":\"Tere tulemast kosmeetika maailma!\",\"potentialAction\":[{\"@type\":\"SearchAction\",\"target\":{\"@type\":\"EntryPoint\",\"urlTemplate\":\"https:\/\/www.rekvi.ee\/?s={search_term_string}\"},\"query-input\":\"required name=search_term_string\"}],\"inLanguage\":\"fi\"}]}<\/script>\n<!-- \/ Yoast SEO plugin. -->","yoast_head_json":{"title":"Huulirasva lapsille \"LuxVisage\", Girl Kitty 3.9g &ndash; REKVI","description":"\u0417\u0430\u043a\u0430\u0437\u0430\u0442\u044c \u00abHuulirasva lapsille \"LuxVisage\", Girl Kitty 3.9g\u00bb \u0432 \u0438\u043d\u0442\u0435\u0440\u043d\u0435\u0442-\u043c\u0430\u0433\u0430\u0437\u0438\u043d\u0435 REKVI \u0441 \u0434\u043e\u0441\u0442\u0430\u0432\u043a\u043e\u0439 \u043f\u043e \u042d\u0441\u0442\u043e\u043d\u0438\u0438. \u260e +3726363659","robots":{"index":"index","follow":"follow","max-snippet":"max-snippet:-1","max-image-preview":"max-image-preview:large","max-video-preview":"max-video-preview:-1"},"canonical":"https:\/\/www.rekvi.ee\/fi\/toode\/huulepalsam-lasteleluxvisage-girl-kitty-3-9g\/","og_locale":"fi_FI","og_type":"article","og_title":"Huulirasva lapsille \"LuxVisage\", Girl Kitty 3.9g &ndash; REKVI","og_description":"\u0417\u0430\u043a\u0430\u0437\u0430\u0442\u044c \u00abHuulirasva lapsille \"LuxVisage\", Girl Kitty 3.9g\u00bb \u0432 \u0438\u043d\u0442\u0435\u0440\u043d\u0435\u0442-\u043c\u0430\u0433\u0430\u0437\u0438\u043d\u0435 REKVI \u0441 \u0434\u043e\u0441\u0442\u0430\u0432\u043a\u043e\u0439 \u043f\u043e \u042d\u0441\u0442\u043e\u043d\u0438\u0438. \u260e +3726363659","og_url":"https:\/\/www.rekvi.ee\/fi\/toode\/huulepalsam-lasteleluxvisage-girl-kitty-3-9g\/","og_site_name":"REKVI","article_publisher":"https:\/\/www.facebook.com\/Rekvi.ee","twitter_card":"summary_large_image","schema":{"@context":"https:\/\/schema.org","@graph":[{"@type":"WebPage","@id":"https:\/\/www.rekvi.ee\/fi\/toode\/huulepalsam-lasteleluxvisage-girl-kitty-3-9g\/","url":"https:\/\/www.rekvi.ee\/fi\/toode\/huulepalsam-lasteleluxvisage-girl-kitty-3-9g\/","name":"Huulirasva lapsille \"LuxVisage\", Girl Kitty 3.9g &ndash; REKVI","isPartOf":{"@id":"https:\/\/www.rekvi.ee\/#website"},"datePublished":"2024-03-07T10:22:30+00:00","dateModified":"2024-03-07T10:22:30+00:00","description":"\u0417\u0430\u043a\u0430\u0437\u0430\u0442\u044c \u00abHuulirasva lapsille \"LuxVisage\", Girl Kitty 3.9g\u00bb \u0432 \u0438\u043d\u0442\u0435\u0440\u043d\u0435\u0442-\u043c\u0430\u0433\u0430\u0437\u0438\u043d\u0435 REKVI \u0441 \u0434\u043e\u0441\u0442\u0430\u0432\u043a\u043e\u0439 \u043f\u043e \u042d\u0441\u0442\u043e\u043d\u0438\u0438. \u260e +3726363659","breadcrumb":{"@id":"https:\/\/www.rekvi.ee\/fi\/toode\/huulepalsam-lasteleluxvisage-girl-kitty-3-9g\/#breadcrumb"},"inLanguage":"fi","potentialAction":[{"@type":"ReadAction","target":["https:\/\/www.rekvi.ee\/fi\/toode\/huulepalsam-lasteleluxvisage-girl-kitty-3-9g\/"]}]},{"@type":"BreadcrumbList","@id":"https:\/\/www.rekvi.ee\/fi\/toode\/huulepalsam-lasteleluxvisage-girl-kitty-3-9g\/#breadcrumb","itemListElement":[{"@type":"ListItem","position":1,"name":"Shop","item":"https:\/\/www.rekvi.ee\/en\/e-shop\/"},{"@type":"ListItem","position":2,"name":"Huulirasva lapsille &#8220;LuxVisage&#8221;, Girl Kitty 3.9g"}]},{"@type":"WebSite","@id":"https:\/\/www.rekvi.ee\/#website","url":"https:\/\/www.rekvi.ee\/","name":"REKVI","description":"Tere tulemast kosmeetika maailma!","potentialAction":[{"@type":"SearchAction","target":{"@type":"EntryPoint","urlTemplate":"https:\/\/www.rekvi.ee\/?s={search_term_string}"},"query-input":"required name=search_term_string"}],"inLanguage":"fi"}]}},"_links":{"self":[{"href":"https:\/\/www.rekvi.ee\/fi\/wp-json\/wp\/v2\/product\/69847"}],"collection":[{"href":"https:\/\/www.rekvi.ee\/fi\/wp-json\/wp\/v2\/product"}],"about":[{"href":"https:\/\/www.rekvi.ee\/fi\/wp-json\/wp\/v2\/types\/product"}],"wp:attachment":[{"href":"https:\/\/www.rekvi.ee\/fi\/wp-json\/wp\/v2\/media?parent=69847"}],"wp:term":[{"taxonomy":"product_cat","embeddable":true,"href":"https:\/\/www.rekvi.ee\/fi\/wp-json\/wp\/v2\/product_cat?post=69847"},{"taxonomy":"product_tag","embeddable":true,"href":"https:\/\/www.rekvi.ee\/fi\/wp-json\/wp\/v2\/product_tag?post=69847"}],"curies":[{"name":"wp","href":"https:\/\/api.w.org\/{rel}","templated":true}]}}