{"id":69967,"date":"2024-01-03T16:31:30","date_gmt":"2024-01-03T13:31:30","guid":{"rendered":"https:\/\/www.rekvi.ee\/toode\/henna-india-naturaalne-korgem-sort-25-g\/"},"modified":"2024-01-03T16:31:30","modified_gmt":"2024-01-03T13:31:30","slug":"henna-india-naturaalne-korgem-sort-25-g","status":"publish","type":"product","link":"https:\/\/www.rekvi.ee\/fi\/toode\/henna-india-naturaalne-korgem-sort-25-g\/","title":{"rendered":"Henna \u201dIntia\u201d luonnollinen 25 g"},"content":{"rendered":"","protected":false},"excerpt":{"rendered":"<p>Intian henna on luonnollinen kasvipohjainen v\u00e4riaine hiusten v\u00e4rj\u00e4\u00e4miseen, my\u00f6s harmaiden. Henna palauttaa hiuksen rakenteen, ravitsee p\u00e4\u00e4nahkaa ja vahvistaa juuria, poistaa hilseen sek\u00e4 antaa lis\u00e4tilavuutta, tehden hiuksista tuuheammat ja runsaat.<\/p>\n<p>K\u00e4ytt\u00f6: Levit\u00e4 v\u00e4ri kuiville, puhtaille hiuksille. Kaada 25\u2013125 g hennajauhetta veteen (enint\u00e4\u00e4n 80 \u00b0C) hiusten pituudesta riippuen ja sekoita tasaiseksi puuromaiseksi massaksi. Levit\u00e4 massa siveltimell\u00e4 tasaisesti niskan alueelle, sen j\u00e4lkeen p\u00e4\u00e4laelle ja ohimoille, ja lopuksi koko hiusten pituudelle. Anna vaikuttaa 30\u201360 minuuttia halutusta s\u00e4vyst\u00e4 riippuen. Hiero hiuksia kevyesti ja aseta p\u00e4\u00e4h\u00e4n l\u00e4mmitt\u00e4v\u00e4 hattu. Vaikutusajan j\u00e4lkeen huuhtele hiukset huolellisesti l\u00e4mpim\u00e4ll\u00e4 vedell\u00e4 ilman shampoota.<\/p>\n","protected":false},"featured_media":64527,"template":"","meta":[],"product_cat":[2603,2777,2784],"product_tag":[],"yoast_head":"<!-- This site is optimized with the Yoast SEO plugin v19.5.1 - https:\/\/yoast.com\/wordpress\/plugins\/seo\/ -->\n<title>Henna \u201dIntia\u201d luonnollinen 25 g &ndash; REKVI<\/title>\n<meta name=\"description\" content=\"\u0417\u0430\u043a\u0430\u0437\u0430\u0442\u044c \u00abHenna \u201dIntia\u201d luonnollinen 25 g\u00bb \u0432 \u0438\u043d\u0442\u0435\u0440\u043d\u0435\u0442-\u043c\u0430\u0433\u0430\u0437\u0438\u043d\u0435 REKVI \u0441 \u0434\u043e\u0441\u0442\u0430\u0432\u043a\u043e\u0439 \u043f\u043e \u042d\u0441\u0442\u043e\u043d\u0438\u0438. \u260e +3726363659\" \/>\n<meta name=\"robots\" content=\"index, follow, max-snippet:-1, max-image-preview:large, max-video-preview:-1\" \/>\n<link rel=\"canonical\" href=\"https:\/\/www.rekvi.ee\/fi\/toode\/henna-india-naturaalne-korgem-sort-25-g\/\" \/>\n<meta property=\"og:locale\" content=\"fi_FI\" \/>\n<meta property=\"og:type\" content=\"article\" \/>\n<meta property=\"og:title\" content=\"Henna \u201dIntia\u201d luonnollinen 25 g &ndash; REKVI\" \/>\n<meta property=\"og:description\" content=\"\u0417\u0430\u043a\u0430\u0437\u0430\u0442\u044c \u00abHenna \u201dIntia\u201d luonnollinen 25 g\u00bb \u0432 \u0438\u043d\u0442\u0435\u0440\u043d\u0435\u0442-\u043c\u0430\u0433\u0430\u0437\u0438\u043d\u0435 REKVI \u0441 \u0434\u043e\u0441\u0442\u0430\u0432\u043a\u043e\u0439 \u043f\u043e \u042d\u0441\u0442\u043e\u043d\u0438\u0438. \u260e +3726363659\" \/>\n<meta property=\"og:url\" content=\"https:\/\/www.rekvi.ee\/fi\/toode\/henna-india-naturaalne-korgem-sort-25-g\/\" \/>\n<meta property=\"og:site_name\" content=\"REKVI\" \/>\n<meta property=\"article:publisher\" content=\"https:\/\/www.facebook.com\/Rekvi.ee\" \/>\n<meta property=\"og:image\" content=\"https:\/\/www.rekvi.ee\/wp-content\/uploads\/2024\/01\/4820185220125-2.jpg\" \/>\n\t<meta property=\"og:image:width\" content=\"600\" \/>\n\t<meta property=\"og:image:height\" content=\"600\" \/>\n\t<meta property=\"og:image:type\" content=\"image\/jpeg\" \/>\n<meta name=\"twitter:card\" content=\"summary_large_image\" \/>\n<script type=\"application\/ld+json\" class=\"yoast-schema-graph\">{\"@context\":\"https:\/\/schema.org\",\"@graph\":[{\"@type\":\"WebPage\",\"@id\":\"https:\/\/www.rekvi.ee\/fi\/toode\/henna-india-naturaalne-korgem-sort-25-g\/\",\"url\":\"https:\/\/www.rekvi.ee\/fi\/toode\/henna-india-naturaalne-korgem-sort-25-g\/\",\"name\":\"Henna \u201dIntia\u201d luonnollinen 25 g &ndash; REKVI\",\"isPartOf\":{\"@id\":\"https:\/\/www.rekvi.ee\/#website\"},\"datePublished\":\"2024-01-03T13:31:30+00:00\",\"dateModified\":\"2024-01-03T13:31:30+00:00\",\"description\":\"\u0417\u0430\u043a\u0430\u0437\u0430\u0442\u044c \u00abHenna \u201dIntia\u201d luonnollinen 25 g\u00bb \u0432 \u0438\u043d\u0442\u0435\u0440\u043d\u0435\u0442-\u043c\u0430\u0433\u0430\u0437\u0438\u043d\u0435 REKVI \u0441 \u0434\u043e\u0441\u0442\u0430\u0432\u043a\u043e\u0439 \u043f\u043e \u042d\u0441\u0442\u043e\u043d\u0438\u0438. \u260e +3726363659\",\"breadcrumb\":{\"@id\":\"https:\/\/www.rekvi.ee\/fi\/toode\/henna-india-naturaalne-korgem-sort-25-g\/#breadcrumb\"},\"inLanguage\":\"fi\",\"potentialAction\":[{\"@type\":\"ReadAction\",\"target\":[\"https:\/\/www.rekvi.ee\/fi\/toode\/henna-india-naturaalne-korgem-sort-25-g\/\"]}]},{\"@type\":\"BreadcrumbList\",\"@id\":\"https:\/\/www.rekvi.ee\/fi\/toode\/henna-india-naturaalne-korgem-sort-25-g\/#breadcrumb\",\"itemListElement\":[{\"@type\":\"ListItem\",\"position\":1,\"name\":\"Shop\",\"item\":\"https:\/\/www.rekvi.ee\/en\/e-shop\/\"},{\"@type\":\"ListItem\",\"position\":2,\"name\":\"Henna \u201dIntia\u201d luonnollinen 25 g\"}]},{\"@type\":\"WebSite\",\"@id\":\"https:\/\/www.rekvi.ee\/#website\",\"url\":\"https:\/\/www.rekvi.ee\/\",\"name\":\"REKVI\",\"description\":\"Tere tulemast kosmeetika maailma!\",\"potentialAction\":[{\"@type\":\"SearchAction\",\"target\":{\"@type\":\"EntryPoint\",\"urlTemplate\":\"https:\/\/www.rekvi.ee\/?s={search_term_string}\"},\"query-input\":\"required name=search_term_string\"}],\"inLanguage\":\"fi\"}]}<\/script>\n<!-- \/ Yoast SEO plugin. -->","yoast_head_json":{"title":"Henna \u201dIntia\u201d luonnollinen 25 g &ndash; REKVI","description":"\u0417\u0430\u043a\u0430\u0437\u0430\u0442\u044c \u00abHenna \u201dIntia\u201d luonnollinen 25 g\u00bb \u0432 \u0438\u043d\u0442\u0435\u0440\u043d\u0435\u0442-\u043c\u0430\u0433\u0430\u0437\u0438\u043d\u0435 REKVI \u0441 \u0434\u043e\u0441\u0442\u0430\u0432\u043a\u043e\u0439 \u043f\u043e \u042d\u0441\u0442\u043e\u043d\u0438\u0438. \u260e +3726363659","robots":{"index":"index","follow":"follow","max-snippet":"max-snippet:-1","max-image-preview":"max-image-preview:large","max-video-preview":"max-video-preview:-1"},"canonical":"https:\/\/www.rekvi.ee\/fi\/toode\/henna-india-naturaalne-korgem-sort-25-g\/","og_locale":"fi_FI","og_type":"article","og_title":"Henna \u201dIntia\u201d luonnollinen 25 g &ndash; REKVI","og_description":"\u0417\u0430\u043a\u0430\u0437\u0430\u0442\u044c \u00abHenna \u201dIntia\u201d luonnollinen 25 g\u00bb \u0432 \u0438\u043d\u0442\u0435\u0440\u043d\u0435\u0442-\u043c\u0430\u0433\u0430\u0437\u0438\u043d\u0435 REKVI \u0441 \u0434\u043e\u0441\u0442\u0430\u0432\u043a\u043e\u0439 \u043f\u043e \u042d\u0441\u0442\u043e\u043d\u0438\u0438. \u260e +3726363659","og_url":"https:\/\/www.rekvi.ee\/fi\/toode\/henna-india-naturaalne-korgem-sort-25-g\/","og_site_name":"REKVI","article_publisher":"https:\/\/www.facebook.com\/Rekvi.ee","og_image":[{"width":600,"height":600,"url":"https:\/\/www.rekvi.ee\/wp-content\/uploads\/2024\/01\/4820185220125-2.jpg","type":"image\/jpeg"}],"twitter_card":"summary_large_image","schema":{"@context":"https:\/\/schema.org","@graph":[{"@type":"WebPage","@id":"https:\/\/www.rekvi.ee\/fi\/toode\/henna-india-naturaalne-korgem-sort-25-g\/","url":"https:\/\/www.rekvi.ee\/fi\/toode\/henna-india-naturaalne-korgem-sort-25-g\/","name":"Henna \u201dIntia\u201d luonnollinen 25 g &ndash; REKVI","isPartOf":{"@id":"https:\/\/www.rekvi.ee\/#website"},"datePublished":"2024-01-03T13:31:30+00:00","dateModified":"2024-01-03T13:31:30+00:00","description":"\u0417\u0430\u043a\u0430\u0437\u0430\u0442\u044c \u00abHenna \u201dIntia\u201d luonnollinen 25 g\u00bb \u0432 \u0438\u043d\u0442\u0435\u0440\u043d\u0435\u0442-\u043c\u0430\u0433\u0430\u0437\u0438\u043d\u0435 REKVI \u0441 \u0434\u043e\u0441\u0442\u0430\u0432\u043a\u043e\u0439 \u043f\u043e \u042d\u0441\u0442\u043e\u043d\u0438\u0438. \u260e +3726363659","breadcrumb":{"@id":"https:\/\/www.rekvi.ee\/fi\/toode\/henna-india-naturaalne-korgem-sort-25-g\/#breadcrumb"},"inLanguage":"fi","potentialAction":[{"@type":"ReadAction","target":["https:\/\/www.rekvi.ee\/fi\/toode\/henna-india-naturaalne-korgem-sort-25-g\/"]}]},{"@type":"BreadcrumbList","@id":"https:\/\/www.rekvi.ee\/fi\/toode\/henna-india-naturaalne-korgem-sort-25-g\/#breadcrumb","itemListElement":[{"@type":"ListItem","position":1,"name":"Shop","item":"https:\/\/www.rekvi.ee\/en\/e-shop\/"},{"@type":"ListItem","position":2,"name":"Henna \u201dIntia\u201d luonnollinen 25 g"}]},{"@type":"WebSite","@id":"https:\/\/www.rekvi.ee\/#website","url":"https:\/\/www.rekvi.ee\/","name":"REKVI","description":"Tere tulemast kosmeetika maailma!","potentialAction":[{"@type":"SearchAction","target":{"@type":"EntryPoint","urlTemplate":"https:\/\/www.rekvi.ee\/?s={search_term_string}"},"query-input":"required name=search_term_string"}],"inLanguage":"fi"}]}},"_links":{"self":[{"href":"https:\/\/www.rekvi.ee\/fi\/wp-json\/wp\/v2\/product\/69967"}],"collection":[{"href":"https:\/\/www.rekvi.ee\/fi\/wp-json\/wp\/v2\/product"}],"about":[{"href":"https:\/\/www.rekvi.ee\/fi\/wp-json\/wp\/v2\/types\/product"}],"wp:featuredmedia":[{"embeddable":true,"href":"https:\/\/www.rekvi.ee\/fi\/wp-json\/wp\/v2\/media\/64527"}],"wp:attachment":[{"href":"https:\/\/www.rekvi.ee\/fi\/wp-json\/wp\/v2\/media?parent=69967"}],"wp:term":[{"taxonomy":"product_cat","embeddable":true,"href":"https:\/\/www.rekvi.ee\/fi\/wp-json\/wp\/v2\/product_cat?post=69967"},{"taxonomy":"product_tag","embeddable":true,"href":"https:\/\/www.rekvi.ee\/fi\/wp-json\/wp\/v2\/product_tag?post=69967"}],"curies":[{"name":"wp","href":"https:\/\/api.w.org\/{rel}","templated":true}]}}