{"id":69968,"date":"2024-01-03T16:44:22","date_gmt":"2024-01-03T13:44:22","guid":{"rendered":"https:\/\/www.rekvi.ee\/toode\/kosmeetiline-naomask-beauty-derm-musta-savi-baasil-75-g\/"},"modified":"2024-01-03T16:44:22","modified_gmt":"2024-01-03T13:44:22","slug":"kosmeetiline-naomask-beauty-derm-musta-savi-baasil-75-g","status":"publish","type":"product","link":"https:\/\/www.rekvi.ee\/fi\/toode\/kosmeetiline-naomask-beauty-derm-musta-savi-baasil-75-g\/","title":{"rendered":"Kosmeettinen kasvonaamio \u201dBeauty derm\u201d, musta savi 75 g"},"content":{"rendered":"","protected":false},"excerpt":{"rendered":"<p>Ravitsee ja suojaa ihoa, tekee ihosta pehme\u00e4n ja silkkisen.<\/p>\n<p>K\u00e4ytt\u00f6: Huuhtele 10\u201315 minuutin vaikutusajan j\u00e4lkeen vedell\u00e4. Tehokkaan tuloksen saavuttamiseksi k\u00e4yt\u00e4 maskia 1\u20132 kertaa viikossa.<\/p>\n<p>Koostumus: Aqua (vesi), kaoliini, propyleeniglykoli, isopropyyli\u00admyristaatti, glyseriini, hiilipuuteri, Melaleuca alternifolia (teepuu) lehden uute, Cananga odorata (ylang-ylang) kukkauute, ammonium acryloyldimethyltaurate\/VP-kopolymeeri, dinatrium\u00adsetearyylisulfosukkinaatti, panthenol, syklope\u0308ntasiloksaani, dimetikonioli, ksantaanikumi, PEG-40 hydrattu risiini\u00f6ljy, BHT, Cocos nucifera (kookos) \u00f6ljy, parfum (tuoksu), fenyksietanoli, metyyliparabeeni, etyyli\u00adparabeeni, propyyli\u00adparabeeni, sitruunahappo.<\/p>\n","protected":false},"featured_media":64528,"template":"","meta":[],"product_cat":[2603,2604,2820,2821],"product_tag":[],"yoast_head":"<!-- This site is optimized with the Yoast SEO plugin v19.5.1 - https:\/\/yoast.com\/wordpress\/plugins\/seo\/ -->\n<title>Kosmeettinen kasvonaamio \u201dBeauty derm\u201d, musta savi 75 g &ndash; REKVI<\/title>\n<meta name=\"description\" content=\"\u0417\u0430\u043a\u0430\u0437\u0430\u0442\u044c \u00abKosmeettinen kasvonaamio \u201dBeauty derm\u201d, musta savi 75 g\u00bb \u0432 \u0438\u043d\u0442\u0435\u0440\u043d\u0435\u0442-\u043c\u0430\u0433\u0430\u0437\u0438\u043d\u0435 REKVI \u0441 \u0434\u043e\u0441\u0442\u0430\u0432\u043a\u043e\u0439 \u043f\u043e \u042d\u0441\u0442\u043e\u043d\u0438\u0438. \u260e +3726363659\" \/>\n<meta name=\"robots\" content=\"index, follow, max-snippet:-1, max-image-preview:large, max-video-preview:-1\" \/>\n<link rel=\"canonical\" href=\"https:\/\/www.rekvi.ee\/fi\/toode\/kosmeetiline-naomask-beauty-derm-musta-savi-baasil-75-g\/\" \/>\n<meta property=\"og:locale\" content=\"fi_FI\" \/>\n<meta property=\"og:type\" content=\"article\" \/>\n<meta property=\"og:title\" content=\"Kosmeettinen kasvonaamio \u201dBeauty derm\u201d, musta savi 75 g &ndash; REKVI\" \/>\n<meta property=\"og:description\" content=\"\u0417\u0430\u043a\u0430\u0437\u0430\u0442\u044c \u00abKosmeettinen kasvonaamio \u201dBeauty derm\u201d, musta savi 75 g\u00bb \u0432 \u0438\u043d\u0442\u0435\u0440\u043d\u0435\u0442-\u043c\u0430\u0433\u0430\u0437\u0438\u043d\u0435 REKVI \u0441 \u0434\u043e\u0441\u0442\u0430\u0432\u043a\u043e\u0439 \u043f\u043e \u042d\u0441\u0442\u043e\u043d\u0438\u0438. \u260e +3726363659\" \/>\n<meta property=\"og:url\" content=\"https:\/\/www.rekvi.ee\/fi\/toode\/kosmeetiline-naomask-beauty-derm-musta-savi-baasil-75-g\/\" \/>\n<meta property=\"og:site_name\" content=\"REKVI\" \/>\n<meta property=\"article:publisher\" content=\"https:\/\/www.facebook.com\/Rekvi.ee\" \/>\n<meta property=\"og:image\" content=\"https:\/\/www.rekvi.ee\/wp-content\/uploads\/2024\/01\/643247-1500x1500-7d1d.jpg\" \/>\n\t<meta property=\"og:image:width\" content=\"1500\" \/>\n\t<meta property=\"og:image:height\" content=\"1500\" \/>\n\t<meta property=\"og:image:type\" content=\"image\/jpeg\" \/>\n<meta name=\"twitter:card\" content=\"summary_large_image\" \/>\n<script type=\"application\/ld+json\" class=\"yoast-schema-graph\">{\"@context\":\"https:\/\/schema.org\",\"@graph\":[{\"@type\":\"WebPage\",\"@id\":\"https:\/\/www.rekvi.ee\/fi\/toode\/kosmeetiline-naomask-beauty-derm-musta-savi-baasil-75-g\/\",\"url\":\"https:\/\/www.rekvi.ee\/fi\/toode\/kosmeetiline-naomask-beauty-derm-musta-savi-baasil-75-g\/\",\"name\":\"Kosmeettinen kasvonaamio \u201dBeauty derm\u201d, musta savi 75 g &ndash; REKVI\",\"isPartOf\":{\"@id\":\"https:\/\/www.rekvi.ee\/#website\"},\"datePublished\":\"2024-01-03T13:44:22+00:00\",\"dateModified\":\"2024-01-03T13:44:22+00:00\",\"description\":\"\u0417\u0430\u043a\u0430\u0437\u0430\u0442\u044c \u00abKosmeettinen kasvonaamio \u201dBeauty derm\u201d, musta savi 75 g\u00bb \u0432 \u0438\u043d\u0442\u0435\u0440\u043d\u0435\u0442-\u043c\u0430\u0433\u0430\u0437\u0438\u043d\u0435 REKVI \u0441 \u0434\u043e\u0441\u0442\u0430\u0432\u043a\u043e\u0439 \u043f\u043e \u042d\u0441\u0442\u043e\u043d\u0438\u0438. \u260e +3726363659\",\"breadcrumb\":{\"@id\":\"https:\/\/www.rekvi.ee\/fi\/toode\/kosmeetiline-naomask-beauty-derm-musta-savi-baasil-75-g\/#breadcrumb\"},\"inLanguage\":\"fi\",\"potentialAction\":[{\"@type\":\"ReadAction\",\"target\":[\"https:\/\/www.rekvi.ee\/fi\/toode\/kosmeetiline-naomask-beauty-derm-musta-savi-baasil-75-g\/\"]}]},{\"@type\":\"BreadcrumbList\",\"@id\":\"https:\/\/www.rekvi.ee\/fi\/toode\/kosmeetiline-naomask-beauty-derm-musta-savi-baasil-75-g\/#breadcrumb\",\"itemListElement\":[{\"@type\":\"ListItem\",\"position\":1,\"name\":\"Shop\",\"item\":\"https:\/\/www.rekvi.ee\/en\/e-shop\/\"},{\"@type\":\"ListItem\",\"position\":2,\"name\":\"Kosmeettinen kasvonaamio \u201dBeauty derm\u201d, musta savi 75 g\"}]},{\"@type\":\"WebSite\",\"@id\":\"https:\/\/www.rekvi.ee\/#website\",\"url\":\"https:\/\/www.rekvi.ee\/\",\"name\":\"REKVI\",\"description\":\"Tere tulemast kosmeetika maailma!\",\"potentialAction\":[{\"@type\":\"SearchAction\",\"target\":{\"@type\":\"EntryPoint\",\"urlTemplate\":\"https:\/\/www.rekvi.ee\/?s={search_term_string}\"},\"query-input\":\"required name=search_term_string\"}],\"inLanguage\":\"fi\"}]}<\/script>\n<!-- \/ Yoast SEO plugin. -->","yoast_head_json":{"title":"Kosmeettinen kasvonaamio \u201dBeauty derm\u201d, musta savi 75 g &ndash; REKVI","description":"\u0417\u0430\u043a\u0430\u0437\u0430\u0442\u044c \u00abKosmeettinen kasvonaamio \u201dBeauty derm\u201d, musta savi 75 g\u00bb \u0432 \u0438\u043d\u0442\u0435\u0440\u043d\u0435\u0442-\u043c\u0430\u0433\u0430\u0437\u0438\u043d\u0435 REKVI \u0441 \u0434\u043e\u0441\u0442\u0430\u0432\u043a\u043e\u0439 \u043f\u043e \u042d\u0441\u0442\u043e\u043d\u0438\u0438. \u260e +3726363659","robots":{"index":"index","follow":"follow","max-snippet":"max-snippet:-1","max-image-preview":"max-image-preview:large","max-video-preview":"max-video-preview:-1"},"canonical":"https:\/\/www.rekvi.ee\/fi\/toode\/kosmeetiline-naomask-beauty-derm-musta-savi-baasil-75-g\/","og_locale":"fi_FI","og_type":"article","og_title":"Kosmeettinen kasvonaamio \u201dBeauty derm\u201d, musta savi 75 g &ndash; REKVI","og_description":"\u0417\u0430\u043a\u0430\u0437\u0430\u0442\u044c \u00abKosmeettinen kasvonaamio \u201dBeauty derm\u201d, musta savi 75 g\u00bb \u0432 \u0438\u043d\u0442\u0435\u0440\u043d\u0435\u0442-\u043c\u0430\u0433\u0430\u0437\u0438\u043d\u0435 REKVI \u0441 \u0434\u043e\u0441\u0442\u0430\u0432\u043a\u043e\u0439 \u043f\u043e \u042d\u0441\u0442\u043e\u043d\u0438\u0438. \u260e +3726363659","og_url":"https:\/\/www.rekvi.ee\/fi\/toode\/kosmeetiline-naomask-beauty-derm-musta-savi-baasil-75-g\/","og_site_name":"REKVI","article_publisher":"https:\/\/www.facebook.com\/Rekvi.ee","og_image":[{"width":1500,"height":1500,"url":"https:\/\/www.rekvi.ee\/wp-content\/uploads\/2024\/01\/643247-1500x1500-7d1d.jpg","type":"image\/jpeg"}],"twitter_card":"summary_large_image","schema":{"@context":"https:\/\/schema.org","@graph":[{"@type":"WebPage","@id":"https:\/\/www.rekvi.ee\/fi\/toode\/kosmeetiline-naomask-beauty-derm-musta-savi-baasil-75-g\/","url":"https:\/\/www.rekvi.ee\/fi\/toode\/kosmeetiline-naomask-beauty-derm-musta-savi-baasil-75-g\/","name":"Kosmeettinen kasvonaamio \u201dBeauty derm\u201d, musta savi 75 g &ndash; REKVI","isPartOf":{"@id":"https:\/\/www.rekvi.ee\/#website"},"datePublished":"2024-01-03T13:44:22+00:00","dateModified":"2024-01-03T13:44:22+00:00","description":"\u0417\u0430\u043a\u0430\u0437\u0430\u0442\u044c \u00abKosmeettinen kasvonaamio \u201dBeauty derm\u201d, musta savi 75 g\u00bb \u0432 \u0438\u043d\u0442\u0435\u0440\u043d\u0435\u0442-\u043c\u0430\u0433\u0430\u0437\u0438\u043d\u0435 REKVI \u0441 \u0434\u043e\u0441\u0442\u0430\u0432\u043a\u043e\u0439 \u043f\u043e \u042d\u0441\u0442\u043e\u043d\u0438\u0438. \u260e +3726363659","breadcrumb":{"@id":"https:\/\/www.rekvi.ee\/fi\/toode\/kosmeetiline-naomask-beauty-derm-musta-savi-baasil-75-g\/#breadcrumb"},"inLanguage":"fi","potentialAction":[{"@type":"ReadAction","target":["https:\/\/www.rekvi.ee\/fi\/toode\/kosmeetiline-naomask-beauty-derm-musta-savi-baasil-75-g\/"]}]},{"@type":"BreadcrumbList","@id":"https:\/\/www.rekvi.ee\/fi\/toode\/kosmeetiline-naomask-beauty-derm-musta-savi-baasil-75-g\/#breadcrumb","itemListElement":[{"@type":"ListItem","position":1,"name":"Shop","item":"https:\/\/www.rekvi.ee\/en\/e-shop\/"},{"@type":"ListItem","position":2,"name":"Kosmeettinen kasvonaamio \u201dBeauty derm\u201d, musta savi 75 g"}]},{"@type":"WebSite","@id":"https:\/\/www.rekvi.ee\/#website","url":"https:\/\/www.rekvi.ee\/","name":"REKVI","description":"Tere tulemast kosmeetika maailma!","potentialAction":[{"@type":"SearchAction","target":{"@type":"EntryPoint","urlTemplate":"https:\/\/www.rekvi.ee\/?s={search_term_string}"},"query-input":"required name=search_term_string"}],"inLanguage":"fi"}]}},"_links":{"self":[{"href":"https:\/\/www.rekvi.ee\/fi\/wp-json\/wp\/v2\/product\/69968"}],"collection":[{"href":"https:\/\/www.rekvi.ee\/fi\/wp-json\/wp\/v2\/product"}],"about":[{"href":"https:\/\/www.rekvi.ee\/fi\/wp-json\/wp\/v2\/types\/product"}],"wp:featuredmedia":[{"embeddable":true,"href":"https:\/\/www.rekvi.ee\/fi\/wp-json\/wp\/v2\/media\/64528"}],"wp:attachment":[{"href":"https:\/\/www.rekvi.ee\/fi\/wp-json\/wp\/v2\/media?parent=69968"}],"wp:term":[{"taxonomy":"product_cat","embeddable":true,"href":"https:\/\/www.rekvi.ee\/fi\/wp-json\/wp\/v2\/product_cat?post=69968"},{"taxonomy":"product_tag","embeddable":true,"href":"https:\/\/www.rekvi.ee\/fi\/wp-json\/wp\/v2\/product_tag?post=69968"}],"curies":[{"name":"wp","href":"https:\/\/api.w.org\/{rel}","templated":true}]}}