{"id":69969,"date":"2024-01-03T17:07:27","date_gmt":"2024-01-03T14:07:27","guid":{"rendered":"https:\/\/www.rekvi.ee\/toode\/must-soe-naomask-kile-beauty-derm-mustade-tappide-eemaldamine-75-g\/"},"modified":"2024-01-03T17:07:27","modified_gmt":"2024-01-03T14:07:27","slug":"must-soe-naomask-kile-beauty-derm-mustade-tappide-eemaldamine-75-g","status":"publish","type":"product","link":"https:\/\/www.rekvi.ee\/fi\/toode\/must-soe-naomask-kile-beauty-derm-mustade-tappide-eemaldamine-75-g\/","title":{"rendered":"Musta rahka kasvonaamio-kalvo \u201dBeauty derm\u201d, \u201dMustien t\u00e4plien poisto\u201d 75 g"},"content":{"rendered":"","protected":false},"excerpt":{"rendered":"<p>Aktivoitu hiili puhdistaa ihoa tehokkaasti ilman \u00e4rsytyst\u00e4 ja liiallista kuivuutta, poistaa t\u00e4ysin mustap\u00e4\u00e4t ja vapauttaa ihon silm\u00e4yksess\u00e4 toksiineista ja ep\u00e4puhtauksista, tasoittaa ihon s\u00e4vy\u00e4 ja pintarakennetta. Ravitsee ja suojaa ihoa aktiivisesti, tekee ihosta kauniin ja silkinpehme\u00e4n. Naamio-kalvo on k\u00e4tev\u00e4 k\u00e4ytt\u00e4\u00e4 ja tulos n\u00e4kyy iholla heti ensimm\u00e4isen k\u00e4yt\u00f6n j\u00e4lkeen!<\/p>\n<p>K\u00e4ytt\u00f6: Huuhtele vedell\u00e4 25\u201330 minuutin kuluttua. Tehokkaan tuloksen saavuttamiseksi k\u00e4yt\u00e4 naamiota 1\u20132 kertaa viikossa.<\/p>\n<div class=\"collapsible-heading open-block\">\n<p>Ainesosat:<\/p>\n<\/div>\n<div class=\"collapsible-block\">\n<div>\n<p>Aqua (Water), Kaolin, Propylene Glycol, Isopropyl Myristate, Glycerin, Charcoal Powder, Melaleuca Alternifolia (Tea Tree) Leaf Extract, Cananga Odorata (Ylang Ylang) Flower Extract, Ammonium Acryloyldimethyltaurate\/VP Copolymer, Disodium Cetearyl Sulfosuccinate, Panthenol, Cyclopentasiloxane, Dimethiconol, Xanthan Gum, PEG-40 Hydrogenated Castor Oil, BHT, Cocos Nucifera (Coconut) Oil, Parfum (Fragrance), Phenoxyethanol, Methylparaben, Ethylparaben, Propylparaben, Citric Acid.<\/p>\n<\/p><\/div>\n<\/div>\n","protected":false},"featured_media":64529,"template":"","meta":[],"product_cat":[2606,2603,2604,2820,2821],"product_tag":[],"yoast_head":"<!-- This site is optimized with the Yoast SEO plugin v19.5.1 - https:\/\/yoast.com\/wordpress\/plugins\/seo\/ -->\n<title>Musta rahka kasvonaamio-kalvo \u201dBeauty derm\u201d, \u201dMustien t\u00e4plien poisto\u201d 75 g &ndash; REKVI<\/title>\n<meta name=\"description\" content=\"\u0417\u0430\u043a\u0430\u0437\u0430\u0442\u044c \u00abMusta rahka kasvonaamio-kalvo \u201dBeauty derm\u201d, \u201dMustien t\u00e4plien poisto\u201d 75 g\u00bb \u0432 \u0438\u043d\u0442\u0435\u0440\u043d\u0435\u0442-\u043c\u0430\u0433\u0430\u0437\u0438\u043d\u0435 REKVI \u0441 \u0434\u043e\u0441\u0442\u0430\u0432\u043a\u043e\u0439 \u043f\u043e \u042d\u0441\u0442\u043e\u043d\u0438\u0438. \u260e +3726363659\" \/>\n<meta name=\"robots\" content=\"index, follow, max-snippet:-1, max-image-preview:large, max-video-preview:-1\" \/>\n<link rel=\"canonical\" href=\"https:\/\/www.rekvi.ee\/fi\/toode\/must-soe-naomask-kile-beauty-derm-mustade-tappide-eemaldamine-75-g\/\" \/>\n<meta property=\"og:locale\" content=\"fi_FI\" \/>\n<meta property=\"og:type\" content=\"article\" \/>\n<meta property=\"og:title\" content=\"Musta rahka kasvonaamio-kalvo \u201dBeauty derm\u201d, \u201dMustien t\u00e4plien poisto\u201d 75 g &ndash; REKVI\" \/>\n<meta property=\"og:description\" content=\"\u0417\u0430\u043a\u0430\u0437\u0430\u0442\u044c \u00abMusta rahka kasvonaamio-kalvo \u201dBeauty derm\u201d, \u201dMustien t\u00e4plien poisto\u201d 75 g\u00bb \u0432 \u0438\u043d\u0442\u0435\u0440\u043d\u0435\u0442-\u043c\u0430\u0433\u0430\u0437\u0438\u043d\u0435 REKVI \u0441 \u0434\u043e\u0441\u0442\u0430\u0432\u043a\u043e\u0439 \u043f\u043e \u042d\u0441\u0442\u043e\u043d\u0438\u0438. \u260e +3726363659\" \/>\n<meta property=\"og:url\" content=\"https:\/\/www.rekvi.ee\/fi\/toode\/must-soe-naomask-kile-beauty-derm-mustade-tappide-eemaldamine-75-g\/\" \/>\n<meta property=\"og:site_name\" content=\"REKVI\" \/>\n<meta property=\"article:publisher\" content=\"https:\/\/www.facebook.com\/Rekvi.ee\" \/>\n<meta property=\"og:image\" content=\"https:\/\/www.rekvi.ee\/wp-content\/uploads\/2024\/01\/643245-1500x1500-1dcc.jpg\" \/>\n\t<meta property=\"og:image:width\" content=\"1500\" \/>\n\t<meta property=\"og:image:height\" content=\"1500\" \/>\n\t<meta property=\"og:image:type\" content=\"image\/jpeg\" \/>\n<meta name=\"twitter:card\" content=\"summary_large_image\" \/>\n<script type=\"application\/ld+json\" class=\"yoast-schema-graph\">{\"@context\":\"https:\/\/schema.org\",\"@graph\":[{\"@type\":\"WebPage\",\"@id\":\"https:\/\/www.rekvi.ee\/fi\/toode\/must-soe-naomask-kile-beauty-derm-mustade-tappide-eemaldamine-75-g\/\",\"url\":\"https:\/\/www.rekvi.ee\/fi\/toode\/must-soe-naomask-kile-beauty-derm-mustade-tappide-eemaldamine-75-g\/\",\"name\":\"Musta rahka kasvonaamio-kalvo \u201dBeauty derm\u201d, \u201dMustien t\u00e4plien poisto\u201d 75 g &ndash; REKVI\",\"isPartOf\":{\"@id\":\"https:\/\/www.rekvi.ee\/#website\"},\"datePublished\":\"2024-01-03T14:07:27+00:00\",\"dateModified\":\"2024-01-03T14:07:27+00:00\",\"description\":\"\u0417\u0430\u043a\u0430\u0437\u0430\u0442\u044c \u00abMusta rahka kasvonaamio-kalvo \u201dBeauty derm\u201d, \u201dMustien t\u00e4plien poisto\u201d 75 g\u00bb \u0432 \u0438\u043d\u0442\u0435\u0440\u043d\u0435\u0442-\u043c\u0430\u0433\u0430\u0437\u0438\u043d\u0435 REKVI \u0441 \u0434\u043e\u0441\u0442\u0430\u0432\u043a\u043e\u0439 \u043f\u043e \u042d\u0441\u0442\u043e\u043d\u0438\u0438. \u260e +3726363659\",\"breadcrumb\":{\"@id\":\"https:\/\/www.rekvi.ee\/fi\/toode\/must-soe-naomask-kile-beauty-derm-mustade-tappide-eemaldamine-75-g\/#breadcrumb\"},\"inLanguage\":\"fi\",\"potentialAction\":[{\"@type\":\"ReadAction\",\"target\":[\"https:\/\/www.rekvi.ee\/fi\/toode\/must-soe-naomask-kile-beauty-derm-mustade-tappide-eemaldamine-75-g\/\"]}]},{\"@type\":\"BreadcrumbList\",\"@id\":\"https:\/\/www.rekvi.ee\/fi\/toode\/must-soe-naomask-kile-beauty-derm-mustade-tappide-eemaldamine-75-g\/#breadcrumb\",\"itemListElement\":[{\"@type\":\"ListItem\",\"position\":1,\"name\":\"Shop\",\"item\":\"https:\/\/www.rekvi.ee\/en\/e-shop\/\"},{\"@type\":\"ListItem\",\"position\":2,\"name\":\"Musta rahka kasvonaamio-kalvo \u201dBeauty derm\u201d, \u201dMustien t\u00e4plien poisto\u201d 75 g\"}]},{\"@type\":\"WebSite\",\"@id\":\"https:\/\/www.rekvi.ee\/#website\",\"url\":\"https:\/\/www.rekvi.ee\/\",\"name\":\"REKVI\",\"description\":\"Tere tulemast kosmeetika maailma!\",\"potentialAction\":[{\"@type\":\"SearchAction\",\"target\":{\"@type\":\"EntryPoint\",\"urlTemplate\":\"https:\/\/www.rekvi.ee\/?s={search_term_string}\"},\"query-input\":\"required name=search_term_string\"}],\"inLanguage\":\"fi\"}]}<\/script>\n<!-- \/ Yoast SEO plugin. -->","yoast_head_json":{"title":"Musta rahka kasvonaamio-kalvo \u201dBeauty derm\u201d, \u201dMustien t\u00e4plien poisto\u201d 75 g &ndash; REKVI","description":"\u0417\u0430\u043a\u0430\u0437\u0430\u0442\u044c \u00abMusta rahka kasvonaamio-kalvo \u201dBeauty derm\u201d, \u201dMustien t\u00e4plien poisto\u201d 75 g\u00bb \u0432 \u0438\u043d\u0442\u0435\u0440\u043d\u0435\u0442-\u043c\u0430\u0433\u0430\u0437\u0438\u043d\u0435 REKVI \u0441 \u0434\u043e\u0441\u0442\u0430\u0432\u043a\u043e\u0439 \u043f\u043e \u042d\u0441\u0442\u043e\u043d\u0438\u0438. \u260e +3726363659","robots":{"index":"index","follow":"follow","max-snippet":"max-snippet:-1","max-image-preview":"max-image-preview:large","max-video-preview":"max-video-preview:-1"},"canonical":"https:\/\/www.rekvi.ee\/fi\/toode\/must-soe-naomask-kile-beauty-derm-mustade-tappide-eemaldamine-75-g\/","og_locale":"fi_FI","og_type":"article","og_title":"Musta rahka kasvonaamio-kalvo \u201dBeauty derm\u201d, \u201dMustien t\u00e4plien poisto\u201d 75 g &ndash; REKVI","og_description":"\u0417\u0430\u043a\u0430\u0437\u0430\u0442\u044c \u00abMusta rahka kasvonaamio-kalvo \u201dBeauty derm\u201d, \u201dMustien t\u00e4plien poisto\u201d 75 g\u00bb \u0432 \u0438\u043d\u0442\u0435\u0440\u043d\u0435\u0442-\u043c\u0430\u0433\u0430\u0437\u0438\u043d\u0435 REKVI \u0441 \u0434\u043e\u0441\u0442\u0430\u0432\u043a\u043e\u0439 \u043f\u043e \u042d\u0441\u0442\u043e\u043d\u0438\u0438. \u260e +3726363659","og_url":"https:\/\/www.rekvi.ee\/fi\/toode\/must-soe-naomask-kile-beauty-derm-mustade-tappide-eemaldamine-75-g\/","og_site_name":"REKVI","article_publisher":"https:\/\/www.facebook.com\/Rekvi.ee","og_image":[{"width":1500,"height":1500,"url":"https:\/\/www.rekvi.ee\/wp-content\/uploads\/2024\/01\/643245-1500x1500-1dcc.jpg","type":"image\/jpeg"}],"twitter_card":"summary_large_image","schema":{"@context":"https:\/\/schema.org","@graph":[{"@type":"WebPage","@id":"https:\/\/www.rekvi.ee\/fi\/toode\/must-soe-naomask-kile-beauty-derm-mustade-tappide-eemaldamine-75-g\/","url":"https:\/\/www.rekvi.ee\/fi\/toode\/must-soe-naomask-kile-beauty-derm-mustade-tappide-eemaldamine-75-g\/","name":"Musta rahka kasvonaamio-kalvo \u201dBeauty derm\u201d, \u201dMustien t\u00e4plien poisto\u201d 75 g &ndash; REKVI","isPartOf":{"@id":"https:\/\/www.rekvi.ee\/#website"},"datePublished":"2024-01-03T14:07:27+00:00","dateModified":"2024-01-03T14:07:27+00:00","description":"\u0417\u0430\u043a\u0430\u0437\u0430\u0442\u044c \u00abMusta rahka kasvonaamio-kalvo \u201dBeauty derm\u201d, \u201dMustien t\u00e4plien poisto\u201d 75 g\u00bb \u0432 \u0438\u043d\u0442\u0435\u0440\u043d\u0435\u0442-\u043c\u0430\u0433\u0430\u0437\u0438\u043d\u0435 REKVI \u0441 \u0434\u043e\u0441\u0442\u0430\u0432\u043a\u043e\u0439 \u043f\u043e \u042d\u0441\u0442\u043e\u043d\u0438\u0438. \u260e +3726363659","breadcrumb":{"@id":"https:\/\/www.rekvi.ee\/fi\/toode\/must-soe-naomask-kile-beauty-derm-mustade-tappide-eemaldamine-75-g\/#breadcrumb"},"inLanguage":"fi","potentialAction":[{"@type":"ReadAction","target":["https:\/\/www.rekvi.ee\/fi\/toode\/must-soe-naomask-kile-beauty-derm-mustade-tappide-eemaldamine-75-g\/"]}]},{"@type":"BreadcrumbList","@id":"https:\/\/www.rekvi.ee\/fi\/toode\/must-soe-naomask-kile-beauty-derm-mustade-tappide-eemaldamine-75-g\/#breadcrumb","itemListElement":[{"@type":"ListItem","position":1,"name":"Shop","item":"https:\/\/www.rekvi.ee\/en\/e-shop\/"},{"@type":"ListItem","position":2,"name":"Musta rahka kasvonaamio-kalvo \u201dBeauty derm\u201d, \u201dMustien t\u00e4plien poisto\u201d 75 g"}]},{"@type":"WebSite","@id":"https:\/\/www.rekvi.ee\/#website","url":"https:\/\/www.rekvi.ee\/","name":"REKVI","description":"Tere tulemast kosmeetika maailma!","potentialAction":[{"@type":"SearchAction","target":{"@type":"EntryPoint","urlTemplate":"https:\/\/www.rekvi.ee\/?s={search_term_string}"},"query-input":"required name=search_term_string"}],"inLanguage":"fi"}]}},"_links":{"self":[{"href":"https:\/\/www.rekvi.ee\/fi\/wp-json\/wp\/v2\/product\/69969"}],"collection":[{"href":"https:\/\/www.rekvi.ee\/fi\/wp-json\/wp\/v2\/product"}],"about":[{"href":"https:\/\/www.rekvi.ee\/fi\/wp-json\/wp\/v2\/types\/product"}],"wp:featuredmedia":[{"embeddable":true,"href":"https:\/\/www.rekvi.ee\/fi\/wp-json\/wp\/v2\/media\/64529"}],"wp:attachment":[{"href":"https:\/\/www.rekvi.ee\/fi\/wp-json\/wp\/v2\/media?parent=69969"}],"wp:term":[{"taxonomy":"product_cat","embeddable":true,"href":"https:\/\/www.rekvi.ee\/fi\/wp-json\/wp\/v2\/product_cat?post=69969"},{"taxonomy":"product_tag","embeddable":true,"href":"https:\/\/www.rekvi.ee\/fi\/wp-json\/wp\/v2\/product_tag?post=69969"}],"curies":[{"name":"wp","href":"https:\/\/api.w.org\/{rel}","templated":true}]}}