{"id":69993,"date":"2024-01-08T11:27:03","date_gmt":"2024-01-08T08:27:03","guid":{"rendered":"https:\/\/www.rekvi.ee\/toode\/koorija-naole-beauty-derm-sebumno-75-ml\/"},"modified":"2024-01-08T11:27:03","modified_gmt":"2024-01-08T08:27:03","slug":"koorija-naole-beauty-derm-sebumno-75-ml","status":"publish","type":"product","link":"https:\/\/www.rekvi.ee\/fi\/toode\/koorija-naole-beauty-derm-sebumno-75-ml\/","title":{"rendered":"Kasvojen kuorinta \u201dBeauty derm Sebum?Ei!\u201d 75ml"},"content":{"rendered":"","protected":false},"excerpt":{"rendered":"<p>Tuote on erityisesti suunniteltu rasvaisen ja sekaihon syv\u00e4puhdistukseen. Rauhoittaa, puhdistaa ihoa ja auttaa v\u00e4hent\u00e4m\u00e4\u00e4n \u00e4rsytyst\u00e4 sek\u00e4 punoitusta.<\/p>\n<p>K\u00e4ytt\u00f6: Levit\u00e4 pieni m\u00e4\u00e4r\u00e4 kuorinta-ainetta kostealle kasvojen ja kaulan iholle silm\u00e4nymp\u00e4rysaluetta lukuun ottamatta. Hiero ja huuhtele vedell\u00e4.<\/p>\n<p>Ainesosat:<\/p>\n<div class=\"collapsible-heading open-block\">\n<p><span style=\"color: #333333; font-size: 16px;\">Aqua (Water), Paraffinum Liquidum (Mineral Oil), Potassium Cetyl Phosphate, Glycerin, Cetearyl Alcohol, Petrolatum, Urea, Cocamidopropyl Betaine, Prunus Armeniaca (Apricot) Seed Powder, Glyceryl Monostearate, Glycol Distearate, Xanthan Gum, Propylene Glycol, Ananas Sativus (Pineapple) Fruit Extract, PEG-7 Glyceryl Cocoate, Camellia Sinensis (Green Tea) Leaf Extract, Hamamelis Virginiana (Witch Hazel) Leaf Extract, Inulin, Alpha-Glucan Oligosaccharide, Hyaluronic Acid, Lactic Acid, PEG-40 Hydrogenated Castor Oil, Allantoin, Panthenol, Disodium EDTA, Parfum (Fragrance), Sodium Benzoate, Phenoxyethanol, Methylparaben, Ethylparaben, Propylparaben.<\/span><\/p>\n<\/div>\n<p>&nbsp;<\/p>\n","protected":false},"featured_media":64570,"template":"","meta":[],"product_cat":[2606,2603,2604,2820],"product_tag":[],"yoast_head":"<!-- This site is optimized with the Yoast SEO plugin v19.5.1 - https:\/\/yoast.com\/wordpress\/plugins\/seo\/ -->\n<title>Kasvojen kuorinta \u201dBeauty derm Sebum?Ei!\u201d 75ml &ndash; REKVI<\/title>\n<meta name=\"description\" content=\"\u0417\u0430\u043a\u0430\u0437\u0430\u0442\u044c \u00abKasvojen kuorinta \u201dBeauty derm Sebum?Ei!\u201d 75ml\u00bb \u0432 \u0438\u043d\u0442\u0435\u0440\u043d\u0435\u0442-\u043c\u0430\u0433\u0430\u0437\u0438\u043d\u0435 REKVI \u0441 \u0434\u043e\u0441\u0442\u0430\u0432\u043a\u043e\u0439 \u043f\u043e \u042d\u0441\u0442\u043e\u043d\u0438\u0438. \u260e +3726363659\" \/>\n<meta name=\"robots\" content=\"index, follow, max-snippet:-1, max-image-preview:large, max-video-preview:-1\" \/>\n<link rel=\"canonical\" href=\"https:\/\/www.rekvi.ee\/fi\/toode\/koorija-naole-beauty-derm-sebumno-75-ml\/\" \/>\n<meta property=\"og:locale\" content=\"fi_FI\" \/>\n<meta property=\"og:type\" content=\"article\" \/>\n<meta property=\"og:title\" content=\"Kasvojen kuorinta \u201dBeauty derm Sebum?Ei!\u201d 75ml &ndash; REKVI\" \/>\n<meta property=\"og:description\" content=\"\u0417\u0430\u043a\u0430\u0437\u0430\u0442\u044c \u00abKasvojen kuorinta \u201dBeauty derm Sebum?Ei!\u201d 75ml\u00bb \u0432 \u0438\u043d\u0442\u0435\u0440\u043d\u0435\u0442-\u043c\u0430\u0433\u0430\u0437\u0438\u043d\u0435 REKVI \u0441 \u0434\u043e\u0441\u0442\u0430\u0432\u043a\u043e\u0439 \u043f\u043e \u042d\u0441\u0442\u043e\u043d\u0438\u0438. \u260e +3726363659\" \/>\n<meta property=\"og:url\" content=\"https:\/\/www.rekvi.ee\/fi\/toode\/koorija-naole-beauty-derm-sebumno-75-ml\/\" \/>\n<meta property=\"og:site_name\" content=\"REKVI\" \/>\n<meta property=\"article:publisher\" content=\"https:\/\/www.facebook.com\/Rekvi.ee\" \/>\n<meta property=\"og:image\" content=\"https:\/\/www.rekvi.ee\/wp-content\/uploads\/2024\/01\/4820185224994-254932-big-1500x1500-b110.jpg\" \/>\n\t<meta property=\"og:image:width\" content=\"1500\" \/>\n\t<meta property=\"og:image:height\" content=\"1500\" \/>\n\t<meta property=\"og:image:type\" content=\"image\/jpeg\" \/>\n<meta name=\"twitter:card\" content=\"summary_large_image\" \/>\n<script type=\"application\/ld+json\" class=\"yoast-schema-graph\">{\"@context\":\"https:\/\/schema.org\",\"@graph\":[{\"@type\":\"WebPage\",\"@id\":\"https:\/\/www.rekvi.ee\/fi\/toode\/koorija-naole-beauty-derm-sebumno-75-ml\/\",\"url\":\"https:\/\/www.rekvi.ee\/fi\/toode\/koorija-naole-beauty-derm-sebumno-75-ml\/\",\"name\":\"Kasvojen kuorinta \u201dBeauty derm Sebum?Ei!\u201d 75ml &ndash; REKVI\",\"isPartOf\":{\"@id\":\"https:\/\/www.rekvi.ee\/#website\"},\"datePublished\":\"2024-01-08T08:27:03+00:00\",\"dateModified\":\"2024-01-08T08:27:03+00:00\",\"description\":\"\u0417\u0430\u043a\u0430\u0437\u0430\u0442\u044c \u00abKasvojen kuorinta \u201dBeauty derm Sebum?Ei!\u201d 75ml\u00bb \u0432 \u0438\u043d\u0442\u0435\u0440\u043d\u0435\u0442-\u043c\u0430\u0433\u0430\u0437\u0438\u043d\u0435 REKVI \u0441 \u0434\u043e\u0441\u0442\u0430\u0432\u043a\u043e\u0439 \u043f\u043e \u042d\u0441\u0442\u043e\u043d\u0438\u0438. \u260e +3726363659\",\"breadcrumb\":{\"@id\":\"https:\/\/www.rekvi.ee\/fi\/toode\/koorija-naole-beauty-derm-sebumno-75-ml\/#breadcrumb\"},\"inLanguage\":\"fi\",\"potentialAction\":[{\"@type\":\"ReadAction\",\"target\":[\"https:\/\/www.rekvi.ee\/fi\/toode\/koorija-naole-beauty-derm-sebumno-75-ml\/\"]}]},{\"@type\":\"BreadcrumbList\",\"@id\":\"https:\/\/www.rekvi.ee\/fi\/toode\/koorija-naole-beauty-derm-sebumno-75-ml\/#breadcrumb\",\"itemListElement\":[{\"@type\":\"ListItem\",\"position\":1,\"name\":\"Shop\",\"item\":\"https:\/\/www.rekvi.ee\/en\/e-shop\/\"},{\"@type\":\"ListItem\",\"position\":2,\"name\":\"Kasvojen kuorinta \u201dBeauty derm Sebum?Ei!\u201d 75ml\"}]},{\"@type\":\"WebSite\",\"@id\":\"https:\/\/www.rekvi.ee\/#website\",\"url\":\"https:\/\/www.rekvi.ee\/\",\"name\":\"REKVI\",\"description\":\"Tere tulemast kosmeetika maailma!\",\"potentialAction\":[{\"@type\":\"SearchAction\",\"target\":{\"@type\":\"EntryPoint\",\"urlTemplate\":\"https:\/\/www.rekvi.ee\/?s={search_term_string}\"},\"query-input\":\"required name=search_term_string\"}],\"inLanguage\":\"fi\"}]}<\/script>\n<!-- \/ Yoast SEO plugin. -->","yoast_head_json":{"title":"Kasvojen kuorinta \u201dBeauty derm Sebum?Ei!\u201d 75ml &ndash; REKVI","description":"\u0417\u0430\u043a\u0430\u0437\u0430\u0442\u044c \u00abKasvojen kuorinta \u201dBeauty derm Sebum?Ei!\u201d 75ml\u00bb \u0432 \u0438\u043d\u0442\u0435\u0440\u043d\u0435\u0442-\u043c\u0430\u0433\u0430\u0437\u0438\u043d\u0435 REKVI \u0441 \u0434\u043e\u0441\u0442\u0430\u0432\u043a\u043e\u0439 \u043f\u043e \u042d\u0441\u0442\u043e\u043d\u0438\u0438. \u260e +3726363659","robots":{"index":"index","follow":"follow","max-snippet":"max-snippet:-1","max-image-preview":"max-image-preview:large","max-video-preview":"max-video-preview:-1"},"canonical":"https:\/\/www.rekvi.ee\/fi\/toode\/koorija-naole-beauty-derm-sebumno-75-ml\/","og_locale":"fi_FI","og_type":"article","og_title":"Kasvojen kuorinta \u201dBeauty derm Sebum?Ei!\u201d 75ml &ndash; REKVI","og_description":"\u0417\u0430\u043a\u0430\u0437\u0430\u0442\u044c \u00abKasvojen kuorinta \u201dBeauty derm Sebum?Ei!\u201d 75ml\u00bb \u0432 \u0438\u043d\u0442\u0435\u0440\u043d\u0435\u0442-\u043c\u0430\u0433\u0430\u0437\u0438\u043d\u0435 REKVI \u0441 \u0434\u043e\u0441\u0442\u0430\u0432\u043a\u043e\u0439 \u043f\u043e \u042d\u0441\u0442\u043e\u043d\u0438\u0438. \u260e +3726363659","og_url":"https:\/\/www.rekvi.ee\/fi\/toode\/koorija-naole-beauty-derm-sebumno-75-ml\/","og_site_name":"REKVI","article_publisher":"https:\/\/www.facebook.com\/Rekvi.ee","og_image":[{"width":1500,"height":1500,"url":"https:\/\/www.rekvi.ee\/wp-content\/uploads\/2024\/01\/4820185224994-254932-big-1500x1500-b110.jpg","type":"image\/jpeg"}],"twitter_card":"summary_large_image","schema":{"@context":"https:\/\/schema.org","@graph":[{"@type":"WebPage","@id":"https:\/\/www.rekvi.ee\/fi\/toode\/koorija-naole-beauty-derm-sebumno-75-ml\/","url":"https:\/\/www.rekvi.ee\/fi\/toode\/koorija-naole-beauty-derm-sebumno-75-ml\/","name":"Kasvojen kuorinta \u201dBeauty derm Sebum?Ei!\u201d 75ml &ndash; REKVI","isPartOf":{"@id":"https:\/\/www.rekvi.ee\/#website"},"datePublished":"2024-01-08T08:27:03+00:00","dateModified":"2024-01-08T08:27:03+00:00","description":"\u0417\u0430\u043a\u0430\u0437\u0430\u0442\u044c \u00abKasvojen kuorinta \u201dBeauty derm Sebum?Ei!\u201d 75ml\u00bb \u0432 \u0438\u043d\u0442\u0435\u0440\u043d\u0435\u0442-\u043c\u0430\u0433\u0430\u0437\u0438\u043d\u0435 REKVI \u0441 \u0434\u043e\u0441\u0442\u0430\u0432\u043a\u043e\u0439 \u043f\u043e \u042d\u0441\u0442\u043e\u043d\u0438\u0438. \u260e +3726363659","breadcrumb":{"@id":"https:\/\/www.rekvi.ee\/fi\/toode\/koorija-naole-beauty-derm-sebumno-75-ml\/#breadcrumb"},"inLanguage":"fi","potentialAction":[{"@type":"ReadAction","target":["https:\/\/www.rekvi.ee\/fi\/toode\/koorija-naole-beauty-derm-sebumno-75-ml\/"]}]},{"@type":"BreadcrumbList","@id":"https:\/\/www.rekvi.ee\/fi\/toode\/koorija-naole-beauty-derm-sebumno-75-ml\/#breadcrumb","itemListElement":[{"@type":"ListItem","position":1,"name":"Shop","item":"https:\/\/www.rekvi.ee\/en\/e-shop\/"},{"@type":"ListItem","position":2,"name":"Kasvojen kuorinta \u201dBeauty derm Sebum?Ei!\u201d 75ml"}]},{"@type":"WebSite","@id":"https:\/\/www.rekvi.ee\/#website","url":"https:\/\/www.rekvi.ee\/","name":"REKVI","description":"Tere tulemast kosmeetika maailma!","potentialAction":[{"@type":"SearchAction","target":{"@type":"EntryPoint","urlTemplate":"https:\/\/www.rekvi.ee\/?s={search_term_string}"},"query-input":"required name=search_term_string"}],"inLanguage":"fi"}]}},"_links":{"self":[{"href":"https:\/\/www.rekvi.ee\/fi\/wp-json\/wp\/v2\/product\/69993"}],"collection":[{"href":"https:\/\/www.rekvi.ee\/fi\/wp-json\/wp\/v2\/product"}],"about":[{"href":"https:\/\/www.rekvi.ee\/fi\/wp-json\/wp\/v2\/types\/product"}],"wp:featuredmedia":[{"embeddable":true,"href":"https:\/\/www.rekvi.ee\/fi\/wp-json\/wp\/v2\/media\/64570"}],"wp:attachment":[{"href":"https:\/\/www.rekvi.ee\/fi\/wp-json\/wp\/v2\/media?parent=69993"}],"wp:term":[{"taxonomy":"product_cat","embeddable":true,"href":"https:\/\/www.rekvi.ee\/fi\/wp-json\/wp\/v2\/product_cat?post=69993"},{"taxonomy":"product_tag","embeddable":true,"href":"https:\/\/www.rekvi.ee\/fi\/wp-json\/wp\/v2\/product_tag?post=69993"}],"curies":[{"name":"wp","href":"https:\/\/api.w.org\/{rel}","templated":true}]}}