{"id":69999,"date":"2024-01-08T16:12:54","date_gmt":"2024-01-08T13:12:54","guid":{"rendered":"https:\/\/www.rekvi.ee\/toode\/kihisev-vannipall-queen-skin-marjadega-75g\/"},"modified":"2024-01-08T16:12:54","modified_gmt":"2024-01-08T13:12:54","slug":"kihisev-vannipall-queen-skin-marjadega-75g","status":"publish","type":"product","link":"https:\/\/www.rekvi.ee\/fi\/toode\/kihisev-vannipall-queen-skin-marjadega-75g\/","title":{"rendered":"Vaahtokylpy \u201dQueen Skin\u201d marjoilla 75g"},"content":{"rendered":"","protected":false},"excerpt":{"rendered":"<p>Kihisev\u00e4 kylpypommi kehon ja mielen rentoutumiseen on paras stressi\u00e4 lievitt\u00e4v\u00e4 kylpy. Auttaa rentoutumaan.<\/p>\n<p>K\u00e4ytt\u00f6: Aseta \u201ckylpypallo\u201d l\u00e4mpim\u00e4\u00e4n kylpyveteen, se liukenee kuplien ja t\u00e4ytt\u00e4\u00e4 kylvyn miellytt\u00e4v\u00e4ll\u00e4 tuoksulla. Nauti tuoksuinen kylpy 20 minuuttia. Hoidon j\u00e4lkeen huuhtele keho vedell\u00e4, kuivaa pyyhkeell\u00e4 ja anna \u00f6ljyjen imeyty\u00e4 ihoon.<\/p>\n<p>Kihisev\u00e4 kylpypommi kehon ja mielen rentoutumiseen on paras stressi\u00e4 lievitt\u00e4v\u00e4 kylpy. Auttaa rentoutumaan.<\/p>\n<p>K\u00e4ytt\u00f6: Aseta \u201ckylpypallo\u201d l\u00e4mpim\u00e4\u00e4n kylpyveteen, se liukenee kuplien ja t\u00e4ytt\u00e4\u00e4 kylvyn miellytt\u00e4v\u00e4ll\u00e4 tuoksulla. Nauti tuoksuinen kylpy 20 minuuttia. Hoidon j\u00e4lkeen huuhtele keho vedell\u00e4, kuivaa pyyhkeell\u00e4 ja anna \u00f6ljyjen imeyty\u00e4 ihoon.<\/p>\n<p>&nbsp;<\/p>\n<p>&nbsp;<\/p>\n<p>&nbsp;<\/p>\n<p>&nbsp;<\/p>\n","protected":false},"featured_media":64577,"template":"","meta":[],"product_cat":[2603,2754,2799,2801],"product_tag":[],"yoast_head":"<!-- This site is optimized with the Yoast SEO plugin v19.5.1 - https:\/\/yoast.com\/wordpress\/plugins\/seo\/ -->\n<title>Vaahtokylpy \u201dQueen Skin\u201d marjoilla 75g &ndash; REKVI<\/title>\n<meta name=\"description\" content=\"\u0417\u0430\u043a\u0430\u0437\u0430\u0442\u044c \u00abVaahtokylpy \u201dQueen Skin\u201d marjoilla 75g\u00bb \u0432 \u0438\u043d\u0442\u0435\u0440\u043d\u0435\u0442-\u043c\u0430\u0433\u0430\u0437\u0438\u043d\u0435 REKVI \u0441 \u0434\u043e\u0441\u0442\u0430\u0432\u043a\u043e\u0439 \u043f\u043e \u042d\u0441\u0442\u043e\u043d\u0438\u0438. \u260e +3726363659\" \/>\n<meta name=\"robots\" content=\"index, follow, max-snippet:-1, max-image-preview:large, max-video-preview:-1\" \/>\n<link rel=\"canonical\" href=\"https:\/\/www.rekvi.ee\/fi\/toode\/kihisev-vannipall-queen-skin-marjadega-75g\/\" \/>\n<meta property=\"og:locale\" content=\"fi_FI\" \/>\n<meta property=\"og:type\" content=\"article\" \/>\n<meta property=\"og:title\" content=\"Vaahtokylpy \u201dQueen Skin\u201d marjoilla 75g &ndash; REKVI\" \/>\n<meta property=\"og:description\" content=\"\u0417\u0430\u043a\u0430\u0437\u0430\u0442\u044c \u00abVaahtokylpy \u201dQueen Skin\u201d marjoilla 75g\u00bb \u0432 \u0438\u043d\u0442\u0435\u0440\u043d\u0435\u0442-\u043c\u0430\u0433\u0430\u0437\u0438\u043d\u0435 REKVI \u0441 \u0434\u043e\u0441\u0442\u0430\u0432\u043a\u043e\u0439 \u043f\u043e \u042d\u0441\u0442\u043e\u043d\u0438\u0438. \u260e +3726363659\" \/>\n<meta property=\"og:url\" content=\"https:\/\/www.rekvi.ee\/fi\/toode\/kihisev-vannipall-queen-skin-marjadega-75g\/\" \/>\n<meta property=\"og:site_name\" content=\"REKVI\" \/>\n<meta property=\"article:publisher\" content=\"https:\/\/www.facebook.com\/Rekvi.ee\" \/>\n<meta property=\"og:image\" content=\"https:\/\/www.rekvi.ee\/wp-content\/uploads\/2024\/01\/queen-skin-1.png\" \/>\n\t<meta property=\"og:image:width\" content=\"350\" \/>\n\t<meta property=\"og:image:height\" content=\"350\" \/>\n\t<meta property=\"og:image:type\" content=\"image\/png\" \/>\n<meta name=\"twitter:card\" content=\"summary_large_image\" \/>\n<script type=\"application\/ld+json\" class=\"yoast-schema-graph\">{\"@context\":\"https:\/\/schema.org\",\"@graph\":[{\"@type\":\"WebPage\",\"@id\":\"https:\/\/www.rekvi.ee\/fi\/toode\/kihisev-vannipall-queen-skin-marjadega-75g\/\",\"url\":\"https:\/\/www.rekvi.ee\/fi\/toode\/kihisev-vannipall-queen-skin-marjadega-75g\/\",\"name\":\"Vaahtokylpy \u201dQueen Skin\u201d marjoilla 75g &ndash; REKVI\",\"isPartOf\":{\"@id\":\"https:\/\/www.rekvi.ee\/#website\"},\"datePublished\":\"2024-01-08T13:12:54+00:00\",\"dateModified\":\"2024-01-08T13:12:54+00:00\",\"description\":\"\u0417\u0430\u043a\u0430\u0437\u0430\u0442\u044c \u00abVaahtokylpy \u201dQueen Skin\u201d marjoilla 75g\u00bb \u0432 \u0438\u043d\u0442\u0435\u0440\u043d\u0435\u0442-\u043c\u0430\u0433\u0430\u0437\u0438\u043d\u0435 REKVI \u0441 \u0434\u043e\u0441\u0442\u0430\u0432\u043a\u043e\u0439 \u043f\u043e \u042d\u0441\u0442\u043e\u043d\u0438\u0438. \u260e +3726363659\",\"breadcrumb\":{\"@id\":\"https:\/\/www.rekvi.ee\/fi\/toode\/kihisev-vannipall-queen-skin-marjadega-75g\/#breadcrumb\"},\"inLanguage\":\"fi\",\"potentialAction\":[{\"@type\":\"ReadAction\",\"target\":[\"https:\/\/www.rekvi.ee\/fi\/toode\/kihisev-vannipall-queen-skin-marjadega-75g\/\"]}]},{\"@type\":\"BreadcrumbList\",\"@id\":\"https:\/\/www.rekvi.ee\/fi\/toode\/kihisev-vannipall-queen-skin-marjadega-75g\/#breadcrumb\",\"itemListElement\":[{\"@type\":\"ListItem\",\"position\":1,\"name\":\"Shop\",\"item\":\"https:\/\/www.rekvi.ee\/en\/e-shop\/\"},{\"@type\":\"ListItem\",\"position\":2,\"name\":\"Vaahtokylpy \u201dQueen Skin\u201d marjoilla 75g\"}]},{\"@type\":\"WebSite\",\"@id\":\"https:\/\/www.rekvi.ee\/#website\",\"url\":\"https:\/\/www.rekvi.ee\/\",\"name\":\"REKVI\",\"description\":\"Tere tulemast kosmeetika maailma!\",\"potentialAction\":[{\"@type\":\"SearchAction\",\"target\":{\"@type\":\"EntryPoint\",\"urlTemplate\":\"https:\/\/www.rekvi.ee\/?s={search_term_string}\"},\"query-input\":\"required name=search_term_string\"}],\"inLanguage\":\"fi\"}]}<\/script>\n<!-- \/ Yoast SEO plugin. -->","yoast_head_json":{"title":"Vaahtokylpy \u201dQueen Skin\u201d marjoilla 75g &ndash; REKVI","description":"\u0417\u0430\u043a\u0430\u0437\u0430\u0442\u044c \u00abVaahtokylpy \u201dQueen Skin\u201d marjoilla 75g\u00bb \u0432 \u0438\u043d\u0442\u0435\u0440\u043d\u0435\u0442-\u043c\u0430\u0433\u0430\u0437\u0438\u043d\u0435 REKVI \u0441 \u0434\u043e\u0441\u0442\u0430\u0432\u043a\u043e\u0439 \u043f\u043e \u042d\u0441\u0442\u043e\u043d\u0438\u0438. \u260e +3726363659","robots":{"index":"index","follow":"follow","max-snippet":"max-snippet:-1","max-image-preview":"max-image-preview:large","max-video-preview":"max-video-preview:-1"},"canonical":"https:\/\/www.rekvi.ee\/fi\/toode\/kihisev-vannipall-queen-skin-marjadega-75g\/","og_locale":"fi_FI","og_type":"article","og_title":"Vaahtokylpy \u201dQueen Skin\u201d marjoilla 75g &ndash; REKVI","og_description":"\u0417\u0430\u043a\u0430\u0437\u0430\u0442\u044c \u00abVaahtokylpy \u201dQueen Skin\u201d marjoilla 75g\u00bb \u0432 \u0438\u043d\u0442\u0435\u0440\u043d\u0435\u0442-\u043c\u0430\u0433\u0430\u0437\u0438\u043d\u0435 REKVI \u0441 \u0434\u043e\u0441\u0442\u0430\u0432\u043a\u043e\u0439 \u043f\u043e \u042d\u0441\u0442\u043e\u043d\u0438\u0438. \u260e +3726363659","og_url":"https:\/\/www.rekvi.ee\/fi\/toode\/kihisev-vannipall-queen-skin-marjadega-75g\/","og_site_name":"REKVI","article_publisher":"https:\/\/www.facebook.com\/Rekvi.ee","og_image":[{"width":350,"height":350,"url":"https:\/\/www.rekvi.ee\/wp-content\/uploads\/2024\/01\/queen-skin-1.png","type":"image\/png"}],"twitter_card":"summary_large_image","schema":{"@context":"https:\/\/schema.org","@graph":[{"@type":"WebPage","@id":"https:\/\/www.rekvi.ee\/fi\/toode\/kihisev-vannipall-queen-skin-marjadega-75g\/","url":"https:\/\/www.rekvi.ee\/fi\/toode\/kihisev-vannipall-queen-skin-marjadega-75g\/","name":"Vaahtokylpy \u201dQueen Skin\u201d marjoilla 75g &ndash; REKVI","isPartOf":{"@id":"https:\/\/www.rekvi.ee\/#website"},"datePublished":"2024-01-08T13:12:54+00:00","dateModified":"2024-01-08T13:12:54+00:00","description":"\u0417\u0430\u043a\u0430\u0437\u0430\u0442\u044c \u00abVaahtokylpy \u201dQueen Skin\u201d marjoilla 75g\u00bb \u0432 \u0438\u043d\u0442\u0435\u0440\u043d\u0435\u0442-\u043c\u0430\u0433\u0430\u0437\u0438\u043d\u0435 REKVI \u0441 \u0434\u043e\u0441\u0442\u0430\u0432\u043a\u043e\u0439 \u043f\u043e \u042d\u0441\u0442\u043e\u043d\u0438\u0438. \u260e +3726363659","breadcrumb":{"@id":"https:\/\/www.rekvi.ee\/fi\/toode\/kihisev-vannipall-queen-skin-marjadega-75g\/#breadcrumb"},"inLanguage":"fi","potentialAction":[{"@type":"ReadAction","target":["https:\/\/www.rekvi.ee\/fi\/toode\/kihisev-vannipall-queen-skin-marjadega-75g\/"]}]},{"@type":"BreadcrumbList","@id":"https:\/\/www.rekvi.ee\/fi\/toode\/kihisev-vannipall-queen-skin-marjadega-75g\/#breadcrumb","itemListElement":[{"@type":"ListItem","position":1,"name":"Shop","item":"https:\/\/www.rekvi.ee\/en\/e-shop\/"},{"@type":"ListItem","position":2,"name":"Vaahtokylpy \u201dQueen Skin\u201d marjoilla 75g"}]},{"@type":"WebSite","@id":"https:\/\/www.rekvi.ee\/#website","url":"https:\/\/www.rekvi.ee\/","name":"REKVI","description":"Tere tulemast kosmeetika maailma!","potentialAction":[{"@type":"SearchAction","target":{"@type":"EntryPoint","urlTemplate":"https:\/\/www.rekvi.ee\/?s={search_term_string}"},"query-input":"required name=search_term_string"}],"inLanguage":"fi"}]}},"_links":{"self":[{"href":"https:\/\/www.rekvi.ee\/fi\/wp-json\/wp\/v2\/product\/69999"}],"collection":[{"href":"https:\/\/www.rekvi.ee\/fi\/wp-json\/wp\/v2\/product"}],"about":[{"href":"https:\/\/www.rekvi.ee\/fi\/wp-json\/wp\/v2\/types\/product"}],"wp:featuredmedia":[{"embeddable":true,"href":"https:\/\/www.rekvi.ee\/fi\/wp-json\/wp\/v2\/media\/64577"}],"wp:attachment":[{"href":"https:\/\/www.rekvi.ee\/fi\/wp-json\/wp\/v2\/media?parent=69999"}],"wp:term":[{"taxonomy":"product_cat","embeddable":true,"href":"https:\/\/www.rekvi.ee\/fi\/wp-json\/wp\/v2\/product_cat?post=69999"},{"taxonomy":"product_tag","embeddable":true,"href":"https:\/\/www.rekvi.ee\/fi\/wp-json\/wp\/v2\/product_tag?post=69999"}],"curies":[{"name":"wp","href":"https:\/\/api.w.org\/{rel}","templated":true}]}}