{"id":70054,"date":"2023-11-20T12:02:29","date_gmt":"2023-11-20T09:02:29","guid":{"rendered":"https:\/\/www.rekvi.ee\/toode\/1676-disney-princess-kuunte-kaunistamise-komplekt\/"},"modified":"2023-11-20T12:02:29","modified_gmt":"2023-11-20T09:02:29","slug":"1676-disney-princess-kuunte-kaunistamise-komplekt","status":"publish","type":"product","link":"https:\/\/www.rekvi.ee\/fi\/toode\/1676-disney-princess-kuunte-kaunistamise-komplekt\/","title":{"rendered":"1676 DISNEY PRINCESS kynttil\u00e4koristesarja"},"content":{"rendered":"","protected":false},"excerpt":{"rendered":"<p>Kynsilakoista ja -tarroista koostuva setti antaa pienille tyt\u00f6ille mahdollisuuden koristella sormiaan.<\/p>\n<p>T\u00e4ll\u00e4 tavalla he oppivat huolehtimaan kynsist\u00e4\u00e4n.<\/p>\n","protected":false},"featured_media":64416,"template":"","meta":[],"product_cat":[2762,2742,2801],"product_tag":[],"yoast_head":"<!-- This site is optimized with the Yoast SEO plugin v19.5.1 - https:\/\/yoast.com\/wordpress\/plugins\/seo\/ -->\n<title>1676 DISNEY PRINCESS kynttil\u00e4koristesarja &ndash; REKVI<\/title>\n<meta name=\"description\" content=\"\u0417\u0430\u043a\u0430\u0437\u0430\u0442\u044c \u00ab1676 DISNEY PRINCESS kynttil\u00e4koristesarja\u00bb \u0432 \u0438\u043d\u0442\u0435\u0440\u043d\u0435\u0442-\u043c\u0430\u0433\u0430\u0437\u0438\u043d\u0435 REKVI \u0441 \u0434\u043e\u0441\u0442\u0430\u0432\u043a\u043e\u0439 \u043f\u043e \u042d\u0441\u0442\u043e\u043d\u0438\u0438. \u260e +3726363659\" \/>\n<meta name=\"robots\" content=\"index, follow, max-snippet:-1, max-image-preview:large, max-video-preview:-1\" \/>\n<link rel=\"canonical\" href=\"https:\/\/www.rekvi.ee\/fi\/toode\/1676-disney-princess-kuunte-kaunistamise-komplekt\/\" \/>\n<meta property=\"og:locale\" content=\"fi_FI\" \/>\n<meta property=\"og:type\" content=\"article\" \/>\n<meta property=\"og:title\" content=\"1676 DISNEY PRINCESS kynttil\u00e4koristesarja &ndash; REKVI\" \/>\n<meta property=\"og:description\" content=\"\u0417\u0430\u043a\u0430\u0437\u0430\u0442\u044c \u00ab1676 DISNEY PRINCESS kynttil\u00e4koristesarja\u00bb \u0432 \u0438\u043d\u0442\u0435\u0440\u043d\u0435\u0442-\u043c\u0430\u0433\u0430\u0437\u0438\u043d\u0435 REKVI \u0441 \u0434\u043e\u0441\u0442\u0430\u0432\u043a\u043e\u0439 \u043f\u043e \u042d\u0441\u0442\u043e\u043d\u0438\u0438. \u260e +3726363659\" \/>\n<meta property=\"og:url\" content=\"https:\/\/www.rekvi.ee\/fi\/toode\/1676-disney-princess-kuunte-kaunistamise-komplekt\/\" \/>\n<meta property=\"og:site_name\" content=\"REKVI\" \/>\n<meta property=\"article:publisher\" content=\"https:\/\/www.facebook.com\/Rekvi.ee\" \/>\n<meta property=\"og:image\" content=\"https:\/\/www.rekvi.ee\/wp-content\/uploads\/2023\/11\/risunok2.png\" \/>\n\t<meta property=\"og:image:width\" content=\"1038\" \/>\n\t<meta property=\"og:image:height\" content=\"950\" \/>\n\t<meta property=\"og:image:type\" content=\"image\/png\" \/>\n<meta name=\"twitter:card\" content=\"summary_large_image\" \/>\n<script type=\"application\/ld+json\" class=\"yoast-schema-graph\">{\"@context\":\"https:\/\/schema.org\",\"@graph\":[{\"@type\":\"WebPage\",\"@id\":\"https:\/\/www.rekvi.ee\/fi\/toode\/1676-disney-princess-kuunte-kaunistamise-komplekt\/\",\"url\":\"https:\/\/www.rekvi.ee\/fi\/toode\/1676-disney-princess-kuunte-kaunistamise-komplekt\/\",\"name\":\"1676 DISNEY PRINCESS kynttil\u00e4koristesarja &ndash; REKVI\",\"isPartOf\":{\"@id\":\"https:\/\/www.rekvi.ee\/#website\"},\"datePublished\":\"2023-11-20T09:02:29+00:00\",\"dateModified\":\"2023-11-20T09:02:29+00:00\",\"description\":\"\u0417\u0430\u043a\u0430\u0437\u0430\u0442\u044c \u00ab1676 DISNEY PRINCESS kynttil\u00e4koristesarja\u00bb \u0432 \u0438\u043d\u0442\u0435\u0440\u043d\u0435\u0442-\u043c\u0430\u0433\u0430\u0437\u0438\u043d\u0435 REKVI \u0441 \u0434\u043e\u0441\u0442\u0430\u0432\u043a\u043e\u0439 \u043f\u043e \u042d\u0441\u0442\u043e\u043d\u0438\u0438. \u260e +3726363659\",\"breadcrumb\":{\"@id\":\"https:\/\/www.rekvi.ee\/fi\/toode\/1676-disney-princess-kuunte-kaunistamise-komplekt\/#breadcrumb\"},\"inLanguage\":\"fi\",\"potentialAction\":[{\"@type\":\"ReadAction\",\"target\":[\"https:\/\/www.rekvi.ee\/fi\/toode\/1676-disney-princess-kuunte-kaunistamise-komplekt\/\"]}]},{\"@type\":\"BreadcrumbList\",\"@id\":\"https:\/\/www.rekvi.ee\/fi\/toode\/1676-disney-princess-kuunte-kaunistamise-komplekt\/#breadcrumb\",\"itemListElement\":[{\"@type\":\"ListItem\",\"position\":1,\"name\":\"Shop\",\"item\":\"https:\/\/www.rekvi.ee\/en\/e-shop\/\"},{\"@type\":\"ListItem\",\"position\":2,\"name\":\"1676 DISNEY PRINCESS kynttil\u00e4koristesarja\"}]},{\"@type\":\"WebSite\",\"@id\":\"https:\/\/www.rekvi.ee\/#website\",\"url\":\"https:\/\/www.rekvi.ee\/\",\"name\":\"REKVI\",\"description\":\"Tere tulemast kosmeetika maailma!\",\"potentialAction\":[{\"@type\":\"SearchAction\",\"target\":{\"@type\":\"EntryPoint\",\"urlTemplate\":\"https:\/\/www.rekvi.ee\/?s={search_term_string}\"},\"query-input\":\"required name=search_term_string\"}],\"inLanguage\":\"fi\"}]}<\/script>\n<!-- \/ Yoast SEO plugin. -->","yoast_head_json":{"title":"1676 DISNEY PRINCESS kynttil\u00e4koristesarja &ndash; REKVI","description":"\u0417\u0430\u043a\u0430\u0437\u0430\u0442\u044c \u00ab1676 DISNEY PRINCESS kynttil\u00e4koristesarja\u00bb \u0432 \u0438\u043d\u0442\u0435\u0440\u043d\u0435\u0442-\u043c\u0430\u0433\u0430\u0437\u0438\u043d\u0435 REKVI \u0441 \u0434\u043e\u0441\u0442\u0430\u0432\u043a\u043e\u0439 \u043f\u043e \u042d\u0441\u0442\u043e\u043d\u0438\u0438. \u260e +3726363659","robots":{"index":"index","follow":"follow","max-snippet":"max-snippet:-1","max-image-preview":"max-image-preview:large","max-video-preview":"max-video-preview:-1"},"canonical":"https:\/\/www.rekvi.ee\/fi\/toode\/1676-disney-princess-kuunte-kaunistamise-komplekt\/","og_locale":"fi_FI","og_type":"article","og_title":"1676 DISNEY PRINCESS kynttil\u00e4koristesarja &ndash; REKVI","og_description":"\u0417\u0430\u043a\u0430\u0437\u0430\u0442\u044c \u00ab1676 DISNEY PRINCESS kynttil\u00e4koristesarja\u00bb \u0432 \u0438\u043d\u0442\u0435\u0440\u043d\u0435\u0442-\u043c\u0430\u0433\u0430\u0437\u0438\u043d\u0435 REKVI \u0441 \u0434\u043e\u0441\u0442\u0430\u0432\u043a\u043e\u0439 \u043f\u043e \u042d\u0441\u0442\u043e\u043d\u0438\u0438. \u260e +3726363659","og_url":"https:\/\/www.rekvi.ee\/fi\/toode\/1676-disney-princess-kuunte-kaunistamise-komplekt\/","og_site_name":"REKVI","article_publisher":"https:\/\/www.facebook.com\/Rekvi.ee","og_image":[{"width":1038,"height":950,"url":"https:\/\/www.rekvi.ee\/wp-content\/uploads\/2023\/11\/risunok2.png","type":"image\/png"}],"twitter_card":"summary_large_image","schema":{"@context":"https:\/\/schema.org","@graph":[{"@type":"WebPage","@id":"https:\/\/www.rekvi.ee\/fi\/toode\/1676-disney-princess-kuunte-kaunistamise-komplekt\/","url":"https:\/\/www.rekvi.ee\/fi\/toode\/1676-disney-princess-kuunte-kaunistamise-komplekt\/","name":"1676 DISNEY PRINCESS kynttil\u00e4koristesarja &ndash; REKVI","isPartOf":{"@id":"https:\/\/www.rekvi.ee\/#website"},"datePublished":"2023-11-20T09:02:29+00:00","dateModified":"2023-11-20T09:02:29+00:00","description":"\u0417\u0430\u043a\u0430\u0437\u0430\u0442\u044c \u00ab1676 DISNEY PRINCESS kynttil\u00e4koristesarja\u00bb \u0432 \u0438\u043d\u0442\u0435\u0440\u043d\u0435\u0442-\u043c\u0430\u0433\u0430\u0437\u0438\u043d\u0435 REKVI \u0441 \u0434\u043e\u0441\u0442\u0430\u0432\u043a\u043e\u0439 \u043f\u043e \u042d\u0441\u0442\u043e\u043d\u0438\u0438. \u260e +3726363659","breadcrumb":{"@id":"https:\/\/www.rekvi.ee\/fi\/toode\/1676-disney-princess-kuunte-kaunistamise-komplekt\/#breadcrumb"},"inLanguage":"fi","potentialAction":[{"@type":"ReadAction","target":["https:\/\/www.rekvi.ee\/fi\/toode\/1676-disney-princess-kuunte-kaunistamise-komplekt\/"]}]},{"@type":"BreadcrumbList","@id":"https:\/\/www.rekvi.ee\/fi\/toode\/1676-disney-princess-kuunte-kaunistamise-komplekt\/#breadcrumb","itemListElement":[{"@type":"ListItem","position":1,"name":"Shop","item":"https:\/\/www.rekvi.ee\/en\/e-shop\/"},{"@type":"ListItem","position":2,"name":"1676 DISNEY PRINCESS kynttil\u00e4koristesarja"}]},{"@type":"WebSite","@id":"https:\/\/www.rekvi.ee\/#website","url":"https:\/\/www.rekvi.ee\/","name":"REKVI","description":"Tere tulemast kosmeetika maailma!","potentialAction":[{"@type":"SearchAction","target":{"@type":"EntryPoint","urlTemplate":"https:\/\/www.rekvi.ee\/?s={search_term_string}"},"query-input":"required name=search_term_string"}],"inLanguage":"fi"}]}},"_links":{"self":[{"href":"https:\/\/www.rekvi.ee\/fi\/wp-json\/wp\/v2\/product\/70054"}],"collection":[{"href":"https:\/\/www.rekvi.ee\/fi\/wp-json\/wp\/v2\/product"}],"about":[{"href":"https:\/\/www.rekvi.ee\/fi\/wp-json\/wp\/v2\/types\/product"}],"wp:featuredmedia":[{"embeddable":true,"href":"https:\/\/www.rekvi.ee\/fi\/wp-json\/wp\/v2\/media\/64416"}],"wp:attachment":[{"href":"https:\/\/www.rekvi.ee\/fi\/wp-json\/wp\/v2\/media?parent=70054"}],"wp:term":[{"taxonomy":"product_cat","embeddable":true,"href":"https:\/\/www.rekvi.ee\/fi\/wp-json\/wp\/v2\/product_cat?post=70054"},{"taxonomy":"product_tag","embeddable":true,"href":"https:\/\/www.rekvi.ee\/fi\/wp-json\/wp\/v2\/product_tag?post=70054"}],"curies":[{"name":"wp","href":"https:\/\/api.w.org\/{rel}","templated":true}]}}