{"id":70105,"date":"2023-10-25T15:05:53","date_gmt":"2023-10-25T12:05:53","guid":{"rendered":"https:\/\/www.rekvi.ee\/toode\/kreem-jalgadele-beauty-derm-lavendli-oliga-75-ml\/"},"modified":"2023-10-25T15:05:53","modified_gmt":"2023-10-25T12:05:53","slug":"kreem-jalgadele-beauty-derm-lavendli-oliga-75-ml","status":"publish","type":"product","link":"https:\/\/www.rekvi.ee\/fi\/toode\/kreem-jalgadele-beauty-derm-lavendli-oliga-75-ml\/","title":{"rendered":"Jalkavoide \u201dBeauty derm\u201d laventeli\u00f6ljyll\u00e4 75 ml"},"content":{"rendered":"","protected":false},"excerpt":{"rendered":"<p>Kantavoide kantap\u00e4ille on tarkoitettu p\u00e4ivitt\u00e4iseen k\u00e4ytt\u00f6\u00f6n, pehment\u00e4\u00e4 ja siloittaa ihoa. Kantavoide on suunniteltu ehk\u00e4isem\u00e4\u00e4n halkeamia ja est\u00e4m\u00e4\u00e4n niiden muodostumista. Sis\u00e4lt\u00e4\u00e4 laventeli\u00f6ljy\u00e4 ja urea. Voide est\u00e4\u00e4 uusien halkeamien syntymist\u00e4, pehment\u00e4\u00e4 ihoa, antaa raikkauden ja keveyden tunteen, siloittaa ihoa ja v\u00e4hent\u00e4\u00e4 halkeamia.<\/p>\n<p>K\u00e4ytt\u00f6: Levit\u00e4 voidetta kuivalle iholle ja hiero hell\u00e4sti py\u00f6rivin liikkein.<\/p>\n<p>&nbsp;<\/p>\n","protected":false},"featured_media":64362,"template":"","meta":[],"product_cat":[2603,2773,2775],"product_tag":[],"yoast_head":"<!-- This site is optimized with the Yoast SEO plugin v19.5.1 - https:\/\/yoast.com\/wordpress\/plugins\/seo\/ -->\n<title>Jalkavoide \u201dBeauty derm\u201d laventeli\u00f6ljyll\u00e4 75 ml &ndash; REKVI<\/title>\n<meta name=\"description\" content=\"\u0417\u0430\u043a\u0430\u0437\u0430\u0442\u044c \u00abJalkavoide \u201dBeauty derm\u201d laventeli\u00f6ljyll\u00e4 75 ml\u00bb \u0432 \u0438\u043d\u0442\u0435\u0440\u043d\u0435\u0442-\u043c\u0430\u0433\u0430\u0437\u0438\u043d\u0435 REKVI \u0441 \u0434\u043e\u0441\u0442\u0430\u0432\u043a\u043e\u0439 \u043f\u043e \u042d\u0441\u0442\u043e\u043d\u0438\u0438. \u260e +3726363659\" \/>\n<meta name=\"robots\" content=\"index, follow, max-snippet:-1, max-image-preview:large, max-video-preview:-1\" \/>\n<link rel=\"canonical\" href=\"https:\/\/www.rekvi.ee\/fi\/toode\/kreem-jalgadele-beauty-derm-lavendli-oliga-75-ml\/\" \/>\n<meta property=\"og:locale\" content=\"fi_FI\" \/>\n<meta property=\"og:type\" content=\"article\" \/>\n<meta property=\"og:title\" content=\"Jalkavoide \u201dBeauty derm\u201d laventeli\u00f6ljyll\u00e4 75 ml &ndash; REKVI\" \/>\n<meta property=\"og:description\" content=\"\u0417\u0430\u043a\u0430\u0437\u0430\u0442\u044c \u00abJalkavoide \u201dBeauty derm\u201d laventeli\u00f6ljyll\u00e4 75 ml\u00bb \u0432 \u0438\u043d\u0442\u0435\u0440\u043d\u0435\u0442-\u043c\u0430\u0433\u0430\u0437\u0438\u043d\u0435 REKVI \u0441 \u0434\u043e\u0441\u0442\u0430\u0432\u043a\u043e\u0439 \u043f\u043e \u042d\u0441\u0442\u043e\u043d\u0438\u0438. \u260e +3726363659\" \/>\n<meta property=\"og:url\" content=\"https:\/\/www.rekvi.ee\/fi\/toode\/kreem-jalgadele-beauty-derm-lavendli-oliga-75-ml\/\" \/>\n<meta property=\"og:site_name\" content=\"REKVI\" \/>\n<meta property=\"article:publisher\" content=\"https:\/\/www.facebook.com\/Rekvi.ee\" \/>\n<meta property=\"og:image\" content=\"https:\/\/www.rekvi.ee\/wp-content\/uploads\/2023\/10\/29aca8ce-7cfa-3791-b17c-b6e9fdf47539.jpg\" \/>\n\t<meta property=\"og:image:width\" content=\"800\" \/>\n\t<meta property=\"og:image:height\" content=\"800\" \/>\n\t<meta property=\"og:image:type\" content=\"image\/jpeg\" \/>\n<meta name=\"twitter:card\" content=\"summary_large_image\" \/>\n<script type=\"application\/ld+json\" class=\"yoast-schema-graph\">{\"@context\":\"https:\/\/schema.org\",\"@graph\":[{\"@type\":\"WebPage\",\"@id\":\"https:\/\/www.rekvi.ee\/fi\/toode\/kreem-jalgadele-beauty-derm-lavendli-oliga-75-ml\/\",\"url\":\"https:\/\/www.rekvi.ee\/fi\/toode\/kreem-jalgadele-beauty-derm-lavendli-oliga-75-ml\/\",\"name\":\"Jalkavoide \u201dBeauty derm\u201d laventeli\u00f6ljyll\u00e4 75 ml &ndash; REKVI\",\"isPartOf\":{\"@id\":\"https:\/\/www.rekvi.ee\/#website\"},\"datePublished\":\"2023-10-25T12:05:53+00:00\",\"dateModified\":\"2023-10-25T12:05:53+00:00\",\"description\":\"\u0417\u0430\u043a\u0430\u0437\u0430\u0442\u044c \u00abJalkavoide \u201dBeauty derm\u201d laventeli\u00f6ljyll\u00e4 75 ml\u00bb \u0432 \u0438\u043d\u0442\u0435\u0440\u043d\u0435\u0442-\u043c\u0430\u0433\u0430\u0437\u0438\u043d\u0435 REKVI \u0441 \u0434\u043e\u0441\u0442\u0430\u0432\u043a\u043e\u0439 \u043f\u043e \u042d\u0441\u0442\u043e\u043d\u0438\u0438. \u260e +3726363659\",\"breadcrumb\":{\"@id\":\"https:\/\/www.rekvi.ee\/fi\/toode\/kreem-jalgadele-beauty-derm-lavendli-oliga-75-ml\/#breadcrumb\"},\"inLanguage\":\"fi\",\"potentialAction\":[{\"@type\":\"ReadAction\",\"target\":[\"https:\/\/www.rekvi.ee\/fi\/toode\/kreem-jalgadele-beauty-derm-lavendli-oliga-75-ml\/\"]}]},{\"@type\":\"BreadcrumbList\",\"@id\":\"https:\/\/www.rekvi.ee\/fi\/toode\/kreem-jalgadele-beauty-derm-lavendli-oliga-75-ml\/#breadcrumb\",\"itemListElement\":[{\"@type\":\"ListItem\",\"position\":1,\"name\":\"Shop\",\"item\":\"https:\/\/www.rekvi.ee\/en\/e-shop\/\"},{\"@type\":\"ListItem\",\"position\":2,\"name\":\"Jalkavoide \u201dBeauty derm\u201d laventeli\u00f6ljyll\u00e4 75 ml\"}]},{\"@type\":\"WebSite\",\"@id\":\"https:\/\/www.rekvi.ee\/#website\",\"url\":\"https:\/\/www.rekvi.ee\/\",\"name\":\"REKVI\",\"description\":\"Tere tulemast kosmeetika maailma!\",\"potentialAction\":[{\"@type\":\"SearchAction\",\"target\":{\"@type\":\"EntryPoint\",\"urlTemplate\":\"https:\/\/www.rekvi.ee\/?s={search_term_string}\"},\"query-input\":\"required name=search_term_string\"}],\"inLanguage\":\"fi\"}]}<\/script>\n<!-- \/ Yoast SEO plugin. -->","yoast_head_json":{"title":"Jalkavoide \u201dBeauty derm\u201d laventeli\u00f6ljyll\u00e4 75 ml &ndash; REKVI","description":"\u0417\u0430\u043a\u0430\u0437\u0430\u0442\u044c \u00abJalkavoide \u201dBeauty derm\u201d laventeli\u00f6ljyll\u00e4 75 ml\u00bb \u0432 \u0438\u043d\u0442\u0435\u0440\u043d\u0435\u0442-\u043c\u0430\u0433\u0430\u0437\u0438\u043d\u0435 REKVI \u0441 \u0434\u043e\u0441\u0442\u0430\u0432\u043a\u043e\u0439 \u043f\u043e \u042d\u0441\u0442\u043e\u043d\u0438\u0438. \u260e +3726363659","robots":{"index":"index","follow":"follow","max-snippet":"max-snippet:-1","max-image-preview":"max-image-preview:large","max-video-preview":"max-video-preview:-1"},"canonical":"https:\/\/www.rekvi.ee\/fi\/toode\/kreem-jalgadele-beauty-derm-lavendli-oliga-75-ml\/","og_locale":"fi_FI","og_type":"article","og_title":"Jalkavoide \u201dBeauty derm\u201d laventeli\u00f6ljyll\u00e4 75 ml &ndash; REKVI","og_description":"\u0417\u0430\u043a\u0430\u0437\u0430\u0442\u044c \u00abJalkavoide \u201dBeauty derm\u201d laventeli\u00f6ljyll\u00e4 75 ml\u00bb \u0432 \u0438\u043d\u0442\u0435\u0440\u043d\u0435\u0442-\u043c\u0430\u0433\u0430\u0437\u0438\u043d\u0435 REKVI \u0441 \u0434\u043e\u0441\u0442\u0430\u0432\u043a\u043e\u0439 \u043f\u043e \u042d\u0441\u0442\u043e\u043d\u0438\u0438. \u260e +3726363659","og_url":"https:\/\/www.rekvi.ee\/fi\/toode\/kreem-jalgadele-beauty-derm-lavendli-oliga-75-ml\/","og_site_name":"REKVI","article_publisher":"https:\/\/www.facebook.com\/Rekvi.ee","og_image":[{"width":800,"height":800,"url":"https:\/\/www.rekvi.ee\/wp-content\/uploads\/2023\/10\/29aca8ce-7cfa-3791-b17c-b6e9fdf47539.jpg","type":"image\/jpeg"}],"twitter_card":"summary_large_image","schema":{"@context":"https:\/\/schema.org","@graph":[{"@type":"WebPage","@id":"https:\/\/www.rekvi.ee\/fi\/toode\/kreem-jalgadele-beauty-derm-lavendli-oliga-75-ml\/","url":"https:\/\/www.rekvi.ee\/fi\/toode\/kreem-jalgadele-beauty-derm-lavendli-oliga-75-ml\/","name":"Jalkavoide \u201dBeauty derm\u201d laventeli\u00f6ljyll\u00e4 75 ml &ndash; REKVI","isPartOf":{"@id":"https:\/\/www.rekvi.ee\/#website"},"datePublished":"2023-10-25T12:05:53+00:00","dateModified":"2023-10-25T12:05:53+00:00","description":"\u0417\u0430\u043a\u0430\u0437\u0430\u0442\u044c \u00abJalkavoide \u201dBeauty derm\u201d laventeli\u00f6ljyll\u00e4 75 ml\u00bb \u0432 \u0438\u043d\u0442\u0435\u0440\u043d\u0435\u0442-\u043c\u0430\u0433\u0430\u0437\u0438\u043d\u0435 REKVI \u0441 \u0434\u043e\u0441\u0442\u0430\u0432\u043a\u043e\u0439 \u043f\u043e \u042d\u0441\u0442\u043e\u043d\u0438\u0438. \u260e +3726363659","breadcrumb":{"@id":"https:\/\/www.rekvi.ee\/fi\/toode\/kreem-jalgadele-beauty-derm-lavendli-oliga-75-ml\/#breadcrumb"},"inLanguage":"fi","potentialAction":[{"@type":"ReadAction","target":["https:\/\/www.rekvi.ee\/fi\/toode\/kreem-jalgadele-beauty-derm-lavendli-oliga-75-ml\/"]}]},{"@type":"BreadcrumbList","@id":"https:\/\/www.rekvi.ee\/fi\/toode\/kreem-jalgadele-beauty-derm-lavendli-oliga-75-ml\/#breadcrumb","itemListElement":[{"@type":"ListItem","position":1,"name":"Shop","item":"https:\/\/www.rekvi.ee\/en\/e-shop\/"},{"@type":"ListItem","position":2,"name":"Jalkavoide \u201dBeauty derm\u201d laventeli\u00f6ljyll\u00e4 75 ml"}]},{"@type":"WebSite","@id":"https:\/\/www.rekvi.ee\/#website","url":"https:\/\/www.rekvi.ee\/","name":"REKVI","description":"Tere tulemast kosmeetika maailma!","potentialAction":[{"@type":"SearchAction","target":{"@type":"EntryPoint","urlTemplate":"https:\/\/www.rekvi.ee\/?s={search_term_string}"},"query-input":"required name=search_term_string"}],"inLanguage":"fi"}]}},"_links":{"self":[{"href":"https:\/\/www.rekvi.ee\/fi\/wp-json\/wp\/v2\/product\/70105"}],"collection":[{"href":"https:\/\/www.rekvi.ee\/fi\/wp-json\/wp\/v2\/product"}],"about":[{"href":"https:\/\/www.rekvi.ee\/fi\/wp-json\/wp\/v2\/types\/product"}],"wp:featuredmedia":[{"embeddable":true,"href":"https:\/\/www.rekvi.ee\/fi\/wp-json\/wp\/v2\/media\/64362"}],"wp:attachment":[{"href":"https:\/\/www.rekvi.ee\/fi\/wp-json\/wp\/v2\/media?parent=70105"}],"wp:term":[{"taxonomy":"product_cat","embeddable":true,"href":"https:\/\/www.rekvi.ee\/fi\/wp-json\/wp\/v2\/product_cat?post=70105"},{"taxonomy":"product_tag","embeddable":true,"href":"https:\/\/www.rekvi.ee\/fi\/wp-json\/wp\/v2\/product_tag?post=70105"}],"curies":[{"name":"wp","href":"https:\/\/api.w.org\/{rel}","templated":true}]}}