{"id":70206,"date":"2023-05-30T13:34:31","date_gmt":"2023-05-30T10:34:31","guid":{"rendered":"https:\/\/www.rekvi.ee\/toode\/oli-huultele-lux-visage-beauty-elixir-nr-02-puuvilja-maitse\/"},"modified":"2023-05-30T13:34:31","modified_gmt":"2023-05-30T10:34:31","slug":"oli-huultele-lux-visage-beauty-elixir-nr-02-puuvilja-maitse","status":"publish","type":"product","link":"https:\/\/www.rekvi.ee\/fi\/toode\/oli-huultele-lux-visage-beauty-elixir-nr-02-puuvilja-maitse\/","title":{"rendered":"\u00d6ljy huulille \u201dLux Visage\u201d \u201dBeauty elixir\u201d, ei 02 hedelm\u00e4n makua"},"content":{"rendered":"","protected":false},"excerpt":{"rendered":"<p>Manteli- ja tyrni\u00f6ljyt rauhoittavat, pehment\u00e4v\u00e4t ja suojaavat huulia, kun taas E-vitamiini palauttaa ja uudistaa tehokkaasti vaurioituneita huulia.<\/p>\n<p>Ominaisuudet:<\/p>\n<ul>\n<li>kosteuttaa syv\u00e4lt\u00e4 ja ravitsee intensiivisesti<\/li>\n<li>tekee huulista silkkiset ja pehme\u00e4t<\/li>\n<li>korjaa halkeilleet huulet<\/li>\n<li>tarjoaa kuville huulille v\u00e4lit\u00f6nt\u00e4 helpotusta.<\/li>\n<\/ul>\n<p><strong>K\u00e4ytt\u00f6:<\/strong><br \/>\nLevit\u00e4 huulille tarvittaessa milloin tahansa p\u00e4iv\u00e4n aikana.<\/p>\n<p>&nbsp;<\/p>\n","protected":false},"featured_media":64056,"template":"","meta":[],"product_cat":[2756,2759],"product_tag":[],"yoast_head":"<!-- This site is optimized with the Yoast SEO plugin v19.5.1 - https:\/\/yoast.com\/wordpress\/plugins\/seo\/ -->\n<title>\u00d6ljy huulille \u201dLux Visage\u201d \u201dBeauty elixir\u201d, ei 02 hedelm\u00e4n makua &ndash; REKVI<\/title>\n<meta name=\"description\" content=\"\u0417\u0430\u043a\u0430\u0437\u0430\u0442\u044c \u00ab\u00d6ljy huulille \u201dLux Visage\u201d \u201dBeauty elixir\u201d, ei 02 hedelm\u00e4n makua\u00bb \u0432 \u0438\u043d\u0442\u0435\u0440\u043d\u0435\u0442-\u043c\u0430\u0433\u0430\u0437\u0438\u043d\u0435 REKVI \u0441 \u0434\u043e\u0441\u0442\u0430\u0432\u043a\u043e\u0439 \u043f\u043e \u042d\u0441\u0442\u043e\u043d\u0438\u0438. \u260e +3726363659\" \/>\n<meta name=\"robots\" content=\"index, follow, max-snippet:-1, max-image-preview:large, max-video-preview:-1\" \/>\n<link rel=\"canonical\" href=\"https:\/\/www.rekvi.ee\/fi\/toode\/oli-huultele-lux-visage-beauty-elixir-nr-02-puuvilja-maitse\/\" \/>\n<meta property=\"og:locale\" content=\"fi_FI\" \/>\n<meta property=\"og:type\" content=\"article\" \/>\n<meta property=\"og:title\" content=\"\u00d6ljy huulille \u201dLux Visage\u201d \u201dBeauty elixir\u201d, ei 02 hedelm\u00e4n makua &ndash; REKVI\" \/>\n<meta property=\"og:description\" content=\"\u0417\u0430\u043a\u0430\u0437\u0430\u0442\u044c \u00ab\u00d6ljy huulille \u201dLux Visage\u201d \u201dBeauty elixir\u201d, ei 02 hedelm\u00e4n makua\u00bb \u0432 \u0438\u043d\u0442\u0435\u0440\u043d\u0435\u0442-\u043c\u0430\u0433\u0430\u0437\u0438\u043d\u0435 REKVI \u0441 \u0434\u043e\u0441\u0442\u0430\u0432\u043a\u043e\u0439 \u043f\u043e \u042d\u0441\u0442\u043e\u043d\u0438\u0438. \u260e +3726363659\" \/>\n<meta property=\"og:url\" content=\"https:\/\/www.rekvi.ee\/fi\/toode\/oli-huultele-lux-visage-beauty-elixir-nr-02-puuvilja-maitse\/\" \/>\n<meta property=\"og:site_name\" content=\"REKVI\" \/>\n<meta property=\"article:publisher\" content=\"https:\/\/www.facebook.com\/Rekvi.ee\" \/>\n<meta property=\"og:image\" content=\"https:\/\/www.rekvi.ee\/wp-content\/uploads\/2023\/05\/novyj-proekt-18-1.png\" \/>\n\t<meta property=\"og:image:width\" content=\"950\" \/>\n\t<meta property=\"og:image:height\" content=\"950\" \/>\n\t<meta property=\"og:image:type\" content=\"image\/png\" \/>\n<meta name=\"twitter:card\" content=\"summary_large_image\" \/>\n<script type=\"application\/ld+json\" class=\"yoast-schema-graph\">{\"@context\":\"https:\/\/schema.org\",\"@graph\":[{\"@type\":\"WebPage\",\"@id\":\"https:\/\/www.rekvi.ee\/fi\/toode\/oli-huultele-lux-visage-beauty-elixir-nr-02-puuvilja-maitse\/\",\"url\":\"https:\/\/www.rekvi.ee\/fi\/toode\/oli-huultele-lux-visage-beauty-elixir-nr-02-puuvilja-maitse\/\",\"name\":\"\u00d6ljy huulille \u201dLux Visage\u201d \u201dBeauty elixir\u201d, ei 02 hedelm\u00e4n makua &ndash; REKVI\",\"isPartOf\":{\"@id\":\"https:\/\/www.rekvi.ee\/#website\"},\"datePublished\":\"2023-05-30T10:34:31+00:00\",\"dateModified\":\"2023-05-30T10:34:31+00:00\",\"description\":\"\u0417\u0430\u043a\u0430\u0437\u0430\u0442\u044c \u00ab\u00d6ljy huulille \u201dLux Visage\u201d \u201dBeauty elixir\u201d, ei 02 hedelm\u00e4n makua\u00bb \u0432 \u0438\u043d\u0442\u0435\u0440\u043d\u0435\u0442-\u043c\u0430\u0433\u0430\u0437\u0438\u043d\u0435 REKVI \u0441 \u0434\u043e\u0441\u0442\u0430\u0432\u043a\u043e\u0439 \u043f\u043e \u042d\u0441\u0442\u043e\u043d\u0438\u0438. \u260e +3726363659\",\"breadcrumb\":{\"@id\":\"https:\/\/www.rekvi.ee\/fi\/toode\/oli-huultele-lux-visage-beauty-elixir-nr-02-puuvilja-maitse\/#breadcrumb\"},\"inLanguage\":\"fi\",\"potentialAction\":[{\"@type\":\"ReadAction\",\"target\":[\"https:\/\/www.rekvi.ee\/fi\/toode\/oli-huultele-lux-visage-beauty-elixir-nr-02-puuvilja-maitse\/\"]}]},{\"@type\":\"BreadcrumbList\",\"@id\":\"https:\/\/www.rekvi.ee\/fi\/toode\/oli-huultele-lux-visage-beauty-elixir-nr-02-puuvilja-maitse\/#breadcrumb\",\"itemListElement\":[{\"@type\":\"ListItem\",\"position\":1,\"name\":\"Shop\",\"item\":\"https:\/\/www.rekvi.ee\/en\/e-shop\/\"},{\"@type\":\"ListItem\",\"position\":2,\"name\":\"\u00d6ljy huulille \u201dLux Visage\u201d \u201dBeauty elixir\u201d, ei 02 hedelm\u00e4n makua\"}]},{\"@type\":\"WebSite\",\"@id\":\"https:\/\/www.rekvi.ee\/#website\",\"url\":\"https:\/\/www.rekvi.ee\/\",\"name\":\"REKVI\",\"description\":\"Tere tulemast kosmeetika maailma!\",\"potentialAction\":[{\"@type\":\"SearchAction\",\"target\":{\"@type\":\"EntryPoint\",\"urlTemplate\":\"https:\/\/www.rekvi.ee\/?s={search_term_string}\"},\"query-input\":\"required name=search_term_string\"}],\"inLanguage\":\"fi\"}]}<\/script>\n<!-- \/ Yoast SEO plugin. -->","yoast_head_json":{"title":"\u00d6ljy huulille \u201dLux Visage\u201d \u201dBeauty elixir\u201d, ei 02 hedelm\u00e4n makua &ndash; REKVI","description":"\u0417\u0430\u043a\u0430\u0437\u0430\u0442\u044c \u00ab\u00d6ljy huulille \u201dLux Visage\u201d \u201dBeauty elixir\u201d, ei 02 hedelm\u00e4n makua\u00bb \u0432 \u0438\u043d\u0442\u0435\u0440\u043d\u0435\u0442-\u043c\u0430\u0433\u0430\u0437\u0438\u043d\u0435 REKVI \u0441 \u0434\u043e\u0441\u0442\u0430\u0432\u043a\u043e\u0439 \u043f\u043e \u042d\u0441\u0442\u043e\u043d\u0438\u0438. \u260e +3726363659","robots":{"index":"index","follow":"follow","max-snippet":"max-snippet:-1","max-image-preview":"max-image-preview:large","max-video-preview":"max-video-preview:-1"},"canonical":"https:\/\/www.rekvi.ee\/fi\/toode\/oli-huultele-lux-visage-beauty-elixir-nr-02-puuvilja-maitse\/","og_locale":"fi_FI","og_type":"article","og_title":"\u00d6ljy huulille \u201dLux Visage\u201d \u201dBeauty elixir\u201d, ei 02 hedelm\u00e4n makua &ndash; REKVI","og_description":"\u0417\u0430\u043a\u0430\u0437\u0430\u0442\u044c \u00ab\u00d6ljy huulille \u201dLux Visage\u201d \u201dBeauty elixir\u201d, ei 02 hedelm\u00e4n makua\u00bb \u0432 \u0438\u043d\u0442\u0435\u0440\u043d\u0435\u0442-\u043c\u0430\u0433\u0430\u0437\u0438\u043d\u0435 REKVI \u0441 \u0434\u043e\u0441\u0442\u0430\u0432\u043a\u043e\u0439 \u043f\u043e \u042d\u0441\u0442\u043e\u043d\u0438\u0438. \u260e +3726363659","og_url":"https:\/\/www.rekvi.ee\/fi\/toode\/oli-huultele-lux-visage-beauty-elixir-nr-02-puuvilja-maitse\/","og_site_name":"REKVI","article_publisher":"https:\/\/www.facebook.com\/Rekvi.ee","og_image":[{"width":950,"height":950,"url":"https:\/\/www.rekvi.ee\/wp-content\/uploads\/2023\/05\/novyj-proekt-18-1.png","type":"image\/png"}],"twitter_card":"summary_large_image","schema":{"@context":"https:\/\/schema.org","@graph":[{"@type":"WebPage","@id":"https:\/\/www.rekvi.ee\/fi\/toode\/oli-huultele-lux-visage-beauty-elixir-nr-02-puuvilja-maitse\/","url":"https:\/\/www.rekvi.ee\/fi\/toode\/oli-huultele-lux-visage-beauty-elixir-nr-02-puuvilja-maitse\/","name":"\u00d6ljy huulille \u201dLux Visage\u201d \u201dBeauty elixir\u201d, ei 02 hedelm\u00e4n makua &ndash; REKVI","isPartOf":{"@id":"https:\/\/www.rekvi.ee\/#website"},"datePublished":"2023-05-30T10:34:31+00:00","dateModified":"2023-05-30T10:34:31+00:00","description":"\u0417\u0430\u043a\u0430\u0437\u0430\u0442\u044c \u00ab\u00d6ljy huulille \u201dLux Visage\u201d \u201dBeauty elixir\u201d, ei 02 hedelm\u00e4n makua\u00bb \u0432 \u0438\u043d\u0442\u0435\u0440\u043d\u0435\u0442-\u043c\u0430\u0433\u0430\u0437\u0438\u043d\u0435 REKVI \u0441 \u0434\u043e\u0441\u0442\u0430\u0432\u043a\u043e\u0439 \u043f\u043e \u042d\u0441\u0442\u043e\u043d\u0438\u0438. \u260e +3726363659","breadcrumb":{"@id":"https:\/\/www.rekvi.ee\/fi\/toode\/oli-huultele-lux-visage-beauty-elixir-nr-02-puuvilja-maitse\/#breadcrumb"},"inLanguage":"fi","potentialAction":[{"@type":"ReadAction","target":["https:\/\/www.rekvi.ee\/fi\/toode\/oli-huultele-lux-visage-beauty-elixir-nr-02-puuvilja-maitse\/"]}]},{"@type":"BreadcrumbList","@id":"https:\/\/www.rekvi.ee\/fi\/toode\/oli-huultele-lux-visage-beauty-elixir-nr-02-puuvilja-maitse\/#breadcrumb","itemListElement":[{"@type":"ListItem","position":1,"name":"Shop","item":"https:\/\/www.rekvi.ee\/en\/e-shop\/"},{"@type":"ListItem","position":2,"name":"\u00d6ljy huulille \u201dLux Visage\u201d \u201dBeauty elixir\u201d, ei 02 hedelm\u00e4n makua"}]},{"@type":"WebSite","@id":"https:\/\/www.rekvi.ee\/#website","url":"https:\/\/www.rekvi.ee\/","name":"REKVI","description":"Tere tulemast kosmeetika maailma!","potentialAction":[{"@type":"SearchAction","target":{"@type":"EntryPoint","urlTemplate":"https:\/\/www.rekvi.ee\/?s={search_term_string}"},"query-input":"required name=search_term_string"}],"inLanguage":"fi"}]}},"_links":{"self":[{"href":"https:\/\/www.rekvi.ee\/fi\/wp-json\/wp\/v2\/product\/70206"}],"collection":[{"href":"https:\/\/www.rekvi.ee\/fi\/wp-json\/wp\/v2\/product"}],"about":[{"href":"https:\/\/www.rekvi.ee\/fi\/wp-json\/wp\/v2\/types\/product"}],"wp:featuredmedia":[{"embeddable":true,"href":"https:\/\/www.rekvi.ee\/fi\/wp-json\/wp\/v2\/media\/64056"}],"wp:attachment":[{"href":"https:\/\/www.rekvi.ee\/fi\/wp-json\/wp\/v2\/media?parent=70206"}],"wp:term":[{"taxonomy":"product_cat","embeddable":true,"href":"https:\/\/www.rekvi.ee\/fi\/wp-json\/wp\/v2\/product_cat?post=70206"},{"taxonomy":"product_tag","embeddable":true,"href":"https:\/\/www.rekvi.ee\/fi\/wp-json\/wp\/v2\/product_tag?post=70206"}],"curies":[{"name":"wp","href":"https:\/\/api.w.org\/{rel}","templated":true}]}}