{"id":70209,"date":"2023-05-30T14:21:24","date_gmt":"2023-05-30T11:21:24","guid":{"rendered":"https:\/\/www.rekvi.ee\/toode\/oli-palsam-huultele-lux-visagemiracle-care-nr-101-powder-rose\/"},"modified":"2023-05-30T14:21:24","modified_gmt":"2023-05-30T11:21:24","slug":"oli-palsam-huultele-lux-visagemiracle-care-nr-101-powder-rose","status":"publish","type":"product","link":"https:\/\/www.rekvi.ee\/fi\/toode\/oli-palsam-huultele-lux-visagemiracle-care-nr-101-powder-rose\/","title":{"rendered":"\u00d6ljy-balsami huulille \u201dLux Visage\u201d\u201dMiracle care\u201d, nro 101 POWDER ROSE (Ruusu)"},"content":{"rendered":"","protected":false},"excerpt":{"rendered":"<p>V\u00e4hent\u00e4\u00e4 ep\u00e4mukavuuden ja kuivuuden tunnetta.<br \/>\nRavitsee, kosteuttaa ja tonisoi intensiivisesti herkk\u00e4\u00e4 huulten ihoa.<br \/>\nLuonnolliset ainesosat \u2013 risiini- ja mantel\u00f6ljy, E-vitamiini, lanoliini ja kandelillavaha \u2013 huolehtivat huulten ihosta t\u00e4ydellisesti koko p\u00e4iv\u00e4n ajan.<br \/>\nPehme\u00e4 lusikka-aplikaattori takaa tasaisen peitt\u00e4vyyden ja liukuu huulilla eritt\u00e4in miellytt\u00e4v\u00e4sti.<br \/>\nSoveltuu hyvin sek\u00e4 p\u00e4iv\u00e4- ett\u00e4 iltameikkiin.<\/p>\n<p>&nbsp;<\/p>\n","protected":false},"featured_media":64063,"template":"","meta":[],"product_cat":[2756,2759],"product_tag":[],"yoast_head":"<!-- This site is optimized with the Yoast SEO plugin v19.5.1 - https:\/\/yoast.com\/wordpress\/plugins\/seo\/ -->\n<title>\u00d6ljy-balsami huulille \u201dLux Visage\u201d\u201dMiracle care\u201d, nro 101 POWDER ROSE (Ruusu) &ndash; REKVI<\/title>\n<meta name=\"description\" content=\"\u0417\u0430\u043a\u0430\u0437\u0430\u0442\u044c \u00ab\u00d6ljy-balsami huulille \u201dLux Visage\u201d\u201dMiracle care\u201d, nro 101 POWDER ROSE (Ruusu)\u00bb \u0432 \u0438\u043d\u0442\u0435\u0440\u043d\u0435\u0442-\u043c\u0430\u0433\u0430\u0437\u0438\u043d\u0435 REKVI \u0441 \u0434\u043e\u0441\u0442\u0430\u0432\u043a\u043e\u0439 \u043f\u043e \u042d\u0441\u0442\u043e\u043d\u0438\u0438. \u260e +3726363659\" \/>\n<meta name=\"robots\" content=\"index, follow, max-snippet:-1, max-image-preview:large, max-video-preview:-1\" \/>\n<link rel=\"canonical\" href=\"https:\/\/www.rekvi.ee\/fi\/toode\/oli-palsam-huultele-lux-visagemiracle-care-nr-101-powder-rose\/\" \/>\n<meta property=\"og:locale\" content=\"fi_FI\" \/>\n<meta property=\"og:type\" content=\"article\" \/>\n<meta property=\"og:title\" content=\"\u00d6ljy-balsami huulille \u201dLux Visage\u201d\u201dMiracle care\u201d, nro 101 POWDER ROSE (Ruusu) &ndash; REKVI\" \/>\n<meta property=\"og:description\" content=\"\u0417\u0430\u043a\u0430\u0437\u0430\u0442\u044c \u00ab\u00d6ljy-balsami huulille \u201dLux Visage\u201d\u201dMiracle care\u201d, nro 101 POWDER ROSE (Ruusu)\u00bb \u0432 \u0438\u043d\u0442\u0435\u0440\u043d\u0435\u0442-\u043c\u0430\u0433\u0430\u0437\u0438\u043d\u0435 REKVI \u0441 \u0434\u043e\u0441\u0442\u0430\u0432\u043a\u043e\u0439 \u043f\u043e \u042d\u0441\u0442\u043e\u043d\u0438\u0438. \u260e +3726363659\" \/>\n<meta property=\"og:url\" content=\"https:\/\/www.rekvi.ee\/fi\/toode\/oli-palsam-huultele-lux-visagemiracle-care-nr-101-powder-rose\/\" \/>\n<meta property=\"og:site_name\" content=\"REKVI\" \/>\n<meta property=\"article:publisher\" content=\"https:\/\/www.facebook.com\/Rekvi.ee\" \/>\n<meta property=\"og:image\" content=\"https:\/\/www.rekvi.ee\/wp-content\/uploads\/2023\/05\/101-2.jpg\" \/>\n\t<meta property=\"og:image:width\" content=\"1050\" \/>\n\t<meta property=\"og:image:height\" content=\"1152\" \/>\n\t<meta property=\"og:image:type\" content=\"image\/jpeg\" \/>\n<meta name=\"twitter:card\" content=\"summary_large_image\" \/>\n<script type=\"application\/ld+json\" class=\"yoast-schema-graph\">{\"@context\":\"https:\/\/schema.org\",\"@graph\":[{\"@type\":\"WebPage\",\"@id\":\"https:\/\/www.rekvi.ee\/fi\/toode\/oli-palsam-huultele-lux-visagemiracle-care-nr-101-powder-rose\/\",\"url\":\"https:\/\/www.rekvi.ee\/fi\/toode\/oli-palsam-huultele-lux-visagemiracle-care-nr-101-powder-rose\/\",\"name\":\"\u00d6ljy-balsami huulille \u201dLux Visage\u201d\u201dMiracle care\u201d, nro 101 POWDER ROSE (Ruusu) &ndash; REKVI\",\"isPartOf\":{\"@id\":\"https:\/\/www.rekvi.ee\/#website\"},\"datePublished\":\"2023-05-30T11:21:24+00:00\",\"dateModified\":\"2023-05-30T11:21:24+00:00\",\"description\":\"\u0417\u0430\u043a\u0430\u0437\u0430\u0442\u044c \u00ab\u00d6ljy-balsami huulille \u201dLux Visage\u201d\u201dMiracle care\u201d, nro 101 POWDER ROSE (Ruusu)\u00bb \u0432 \u0438\u043d\u0442\u0435\u0440\u043d\u0435\u0442-\u043c\u0430\u0433\u0430\u0437\u0438\u043d\u0435 REKVI \u0441 \u0434\u043e\u0441\u0442\u0430\u0432\u043a\u043e\u0439 \u043f\u043e \u042d\u0441\u0442\u043e\u043d\u0438\u0438. \u260e +3726363659\",\"breadcrumb\":{\"@id\":\"https:\/\/www.rekvi.ee\/fi\/toode\/oli-palsam-huultele-lux-visagemiracle-care-nr-101-powder-rose\/#breadcrumb\"},\"inLanguage\":\"fi\",\"potentialAction\":[{\"@type\":\"ReadAction\",\"target\":[\"https:\/\/www.rekvi.ee\/fi\/toode\/oli-palsam-huultele-lux-visagemiracle-care-nr-101-powder-rose\/\"]}]},{\"@type\":\"BreadcrumbList\",\"@id\":\"https:\/\/www.rekvi.ee\/fi\/toode\/oli-palsam-huultele-lux-visagemiracle-care-nr-101-powder-rose\/#breadcrumb\",\"itemListElement\":[{\"@type\":\"ListItem\",\"position\":1,\"name\":\"Shop\",\"item\":\"https:\/\/www.rekvi.ee\/en\/e-shop\/\"},{\"@type\":\"ListItem\",\"position\":2,\"name\":\"\u00d6ljy-balsami huulille \u201dLux Visage\u201d\u201dMiracle care\u201d, nro 101 POWDER ROSE (Ruusu)\"}]},{\"@type\":\"WebSite\",\"@id\":\"https:\/\/www.rekvi.ee\/#website\",\"url\":\"https:\/\/www.rekvi.ee\/\",\"name\":\"REKVI\",\"description\":\"Tere tulemast kosmeetika maailma!\",\"potentialAction\":[{\"@type\":\"SearchAction\",\"target\":{\"@type\":\"EntryPoint\",\"urlTemplate\":\"https:\/\/www.rekvi.ee\/?s={search_term_string}\"},\"query-input\":\"required name=search_term_string\"}],\"inLanguage\":\"fi\"}]}<\/script>\n<!-- \/ Yoast SEO plugin. -->","yoast_head_json":{"title":"\u00d6ljy-balsami huulille \u201dLux Visage\u201d\u201dMiracle care\u201d, nro 101 POWDER ROSE (Ruusu) &ndash; REKVI","description":"\u0417\u0430\u043a\u0430\u0437\u0430\u0442\u044c \u00ab\u00d6ljy-balsami huulille \u201dLux Visage\u201d\u201dMiracle care\u201d, nro 101 POWDER ROSE (Ruusu)\u00bb \u0432 \u0438\u043d\u0442\u0435\u0440\u043d\u0435\u0442-\u043c\u0430\u0433\u0430\u0437\u0438\u043d\u0435 REKVI \u0441 \u0434\u043e\u0441\u0442\u0430\u0432\u043a\u043e\u0439 \u043f\u043e \u042d\u0441\u0442\u043e\u043d\u0438\u0438. \u260e +3726363659","robots":{"index":"index","follow":"follow","max-snippet":"max-snippet:-1","max-image-preview":"max-image-preview:large","max-video-preview":"max-video-preview:-1"},"canonical":"https:\/\/www.rekvi.ee\/fi\/toode\/oli-palsam-huultele-lux-visagemiracle-care-nr-101-powder-rose\/","og_locale":"fi_FI","og_type":"article","og_title":"\u00d6ljy-balsami huulille \u201dLux Visage\u201d\u201dMiracle care\u201d, nro 101 POWDER ROSE (Ruusu) &ndash; REKVI","og_description":"\u0417\u0430\u043a\u0430\u0437\u0430\u0442\u044c \u00ab\u00d6ljy-balsami huulille \u201dLux Visage\u201d\u201dMiracle care\u201d, nro 101 POWDER ROSE (Ruusu)\u00bb \u0432 \u0438\u043d\u0442\u0435\u0440\u043d\u0435\u0442-\u043c\u0430\u0433\u0430\u0437\u0438\u043d\u0435 REKVI \u0441 \u0434\u043e\u0441\u0442\u0430\u0432\u043a\u043e\u0439 \u043f\u043e \u042d\u0441\u0442\u043e\u043d\u0438\u0438. \u260e +3726363659","og_url":"https:\/\/www.rekvi.ee\/fi\/toode\/oli-palsam-huultele-lux-visagemiracle-care-nr-101-powder-rose\/","og_site_name":"REKVI","article_publisher":"https:\/\/www.facebook.com\/Rekvi.ee","og_image":[{"width":1050,"height":1152,"url":"https:\/\/www.rekvi.ee\/wp-content\/uploads\/2023\/05\/101-2.jpg","type":"image\/jpeg"}],"twitter_card":"summary_large_image","schema":{"@context":"https:\/\/schema.org","@graph":[{"@type":"WebPage","@id":"https:\/\/www.rekvi.ee\/fi\/toode\/oli-palsam-huultele-lux-visagemiracle-care-nr-101-powder-rose\/","url":"https:\/\/www.rekvi.ee\/fi\/toode\/oli-palsam-huultele-lux-visagemiracle-care-nr-101-powder-rose\/","name":"\u00d6ljy-balsami huulille \u201dLux Visage\u201d\u201dMiracle care\u201d, nro 101 POWDER ROSE (Ruusu) &ndash; REKVI","isPartOf":{"@id":"https:\/\/www.rekvi.ee\/#website"},"datePublished":"2023-05-30T11:21:24+00:00","dateModified":"2023-05-30T11:21:24+00:00","description":"\u0417\u0430\u043a\u0430\u0437\u0430\u0442\u044c \u00ab\u00d6ljy-balsami huulille \u201dLux Visage\u201d\u201dMiracle care\u201d, nro 101 POWDER ROSE (Ruusu)\u00bb \u0432 \u0438\u043d\u0442\u0435\u0440\u043d\u0435\u0442-\u043c\u0430\u0433\u0430\u0437\u0438\u043d\u0435 REKVI \u0441 \u0434\u043e\u0441\u0442\u0430\u0432\u043a\u043e\u0439 \u043f\u043e \u042d\u0441\u0442\u043e\u043d\u0438\u0438. \u260e +3726363659","breadcrumb":{"@id":"https:\/\/www.rekvi.ee\/fi\/toode\/oli-palsam-huultele-lux-visagemiracle-care-nr-101-powder-rose\/#breadcrumb"},"inLanguage":"fi","potentialAction":[{"@type":"ReadAction","target":["https:\/\/www.rekvi.ee\/fi\/toode\/oli-palsam-huultele-lux-visagemiracle-care-nr-101-powder-rose\/"]}]},{"@type":"BreadcrumbList","@id":"https:\/\/www.rekvi.ee\/fi\/toode\/oli-palsam-huultele-lux-visagemiracle-care-nr-101-powder-rose\/#breadcrumb","itemListElement":[{"@type":"ListItem","position":1,"name":"Shop","item":"https:\/\/www.rekvi.ee\/en\/e-shop\/"},{"@type":"ListItem","position":2,"name":"\u00d6ljy-balsami huulille \u201dLux Visage\u201d\u201dMiracle care\u201d, nro 101 POWDER ROSE (Ruusu)"}]},{"@type":"WebSite","@id":"https:\/\/www.rekvi.ee\/#website","url":"https:\/\/www.rekvi.ee\/","name":"REKVI","description":"Tere tulemast kosmeetika maailma!","potentialAction":[{"@type":"SearchAction","target":{"@type":"EntryPoint","urlTemplate":"https:\/\/www.rekvi.ee\/?s={search_term_string}"},"query-input":"required name=search_term_string"}],"inLanguage":"fi"}]}},"_links":{"self":[{"href":"https:\/\/www.rekvi.ee\/fi\/wp-json\/wp\/v2\/product\/70209"}],"collection":[{"href":"https:\/\/www.rekvi.ee\/fi\/wp-json\/wp\/v2\/product"}],"about":[{"href":"https:\/\/www.rekvi.ee\/fi\/wp-json\/wp\/v2\/types\/product"}],"wp:featuredmedia":[{"embeddable":true,"href":"https:\/\/www.rekvi.ee\/fi\/wp-json\/wp\/v2\/media\/64063"}],"wp:attachment":[{"href":"https:\/\/www.rekvi.ee\/fi\/wp-json\/wp\/v2\/media?parent=70209"}],"wp:term":[{"taxonomy":"product_cat","embeddable":true,"href":"https:\/\/www.rekvi.ee\/fi\/wp-json\/wp\/v2\/product_cat?post=70209"},{"taxonomy":"product_tag","embeddable":true,"href":"https:\/\/www.rekvi.ee\/fi\/wp-json\/wp\/v2\/product_tag?post=70209"}],"curies":[{"name":"wp","href":"https:\/\/api.w.org\/{rel}","templated":true}]}}