{"id":70253,"date":"2023-05-05T12:56:52","date_gmt":"2023-05-05T09:56:52","guid":{"rendered":"https:\/\/www.rekvi.ee\/toode\/mullivann-ja-sampoon-lorenay-spider-man-1-l\/"},"modified":"2023-05-05T12:56:52","modified_gmt":"2023-05-05T09:56:52","slug":"mullivann-ja-sampoon-lorenay-spider-man-1-l","status":"publish","type":"product","link":"https:\/\/www.rekvi.ee\/fi\/toode\/mullivann-ja-sampoon-lorenay-spider-man-1-l\/","title":{"rendered":"Kylpyamme ja shampoo \u201dLorenay Spider-man\u201d 1 L"},"content":{"rendered":"","protected":false},"excerpt":{"rendered":"<p>Ominaisuudet:<\/p>\n<ul>\n<li>puhdistaa ja poistaa iholta lian<\/li>\n<li>kosteuttaa ja ravitsee ihoa<\/li>\n<li>muodostaa runsaan vaahdon<\/li>\n<li>puhdistaa my\u00f6s hiukset<\/li>\n<\/ul>\n<p>K\u00e4ytt\u00f6: Levit\u00e4 suihkussa tai kylvyss\u00e4 vartalon iholle ja huuhtele sitten l\u00e4mpim\u00e4ll\u00e4 vedell\u00e4. Levit\u00e4 kosteisiin hiuksiin, vaahdota, hiero kevyesti p\u00e4\u00e4nahkaa ja huuhtele pois.<\/p>\n","protected":false},"featured_media":63971,"template":"","meta":[],"product_cat":[2800,2742,2744,2743],"product_tag":[],"yoast_head":"<!-- This site is optimized with the Yoast SEO plugin v19.5.1 - https:\/\/yoast.com\/wordpress\/plugins\/seo\/ -->\n<title>Kylpyamme ja shampoo \u201dLorenay Spider-man\u201d 1 L &ndash; REKVI<\/title>\n<meta name=\"description\" content=\"\u0417\u0430\u043a\u0430\u0437\u0430\u0442\u044c \u00abKylpyamme ja shampoo \u201dLorenay Spider-man\u201d 1 L\u00bb \u0432 \u0438\u043d\u0442\u0435\u0440\u043d\u0435\u0442-\u043c\u0430\u0433\u0430\u0437\u0438\u043d\u0435 REKVI \u0441 \u0434\u043e\u0441\u0442\u0430\u0432\u043a\u043e\u0439 \u043f\u043e \u042d\u0441\u0442\u043e\u043d\u0438\u0438. \u260e +3726363659\" \/>\n<meta name=\"robots\" content=\"index, follow, max-snippet:-1, max-image-preview:large, max-video-preview:-1\" \/>\n<link rel=\"canonical\" href=\"https:\/\/www.rekvi.ee\/fi\/toode\/mullivann-ja-sampoon-lorenay-spider-man-1-l\/\" \/>\n<meta property=\"og:locale\" content=\"fi_FI\" \/>\n<meta property=\"og:type\" content=\"article\" \/>\n<meta property=\"og:title\" content=\"Kylpyamme ja shampoo \u201dLorenay Spider-man\u201d 1 L &ndash; REKVI\" \/>\n<meta property=\"og:description\" content=\"\u0417\u0430\u043a\u0430\u0437\u0430\u0442\u044c \u00abKylpyamme ja shampoo \u201dLorenay Spider-man\u201d 1 L\u00bb \u0432 \u0438\u043d\u0442\u0435\u0440\u043d\u0435\u0442-\u043c\u0430\u0433\u0430\u0437\u0438\u043d\u0435 REKVI \u0441 \u0434\u043e\u0441\u0442\u0430\u0432\u043a\u043e\u0439 \u043f\u043e \u042d\u0441\u0442\u043e\u043d\u0438\u0438. \u260e +3726363659\" \/>\n<meta property=\"og:url\" content=\"https:\/\/www.rekvi.ee\/fi\/toode\/mullivann-ja-sampoon-lorenay-spider-man-1-l\/\" \/>\n<meta property=\"og:site_name\" content=\"REKVI\" \/>\n<meta property=\"article:publisher\" content=\"https:\/\/www.facebook.com\/Rekvi.ee\" \/>\n<meta property=\"og:image\" content=\"https:\/\/www.rekvi.ee\/wp-content\/uploads\/2023\/05\/spiderman-2v1-sampon-a-pena-do-koupele-1-l.png\" \/>\n\t<meta property=\"og:image:width\" content=\"1000\" \/>\n\t<meta property=\"og:image:height\" content=\"1000\" \/>\n\t<meta property=\"og:image:type\" content=\"image\/png\" \/>\n<meta name=\"twitter:card\" content=\"summary_large_image\" \/>\n<script type=\"application\/ld+json\" class=\"yoast-schema-graph\">{\"@context\":\"https:\/\/schema.org\",\"@graph\":[{\"@type\":\"WebPage\",\"@id\":\"https:\/\/www.rekvi.ee\/fi\/toode\/mullivann-ja-sampoon-lorenay-spider-man-1-l\/\",\"url\":\"https:\/\/www.rekvi.ee\/fi\/toode\/mullivann-ja-sampoon-lorenay-spider-man-1-l\/\",\"name\":\"Kylpyamme ja shampoo \u201dLorenay Spider-man\u201d 1 L &ndash; REKVI\",\"isPartOf\":{\"@id\":\"https:\/\/www.rekvi.ee\/#website\"},\"datePublished\":\"2023-05-05T09:56:52+00:00\",\"dateModified\":\"2023-05-05T09:56:52+00:00\",\"description\":\"\u0417\u0430\u043a\u0430\u0437\u0430\u0442\u044c \u00abKylpyamme ja shampoo \u201dLorenay Spider-man\u201d 1 L\u00bb \u0432 \u0438\u043d\u0442\u0435\u0440\u043d\u0435\u0442-\u043c\u0430\u0433\u0430\u0437\u0438\u043d\u0435 REKVI \u0441 \u0434\u043e\u0441\u0442\u0430\u0432\u043a\u043e\u0439 \u043f\u043e \u042d\u0441\u0442\u043e\u043d\u0438\u0438. \u260e +3726363659\",\"breadcrumb\":{\"@id\":\"https:\/\/www.rekvi.ee\/fi\/toode\/mullivann-ja-sampoon-lorenay-spider-man-1-l\/#breadcrumb\"},\"inLanguage\":\"fi\",\"potentialAction\":[{\"@type\":\"ReadAction\",\"target\":[\"https:\/\/www.rekvi.ee\/fi\/toode\/mullivann-ja-sampoon-lorenay-spider-man-1-l\/\"]}]},{\"@type\":\"BreadcrumbList\",\"@id\":\"https:\/\/www.rekvi.ee\/fi\/toode\/mullivann-ja-sampoon-lorenay-spider-man-1-l\/#breadcrumb\",\"itemListElement\":[{\"@type\":\"ListItem\",\"position\":1,\"name\":\"Shop\",\"item\":\"https:\/\/www.rekvi.ee\/en\/e-shop\/\"},{\"@type\":\"ListItem\",\"position\":2,\"name\":\"Kylpyamme ja shampoo \u201dLorenay Spider-man\u201d 1 L\"}]},{\"@type\":\"WebSite\",\"@id\":\"https:\/\/www.rekvi.ee\/#website\",\"url\":\"https:\/\/www.rekvi.ee\/\",\"name\":\"REKVI\",\"description\":\"Tere tulemast kosmeetika maailma!\",\"potentialAction\":[{\"@type\":\"SearchAction\",\"target\":{\"@type\":\"EntryPoint\",\"urlTemplate\":\"https:\/\/www.rekvi.ee\/?s={search_term_string}\"},\"query-input\":\"required name=search_term_string\"}],\"inLanguage\":\"fi\"}]}<\/script>\n<!-- \/ Yoast SEO plugin. -->","yoast_head_json":{"title":"Kylpyamme ja shampoo \u201dLorenay Spider-man\u201d 1 L &ndash; REKVI","description":"\u0417\u0430\u043a\u0430\u0437\u0430\u0442\u044c \u00abKylpyamme ja shampoo \u201dLorenay Spider-man\u201d 1 L\u00bb \u0432 \u0438\u043d\u0442\u0435\u0440\u043d\u0435\u0442-\u043c\u0430\u0433\u0430\u0437\u0438\u043d\u0435 REKVI \u0441 \u0434\u043e\u0441\u0442\u0430\u0432\u043a\u043e\u0439 \u043f\u043e \u042d\u0441\u0442\u043e\u043d\u0438\u0438. \u260e +3726363659","robots":{"index":"index","follow":"follow","max-snippet":"max-snippet:-1","max-image-preview":"max-image-preview:large","max-video-preview":"max-video-preview:-1"},"canonical":"https:\/\/www.rekvi.ee\/fi\/toode\/mullivann-ja-sampoon-lorenay-spider-man-1-l\/","og_locale":"fi_FI","og_type":"article","og_title":"Kylpyamme ja shampoo \u201dLorenay Spider-man\u201d 1 L &ndash; REKVI","og_description":"\u0417\u0430\u043a\u0430\u0437\u0430\u0442\u044c \u00abKylpyamme ja shampoo \u201dLorenay Spider-man\u201d 1 L\u00bb \u0432 \u0438\u043d\u0442\u0435\u0440\u043d\u0435\u0442-\u043c\u0430\u0433\u0430\u0437\u0438\u043d\u0435 REKVI \u0441 \u0434\u043e\u0441\u0442\u0430\u0432\u043a\u043e\u0439 \u043f\u043e \u042d\u0441\u0442\u043e\u043d\u0438\u0438. \u260e +3726363659","og_url":"https:\/\/www.rekvi.ee\/fi\/toode\/mullivann-ja-sampoon-lorenay-spider-man-1-l\/","og_site_name":"REKVI","article_publisher":"https:\/\/www.facebook.com\/Rekvi.ee","og_image":[{"width":1000,"height":1000,"url":"https:\/\/www.rekvi.ee\/wp-content\/uploads\/2023\/05\/spiderman-2v1-sampon-a-pena-do-koupele-1-l.png","type":"image\/png"}],"twitter_card":"summary_large_image","schema":{"@context":"https:\/\/schema.org","@graph":[{"@type":"WebPage","@id":"https:\/\/www.rekvi.ee\/fi\/toode\/mullivann-ja-sampoon-lorenay-spider-man-1-l\/","url":"https:\/\/www.rekvi.ee\/fi\/toode\/mullivann-ja-sampoon-lorenay-spider-man-1-l\/","name":"Kylpyamme ja shampoo \u201dLorenay Spider-man\u201d 1 L &ndash; REKVI","isPartOf":{"@id":"https:\/\/www.rekvi.ee\/#website"},"datePublished":"2023-05-05T09:56:52+00:00","dateModified":"2023-05-05T09:56:52+00:00","description":"\u0417\u0430\u043a\u0430\u0437\u0430\u0442\u044c \u00abKylpyamme ja shampoo \u201dLorenay Spider-man\u201d 1 L\u00bb \u0432 \u0438\u043d\u0442\u0435\u0440\u043d\u0435\u0442-\u043c\u0430\u0433\u0430\u0437\u0438\u043d\u0435 REKVI \u0441 \u0434\u043e\u0441\u0442\u0430\u0432\u043a\u043e\u0439 \u043f\u043e \u042d\u0441\u0442\u043e\u043d\u0438\u0438. \u260e +3726363659","breadcrumb":{"@id":"https:\/\/www.rekvi.ee\/fi\/toode\/mullivann-ja-sampoon-lorenay-spider-man-1-l\/#breadcrumb"},"inLanguage":"fi","potentialAction":[{"@type":"ReadAction","target":["https:\/\/www.rekvi.ee\/fi\/toode\/mullivann-ja-sampoon-lorenay-spider-man-1-l\/"]}]},{"@type":"BreadcrumbList","@id":"https:\/\/www.rekvi.ee\/fi\/toode\/mullivann-ja-sampoon-lorenay-spider-man-1-l\/#breadcrumb","itemListElement":[{"@type":"ListItem","position":1,"name":"Shop","item":"https:\/\/www.rekvi.ee\/en\/e-shop\/"},{"@type":"ListItem","position":2,"name":"Kylpyamme ja shampoo \u201dLorenay Spider-man\u201d 1 L"}]},{"@type":"WebSite","@id":"https:\/\/www.rekvi.ee\/#website","url":"https:\/\/www.rekvi.ee\/","name":"REKVI","description":"Tere tulemast kosmeetika maailma!","potentialAction":[{"@type":"SearchAction","target":{"@type":"EntryPoint","urlTemplate":"https:\/\/www.rekvi.ee\/?s={search_term_string}"},"query-input":"required name=search_term_string"}],"inLanguage":"fi"}]}},"_links":{"self":[{"href":"https:\/\/www.rekvi.ee\/fi\/wp-json\/wp\/v2\/product\/70253"}],"collection":[{"href":"https:\/\/www.rekvi.ee\/fi\/wp-json\/wp\/v2\/product"}],"about":[{"href":"https:\/\/www.rekvi.ee\/fi\/wp-json\/wp\/v2\/types\/product"}],"wp:featuredmedia":[{"embeddable":true,"href":"https:\/\/www.rekvi.ee\/fi\/wp-json\/wp\/v2\/media\/63971"}],"wp:attachment":[{"href":"https:\/\/www.rekvi.ee\/fi\/wp-json\/wp\/v2\/media?parent=70253"}],"wp:term":[{"taxonomy":"product_cat","embeddable":true,"href":"https:\/\/www.rekvi.ee\/fi\/wp-json\/wp\/v2\/product_cat?post=70253"},{"taxonomy":"product_tag","embeddable":true,"href":"https:\/\/www.rekvi.ee\/fi\/wp-json\/wp\/v2\/product_tag?post=70253"}],"curies":[{"name":"wp","href":"https:\/\/api.w.org\/{rel}","templated":true}]}}