{"id":70384,"date":"2023-03-21T12:37:21","date_gmt":"2023-03-21T09:37:21","guid":{"rendered":"https:\/\/www.rekvi.ee\/toode\/sampoon-ja-dusigeel-lastele-3in1-online-fruit-jellies-850-ml\/"},"modified":"2023-03-21T12:37:21","modified_gmt":"2023-03-21T09:37:21","slug":"sampoon-ja-dusigeel-lastele-3in1-online-fruit-jellies-850-ml","status":"publish","type":"product","link":"https:\/\/www.rekvi.ee\/fi\/toode\/sampoon-ja-dusigeel-lastele-3in1-online-fruit-jellies-850-ml\/","title":{"rendered":"Shampoo ja suihkugeeli lapsille 3in1 \u201dOnLine-Fruit Jellies\u201d 850 ml"},"content":{"rendered":"","protected":false},"excerpt":{"rendered":"<p>Shampoossa on ihana tuoksu ja kermainen koostumus. Erityinen koostumus hoitaa vauvan hiuksia, p\u00e4\u00e4nahkaa ja vartaloa. Tuote on dermatologisesti testattu ja sis\u00e4lt\u00e4\u00e4 94 % luonnollisia ainesosia. PH on neutraali. K\u00e4ytt\u00f6ohje: levit\u00e4 pieni m\u00e4\u00e4r\u00e4 vauvan vartalolle tai kosteisiin hiuksiin, hiero kevyesti ja pese pois vedell\u00e4. Sopii lapsille 1-vuotiaasta alkaen. V\u00e4lt\u00e4 kosketusta silmiin. Jos joutuu silmiin, pese runsaalla vedell\u00e4.<\/p>\n<p>Ainesosat :<\/p>\n","protected":false},"featured_media":63743,"template":"","meta":[],"product_cat":[2742,2744,2743],"product_tag":[],"yoast_head":"<!-- This site is optimized with the Yoast SEO plugin v19.5.1 - https:\/\/yoast.com\/wordpress\/plugins\/seo\/ -->\n<title>Shampoo ja suihkugeeli lapsille 3in1 \u201dOnLine-Fruit Jellies\u201d 850 ml &ndash; REKVI<\/title>\n<meta name=\"description\" content=\"\u0417\u0430\u043a\u0430\u0437\u0430\u0442\u044c \u00abShampoo ja suihkugeeli lapsille 3in1 \u201dOnLine-Fruit Jellies\u201d 850 ml\u00bb \u0432 \u0438\u043d\u0442\u0435\u0440\u043d\u0435\u0442-\u043c\u0430\u0433\u0430\u0437\u0438\u043d\u0435 REKVI \u0441 \u0434\u043e\u0441\u0442\u0430\u0432\u043a\u043e\u0439 \u043f\u043e \u042d\u0441\u0442\u043e\u043d\u0438\u0438. \u260e +3726363659\" \/>\n<meta name=\"robots\" content=\"index, follow, max-snippet:-1, max-image-preview:large, max-video-preview:-1\" \/>\n<link rel=\"canonical\" href=\"https:\/\/www.rekvi.ee\/fi\/toode\/sampoon-ja-dusigeel-lastele-3in1-online-fruit-jellies-850-ml\/\" \/>\n<meta property=\"og:locale\" content=\"fi_FI\" \/>\n<meta property=\"og:type\" content=\"article\" \/>\n<meta property=\"og:title\" content=\"Shampoo ja suihkugeeli lapsille 3in1 \u201dOnLine-Fruit Jellies\u201d 850 ml &ndash; REKVI\" \/>\n<meta property=\"og:description\" content=\"\u0417\u0430\u043a\u0430\u0437\u0430\u0442\u044c \u00abShampoo ja suihkugeeli lapsille 3in1 \u201dOnLine-Fruit Jellies\u201d 850 ml\u00bb \u0432 \u0438\u043d\u0442\u0435\u0440\u043d\u0435\u0442-\u043c\u0430\u0433\u0430\u0437\u0438\u043d\u0435 REKVI \u0441 \u0434\u043e\u0441\u0442\u0430\u0432\u043a\u043e\u0439 \u043f\u043e \u042d\u0441\u0442\u043e\u043d\u0438\u0438. \u260e +3726363659\" \/>\n<meta property=\"og:url\" content=\"https:\/\/www.rekvi.ee\/fi\/toode\/sampoon-ja-dusigeel-lastele-3in1-online-fruit-jellies-850-ml\/\" \/>\n<meta property=\"og:site_name\" content=\"REKVI\" \/>\n<meta property=\"article:publisher\" content=\"https:\/\/www.facebook.com\/Rekvi.ee\" \/>\n<meta property=\"og:image\" content=\"https:\/\/www.rekvi.ee\/wp-content\/uploads\/2023\/03\/wol8128_ol_le_petit_maxi_size_zelkowy.png\" \/>\n\t<meta property=\"og:image:width\" content=\"900\" \/>\n\t<meta property=\"og:image:height\" content=\"900\" \/>\n\t<meta property=\"og:image:type\" content=\"image\/png\" \/>\n<meta name=\"twitter:card\" content=\"summary_large_image\" \/>\n<script type=\"application\/ld+json\" class=\"yoast-schema-graph\">{\"@context\":\"https:\/\/schema.org\",\"@graph\":[{\"@type\":\"WebPage\",\"@id\":\"https:\/\/www.rekvi.ee\/fi\/toode\/sampoon-ja-dusigeel-lastele-3in1-online-fruit-jellies-850-ml\/\",\"url\":\"https:\/\/www.rekvi.ee\/fi\/toode\/sampoon-ja-dusigeel-lastele-3in1-online-fruit-jellies-850-ml\/\",\"name\":\"Shampoo ja suihkugeeli lapsille 3in1 \u201dOnLine-Fruit Jellies\u201d 850 ml &ndash; REKVI\",\"isPartOf\":{\"@id\":\"https:\/\/www.rekvi.ee\/#website\"},\"datePublished\":\"2023-03-21T09:37:21+00:00\",\"dateModified\":\"2023-03-21T09:37:21+00:00\",\"description\":\"\u0417\u0430\u043a\u0430\u0437\u0430\u0442\u044c \u00abShampoo ja suihkugeeli lapsille 3in1 \u201dOnLine-Fruit Jellies\u201d 850 ml\u00bb \u0432 \u0438\u043d\u0442\u0435\u0440\u043d\u0435\u0442-\u043c\u0430\u0433\u0430\u0437\u0438\u043d\u0435 REKVI \u0441 \u0434\u043e\u0441\u0442\u0430\u0432\u043a\u043e\u0439 \u043f\u043e \u042d\u0441\u0442\u043e\u043d\u0438\u0438. \u260e +3726363659\",\"breadcrumb\":{\"@id\":\"https:\/\/www.rekvi.ee\/fi\/toode\/sampoon-ja-dusigeel-lastele-3in1-online-fruit-jellies-850-ml\/#breadcrumb\"},\"inLanguage\":\"fi\",\"potentialAction\":[{\"@type\":\"ReadAction\",\"target\":[\"https:\/\/www.rekvi.ee\/fi\/toode\/sampoon-ja-dusigeel-lastele-3in1-online-fruit-jellies-850-ml\/\"]}]},{\"@type\":\"BreadcrumbList\",\"@id\":\"https:\/\/www.rekvi.ee\/fi\/toode\/sampoon-ja-dusigeel-lastele-3in1-online-fruit-jellies-850-ml\/#breadcrumb\",\"itemListElement\":[{\"@type\":\"ListItem\",\"position\":1,\"name\":\"Shop\",\"item\":\"https:\/\/www.rekvi.ee\/en\/e-shop\/\"},{\"@type\":\"ListItem\",\"position\":2,\"name\":\"Shampoo ja suihkugeeli lapsille 3in1 \u201dOnLine-Fruit Jellies\u201d 850 ml\"}]},{\"@type\":\"WebSite\",\"@id\":\"https:\/\/www.rekvi.ee\/#website\",\"url\":\"https:\/\/www.rekvi.ee\/\",\"name\":\"REKVI\",\"description\":\"Tere tulemast kosmeetika maailma!\",\"potentialAction\":[{\"@type\":\"SearchAction\",\"target\":{\"@type\":\"EntryPoint\",\"urlTemplate\":\"https:\/\/www.rekvi.ee\/?s={search_term_string}\"},\"query-input\":\"required name=search_term_string\"}],\"inLanguage\":\"fi\"}]}<\/script>\n<!-- \/ Yoast SEO plugin. -->","yoast_head_json":{"title":"Shampoo ja suihkugeeli lapsille 3in1 \u201dOnLine-Fruit Jellies\u201d 850 ml &ndash; REKVI","description":"\u0417\u0430\u043a\u0430\u0437\u0430\u0442\u044c \u00abShampoo ja suihkugeeli lapsille 3in1 \u201dOnLine-Fruit Jellies\u201d 850 ml\u00bb \u0432 \u0438\u043d\u0442\u0435\u0440\u043d\u0435\u0442-\u043c\u0430\u0433\u0430\u0437\u0438\u043d\u0435 REKVI \u0441 \u0434\u043e\u0441\u0442\u0430\u0432\u043a\u043e\u0439 \u043f\u043e \u042d\u0441\u0442\u043e\u043d\u0438\u0438. \u260e +3726363659","robots":{"index":"index","follow":"follow","max-snippet":"max-snippet:-1","max-image-preview":"max-image-preview:large","max-video-preview":"max-video-preview:-1"},"canonical":"https:\/\/www.rekvi.ee\/fi\/toode\/sampoon-ja-dusigeel-lastele-3in1-online-fruit-jellies-850-ml\/","og_locale":"fi_FI","og_type":"article","og_title":"Shampoo ja suihkugeeli lapsille 3in1 \u201dOnLine-Fruit Jellies\u201d 850 ml &ndash; REKVI","og_description":"\u0417\u0430\u043a\u0430\u0437\u0430\u0442\u044c \u00abShampoo ja suihkugeeli lapsille 3in1 \u201dOnLine-Fruit Jellies\u201d 850 ml\u00bb \u0432 \u0438\u043d\u0442\u0435\u0440\u043d\u0435\u0442-\u043c\u0430\u0433\u0430\u0437\u0438\u043d\u0435 REKVI \u0441 \u0434\u043e\u0441\u0442\u0430\u0432\u043a\u043e\u0439 \u043f\u043e \u042d\u0441\u0442\u043e\u043d\u0438\u0438. \u260e +3726363659","og_url":"https:\/\/www.rekvi.ee\/fi\/toode\/sampoon-ja-dusigeel-lastele-3in1-online-fruit-jellies-850-ml\/","og_site_name":"REKVI","article_publisher":"https:\/\/www.facebook.com\/Rekvi.ee","og_image":[{"width":900,"height":900,"url":"https:\/\/www.rekvi.ee\/wp-content\/uploads\/2023\/03\/wol8128_ol_le_petit_maxi_size_zelkowy.png","type":"image\/png"}],"twitter_card":"summary_large_image","schema":{"@context":"https:\/\/schema.org","@graph":[{"@type":"WebPage","@id":"https:\/\/www.rekvi.ee\/fi\/toode\/sampoon-ja-dusigeel-lastele-3in1-online-fruit-jellies-850-ml\/","url":"https:\/\/www.rekvi.ee\/fi\/toode\/sampoon-ja-dusigeel-lastele-3in1-online-fruit-jellies-850-ml\/","name":"Shampoo ja suihkugeeli lapsille 3in1 \u201dOnLine-Fruit Jellies\u201d 850 ml &ndash; REKVI","isPartOf":{"@id":"https:\/\/www.rekvi.ee\/#website"},"datePublished":"2023-03-21T09:37:21+00:00","dateModified":"2023-03-21T09:37:21+00:00","description":"\u0417\u0430\u043a\u0430\u0437\u0430\u0442\u044c \u00abShampoo ja suihkugeeli lapsille 3in1 \u201dOnLine-Fruit Jellies\u201d 850 ml\u00bb \u0432 \u0438\u043d\u0442\u0435\u0440\u043d\u0435\u0442-\u043c\u0430\u0433\u0430\u0437\u0438\u043d\u0435 REKVI \u0441 \u0434\u043e\u0441\u0442\u0430\u0432\u043a\u043e\u0439 \u043f\u043e \u042d\u0441\u0442\u043e\u043d\u0438\u0438. \u260e +3726363659","breadcrumb":{"@id":"https:\/\/www.rekvi.ee\/fi\/toode\/sampoon-ja-dusigeel-lastele-3in1-online-fruit-jellies-850-ml\/#breadcrumb"},"inLanguage":"fi","potentialAction":[{"@type":"ReadAction","target":["https:\/\/www.rekvi.ee\/fi\/toode\/sampoon-ja-dusigeel-lastele-3in1-online-fruit-jellies-850-ml\/"]}]},{"@type":"BreadcrumbList","@id":"https:\/\/www.rekvi.ee\/fi\/toode\/sampoon-ja-dusigeel-lastele-3in1-online-fruit-jellies-850-ml\/#breadcrumb","itemListElement":[{"@type":"ListItem","position":1,"name":"Shop","item":"https:\/\/www.rekvi.ee\/en\/e-shop\/"},{"@type":"ListItem","position":2,"name":"Shampoo ja suihkugeeli lapsille 3in1 \u201dOnLine-Fruit Jellies\u201d 850 ml"}]},{"@type":"WebSite","@id":"https:\/\/www.rekvi.ee\/#website","url":"https:\/\/www.rekvi.ee\/","name":"REKVI","description":"Tere tulemast kosmeetika maailma!","potentialAction":[{"@type":"SearchAction","target":{"@type":"EntryPoint","urlTemplate":"https:\/\/www.rekvi.ee\/?s={search_term_string}"},"query-input":"required name=search_term_string"}],"inLanguage":"fi"}]}},"_links":{"self":[{"href":"https:\/\/www.rekvi.ee\/fi\/wp-json\/wp\/v2\/product\/70384"}],"collection":[{"href":"https:\/\/www.rekvi.ee\/fi\/wp-json\/wp\/v2\/product"}],"about":[{"href":"https:\/\/www.rekvi.ee\/fi\/wp-json\/wp\/v2\/types\/product"}],"wp:featuredmedia":[{"embeddable":true,"href":"https:\/\/www.rekvi.ee\/fi\/wp-json\/wp\/v2\/media\/63743"}],"wp:attachment":[{"href":"https:\/\/www.rekvi.ee\/fi\/wp-json\/wp\/v2\/media?parent=70384"}],"wp:term":[{"taxonomy":"product_cat","embeddable":true,"href":"https:\/\/www.rekvi.ee\/fi\/wp-json\/wp\/v2\/product_cat?post=70384"},{"taxonomy":"product_tag","embeddable":true,"href":"https:\/\/www.rekvi.ee\/fi\/wp-json\/wp\/v2\/product_tag?post=70384"}],"curies":[{"name":"wp","href":"https:\/\/api.w.org\/{rel}","templated":true}]}}