{"id":70447,"date":"2023-02-22T12:14:33","date_gmt":"2023-02-22T09:14:33","guid":{"rendered":"https:\/\/www.rekvi.ee\/toode\/huulepalsam-lux-visage-304-hot-vanilla\/"},"modified":"2023-02-22T12:14:33","modified_gmt":"2023-02-22T09:14:33","slug":"huulepalsam-lux-visage-304-hot-vanilla","status":"publish","type":"product","link":"https:\/\/www.rekvi.ee\/fi\/toode\/huulepalsam-lux-visage-304-hot-vanilla\/","title":{"rendered":"Huuligeeli Plumper \u201dLux Visage\u201d 304 Hot Vanilla (kuuma vanilja)"},"content":{"rendered":"","protected":false},"excerpt":{"rendered":"<p>Luo v\u00e4liaikaisen vaikutuksen, joka lis\u00e4\u00e4 huulten t\u00e4ytel\u00e4isyytt\u00e4, tekee huulten kontuurin selke\u00e4mm\u00e4ksi, silottaa hienoja juonteita ja kirkastaa huuliv\u00e4rin s\u00e4vy\u00e4 l\u00e4mmitt\u00e4v\u00e4n vaikutuksen ansiosta.<\/p>\n<table id=\"product-attribute-specs-table\" class=\"data table additional-attributes\">\n<tbody>\n<tr>\n<th class=\"col label\" scope=\"row\">INCI<\/th>\n<td class=\"col data\" data-th=\"INCI\">Hydrogenated Polyisobutene, Tridecyl Trimellitate, Octyldodecanol, Cocoglycerides, Silica Dimethyl Silylate (nano), Isodecyl Neopentanoate, Polyethylene, Lanolin, Euphorbia Cerifera Cera, Tribehenin, Cetearyl Alcohol, Vanillyl Butyl Ether, 1,2-Hexanediol, Ricinus Communis Seed Oil, PEG-8, Tocopherol, Ascorbyl Palmitate, Ascorbic Acid, Citric Acid, Diethylhexyl Syringylidenemalonate, Caprylic\/Capric Triglyceride, Caprylyl Glycol, Phenoxyethanol, Hexylene Glycol, Propylparaben, Calcium Aluminum Borosilicate, Silica, Tin Oxide, Synthetic Fluorphlogopite, Parfum, +\/- [Mica, CI 16035, CI 19140, CI 45410, CI 73360, CI 75470, CI 77491, Cl 77499, CI 77891].<\/td>\n<\/tr>\n<tr>\n<th class=\"col label\" scope=\"row\">KASUTAMINE<\/th>\n<td class=\"col data\" data-th=\"Kasutamine\">K\u00e4ytt\u00e4m\u00e4ll\u00e4 aplikaattoria levit\u00e4 kiilto tasaisesti suoraan huulille tai huulipunan tai huultenrajauskyn\u00e4n p\u00e4\u00e4lle.<\/td>\n<\/tr>\n<\/tbody>\n<\/table>\n","protected":false},"featured_media":63556,"template":"","meta":[],"product_cat":[2756,2759],"product_tag":[],"yoast_head":"<!-- This site is optimized with the Yoast SEO plugin v19.5.1 - https:\/\/yoast.com\/wordpress\/plugins\/seo\/ -->\n<title>Huuligeeli Plumper \u201dLux Visage\u201d 304 Hot Vanilla (kuuma vanilja) &ndash; REKVI<\/title>\n<meta name=\"description\" content=\"\u0417\u0430\u043a\u0430\u0437\u0430\u0442\u044c \u00abHuuligeeli Plumper \u201dLux Visage\u201d 304 Hot Vanilla (kuuma vanilja)\u00bb \u0432 \u0438\u043d\u0442\u0435\u0440\u043d\u0435\u0442-\u043c\u0430\u0433\u0430\u0437\u0438\u043d\u0435 REKVI \u0441 \u0434\u043e\u0441\u0442\u0430\u0432\u043a\u043e\u0439 \u043f\u043e \u042d\u0441\u0442\u043e\u043d\u0438\u0438. \u260e +3726363659\" \/>\n<meta name=\"robots\" content=\"index, follow, max-snippet:-1, max-image-preview:large, max-video-preview:-1\" \/>\n<link rel=\"canonical\" href=\"https:\/\/www.rekvi.ee\/fi\/toode\/huulepalsam-lux-visage-304-hot-vanilla\/\" \/>\n<meta property=\"og:locale\" content=\"fi_FI\" \/>\n<meta property=\"og:type\" content=\"article\" \/>\n<meta property=\"og:title\" content=\"Huuligeeli Plumper \u201dLux Visage\u201d 304 Hot Vanilla (kuuma vanilja) &ndash; REKVI\" \/>\n<meta property=\"og:description\" content=\"\u0417\u0430\u043a\u0430\u0437\u0430\u0442\u044c \u00abHuuligeeli Plumper \u201dLux Visage\u201d 304 Hot Vanilla (kuuma vanilja)\u00bb \u0432 \u0438\u043d\u0442\u0435\u0440\u043d\u0435\u0442-\u043c\u0430\u0433\u0430\u0437\u0438\u043d\u0435 REKVI \u0441 \u0434\u043e\u0441\u0442\u0430\u0432\u043a\u043e\u0439 \u043f\u043e \u042d\u0441\u0442\u043e\u043d\u0438\u0438. \u260e +3726363659\" \/>\n<meta property=\"og:url\" content=\"https:\/\/www.rekvi.ee\/fi\/toode\/huulepalsam-lux-visage-304-hot-vanilla\/\" \/>\n<meta property=\"og:site_name\" content=\"REKVI\" \/>\n<meta property=\"article:publisher\" content=\"https:\/\/www.facebook.com\/Rekvi.ee\" \/>\n<meta property=\"og:image\" content=\"https:\/\/www.rekvi.ee\/wp-content\/uploads\/2023\/02\/304-luxvisage.jpg\" \/>\n\t<meta property=\"og:image:width\" content=\"1050\" \/>\n\t<meta property=\"og:image:height\" content=\"1152\" \/>\n\t<meta property=\"og:image:type\" content=\"image\/jpeg\" \/>\n<meta name=\"twitter:card\" content=\"summary_large_image\" \/>\n<script type=\"application\/ld+json\" class=\"yoast-schema-graph\">{\"@context\":\"https:\/\/schema.org\",\"@graph\":[{\"@type\":\"WebPage\",\"@id\":\"https:\/\/www.rekvi.ee\/fi\/toode\/huulepalsam-lux-visage-304-hot-vanilla\/\",\"url\":\"https:\/\/www.rekvi.ee\/fi\/toode\/huulepalsam-lux-visage-304-hot-vanilla\/\",\"name\":\"Huuligeeli Plumper \u201dLux Visage\u201d 304 Hot Vanilla (kuuma vanilja) &ndash; REKVI\",\"isPartOf\":{\"@id\":\"https:\/\/www.rekvi.ee\/#website\"},\"datePublished\":\"2023-02-22T09:14:33+00:00\",\"dateModified\":\"2023-02-22T09:14:33+00:00\",\"description\":\"\u0417\u0430\u043a\u0430\u0437\u0430\u0442\u044c \u00abHuuligeeli Plumper \u201dLux Visage\u201d 304 Hot Vanilla (kuuma vanilja)\u00bb \u0432 \u0438\u043d\u0442\u0435\u0440\u043d\u0435\u0442-\u043c\u0430\u0433\u0430\u0437\u0438\u043d\u0435 REKVI \u0441 \u0434\u043e\u0441\u0442\u0430\u0432\u043a\u043e\u0439 \u043f\u043e \u042d\u0441\u0442\u043e\u043d\u0438\u0438. \u260e +3726363659\",\"breadcrumb\":{\"@id\":\"https:\/\/www.rekvi.ee\/fi\/toode\/huulepalsam-lux-visage-304-hot-vanilla\/#breadcrumb\"},\"inLanguage\":\"fi\",\"potentialAction\":[{\"@type\":\"ReadAction\",\"target\":[\"https:\/\/www.rekvi.ee\/fi\/toode\/huulepalsam-lux-visage-304-hot-vanilla\/\"]}]},{\"@type\":\"BreadcrumbList\",\"@id\":\"https:\/\/www.rekvi.ee\/fi\/toode\/huulepalsam-lux-visage-304-hot-vanilla\/#breadcrumb\",\"itemListElement\":[{\"@type\":\"ListItem\",\"position\":1,\"name\":\"Shop\",\"item\":\"https:\/\/www.rekvi.ee\/en\/e-shop\/\"},{\"@type\":\"ListItem\",\"position\":2,\"name\":\"Huuligeeli Plumper \u201dLux Visage\u201d 304 Hot Vanilla (kuuma vanilja)\"}]},{\"@type\":\"WebSite\",\"@id\":\"https:\/\/www.rekvi.ee\/#website\",\"url\":\"https:\/\/www.rekvi.ee\/\",\"name\":\"REKVI\",\"description\":\"Tere tulemast kosmeetika maailma!\",\"potentialAction\":[{\"@type\":\"SearchAction\",\"target\":{\"@type\":\"EntryPoint\",\"urlTemplate\":\"https:\/\/www.rekvi.ee\/?s={search_term_string}\"},\"query-input\":\"required name=search_term_string\"}],\"inLanguage\":\"fi\"}]}<\/script>\n<!-- \/ Yoast SEO plugin. -->","yoast_head_json":{"title":"Huuligeeli Plumper \u201dLux Visage\u201d 304 Hot Vanilla (kuuma vanilja) &ndash; REKVI","description":"\u0417\u0430\u043a\u0430\u0437\u0430\u0442\u044c \u00abHuuligeeli Plumper \u201dLux Visage\u201d 304 Hot Vanilla (kuuma vanilja)\u00bb \u0432 \u0438\u043d\u0442\u0435\u0440\u043d\u0435\u0442-\u043c\u0430\u0433\u0430\u0437\u0438\u043d\u0435 REKVI \u0441 \u0434\u043e\u0441\u0442\u0430\u0432\u043a\u043e\u0439 \u043f\u043e \u042d\u0441\u0442\u043e\u043d\u0438\u0438. \u260e +3726363659","robots":{"index":"index","follow":"follow","max-snippet":"max-snippet:-1","max-image-preview":"max-image-preview:large","max-video-preview":"max-video-preview:-1"},"canonical":"https:\/\/www.rekvi.ee\/fi\/toode\/huulepalsam-lux-visage-304-hot-vanilla\/","og_locale":"fi_FI","og_type":"article","og_title":"Huuligeeli Plumper \u201dLux Visage\u201d 304 Hot Vanilla (kuuma vanilja) &ndash; REKVI","og_description":"\u0417\u0430\u043a\u0430\u0437\u0430\u0442\u044c \u00abHuuligeeli Plumper \u201dLux Visage\u201d 304 Hot Vanilla (kuuma vanilja)\u00bb \u0432 \u0438\u043d\u0442\u0435\u0440\u043d\u0435\u0442-\u043c\u0430\u0433\u0430\u0437\u0438\u043d\u0435 REKVI \u0441 \u0434\u043e\u0441\u0442\u0430\u0432\u043a\u043e\u0439 \u043f\u043e \u042d\u0441\u0442\u043e\u043d\u0438\u0438. \u260e +3726363659","og_url":"https:\/\/www.rekvi.ee\/fi\/toode\/huulepalsam-lux-visage-304-hot-vanilla\/","og_site_name":"REKVI","article_publisher":"https:\/\/www.facebook.com\/Rekvi.ee","og_image":[{"width":1050,"height":1152,"url":"https:\/\/www.rekvi.ee\/wp-content\/uploads\/2023\/02\/304-luxvisage.jpg","type":"image\/jpeg"}],"twitter_card":"summary_large_image","schema":{"@context":"https:\/\/schema.org","@graph":[{"@type":"WebPage","@id":"https:\/\/www.rekvi.ee\/fi\/toode\/huulepalsam-lux-visage-304-hot-vanilla\/","url":"https:\/\/www.rekvi.ee\/fi\/toode\/huulepalsam-lux-visage-304-hot-vanilla\/","name":"Huuligeeli Plumper \u201dLux Visage\u201d 304 Hot Vanilla (kuuma vanilja) &ndash; REKVI","isPartOf":{"@id":"https:\/\/www.rekvi.ee\/#website"},"datePublished":"2023-02-22T09:14:33+00:00","dateModified":"2023-02-22T09:14:33+00:00","description":"\u0417\u0430\u043a\u0430\u0437\u0430\u0442\u044c \u00abHuuligeeli Plumper \u201dLux Visage\u201d 304 Hot Vanilla (kuuma vanilja)\u00bb \u0432 \u0438\u043d\u0442\u0435\u0440\u043d\u0435\u0442-\u043c\u0430\u0433\u0430\u0437\u0438\u043d\u0435 REKVI \u0441 \u0434\u043e\u0441\u0442\u0430\u0432\u043a\u043e\u0439 \u043f\u043e \u042d\u0441\u0442\u043e\u043d\u0438\u0438. \u260e +3726363659","breadcrumb":{"@id":"https:\/\/www.rekvi.ee\/fi\/toode\/huulepalsam-lux-visage-304-hot-vanilla\/#breadcrumb"},"inLanguage":"fi","potentialAction":[{"@type":"ReadAction","target":["https:\/\/www.rekvi.ee\/fi\/toode\/huulepalsam-lux-visage-304-hot-vanilla\/"]}]},{"@type":"BreadcrumbList","@id":"https:\/\/www.rekvi.ee\/fi\/toode\/huulepalsam-lux-visage-304-hot-vanilla\/#breadcrumb","itemListElement":[{"@type":"ListItem","position":1,"name":"Shop","item":"https:\/\/www.rekvi.ee\/en\/e-shop\/"},{"@type":"ListItem","position":2,"name":"Huuligeeli Plumper \u201dLux Visage\u201d 304 Hot Vanilla (kuuma vanilja)"}]},{"@type":"WebSite","@id":"https:\/\/www.rekvi.ee\/#website","url":"https:\/\/www.rekvi.ee\/","name":"REKVI","description":"Tere tulemast kosmeetika maailma!","potentialAction":[{"@type":"SearchAction","target":{"@type":"EntryPoint","urlTemplate":"https:\/\/www.rekvi.ee\/?s={search_term_string}"},"query-input":"required name=search_term_string"}],"inLanguage":"fi"}]}},"_links":{"self":[{"href":"https:\/\/www.rekvi.ee\/fi\/wp-json\/wp\/v2\/product\/70447"}],"collection":[{"href":"https:\/\/www.rekvi.ee\/fi\/wp-json\/wp\/v2\/product"}],"about":[{"href":"https:\/\/www.rekvi.ee\/fi\/wp-json\/wp\/v2\/types\/product"}],"wp:featuredmedia":[{"embeddable":true,"href":"https:\/\/www.rekvi.ee\/fi\/wp-json\/wp\/v2\/media\/63556"}],"wp:attachment":[{"href":"https:\/\/www.rekvi.ee\/fi\/wp-json\/wp\/v2\/media?parent=70447"}],"wp:term":[{"taxonomy":"product_cat","embeddable":true,"href":"https:\/\/www.rekvi.ee\/fi\/wp-json\/wp\/v2\/product_cat?post=70447"},{"taxonomy":"product_tag","embeddable":true,"href":"https:\/\/www.rekvi.ee\/fi\/wp-json\/wp\/v2\/product_tag?post=70447"}],"curies":[{"name":"wp","href":"https:\/\/api.w.org\/{rel}","templated":true}]}}