{"id":70487,"date":"2022-12-14T12:39:28","date_gmt":"2022-12-14T09:39:28","guid":{"rendered":"https:\/\/www.rekvi.ee\/toode\/hambapasta-lesnoj-balzam-nulg-ja-tammekoor-75ml\/"},"modified":"2022-12-14T12:39:28","modified_gmt":"2022-12-14T09:39:28","slug":"hambapasta-lesnoj-balzam-nulg-ja-tammekoor-75ml","status":"publish","type":"product","link":"https:\/\/www.rekvi.ee\/fi\/toode\/hambapasta-lesnoj-balzam-nulg-ja-tammekoor-75ml\/","title":{"rendered":"Hammastahna \u201dLesnoi balzam\u201d, \u201dTotal kompleks \u201d, kamomilla 75ml (UA)"},"content":{"rendered":"","protected":false},"excerpt":{"rendered":"<p>Uusi hammastahnojen ja suuvesien sarja &#8220;Kolmekordne m\u00f5ju&#8221; on erinomainen valinta p\u00e4ivitt\u00e4iseen karieksen ehk\u00e4isyyn sek\u00e4 hampaiden ja ikenien terveyden yll\u00e4pitoon.<\/p>\n<p>Kamomillalla maustettu hammastahna &#8220;Kolmekordne m\u00f5ju&#8221; on mietomakuinen kasvipohjainen tahna, joka yhdist\u00e4\u00e4 kolme vaikutusta samanaikaisesti, mahdollistaen maksimaalisen suojan koko suun alueelle:<\/p>\n<ul>\n<li>Vahvistaa ikeni\u00e4 patentoituun yrttiuutevalmistukseen perustuen, joka on rikastettu kamomillauutteella ja tyrni\u00f6ljyll\u00e4.<\/li>\n<li>Suojaa kariekselta ja vahvistaa kiillett\u00e4 mineraalisen fluoridikompleksin ansiosta.<\/li>\n<li>Pit\u00e4\u00e4 hengityksen raikkaana ja suojaa plakin muodostumista vastaan koko p\u00e4iv\u00e4n piparminttu\u00f6ljyn avulla.<\/li>\n<\/ul>\n<p><strong>Koostumus<\/strong><\/p>\n<p>Aqua, Silica, Sorbitol, Sodium Lauryl Sulfate, Cellulose Gum, Aroma, Abies Sibirica Leaf Extract, Chamomilla Recutita (Matricaria) Flower Extract (kummeli ekstrakt), Hippophae Rhamnoides Fruit Juice, Hippophae Rhamnoides Oil (astelpaju\u00f5li), Mentha Piperita (Peppermint) Leaf Extract, Urtica Dioica (Nettle) Leaf Powder, Achillea Millefolium Extract, Hypericum Perforatum Flower\/Leaf\/Stem Extract, Chelidonium Majus Extract, Sodium Fluoride, Sodium Monofluorophosphate, Benzyl Alcohol, Citric Acid, Glycerin, Glycine Soja (Soybean) Oil, Menthol, Phenoxyethanol, Sodium Chloride, Sodium Hydroxide, Sodium Saccharin, Sodium Sulfate, Eugenol, Limonene, CI 19140, CI 42090, CI 73360, CI 74160, CI 74260, CI 77891.<\/p>\n","protected":false},"featured_media":65541,"template":"","meta":[],"product_cat":[2827,2828],"product_tag":[],"yoast_head":"<!-- This site is optimized with the Yoast SEO plugin v19.5.1 - https:\/\/yoast.com\/wordpress\/plugins\/seo\/ -->\n<title>Hammastahna \u201dLesnoi balzam\u201d, \u201dTotal kompleks \u201d, kamomilla 75ml (UA) &ndash; REKVI<\/title>\n<meta name=\"description\" content=\"\u0417\u0430\u043a\u0430\u0437\u0430\u0442\u044c \u00abHammastahna \u201dLesnoi balzam\u201d, \u201dTotal kompleks \u201d, kamomilla 75ml (UA)\u00bb \u0432 \u0438\u043d\u0442\u0435\u0440\u043d\u0435\u0442-\u043c\u0430\u0433\u0430\u0437\u0438\u043d\u0435 REKVI \u0441 \u0434\u043e\u0441\u0442\u0430\u0432\u043a\u043e\u0439 \u043f\u043e \u042d\u0441\u0442\u043e\u043d\u0438\u0438. \u260e +3726363659\" \/>\n<meta name=\"robots\" content=\"index, follow, max-snippet:-1, max-image-preview:large, max-video-preview:-1\" \/>\n<link rel=\"canonical\" href=\"https:\/\/www.rekvi.ee\/fi\/toode\/hambapasta-lesnoj-balzam-nulg-ja-tammekoor-75ml\/\" \/>\n<meta property=\"og:locale\" content=\"fi_FI\" \/>\n<meta property=\"og:type\" content=\"article\" \/>\n<meta property=\"og:title\" content=\"Hammastahna \u201dLesnoi balzam\u201d, \u201dTotal kompleks \u201d, kamomilla 75ml (UA) &ndash; REKVI\" \/>\n<meta property=\"og:description\" content=\"\u0417\u0430\u043a\u0430\u0437\u0430\u0442\u044c \u00abHammastahna \u201dLesnoi balzam\u201d, \u201dTotal kompleks \u201d, kamomilla 75ml (UA)\u00bb \u0432 \u0438\u043d\u0442\u0435\u0440\u043d\u0435\u0442-\u043c\u0430\u0433\u0430\u0437\u0438\u043d\u0435 REKVI \u0441 \u0434\u043e\u0441\u0442\u0430\u0432\u043a\u043e\u0439 \u043f\u043e \u042d\u0441\u0442\u043e\u043d\u0438\u0438. \u260e +3726363659\" \/>\n<meta property=\"og:url\" content=\"https:\/\/www.rekvi.ee\/fi\/toode\/hambapasta-lesnoj-balzam-nulg-ja-tammekoor-75ml\/\" \/>\n<meta property=\"og:site_name\" content=\"REKVI\" \/>\n<meta property=\"article:publisher\" content=\"https:\/\/www.facebook.com\/Rekvi.ee\" \/>\n<meta property=\"og:image\" content=\"https:\/\/www.rekvi.ee\/wp-content\/uploads\/2022\/12\/lesnoy-balsam-chamomile-and-sea-buckthorn-75ml-09929-540x400-1.jpg\" \/>\n\t<meta property=\"og:image:width\" content=\"540\" \/>\n\t<meta property=\"og:image:height\" content=\"400\" \/>\n\t<meta property=\"og:image:type\" content=\"image\/jpeg\" \/>\n<meta name=\"twitter:card\" content=\"summary_large_image\" \/>\n<script type=\"application\/ld+json\" class=\"yoast-schema-graph\">{\"@context\":\"https:\/\/schema.org\",\"@graph\":[{\"@type\":\"WebPage\",\"@id\":\"https:\/\/www.rekvi.ee\/fi\/toode\/hambapasta-lesnoj-balzam-nulg-ja-tammekoor-75ml\/\",\"url\":\"https:\/\/www.rekvi.ee\/fi\/toode\/hambapasta-lesnoj-balzam-nulg-ja-tammekoor-75ml\/\",\"name\":\"Hammastahna \u201dLesnoi balzam\u201d, \u201dTotal kompleks \u201d, kamomilla 75ml (UA) &ndash; REKVI\",\"isPartOf\":{\"@id\":\"https:\/\/www.rekvi.ee\/#website\"},\"datePublished\":\"2022-12-14T09:39:28+00:00\",\"dateModified\":\"2022-12-14T09:39:28+00:00\",\"description\":\"\u0417\u0430\u043a\u0430\u0437\u0430\u0442\u044c \u00abHammastahna \u201dLesnoi balzam\u201d, \u201dTotal kompleks \u201d, kamomilla 75ml (UA)\u00bb \u0432 \u0438\u043d\u0442\u0435\u0440\u043d\u0435\u0442-\u043c\u0430\u0433\u0430\u0437\u0438\u043d\u0435 REKVI \u0441 \u0434\u043e\u0441\u0442\u0430\u0432\u043a\u043e\u0439 \u043f\u043e \u042d\u0441\u0442\u043e\u043d\u0438\u0438. \u260e +3726363659\",\"breadcrumb\":{\"@id\":\"https:\/\/www.rekvi.ee\/fi\/toode\/hambapasta-lesnoj-balzam-nulg-ja-tammekoor-75ml\/#breadcrumb\"},\"inLanguage\":\"fi\",\"potentialAction\":[{\"@type\":\"ReadAction\",\"target\":[\"https:\/\/www.rekvi.ee\/fi\/toode\/hambapasta-lesnoj-balzam-nulg-ja-tammekoor-75ml\/\"]}]},{\"@type\":\"BreadcrumbList\",\"@id\":\"https:\/\/www.rekvi.ee\/fi\/toode\/hambapasta-lesnoj-balzam-nulg-ja-tammekoor-75ml\/#breadcrumb\",\"itemListElement\":[{\"@type\":\"ListItem\",\"position\":1,\"name\":\"Shop\",\"item\":\"https:\/\/www.rekvi.ee\/en\/e-shop\/\"},{\"@type\":\"ListItem\",\"position\":2,\"name\":\"Hammastahna \u201dLesnoi balzam\u201d, \u201dTotal kompleks \u201d, kamomilla 75ml (UA)\"}]},{\"@type\":\"WebSite\",\"@id\":\"https:\/\/www.rekvi.ee\/#website\",\"url\":\"https:\/\/www.rekvi.ee\/\",\"name\":\"REKVI\",\"description\":\"Tere tulemast kosmeetika maailma!\",\"potentialAction\":[{\"@type\":\"SearchAction\",\"target\":{\"@type\":\"EntryPoint\",\"urlTemplate\":\"https:\/\/www.rekvi.ee\/?s={search_term_string}\"},\"query-input\":\"required name=search_term_string\"}],\"inLanguage\":\"fi\"}]}<\/script>\n<!-- \/ Yoast SEO plugin. -->","yoast_head_json":{"title":"Hammastahna \u201dLesnoi balzam\u201d, \u201dTotal kompleks \u201d, kamomilla 75ml (UA) &ndash; REKVI","description":"\u0417\u0430\u043a\u0430\u0437\u0430\u0442\u044c \u00abHammastahna \u201dLesnoi balzam\u201d, \u201dTotal kompleks \u201d, kamomilla 75ml (UA)\u00bb \u0432 \u0438\u043d\u0442\u0435\u0440\u043d\u0435\u0442-\u043c\u0430\u0433\u0430\u0437\u0438\u043d\u0435 REKVI \u0441 \u0434\u043e\u0441\u0442\u0430\u0432\u043a\u043e\u0439 \u043f\u043e \u042d\u0441\u0442\u043e\u043d\u0438\u0438. \u260e +3726363659","robots":{"index":"index","follow":"follow","max-snippet":"max-snippet:-1","max-image-preview":"max-image-preview:large","max-video-preview":"max-video-preview:-1"},"canonical":"https:\/\/www.rekvi.ee\/fi\/toode\/hambapasta-lesnoj-balzam-nulg-ja-tammekoor-75ml\/","og_locale":"fi_FI","og_type":"article","og_title":"Hammastahna \u201dLesnoi balzam\u201d, \u201dTotal kompleks \u201d, kamomilla 75ml (UA) &ndash; REKVI","og_description":"\u0417\u0430\u043a\u0430\u0437\u0430\u0442\u044c \u00abHammastahna \u201dLesnoi balzam\u201d, \u201dTotal kompleks \u201d, kamomilla 75ml (UA)\u00bb \u0432 \u0438\u043d\u0442\u0435\u0440\u043d\u0435\u0442-\u043c\u0430\u0433\u0430\u0437\u0438\u043d\u0435 REKVI \u0441 \u0434\u043e\u0441\u0442\u0430\u0432\u043a\u043e\u0439 \u043f\u043e \u042d\u0441\u0442\u043e\u043d\u0438\u0438. \u260e +3726363659","og_url":"https:\/\/www.rekvi.ee\/fi\/toode\/hambapasta-lesnoj-balzam-nulg-ja-tammekoor-75ml\/","og_site_name":"REKVI","article_publisher":"https:\/\/www.facebook.com\/Rekvi.ee","og_image":[{"width":540,"height":400,"url":"https:\/\/www.rekvi.ee\/wp-content\/uploads\/2022\/12\/lesnoy-balsam-chamomile-and-sea-buckthorn-75ml-09929-540x400-1.jpg","type":"image\/jpeg"}],"twitter_card":"summary_large_image","schema":{"@context":"https:\/\/schema.org","@graph":[{"@type":"WebPage","@id":"https:\/\/www.rekvi.ee\/fi\/toode\/hambapasta-lesnoj-balzam-nulg-ja-tammekoor-75ml\/","url":"https:\/\/www.rekvi.ee\/fi\/toode\/hambapasta-lesnoj-balzam-nulg-ja-tammekoor-75ml\/","name":"Hammastahna \u201dLesnoi balzam\u201d, \u201dTotal kompleks \u201d, kamomilla 75ml (UA) &ndash; REKVI","isPartOf":{"@id":"https:\/\/www.rekvi.ee\/#website"},"datePublished":"2022-12-14T09:39:28+00:00","dateModified":"2022-12-14T09:39:28+00:00","description":"\u0417\u0430\u043a\u0430\u0437\u0430\u0442\u044c \u00abHammastahna \u201dLesnoi balzam\u201d, \u201dTotal kompleks \u201d, kamomilla 75ml (UA)\u00bb \u0432 \u0438\u043d\u0442\u0435\u0440\u043d\u0435\u0442-\u043c\u0430\u0433\u0430\u0437\u0438\u043d\u0435 REKVI \u0441 \u0434\u043e\u0441\u0442\u0430\u0432\u043a\u043e\u0439 \u043f\u043e \u042d\u0441\u0442\u043e\u043d\u0438\u0438. \u260e +3726363659","breadcrumb":{"@id":"https:\/\/www.rekvi.ee\/fi\/toode\/hambapasta-lesnoj-balzam-nulg-ja-tammekoor-75ml\/#breadcrumb"},"inLanguage":"fi","potentialAction":[{"@type":"ReadAction","target":["https:\/\/www.rekvi.ee\/fi\/toode\/hambapasta-lesnoj-balzam-nulg-ja-tammekoor-75ml\/"]}]},{"@type":"BreadcrumbList","@id":"https:\/\/www.rekvi.ee\/fi\/toode\/hambapasta-lesnoj-balzam-nulg-ja-tammekoor-75ml\/#breadcrumb","itemListElement":[{"@type":"ListItem","position":1,"name":"Shop","item":"https:\/\/www.rekvi.ee\/en\/e-shop\/"},{"@type":"ListItem","position":2,"name":"Hammastahna \u201dLesnoi balzam\u201d, \u201dTotal kompleks \u201d, kamomilla 75ml (UA)"}]},{"@type":"WebSite","@id":"https:\/\/www.rekvi.ee\/#website","url":"https:\/\/www.rekvi.ee\/","name":"REKVI","description":"Tere tulemast kosmeetika maailma!","potentialAction":[{"@type":"SearchAction","target":{"@type":"EntryPoint","urlTemplate":"https:\/\/www.rekvi.ee\/?s={search_term_string}"},"query-input":"required name=search_term_string"}],"inLanguage":"fi"}]}},"_links":{"self":[{"href":"https:\/\/www.rekvi.ee\/fi\/wp-json\/wp\/v2\/product\/70487"}],"collection":[{"href":"https:\/\/www.rekvi.ee\/fi\/wp-json\/wp\/v2\/product"}],"about":[{"href":"https:\/\/www.rekvi.ee\/fi\/wp-json\/wp\/v2\/types\/product"}],"wp:featuredmedia":[{"embeddable":true,"href":"https:\/\/www.rekvi.ee\/fi\/wp-json\/wp\/v2\/media\/65541"}],"wp:attachment":[{"href":"https:\/\/www.rekvi.ee\/fi\/wp-json\/wp\/v2\/media?parent=70487"}],"wp:term":[{"taxonomy":"product_cat","embeddable":true,"href":"https:\/\/www.rekvi.ee\/fi\/wp-json\/wp\/v2\/product_cat?post=70487"},{"taxonomy":"product_tag","embeddable":true,"href":"https:\/\/www.rekvi.ee\/fi\/wp-json\/wp\/v2\/product_tag?post=70487"}],"curies":[{"name":"wp","href":"https:\/\/api.w.org\/{rel}","templated":true}]}}