{"id":70488,"date":"2022-12-14T14:19:19","date_gmt":"2022-12-14T11:19:19","guid":{"rendered":"https:\/\/www.rekvi.ee\/toode\/hambapasta-lesnoj-balzam-ravimtaimede-keetmisel-75ml\/"},"modified":"2022-12-14T14:19:19","modified_gmt":"2022-12-14T11:19:19","slug":"hambapasta-lesnoj-balzam-ravimtaimede-keetmisel-75ml","status":"publish","type":"product","link":"https:\/\/www.rekvi.ee\/fi\/toode\/hambapasta-lesnoj-balzam-ravimtaimede-keetmisel-75ml\/","title":{"rendered":"Hammastahna \u201dLesnoi balzam\u201d, \u201dTotal kompleks\u201d aloe veralla ja valkoisella teell\u00e4 75 ml (UA)"},"content":{"rendered":"","protected":false},"excerpt":{"rendered":"<p>Aloe veramehua ja valkoisen teen uutetta sis\u00e4lt\u00e4v\u00e4 koostumus sis\u00e4lt\u00e4\u00e4 vitamiineja ja antioksidantteja, jotka ovat hy\u00f6dyksi hampaille ja ikenille, takaavat pitk\u00e4kestoisen raikkaan hengityksen ja vahvistavat heikentyneit\u00e4 ikeni\u00e4 seitsem\u00e4ss\u00e4 p\u00e4iv\u00e4ss\u00e4.<\/p>\n<p>Mineraalinen kompleksi bioaktiivisen fluorin kanssa vahvistaa hammaskiillett\u00e4 ja suojaa karieksen muodostumiselta. Viiden rohdoskasvin (kamomilla, keh\u00e4kukka, m\u00e4kikuisma, verijuuri ja nokkonen) keitos vahvistaa ikeni\u00e4 ja tarjoaa lis\u00e4suojaavan ennaltaehk\u00e4isyn.<\/p>\n<p><strong>Kliinisten tutkimusten tulosten mukaan:<\/strong><\/p>\n<ul>\n<li>vahvistaa hammaskiillett\u00e4<\/li>\n<li>vahvistaa ikeni\u00e4 seitsem\u00e4ss\u00e4 p\u00e4iv\u00e4ss\u00e4<\/li>\n<li>raikastaa hengityst\u00e4<\/li>\n<\/ul>\n<p><strong>K\u00e4ytt\u00f6<\/strong><\/p>\n<p>Hammasl\u00e4\u00e4k\u00e4rit suosittelevat hampaiden harjaamista 2\u20133 minuutin ajan v\u00e4hint\u00e4\u00e4n kaksi kertaa p\u00e4iv\u00e4ss\u00e4 hampaiden ja ikenten terveyden yll\u00e4pit\u00e4miseksi.<\/p>\n<p><strong>Koostumus<\/strong><\/p>\n<p>Aqua, Silica, Sorbitol, Sodium Lauryl Sulfate, Aroma, Cellulose Gum, Aloe Barbadensis Leaf Juice, Camellia Sinensis Leaf Extract, Abies Sibirica Leaf Extract, Urtica Dioica (Nettle) Leaf Powder, Chamomilla Recutita (Matricaria) Flower, Achillea Millefolium Extract, Hypericum Perforatum Flower\/Leaf\/Stem Extract, Chelidonium Majus Extract, Sodium Monofluorophosphate, Sodium Fluoride, Sodium Saccharin, Sodium Chloride, Glycerin, Propanediol, Sodium Hydroxide, Citric Acid, Phenoxyethanol, Benzyl Alcohol, Sodium Benzoate, Potassium Sorbate, Sodium Sulfate, Sodium Sulfite, Linalool, Ci 19140, Ci 42090<\/p>\n","protected":false},"featured_media":71821,"template":"","meta":[],"product_cat":[2827,2828],"product_tag":[],"yoast_head":"<!-- This site is optimized with the Yoast SEO plugin v19.5.1 - https:\/\/yoast.com\/wordpress\/plugins\/seo\/ -->\n<title>Hammastahna \u201dLesnoi balzam\u201d, \u201dTotal kompleks\u201d aloe veralla ja valkoisella teell\u00e4 75 ml (UA) &ndash; REKVI<\/title>\n<meta name=\"description\" content=\"\u0417\u0430\u043a\u0430\u0437\u0430\u0442\u044c \u00abHammastahna \u201dLesnoi balzam\u201d, \u201dTotal kompleks\u201d aloe veralla ja valkoisella teell\u00e4 75 ml (UA)\u00bb \u0432 \u0438\u043d\u0442\u0435\u0440\u043d\u0435\u0442-\u043c\u0430\u0433\u0430\u0437\u0438\u043d\u0435 REKVI \u0441 \u0434\u043e\u0441\u0442\u0430\u0432\u043a\u043e\u0439 \u043f\u043e \u042d\u0441\u0442\u043e\u043d\u0438\u0438. \u260e +3726363659\" \/>\n<meta name=\"robots\" content=\"index, follow, max-snippet:-1, max-image-preview:large, max-video-preview:-1\" \/>\n<link rel=\"canonical\" href=\"https:\/\/www.rekvi.ee\/fi\/toode\/hambapasta-lesnoj-balzam-ravimtaimede-keetmisel-75ml\/\" \/>\n<meta property=\"og:locale\" content=\"fi_FI\" \/>\n<meta property=\"og:type\" content=\"article\" \/>\n<meta property=\"og:title\" content=\"Hammastahna \u201dLesnoi balzam\u201d, \u201dTotal kompleks\u201d aloe veralla ja valkoisella teell\u00e4 75 ml (UA) &ndash; REKVI\" \/>\n<meta property=\"og:description\" content=\"\u0417\u0430\u043a\u0430\u0437\u0430\u0442\u044c \u00abHammastahna \u201dLesnoi balzam\u201d, \u201dTotal kompleks\u201d aloe veralla ja valkoisella teell\u00e4 75 ml (UA)\u00bb \u0432 \u0438\u043d\u0442\u0435\u0440\u043d\u0435\u0442-\u043c\u0430\u0433\u0430\u0437\u0438\u043d\u0435 REKVI \u0441 \u0434\u043e\u0441\u0442\u0430\u0432\u043a\u043e\u0439 \u043f\u043e \u042d\u0441\u0442\u043e\u043d\u0438\u0438. \u260e +3726363659\" \/>\n<meta property=\"og:url\" content=\"https:\/\/www.rekvi.ee\/fi\/toode\/hambapasta-lesnoj-balzam-ravimtaimede-keetmisel-75ml\/\" \/>\n<meta property=\"og:site_name\" content=\"REKVI\" \/>\n<meta property=\"article:publisher\" content=\"https:\/\/www.facebook.com\/Rekvi.ee\" \/>\n<meta property=\"og:image\" content=\"https:\/\/www.rekvi.ee\/wp-content\/uploads\/2022\/12\/hambapasta-total-kompleks-75-ml-lesnoi-balsam.jpg\" \/>\n\t<meta property=\"og:image:width\" content=\"570\" \/>\n\t<meta property=\"og:image:height\" content=\"570\" \/>\n\t<meta property=\"og:image:type\" content=\"image\/jpeg\" \/>\n<meta name=\"twitter:card\" content=\"summary_large_image\" \/>\n<script type=\"application\/ld+json\" class=\"yoast-schema-graph\">{\"@context\":\"https:\/\/schema.org\",\"@graph\":[{\"@type\":\"WebPage\",\"@id\":\"https:\/\/www.rekvi.ee\/fi\/toode\/hambapasta-lesnoj-balzam-ravimtaimede-keetmisel-75ml\/\",\"url\":\"https:\/\/www.rekvi.ee\/fi\/toode\/hambapasta-lesnoj-balzam-ravimtaimede-keetmisel-75ml\/\",\"name\":\"Hammastahna \u201dLesnoi balzam\u201d, \u201dTotal kompleks\u201d aloe veralla ja valkoisella teell\u00e4 75 ml (UA) &ndash; REKVI\",\"isPartOf\":{\"@id\":\"https:\/\/www.rekvi.ee\/#website\"},\"datePublished\":\"2022-12-14T11:19:19+00:00\",\"dateModified\":\"2022-12-14T11:19:19+00:00\",\"description\":\"\u0417\u0430\u043a\u0430\u0437\u0430\u0442\u044c \u00abHammastahna \u201dLesnoi balzam\u201d, \u201dTotal kompleks\u201d aloe veralla ja valkoisella teell\u00e4 75 ml (UA)\u00bb \u0432 \u0438\u043d\u0442\u0435\u0440\u043d\u0435\u0442-\u043c\u0430\u0433\u0430\u0437\u0438\u043d\u0435 REKVI \u0441 \u0434\u043e\u0441\u0442\u0430\u0432\u043a\u043e\u0439 \u043f\u043e \u042d\u0441\u0442\u043e\u043d\u0438\u0438. \u260e +3726363659\",\"breadcrumb\":{\"@id\":\"https:\/\/www.rekvi.ee\/fi\/toode\/hambapasta-lesnoj-balzam-ravimtaimede-keetmisel-75ml\/#breadcrumb\"},\"inLanguage\":\"fi\",\"potentialAction\":[{\"@type\":\"ReadAction\",\"target\":[\"https:\/\/www.rekvi.ee\/fi\/toode\/hambapasta-lesnoj-balzam-ravimtaimede-keetmisel-75ml\/\"]}]},{\"@type\":\"BreadcrumbList\",\"@id\":\"https:\/\/www.rekvi.ee\/fi\/toode\/hambapasta-lesnoj-balzam-ravimtaimede-keetmisel-75ml\/#breadcrumb\",\"itemListElement\":[{\"@type\":\"ListItem\",\"position\":1,\"name\":\"Shop\",\"item\":\"https:\/\/www.rekvi.ee\/en\/e-shop\/\"},{\"@type\":\"ListItem\",\"position\":2,\"name\":\"Hammastahna \u201dLesnoi balzam\u201d, \u201dTotal kompleks\u201d aloe veralla ja valkoisella teell\u00e4 75 ml (UA)\"}]},{\"@type\":\"WebSite\",\"@id\":\"https:\/\/www.rekvi.ee\/#website\",\"url\":\"https:\/\/www.rekvi.ee\/\",\"name\":\"REKVI\",\"description\":\"Tere tulemast kosmeetika maailma!\",\"potentialAction\":[{\"@type\":\"SearchAction\",\"target\":{\"@type\":\"EntryPoint\",\"urlTemplate\":\"https:\/\/www.rekvi.ee\/?s={search_term_string}\"},\"query-input\":\"required name=search_term_string\"}],\"inLanguage\":\"fi\"}]}<\/script>\n<!-- \/ Yoast SEO plugin. -->","yoast_head_json":{"title":"Hammastahna \u201dLesnoi balzam\u201d, \u201dTotal kompleks\u201d aloe veralla ja valkoisella teell\u00e4 75 ml (UA) &ndash; REKVI","description":"\u0417\u0430\u043a\u0430\u0437\u0430\u0442\u044c \u00abHammastahna \u201dLesnoi balzam\u201d, \u201dTotal kompleks\u201d aloe veralla ja valkoisella teell\u00e4 75 ml (UA)\u00bb \u0432 \u0438\u043d\u0442\u0435\u0440\u043d\u0435\u0442-\u043c\u0430\u0433\u0430\u0437\u0438\u043d\u0435 REKVI \u0441 \u0434\u043e\u0441\u0442\u0430\u0432\u043a\u043e\u0439 \u043f\u043e \u042d\u0441\u0442\u043e\u043d\u0438\u0438. \u260e +3726363659","robots":{"index":"index","follow":"follow","max-snippet":"max-snippet:-1","max-image-preview":"max-image-preview:large","max-video-preview":"max-video-preview:-1"},"canonical":"https:\/\/www.rekvi.ee\/fi\/toode\/hambapasta-lesnoj-balzam-ravimtaimede-keetmisel-75ml\/","og_locale":"fi_FI","og_type":"article","og_title":"Hammastahna \u201dLesnoi balzam\u201d, \u201dTotal kompleks\u201d aloe veralla ja valkoisella teell\u00e4 75 ml (UA) &ndash; REKVI","og_description":"\u0417\u0430\u043a\u0430\u0437\u0430\u0442\u044c \u00abHammastahna \u201dLesnoi balzam\u201d, \u201dTotal kompleks\u201d aloe veralla ja valkoisella teell\u00e4 75 ml (UA)\u00bb \u0432 \u0438\u043d\u0442\u0435\u0440\u043d\u0435\u0442-\u043c\u0430\u0433\u0430\u0437\u0438\u043d\u0435 REKVI \u0441 \u0434\u043e\u0441\u0442\u0430\u0432\u043a\u043e\u0439 \u043f\u043e \u042d\u0441\u0442\u043e\u043d\u0438\u0438. \u260e +3726363659","og_url":"https:\/\/www.rekvi.ee\/fi\/toode\/hambapasta-lesnoj-balzam-ravimtaimede-keetmisel-75ml\/","og_site_name":"REKVI","article_publisher":"https:\/\/www.facebook.com\/Rekvi.ee","og_image":[{"width":570,"height":570,"url":"https:\/\/www.rekvi.ee\/wp-content\/uploads\/2022\/12\/hambapasta-total-kompleks-75-ml-lesnoi-balsam.jpg","type":"image\/jpeg"}],"twitter_card":"summary_large_image","schema":{"@context":"https:\/\/schema.org","@graph":[{"@type":"WebPage","@id":"https:\/\/www.rekvi.ee\/fi\/toode\/hambapasta-lesnoj-balzam-ravimtaimede-keetmisel-75ml\/","url":"https:\/\/www.rekvi.ee\/fi\/toode\/hambapasta-lesnoj-balzam-ravimtaimede-keetmisel-75ml\/","name":"Hammastahna \u201dLesnoi balzam\u201d, \u201dTotal kompleks\u201d aloe veralla ja valkoisella teell\u00e4 75 ml (UA) &ndash; REKVI","isPartOf":{"@id":"https:\/\/www.rekvi.ee\/#website"},"datePublished":"2022-12-14T11:19:19+00:00","dateModified":"2022-12-14T11:19:19+00:00","description":"\u0417\u0430\u043a\u0430\u0437\u0430\u0442\u044c \u00abHammastahna \u201dLesnoi balzam\u201d, \u201dTotal kompleks\u201d aloe veralla ja valkoisella teell\u00e4 75 ml (UA)\u00bb \u0432 \u0438\u043d\u0442\u0435\u0440\u043d\u0435\u0442-\u043c\u0430\u0433\u0430\u0437\u0438\u043d\u0435 REKVI \u0441 \u0434\u043e\u0441\u0442\u0430\u0432\u043a\u043e\u0439 \u043f\u043e \u042d\u0441\u0442\u043e\u043d\u0438\u0438. \u260e +3726363659","breadcrumb":{"@id":"https:\/\/www.rekvi.ee\/fi\/toode\/hambapasta-lesnoj-balzam-ravimtaimede-keetmisel-75ml\/#breadcrumb"},"inLanguage":"fi","potentialAction":[{"@type":"ReadAction","target":["https:\/\/www.rekvi.ee\/fi\/toode\/hambapasta-lesnoj-balzam-ravimtaimede-keetmisel-75ml\/"]}]},{"@type":"BreadcrumbList","@id":"https:\/\/www.rekvi.ee\/fi\/toode\/hambapasta-lesnoj-balzam-ravimtaimede-keetmisel-75ml\/#breadcrumb","itemListElement":[{"@type":"ListItem","position":1,"name":"Shop","item":"https:\/\/www.rekvi.ee\/en\/e-shop\/"},{"@type":"ListItem","position":2,"name":"Hammastahna \u201dLesnoi balzam\u201d, \u201dTotal kompleks\u201d aloe veralla ja valkoisella teell\u00e4 75 ml (UA)"}]},{"@type":"WebSite","@id":"https:\/\/www.rekvi.ee\/#website","url":"https:\/\/www.rekvi.ee\/","name":"REKVI","description":"Tere tulemast kosmeetika maailma!","potentialAction":[{"@type":"SearchAction","target":{"@type":"EntryPoint","urlTemplate":"https:\/\/www.rekvi.ee\/?s={search_term_string}"},"query-input":"required name=search_term_string"}],"inLanguage":"fi"}]}},"_links":{"self":[{"href":"https:\/\/www.rekvi.ee\/fi\/wp-json\/wp\/v2\/product\/70488"}],"collection":[{"href":"https:\/\/www.rekvi.ee\/fi\/wp-json\/wp\/v2\/product"}],"about":[{"href":"https:\/\/www.rekvi.ee\/fi\/wp-json\/wp\/v2\/types\/product"}],"wp:featuredmedia":[{"embeddable":true,"href":"https:\/\/www.rekvi.ee\/fi\/wp-json\/wp\/v2\/media\/71821"}],"wp:attachment":[{"href":"https:\/\/www.rekvi.ee\/fi\/wp-json\/wp\/v2\/media?parent=70488"}],"wp:term":[{"taxonomy":"product_cat","embeddable":true,"href":"https:\/\/www.rekvi.ee\/fi\/wp-json\/wp\/v2\/product_cat?post=70488"},{"taxonomy":"product_tag","embeddable":true,"href":"https:\/\/www.rekvi.ee\/fi\/wp-json\/wp\/v2\/product_tag?post=70488"}],"curies":[{"name":"wp","href":"https:\/\/api.w.org\/{rel}","templated":true}]}}