{"id":70567,"date":"2022-12-14T12:03:48","date_gmt":"2022-12-14T09:03:48","guid":{"rendered":"https:\/\/www.rekvi.ee\/toode\/hambapasta-lesnoj-balzam-salvei-ja-aaloe-75ml\/"},"modified":"2022-12-14T12:03:48","modified_gmt":"2022-12-14T09:03:48","slug":"hambapasta-lesnoj-balzam-salvei-ja-aaloe-75ml","status":"publish","type":"product","link":"https:\/\/www.rekvi.ee\/fi\/toode\/hambapasta-lesnoj-balzam-salvei-ja-aaloe-75ml\/","title":{"rendered":"Hammastahna \u201d Lesnoi balzam\u201d salvia- ja aloe vera -uutteilla 75 ml (UA)"},"content":{"rendered":"","protected":false},"excerpt":{"rendered":"<p>Salvia- ja aloe vera -uutteita sis\u00e4lt\u00e4v\u00e4\u00e4 rohdoskasvikeitokseen perustuvaa hammastahnaa suositellaan k\u00e4ytett\u00e4v\u00e4ksi tulehdusprosessien, kutinan ja polttelun yhteydess\u00e4 ikeniss\u00e4. Suositellaan k\u00e4ytett\u00e4v\u00e4ksi tulehdusprosessien, kutinan ja polttelun yhteydess\u00e4 ikeniss\u00e4.<\/p>\n<p>Salviaekstrakti auttaa v\u00e4hent\u00e4m\u00e4\u00e4n ikenien tulehdusta ja antibakteerisen vaikutuksensa ansiosta est\u00e4\u00e4 suuontelossa patogeenisten bakteerien kasvua. Aloe vera -geeli rauhoittaa ikeni\u00e4, auttaa lievitt\u00e4m\u00e4\u00e4n \u00e4rsytyst\u00e4 ja kutinaa sek\u00e4 nopeuttaa ikenien kudoksen palautumisprosessia. Viiden rohdoskasvin (kamomilla, m\u00e4kikuisma, yrtit, hariliku raudrohi ja nokkonen) keitos vahvistaa ikeni\u00e4 tarjoten lis\u00e4suojaavan ennaltaehk\u00e4isyn.<\/p>\n<p><strong>Kliinisten tutkimusten tulosten mukaan:<\/strong><\/p>\n<ul>\n<li>v\u00e4hent\u00e4\u00e4 ikenien tulehdusta ja turvotusta<\/li>\n<li>lievitt\u00e4\u00e4 ikenien kipua 100 % k\u00e4ytt\u00e4jist\u00e4<\/li>\n<li>v\u00e4hent\u00e4\u00e4 oireiden uusiutumisen riski\u00e4<\/li>\n<\/ul>\n<p><strong>Koostumus<\/strong><\/p>\n<p>Aqua, Sorbitol, Silica, Sodium Lauryl Sulfate, Cellulose Gum, Aroma, Salvia Officinalis (Salvei) leheekstrakt*, Aloe Barbadensis Leaf Juice* (aaloe vera mahl), Abies Sibirica Leaf Extract* (siberi lehis), Picea Leaf Extract* (kuuse leheekstrakt), Pine Leaf Extract* (m\u00e4nni leheekstrakt), Polyprenol*, Urtica Dioica (N\u00f5ges) Leaf Powder* (n\u00f5gese lehe pulber), Chamomilla Recutita (Kummel) Flower Extract* (kummeli \u00f5ieekstrakt), Achillea Millefolium Extract* (naistepuna ekstrakt), Hypericum Perforatum Flower\/Leaf\/Stem Extract* (naistepuna \u00f5ie\/lehe\/varre ekstrakt), Chelidonium Majus Extract* (hariliku raudrohu ekstrakt), Sodium Monofluorophosphate, Citric Acid, Glycerin, Menthol, Phenoxyethanol, Sodium Benzoate, Sodium Chloride, Sodium Hydroxide, Sodium Saccharin, Sodium Sulfate, Sodium Sulfite, Eugenol, Limonene, Linalool, Ci 19140, Ci 42090, Ci 77891<\/p>\n<p><strong>K\u00e4ytt\u00f6:<\/strong> Hammasl\u00e4\u00e4k\u00e4rit suosittelevat hampaiden ja ikenten terveyden yll\u00e4pit\u00e4miseksi harjaamaan hampaat 2\u20133 minuuttia v\u00e4hint\u00e4\u00e4n kahdesti p\u00e4iv\u00e4ss\u00e4.<\/p>\n","protected":false},"featured_media":71831,"template":"","meta":[],"product_cat":[2827,2828],"product_tag":[],"yoast_head":"<!-- This site is optimized with the Yoast SEO plugin v19.5.1 - https:\/\/yoast.com\/wordpress\/plugins\/seo\/ -->\n<title>Hammastahna \u201d Lesnoi balzam\u201d salvia- ja aloe vera -uutteilla 75 ml (UA) &ndash; REKVI<\/title>\n<meta name=\"description\" content=\"\u0417\u0430\u043a\u0430\u0437\u0430\u0442\u044c \u00abHammastahna \u201d Lesnoi balzam\u201d salvia- ja aloe vera -uutteilla 75 ml (UA)\u00bb \u0432 \u0438\u043d\u0442\u0435\u0440\u043d\u0435\u0442-\u043c\u0430\u0433\u0430\u0437\u0438\u043d\u0435 REKVI \u0441 \u0434\u043e\u0441\u0442\u0430\u0432\u043a\u043e\u0439 \u043f\u043e \u042d\u0441\u0442\u043e\u043d\u0438\u0438. \u260e +3726363659\" \/>\n<meta name=\"robots\" content=\"index, follow, max-snippet:-1, max-image-preview:large, max-video-preview:-1\" \/>\n<link rel=\"canonical\" href=\"https:\/\/www.rekvi.ee\/fi\/toode\/hambapasta-lesnoj-balzam-salvei-ja-aaloe-75ml\/\" \/>\n<meta property=\"og:locale\" content=\"fi_FI\" \/>\n<meta property=\"og:type\" content=\"article\" \/>\n<meta property=\"og:title\" content=\"Hammastahna \u201d Lesnoi balzam\u201d salvia- ja aloe vera -uutteilla 75 ml (UA) &ndash; REKVI\" \/>\n<meta property=\"og:description\" content=\"\u0417\u0430\u043a\u0430\u0437\u0430\u0442\u044c \u00abHammastahna \u201d Lesnoi balzam\u201d salvia- ja aloe vera -uutteilla 75 ml (UA)\u00bb \u0432 \u0438\u043d\u0442\u0435\u0440\u043d\u0435\u0442-\u043c\u0430\u0433\u0430\u0437\u0438\u043d\u0435 REKVI \u0441 \u0434\u043e\u0441\u0442\u0430\u0432\u043a\u043e\u0439 \u043f\u043e \u042d\u0441\u0442\u043e\u043d\u0438\u0438. \u260e +3726363659\" \/>\n<meta property=\"og:url\" content=\"https:\/\/www.rekvi.ee\/fi\/toode\/hambapasta-lesnoj-balzam-salvei-ja-aaloe-75ml\/\" \/>\n<meta property=\"og:site_name\" content=\"REKVI\" \/>\n<meta property=\"article:publisher\" content=\"https:\/\/www.facebook.com\/Rekvi.ee\" \/>\n<meta property=\"og:image\" content=\"https:\/\/www.rekvi.ee\/wp-content\/uploads\/2022\/12\/lb-rstn-profilakt-zobu-p-ar-salvijas-alvejas-ekstr-75-ml.png\" \/>\n\t<meta property=\"og:image:width\" content=\"570\" \/>\n\t<meta property=\"og:image:height\" content=\"570\" \/>\n\t<meta property=\"og:image:type\" content=\"image\/png\" \/>\n<meta name=\"twitter:card\" content=\"summary_large_image\" \/>\n<script type=\"application\/ld+json\" class=\"yoast-schema-graph\">{\"@context\":\"https:\/\/schema.org\",\"@graph\":[{\"@type\":\"WebPage\",\"@id\":\"https:\/\/www.rekvi.ee\/fi\/toode\/hambapasta-lesnoj-balzam-salvei-ja-aaloe-75ml\/\",\"url\":\"https:\/\/www.rekvi.ee\/fi\/toode\/hambapasta-lesnoj-balzam-salvei-ja-aaloe-75ml\/\",\"name\":\"Hammastahna \u201d Lesnoi balzam\u201d salvia- ja aloe vera -uutteilla 75 ml (UA) &ndash; REKVI\",\"isPartOf\":{\"@id\":\"https:\/\/www.rekvi.ee\/#website\"},\"datePublished\":\"2022-12-14T09:03:48+00:00\",\"dateModified\":\"2022-12-14T09:03:48+00:00\",\"description\":\"\u0417\u0430\u043a\u0430\u0437\u0430\u0442\u044c \u00abHammastahna \u201d Lesnoi balzam\u201d salvia- ja aloe vera -uutteilla 75 ml (UA)\u00bb \u0432 \u0438\u043d\u0442\u0435\u0440\u043d\u0435\u0442-\u043c\u0430\u0433\u0430\u0437\u0438\u043d\u0435 REKVI \u0441 \u0434\u043e\u0441\u0442\u0430\u0432\u043a\u043e\u0439 \u043f\u043e \u042d\u0441\u0442\u043e\u043d\u0438\u0438. \u260e +3726363659\",\"breadcrumb\":{\"@id\":\"https:\/\/www.rekvi.ee\/fi\/toode\/hambapasta-lesnoj-balzam-salvei-ja-aaloe-75ml\/#breadcrumb\"},\"inLanguage\":\"fi\",\"potentialAction\":[{\"@type\":\"ReadAction\",\"target\":[\"https:\/\/www.rekvi.ee\/fi\/toode\/hambapasta-lesnoj-balzam-salvei-ja-aaloe-75ml\/\"]}]},{\"@type\":\"BreadcrumbList\",\"@id\":\"https:\/\/www.rekvi.ee\/fi\/toode\/hambapasta-lesnoj-balzam-salvei-ja-aaloe-75ml\/#breadcrumb\",\"itemListElement\":[{\"@type\":\"ListItem\",\"position\":1,\"name\":\"Shop\",\"item\":\"https:\/\/www.rekvi.ee\/en\/e-shop\/\"},{\"@type\":\"ListItem\",\"position\":2,\"name\":\"Hammastahna \u201d Lesnoi balzam\u201d salvia- ja aloe vera -uutteilla 75 ml (UA)\"}]},{\"@type\":\"WebSite\",\"@id\":\"https:\/\/www.rekvi.ee\/#website\",\"url\":\"https:\/\/www.rekvi.ee\/\",\"name\":\"REKVI\",\"description\":\"Tere tulemast kosmeetika maailma!\",\"potentialAction\":[{\"@type\":\"SearchAction\",\"target\":{\"@type\":\"EntryPoint\",\"urlTemplate\":\"https:\/\/www.rekvi.ee\/?s={search_term_string}\"},\"query-input\":\"required name=search_term_string\"}],\"inLanguage\":\"fi\"}]}<\/script>\n<!-- \/ Yoast SEO plugin. -->","yoast_head_json":{"title":"Hammastahna \u201d Lesnoi balzam\u201d salvia- ja aloe vera -uutteilla 75 ml (UA) &ndash; REKVI","description":"\u0417\u0430\u043a\u0430\u0437\u0430\u0442\u044c \u00abHammastahna \u201d Lesnoi balzam\u201d salvia- ja aloe vera -uutteilla 75 ml (UA)\u00bb \u0432 \u0438\u043d\u0442\u0435\u0440\u043d\u0435\u0442-\u043c\u0430\u0433\u0430\u0437\u0438\u043d\u0435 REKVI \u0441 \u0434\u043e\u0441\u0442\u0430\u0432\u043a\u043e\u0439 \u043f\u043e \u042d\u0441\u0442\u043e\u043d\u0438\u0438. \u260e +3726363659","robots":{"index":"index","follow":"follow","max-snippet":"max-snippet:-1","max-image-preview":"max-image-preview:large","max-video-preview":"max-video-preview:-1"},"canonical":"https:\/\/www.rekvi.ee\/fi\/toode\/hambapasta-lesnoj-balzam-salvei-ja-aaloe-75ml\/","og_locale":"fi_FI","og_type":"article","og_title":"Hammastahna \u201d Lesnoi balzam\u201d salvia- ja aloe vera -uutteilla 75 ml (UA) &ndash; REKVI","og_description":"\u0417\u0430\u043a\u0430\u0437\u0430\u0442\u044c \u00abHammastahna \u201d Lesnoi balzam\u201d salvia- ja aloe vera -uutteilla 75 ml (UA)\u00bb \u0432 \u0438\u043d\u0442\u0435\u0440\u043d\u0435\u0442-\u043c\u0430\u0433\u0430\u0437\u0438\u043d\u0435 REKVI \u0441 \u0434\u043e\u0441\u0442\u0430\u0432\u043a\u043e\u0439 \u043f\u043e \u042d\u0441\u0442\u043e\u043d\u0438\u0438. \u260e +3726363659","og_url":"https:\/\/www.rekvi.ee\/fi\/toode\/hambapasta-lesnoj-balzam-salvei-ja-aaloe-75ml\/","og_site_name":"REKVI","article_publisher":"https:\/\/www.facebook.com\/Rekvi.ee","og_image":[{"width":570,"height":570,"url":"https:\/\/www.rekvi.ee\/wp-content\/uploads\/2022\/12\/lb-rstn-profilakt-zobu-p-ar-salvijas-alvejas-ekstr-75-ml.png","type":"image\/png"}],"twitter_card":"summary_large_image","schema":{"@context":"https:\/\/schema.org","@graph":[{"@type":"WebPage","@id":"https:\/\/www.rekvi.ee\/fi\/toode\/hambapasta-lesnoj-balzam-salvei-ja-aaloe-75ml\/","url":"https:\/\/www.rekvi.ee\/fi\/toode\/hambapasta-lesnoj-balzam-salvei-ja-aaloe-75ml\/","name":"Hammastahna \u201d Lesnoi balzam\u201d salvia- ja aloe vera -uutteilla 75 ml (UA) &ndash; REKVI","isPartOf":{"@id":"https:\/\/www.rekvi.ee\/#website"},"datePublished":"2022-12-14T09:03:48+00:00","dateModified":"2022-12-14T09:03:48+00:00","description":"\u0417\u0430\u043a\u0430\u0437\u0430\u0442\u044c \u00abHammastahna \u201d Lesnoi balzam\u201d salvia- ja aloe vera -uutteilla 75 ml (UA)\u00bb \u0432 \u0438\u043d\u0442\u0435\u0440\u043d\u0435\u0442-\u043c\u0430\u0433\u0430\u0437\u0438\u043d\u0435 REKVI \u0441 \u0434\u043e\u0441\u0442\u0430\u0432\u043a\u043e\u0439 \u043f\u043e \u042d\u0441\u0442\u043e\u043d\u0438\u0438. \u260e +3726363659","breadcrumb":{"@id":"https:\/\/www.rekvi.ee\/fi\/toode\/hambapasta-lesnoj-balzam-salvei-ja-aaloe-75ml\/#breadcrumb"},"inLanguage":"fi","potentialAction":[{"@type":"ReadAction","target":["https:\/\/www.rekvi.ee\/fi\/toode\/hambapasta-lesnoj-balzam-salvei-ja-aaloe-75ml\/"]}]},{"@type":"BreadcrumbList","@id":"https:\/\/www.rekvi.ee\/fi\/toode\/hambapasta-lesnoj-balzam-salvei-ja-aaloe-75ml\/#breadcrumb","itemListElement":[{"@type":"ListItem","position":1,"name":"Shop","item":"https:\/\/www.rekvi.ee\/en\/e-shop\/"},{"@type":"ListItem","position":2,"name":"Hammastahna \u201d Lesnoi balzam\u201d salvia- ja aloe vera -uutteilla 75 ml (UA)"}]},{"@type":"WebSite","@id":"https:\/\/www.rekvi.ee\/#website","url":"https:\/\/www.rekvi.ee\/","name":"REKVI","description":"Tere tulemast kosmeetika maailma!","potentialAction":[{"@type":"SearchAction","target":{"@type":"EntryPoint","urlTemplate":"https:\/\/www.rekvi.ee\/?s={search_term_string}"},"query-input":"required name=search_term_string"}],"inLanguage":"fi"}]}},"_links":{"self":[{"href":"https:\/\/www.rekvi.ee\/fi\/wp-json\/wp\/v2\/product\/70567"}],"collection":[{"href":"https:\/\/www.rekvi.ee\/fi\/wp-json\/wp\/v2\/product"}],"about":[{"href":"https:\/\/www.rekvi.ee\/fi\/wp-json\/wp\/v2\/types\/product"}],"wp:featuredmedia":[{"embeddable":true,"href":"https:\/\/www.rekvi.ee\/fi\/wp-json\/wp\/v2\/media\/71831"}],"wp:attachment":[{"href":"https:\/\/www.rekvi.ee\/fi\/wp-json\/wp\/v2\/media?parent=70567"}],"wp:term":[{"taxonomy":"product_cat","embeddable":true,"href":"https:\/\/www.rekvi.ee\/fi\/wp-json\/wp\/v2\/product_cat?post=70567"},{"taxonomy":"product_tag","embeddable":true,"href":"https:\/\/www.rekvi.ee\/fi\/wp-json\/wp\/v2\/product_tag?post=70567"}],"curies":[{"name":"wp","href":"https:\/\/api.w.org\/{rel}","templated":true}]}}