{"id":70655,"date":"2022-10-03T11:37:36","date_gmt":"2022-10-03T08:37:36","guid":{"rendered":"https:\/\/www.rekvi.ee\/toode\/mehaaniline-kulmupliiats-joko-expert-colour-shape-02-tumepruun\/"},"modified":"2022-10-03T11:37:36","modified_gmt":"2022-10-03T08:37:36","slug":"mehaaniline-kulmupliiats-joko-expert-colour-shape-02-tumepruun","status":"publish","type":"product","link":"https:\/\/www.rekvi.ee\/fi\/toode\/mehaaniline-kulmupliiats-joko-expert-colour-shape-02-tumepruun\/","title":{"rendered":"Mekaaninen kulmakyn\u00e4 \u201dJoko Expert colour &#038; Shape\u201d, 02 tumman ruskea"},"content":{"rendered":"","protected":false},"excerpt":{"rendered":"<p>Se on niin tarkka, ett\u00e4 se peitt\u00e4\u00e4 hienoimmatkin kulmakarvat v\u00e4rill\u00e4 ja antaa luonnollisen ilmeen. T\u00e4yt\u00e4 kulmakarvat lyhyin vedoin ja t\u00e4yt\u00e4 harvat alueet ja h\u00e4ivyt\u00e4 sitten siveltimell\u00e4. Erityisvalmisteisen koostumuksensa ansiosta kyn\u00e4\u00e4 on helppo levitt\u00e4\u00e4 ja se takaa virheett\u00f6m\u00e4n ja pitk\u00e4kestoisen meikin korostuksen jopa 16 tunnin ajan. Ei sis\u00e4ll\u00e4 el\u00e4inper\u00e4isi\u00e4 ainesosia. Dermatologisesti testattu.<\/p>\n","protected":false},"featured_media":63044,"template":"","meta":[],"product_cat":[2756,2760],"product_tag":[],"yoast_head":"<!-- This site is optimized with the Yoast SEO plugin v19.5.1 - https:\/\/yoast.com\/wordpress\/plugins\/seo\/ -->\n<title>Mekaaninen kulmakyn\u00e4 \u201dJoko Expert colour &amp; Shape\u201d, 02 tumman ruskea &ndash; REKVI<\/title>\n<meta name=\"description\" content=\"\u0417\u0430\u043a\u0430\u0437\u0430\u0442\u044c \u00abMekaaninen kulmakyn\u00e4 \u201dJoko Expert colour &amp; Shape\u201d, 02 tumman ruskea\u00bb \u0432 \u0438\u043d\u0442\u0435\u0440\u043d\u0435\u0442-\u043c\u0430\u0433\u0430\u0437\u0438\u043d\u0435 REKVI \u0441 \u0434\u043e\u0441\u0442\u0430\u0432\u043a\u043e\u0439 \u043f\u043e \u042d\u0441\u0442\u043e\u043d\u0438\u0438. \u260e +3726363659\" \/>\n<meta name=\"robots\" content=\"index, follow, max-snippet:-1, max-image-preview:large, max-video-preview:-1\" \/>\n<link rel=\"canonical\" href=\"https:\/\/www.rekvi.ee\/fi\/toode\/mehaaniline-kulmupliiats-joko-expert-colour-shape-02-tumepruun\/\" \/>\n<meta property=\"og:locale\" content=\"fi_FI\" \/>\n<meta property=\"og:type\" content=\"article\" \/>\n<meta property=\"og:title\" content=\"Mekaaninen kulmakyn\u00e4 \u201dJoko Expert colour &amp; Shape\u201d, 02 tumman ruskea &ndash; REKVI\" \/>\n<meta property=\"og:description\" content=\"\u0417\u0430\u043a\u0430\u0437\u0430\u0442\u044c \u00abMekaaninen kulmakyn\u00e4 \u201dJoko Expert colour &amp; Shape\u201d, 02 tumman ruskea\u00bb \u0432 \u0438\u043d\u0442\u0435\u0440\u043d\u0435\u0442-\u043c\u0430\u0433\u0430\u0437\u0438\u043d\u0435 REKVI \u0441 \u0434\u043e\u0441\u0442\u0430\u0432\u043a\u043e\u0439 \u043f\u043e \u042d\u0441\u0442\u043e\u043d\u0438\u0438. \u260e +3726363659\" \/>\n<meta property=\"og:url\" content=\"https:\/\/www.rekvi.ee\/fi\/toode\/mehaaniline-kulmupliiats-joko-expert-colour-shape-02-tumepruun\/\" \/>\n<meta property=\"og:site_name\" content=\"REKVI\" \/>\n<meta property=\"article:publisher\" content=\"https:\/\/www.facebook.com\/Rekvi.ee\" \/>\n<meta property=\"og:image\" content=\"https:\/\/www.rekvi.ee\/wp-content\/uploads\/2022\/10\/1641401934c98d845e46ab0db627bdb369c0101b00-f.png\" \/>\n\t<meta property=\"og:image:width\" content=\"1000\" \/>\n\t<meta property=\"og:image:height\" content=\"1000\" \/>\n\t<meta property=\"og:image:type\" content=\"image\/png\" \/>\n<meta name=\"twitter:card\" content=\"summary_large_image\" \/>\n<script type=\"application\/ld+json\" class=\"yoast-schema-graph\">{\"@context\":\"https:\/\/schema.org\",\"@graph\":[{\"@type\":\"WebPage\",\"@id\":\"https:\/\/www.rekvi.ee\/fi\/toode\/mehaaniline-kulmupliiats-joko-expert-colour-shape-02-tumepruun\/\",\"url\":\"https:\/\/www.rekvi.ee\/fi\/toode\/mehaaniline-kulmupliiats-joko-expert-colour-shape-02-tumepruun\/\",\"name\":\"Mekaaninen kulmakyn\u00e4 \u201dJoko Expert colour & Shape\u201d, 02 tumman ruskea &ndash; REKVI\",\"isPartOf\":{\"@id\":\"https:\/\/www.rekvi.ee\/#website\"},\"datePublished\":\"2022-10-03T08:37:36+00:00\",\"dateModified\":\"2022-10-03T08:37:36+00:00\",\"description\":\"\u0417\u0430\u043a\u0430\u0437\u0430\u0442\u044c \u00abMekaaninen kulmakyn\u00e4 \u201dJoko Expert colour & Shape\u201d, 02 tumman ruskea\u00bb \u0432 \u0438\u043d\u0442\u0435\u0440\u043d\u0435\u0442-\u043c\u0430\u0433\u0430\u0437\u0438\u043d\u0435 REKVI \u0441 \u0434\u043e\u0441\u0442\u0430\u0432\u043a\u043e\u0439 \u043f\u043e \u042d\u0441\u0442\u043e\u043d\u0438\u0438. \u260e +3726363659\",\"breadcrumb\":{\"@id\":\"https:\/\/www.rekvi.ee\/fi\/toode\/mehaaniline-kulmupliiats-joko-expert-colour-shape-02-tumepruun\/#breadcrumb\"},\"inLanguage\":\"fi\",\"potentialAction\":[{\"@type\":\"ReadAction\",\"target\":[\"https:\/\/www.rekvi.ee\/fi\/toode\/mehaaniline-kulmupliiats-joko-expert-colour-shape-02-tumepruun\/\"]}]},{\"@type\":\"BreadcrumbList\",\"@id\":\"https:\/\/www.rekvi.ee\/fi\/toode\/mehaaniline-kulmupliiats-joko-expert-colour-shape-02-tumepruun\/#breadcrumb\",\"itemListElement\":[{\"@type\":\"ListItem\",\"position\":1,\"name\":\"Shop\",\"item\":\"https:\/\/www.rekvi.ee\/en\/e-shop\/\"},{\"@type\":\"ListItem\",\"position\":2,\"name\":\"Mekaaninen kulmakyn\u00e4 \u201dJoko Expert colour &#038; Shape\u201d, 02 tumman ruskea\"}]},{\"@type\":\"WebSite\",\"@id\":\"https:\/\/www.rekvi.ee\/#website\",\"url\":\"https:\/\/www.rekvi.ee\/\",\"name\":\"REKVI\",\"description\":\"Tere tulemast kosmeetika maailma!\",\"potentialAction\":[{\"@type\":\"SearchAction\",\"target\":{\"@type\":\"EntryPoint\",\"urlTemplate\":\"https:\/\/www.rekvi.ee\/?s={search_term_string}\"},\"query-input\":\"required name=search_term_string\"}],\"inLanguage\":\"fi\"}]}<\/script>\n<!-- \/ Yoast SEO plugin. -->","yoast_head_json":{"title":"Mekaaninen kulmakyn\u00e4 \u201dJoko Expert colour & Shape\u201d, 02 tumman ruskea &ndash; REKVI","description":"\u0417\u0430\u043a\u0430\u0437\u0430\u0442\u044c \u00abMekaaninen kulmakyn\u00e4 \u201dJoko Expert colour & Shape\u201d, 02 tumman ruskea\u00bb \u0432 \u0438\u043d\u0442\u0435\u0440\u043d\u0435\u0442-\u043c\u0430\u0433\u0430\u0437\u0438\u043d\u0435 REKVI \u0441 \u0434\u043e\u0441\u0442\u0430\u0432\u043a\u043e\u0439 \u043f\u043e \u042d\u0441\u0442\u043e\u043d\u0438\u0438. \u260e +3726363659","robots":{"index":"index","follow":"follow","max-snippet":"max-snippet:-1","max-image-preview":"max-image-preview:large","max-video-preview":"max-video-preview:-1"},"canonical":"https:\/\/www.rekvi.ee\/fi\/toode\/mehaaniline-kulmupliiats-joko-expert-colour-shape-02-tumepruun\/","og_locale":"fi_FI","og_type":"article","og_title":"Mekaaninen kulmakyn\u00e4 \u201dJoko Expert colour & Shape\u201d, 02 tumman ruskea &ndash; REKVI","og_description":"\u0417\u0430\u043a\u0430\u0437\u0430\u0442\u044c \u00abMekaaninen kulmakyn\u00e4 \u201dJoko Expert colour & Shape\u201d, 02 tumman ruskea\u00bb \u0432 \u0438\u043d\u0442\u0435\u0440\u043d\u0435\u0442-\u043c\u0430\u0433\u0430\u0437\u0438\u043d\u0435 REKVI \u0441 \u0434\u043e\u0441\u0442\u0430\u0432\u043a\u043e\u0439 \u043f\u043e \u042d\u0441\u0442\u043e\u043d\u0438\u0438. \u260e +3726363659","og_url":"https:\/\/www.rekvi.ee\/fi\/toode\/mehaaniline-kulmupliiats-joko-expert-colour-shape-02-tumepruun\/","og_site_name":"REKVI","article_publisher":"https:\/\/www.facebook.com\/Rekvi.ee","og_image":[{"width":1000,"height":1000,"url":"https:\/\/www.rekvi.ee\/wp-content\/uploads\/2022\/10\/1641401934c98d845e46ab0db627bdb369c0101b00-f.png","type":"image\/png"}],"twitter_card":"summary_large_image","schema":{"@context":"https:\/\/schema.org","@graph":[{"@type":"WebPage","@id":"https:\/\/www.rekvi.ee\/fi\/toode\/mehaaniline-kulmupliiats-joko-expert-colour-shape-02-tumepruun\/","url":"https:\/\/www.rekvi.ee\/fi\/toode\/mehaaniline-kulmupliiats-joko-expert-colour-shape-02-tumepruun\/","name":"Mekaaninen kulmakyn\u00e4 \u201dJoko Expert colour & Shape\u201d, 02 tumman ruskea &ndash; REKVI","isPartOf":{"@id":"https:\/\/www.rekvi.ee\/#website"},"datePublished":"2022-10-03T08:37:36+00:00","dateModified":"2022-10-03T08:37:36+00:00","description":"\u0417\u0430\u043a\u0430\u0437\u0430\u0442\u044c \u00abMekaaninen kulmakyn\u00e4 \u201dJoko Expert colour & Shape\u201d, 02 tumman ruskea\u00bb \u0432 \u0438\u043d\u0442\u0435\u0440\u043d\u0435\u0442-\u043c\u0430\u0433\u0430\u0437\u0438\u043d\u0435 REKVI \u0441 \u0434\u043e\u0441\u0442\u0430\u0432\u043a\u043e\u0439 \u043f\u043e \u042d\u0441\u0442\u043e\u043d\u0438\u0438. \u260e +3726363659","breadcrumb":{"@id":"https:\/\/www.rekvi.ee\/fi\/toode\/mehaaniline-kulmupliiats-joko-expert-colour-shape-02-tumepruun\/#breadcrumb"},"inLanguage":"fi","potentialAction":[{"@type":"ReadAction","target":["https:\/\/www.rekvi.ee\/fi\/toode\/mehaaniline-kulmupliiats-joko-expert-colour-shape-02-tumepruun\/"]}]},{"@type":"BreadcrumbList","@id":"https:\/\/www.rekvi.ee\/fi\/toode\/mehaaniline-kulmupliiats-joko-expert-colour-shape-02-tumepruun\/#breadcrumb","itemListElement":[{"@type":"ListItem","position":1,"name":"Shop","item":"https:\/\/www.rekvi.ee\/en\/e-shop\/"},{"@type":"ListItem","position":2,"name":"Mekaaninen kulmakyn\u00e4 \u201dJoko Expert colour &#038; Shape\u201d, 02 tumman ruskea"}]},{"@type":"WebSite","@id":"https:\/\/www.rekvi.ee\/#website","url":"https:\/\/www.rekvi.ee\/","name":"REKVI","description":"Tere tulemast kosmeetika maailma!","potentialAction":[{"@type":"SearchAction","target":{"@type":"EntryPoint","urlTemplate":"https:\/\/www.rekvi.ee\/?s={search_term_string}"},"query-input":"required name=search_term_string"}],"inLanguage":"fi"}]}},"_links":{"self":[{"href":"https:\/\/www.rekvi.ee\/fi\/wp-json\/wp\/v2\/product\/70655"}],"collection":[{"href":"https:\/\/www.rekvi.ee\/fi\/wp-json\/wp\/v2\/product"}],"about":[{"href":"https:\/\/www.rekvi.ee\/fi\/wp-json\/wp\/v2\/types\/product"}],"wp:featuredmedia":[{"embeddable":true,"href":"https:\/\/www.rekvi.ee\/fi\/wp-json\/wp\/v2\/media\/63044"}],"wp:attachment":[{"href":"https:\/\/www.rekvi.ee\/fi\/wp-json\/wp\/v2\/media?parent=70655"}],"wp:term":[{"taxonomy":"product_cat","embeddable":true,"href":"https:\/\/www.rekvi.ee\/fi\/wp-json\/wp\/v2\/product_cat?post=70655"},{"taxonomy":"product_tag","embeddable":true,"href":"https:\/\/www.rekvi.ee\/fi\/wp-json\/wp\/v2\/product_tag?post=70655"}],"curies":[{"name":"wp","href":"https:\/\/api.w.org\/{rel}","templated":true}]}}