{"id":71010,"date":"2022-04-07T12:37:49","date_gmt":"2022-04-07T09:37:49","guid":{"rendered":"https:\/\/www.rekvi.ee\/toode\/pesukasn-donegal-9711-sisal-natural-ovaalne\/"},"modified":"2022-04-07T12:37:49","modified_gmt":"2022-04-07T09:37:49","slug":"pesukasn-donegal-9711-sisal-natural-ovaalne","status":"publish","type":"product","link":"https:\/\/www.rekvi.ee\/fi\/toode\/pesukasn-donegal-9711-sisal-natural-ovaalne\/","title":{"rendered":"Pesulappu Donegal 9711 \u201dSisal Natural\u201d, ovaalin muotoinen"},"content":{"rendered":"","protected":false},"excerpt":{"rendered":"<p>Donegalin luonnonkuitushampoo kuorii ihoa, ja kuorinta uudistaa ja kiinteytt\u00e4\u00e4 ihoa j\u00e4tt\u00e4en sen silkkiseksi ja joustavaksi. Kuorinta nopeuttaa j\u00e4tetuotteiden poistumista, kuolleiden ihosolujen poistumista ja j\u00e4tt\u00e4\u00e4 ihon sile\u00e4ksi ja pehme\u00e4ksi. Sopii pesuun saunassa, kylvyss\u00e4, suihkussa.<\/p>\n<p>Koko 14,5 x10,5cm.<\/p>\n","protected":false},"featured_media":62005,"template":"","meta":[],"product_cat":[2748,2771],"product_tag":[],"yoast_head":"<!-- This site is optimized with the Yoast SEO plugin v19.5.1 - https:\/\/yoast.com\/wordpress\/plugins\/seo\/ -->\n<title>Pesulappu Donegal 9711 \u201dSisal Natural\u201d, ovaalin muotoinen &ndash; REKVI<\/title>\n<meta name=\"description\" content=\"\u0417\u0430\u043a\u0430\u0437\u0430\u0442\u044c \u00abPesulappu Donegal 9711 \u201dSisal Natural\u201d, ovaalin muotoinen\u00bb \u0432 \u0438\u043d\u0442\u0435\u0440\u043d\u0435\u0442-\u043c\u0430\u0433\u0430\u0437\u0438\u043d\u0435 REKVI \u0441 \u0434\u043e\u0441\u0442\u0430\u0432\u043a\u043e\u0439 \u043f\u043e \u042d\u0441\u0442\u043e\u043d\u0438\u0438. \u260e +3726363659\" \/>\n<meta name=\"robots\" content=\"index, follow, max-snippet:-1, max-image-preview:large, max-video-preview:-1\" \/>\n<link rel=\"canonical\" href=\"https:\/\/www.rekvi.ee\/fi\/toode\/pesukasn-donegal-9711-sisal-natural-ovaalne\/\" \/>\n<meta property=\"og:locale\" content=\"fi_FI\" \/>\n<meta property=\"og:type\" content=\"article\" \/>\n<meta property=\"og:title\" content=\"Pesulappu Donegal 9711 \u201dSisal Natural\u201d, ovaalin muotoinen &ndash; REKVI\" \/>\n<meta property=\"og:description\" content=\"\u0417\u0430\u043a\u0430\u0437\u0430\u0442\u044c \u00abPesulappu Donegal 9711 \u201dSisal Natural\u201d, ovaalin muotoinen\u00bb \u0432 \u0438\u043d\u0442\u0435\u0440\u043d\u0435\u0442-\u043c\u0430\u0433\u0430\u0437\u0438\u043d\u0435 REKVI \u0441 \u0434\u043e\u0441\u0442\u0430\u0432\u043a\u043e\u0439 \u043f\u043e \u042d\u0441\u0442\u043e\u043d\u0438\u0438. \u260e +3726363659\" \/>\n<meta property=\"og:url\" content=\"https:\/\/www.rekvi.ee\/fi\/toode\/pesukasn-donegal-9711-sisal-natural-ovaalne\/\" \/>\n<meta property=\"og:site_name\" content=\"REKVI\" \/>\n<meta property=\"article:publisher\" content=\"https:\/\/www.facebook.com\/Rekvi.ee\" \/>\n<meta property=\"og:image\" content=\"https:\/\/www.rekvi.ee\/wp-content\/uploads\/2022\/04\/pesukasnsisalovaal5907549207110.jpg\" \/>\n\t<meta property=\"og:image:width\" content=\"473\" \/>\n\t<meta property=\"og:image:height\" content=\"519\" \/>\n\t<meta property=\"og:image:type\" content=\"image\/jpeg\" \/>\n<meta name=\"twitter:card\" content=\"summary_large_image\" \/>\n<script type=\"application\/ld+json\" class=\"yoast-schema-graph\">{\"@context\":\"https:\/\/schema.org\",\"@graph\":[{\"@type\":\"WebPage\",\"@id\":\"https:\/\/www.rekvi.ee\/fi\/toode\/pesukasn-donegal-9711-sisal-natural-ovaalne\/\",\"url\":\"https:\/\/www.rekvi.ee\/fi\/toode\/pesukasn-donegal-9711-sisal-natural-ovaalne\/\",\"name\":\"Pesulappu Donegal 9711 \u201dSisal Natural\u201d, ovaalin muotoinen &ndash; REKVI\",\"isPartOf\":{\"@id\":\"https:\/\/www.rekvi.ee\/#website\"},\"datePublished\":\"2022-04-07T09:37:49+00:00\",\"dateModified\":\"2022-04-07T09:37:49+00:00\",\"description\":\"\u0417\u0430\u043a\u0430\u0437\u0430\u0442\u044c \u00abPesulappu Donegal 9711 \u201dSisal Natural\u201d, ovaalin muotoinen\u00bb \u0432 \u0438\u043d\u0442\u0435\u0440\u043d\u0435\u0442-\u043c\u0430\u0433\u0430\u0437\u0438\u043d\u0435 REKVI \u0441 \u0434\u043e\u0441\u0442\u0430\u0432\u043a\u043e\u0439 \u043f\u043e \u042d\u0441\u0442\u043e\u043d\u0438\u0438. \u260e +3726363659\",\"breadcrumb\":{\"@id\":\"https:\/\/www.rekvi.ee\/fi\/toode\/pesukasn-donegal-9711-sisal-natural-ovaalne\/#breadcrumb\"},\"inLanguage\":\"fi\",\"potentialAction\":[{\"@type\":\"ReadAction\",\"target\":[\"https:\/\/www.rekvi.ee\/fi\/toode\/pesukasn-donegal-9711-sisal-natural-ovaalne\/\"]}]},{\"@type\":\"BreadcrumbList\",\"@id\":\"https:\/\/www.rekvi.ee\/fi\/toode\/pesukasn-donegal-9711-sisal-natural-ovaalne\/#breadcrumb\",\"itemListElement\":[{\"@type\":\"ListItem\",\"position\":1,\"name\":\"Shop\",\"item\":\"https:\/\/www.rekvi.ee\/en\/e-shop\/\"},{\"@type\":\"ListItem\",\"position\":2,\"name\":\"Pesulappu Donegal 9711 \u201dSisal Natural\u201d, ovaalin muotoinen\"}]},{\"@type\":\"WebSite\",\"@id\":\"https:\/\/www.rekvi.ee\/#website\",\"url\":\"https:\/\/www.rekvi.ee\/\",\"name\":\"REKVI\",\"description\":\"Tere tulemast kosmeetika maailma!\",\"potentialAction\":[{\"@type\":\"SearchAction\",\"target\":{\"@type\":\"EntryPoint\",\"urlTemplate\":\"https:\/\/www.rekvi.ee\/?s={search_term_string}\"},\"query-input\":\"required name=search_term_string\"}],\"inLanguage\":\"fi\"}]}<\/script>\n<!-- \/ Yoast SEO plugin. -->","yoast_head_json":{"title":"Pesulappu Donegal 9711 \u201dSisal Natural\u201d, ovaalin muotoinen &ndash; REKVI","description":"\u0417\u0430\u043a\u0430\u0437\u0430\u0442\u044c \u00abPesulappu Donegal 9711 \u201dSisal Natural\u201d, ovaalin muotoinen\u00bb \u0432 \u0438\u043d\u0442\u0435\u0440\u043d\u0435\u0442-\u043c\u0430\u0433\u0430\u0437\u0438\u043d\u0435 REKVI \u0441 \u0434\u043e\u0441\u0442\u0430\u0432\u043a\u043e\u0439 \u043f\u043e \u042d\u0441\u0442\u043e\u043d\u0438\u0438. \u260e +3726363659","robots":{"index":"index","follow":"follow","max-snippet":"max-snippet:-1","max-image-preview":"max-image-preview:large","max-video-preview":"max-video-preview:-1"},"canonical":"https:\/\/www.rekvi.ee\/fi\/toode\/pesukasn-donegal-9711-sisal-natural-ovaalne\/","og_locale":"fi_FI","og_type":"article","og_title":"Pesulappu Donegal 9711 \u201dSisal Natural\u201d, ovaalin muotoinen &ndash; REKVI","og_description":"\u0417\u0430\u043a\u0430\u0437\u0430\u0442\u044c \u00abPesulappu Donegal 9711 \u201dSisal Natural\u201d, ovaalin muotoinen\u00bb \u0432 \u0438\u043d\u0442\u0435\u0440\u043d\u0435\u0442-\u043c\u0430\u0433\u0430\u0437\u0438\u043d\u0435 REKVI \u0441 \u0434\u043e\u0441\u0442\u0430\u0432\u043a\u043e\u0439 \u043f\u043e \u042d\u0441\u0442\u043e\u043d\u0438\u0438. \u260e +3726363659","og_url":"https:\/\/www.rekvi.ee\/fi\/toode\/pesukasn-donegal-9711-sisal-natural-ovaalne\/","og_site_name":"REKVI","article_publisher":"https:\/\/www.facebook.com\/Rekvi.ee","og_image":[{"width":473,"height":519,"url":"https:\/\/www.rekvi.ee\/wp-content\/uploads\/2022\/04\/pesukasnsisalovaal5907549207110.jpg","type":"image\/jpeg"}],"twitter_card":"summary_large_image","schema":{"@context":"https:\/\/schema.org","@graph":[{"@type":"WebPage","@id":"https:\/\/www.rekvi.ee\/fi\/toode\/pesukasn-donegal-9711-sisal-natural-ovaalne\/","url":"https:\/\/www.rekvi.ee\/fi\/toode\/pesukasn-donegal-9711-sisal-natural-ovaalne\/","name":"Pesulappu Donegal 9711 \u201dSisal Natural\u201d, ovaalin muotoinen &ndash; REKVI","isPartOf":{"@id":"https:\/\/www.rekvi.ee\/#website"},"datePublished":"2022-04-07T09:37:49+00:00","dateModified":"2022-04-07T09:37:49+00:00","description":"\u0417\u0430\u043a\u0430\u0437\u0430\u0442\u044c \u00abPesulappu Donegal 9711 \u201dSisal Natural\u201d, ovaalin muotoinen\u00bb \u0432 \u0438\u043d\u0442\u0435\u0440\u043d\u0435\u0442-\u043c\u0430\u0433\u0430\u0437\u0438\u043d\u0435 REKVI \u0441 \u0434\u043e\u0441\u0442\u0430\u0432\u043a\u043e\u0439 \u043f\u043e \u042d\u0441\u0442\u043e\u043d\u0438\u0438. \u260e +3726363659","breadcrumb":{"@id":"https:\/\/www.rekvi.ee\/fi\/toode\/pesukasn-donegal-9711-sisal-natural-ovaalne\/#breadcrumb"},"inLanguage":"fi","potentialAction":[{"@type":"ReadAction","target":["https:\/\/www.rekvi.ee\/fi\/toode\/pesukasn-donegal-9711-sisal-natural-ovaalne\/"]}]},{"@type":"BreadcrumbList","@id":"https:\/\/www.rekvi.ee\/fi\/toode\/pesukasn-donegal-9711-sisal-natural-ovaalne\/#breadcrumb","itemListElement":[{"@type":"ListItem","position":1,"name":"Shop","item":"https:\/\/www.rekvi.ee\/en\/e-shop\/"},{"@type":"ListItem","position":2,"name":"Pesulappu Donegal 9711 \u201dSisal Natural\u201d, ovaalin muotoinen"}]},{"@type":"WebSite","@id":"https:\/\/www.rekvi.ee\/#website","url":"https:\/\/www.rekvi.ee\/","name":"REKVI","description":"Tere tulemast kosmeetika maailma!","potentialAction":[{"@type":"SearchAction","target":{"@type":"EntryPoint","urlTemplate":"https:\/\/www.rekvi.ee\/?s={search_term_string}"},"query-input":"required name=search_term_string"}],"inLanguage":"fi"}]}},"_links":{"self":[{"href":"https:\/\/www.rekvi.ee\/fi\/wp-json\/wp\/v2\/product\/71010"}],"collection":[{"href":"https:\/\/www.rekvi.ee\/fi\/wp-json\/wp\/v2\/product"}],"about":[{"href":"https:\/\/www.rekvi.ee\/fi\/wp-json\/wp\/v2\/types\/product"}],"wp:featuredmedia":[{"embeddable":true,"href":"https:\/\/www.rekvi.ee\/fi\/wp-json\/wp\/v2\/media\/62005"}],"wp:attachment":[{"href":"https:\/\/www.rekvi.ee\/fi\/wp-json\/wp\/v2\/media?parent=71010"}],"wp:term":[{"taxonomy":"product_cat","embeddable":true,"href":"https:\/\/www.rekvi.ee\/fi\/wp-json\/wp\/v2\/product_cat?post=71010"},{"taxonomy":"product_tag","embeddable":true,"href":"https:\/\/www.rekvi.ee\/fi\/wp-json\/wp\/v2\/product_tag?post=71010"}],"curies":[{"name":"wp","href":"https:\/\/api.w.org\/{rel}","templated":true}]}}