{"id":71192,"date":"2021-04-08T12:49:53","date_gmt":"2021-04-08T09:49:53","guid":{"rendered":"https:\/\/www.rekvi.ee\/toode\/varvaste-eraldajad-2562-donegal\/"},"modified":"2021-04-08T12:49:53","modified_gmt":"2021-04-08T09:49:53","slug":"varvaste-eraldajad-2562-donegal","status":"publish","type":"product","link":"https:\/\/www.rekvi.ee\/fi\/toode\/varvaste-eraldajad-2562-donegal\/","title":{"rendered":"2562 \u201dDonegal\u201d &#8211; Karjalle osoitetut m\u00e4\u00e4r\u00e4t 2562 \u201dDonegal\u201d."},"content":{"rendered":"","protected":false},"excerpt":{"rendered":"<p>Varpaiden erottimet virheet\u00f6nt\u00e4 pedikyyri\u00e4 varten. Joustava ja mukava k\u00e4ytt\u00e4\u00e4.<\/p>\n<p>Sopii koti- ja ammattik\u00e4ytt\u00f6\u00f6n.<\/p>\n<p>Koko: pituus 9 cm. Huomio! Tuotteen v\u00e4ri valitaan satunnaisesti.<\/p>\n","protected":false},"featured_media":60160,"template":"","meta":[],"product_cat":[2773,2776],"product_tag":[],"yoast_head":"<!-- This site is optimized with the Yoast SEO plugin v19.5.1 - https:\/\/yoast.com\/wordpress\/plugins\/seo\/ -->\n<title>2562 \u201dDonegal\u201d - Karjalle osoitetut m\u00e4\u00e4r\u00e4t 2562 \u201dDonegal\u201d. &ndash; REKVI<\/title>\n<meta name=\"description\" content=\"\u0417\u0430\u043a\u0430\u0437\u0430\u0442\u044c \u00ab2562 \u201dDonegal\u201d - Karjalle osoitetut m\u00e4\u00e4r\u00e4t 2562 \u201dDonegal\u201d.\u00bb \u0432 \u0438\u043d\u0442\u0435\u0440\u043d\u0435\u0442-\u043c\u0430\u0433\u0430\u0437\u0438\u043d\u0435 REKVI \u0441 \u0434\u043e\u0441\u0442\u0430\u0432\u043a\u043e\u0439 \u043f\u043e \u042d\u0441\u0442\u043e\u043d\u0438\u0438. \u260e +3726363659\" \/>\n<meta name=\"robots\" content=\"index, follow, max-snippet:-1, max-image-preview:large, max-video-preview:-1\" \/>\n<link rel=\"canonical\" href=\"https:\/\/www.rekvi.ee\/fi\/toode\/varvaste-eraldajad-2562-donegal\/\" \/>\n<meta property=\"og:locale\" content=\"fi_FI\" \/>\n<meta property=\"og:type\" content=\"article\" \/>\n<meta property=\"og:title\" content=\"2562 \u201dDonegal\u201d - Karjalle osoitetut m\u00e4\u00e4r\u00e4t 2562 \u201dDonegal\u201d. &ndash; REKVI\" \/>\n<meta property=\"og:description\" content=\"\u0417\u0430\u043a\u0430\u0437\u0430\u0442\u044c \u00ab2562 \u201dDonegal\u201d - Karjalle osoitetut m\u00e4\u00e4r\u00e4t 2562 \u201dDonegal\u201d.\u00bb \u0432 \u0438\u043d\u0442\u0435\u0440\u043d\u0435\u0442-\u043c\u0430\u0433\u0430\u0437\u0438\u043d\u0435 REKVI \u0441 \u0434\u043e\u0441\u0442\u0430\u0432\u043a\u043e\u0439 \u043f\u043e \u042d\u0441\u0442\u043e\u043d\u0438\u0438. \u260e +3726363659\" \/>\n<meta property=\"og:url\" content=\"https:\/\/www.rekvi.ee\/fi\/toode\/varvaste-eraldajad-2562-donegal\/\" \/>\n<meta property=\"og:site_name\" content=\"REKVI\" \/>\n<meta property=\"article:publisher\" content=\"https:\/\/www.facebook.com\/Rekvi.ee\" \/>\n<meta property=\"og:image\" content=\"https:\/\/www.rekvi.ee\/wp-content\/uploads\/2021\/04\/separator-do-pedicure-beauty-care-2562-3.jpg\" \/>\n\t<meta property=\"og:image:width\" content=\"800\" \/>\n\t<meta property=\"og:image:height\" content=\"800\" \/>\n\t<meta property=\"og:image:type\" content=\"image\/jpeg\" \/>\n<meta name=\"twitter:card\" content=\"summary_large_image\" \/>\n<script type=\"application\/ld+json\" class=\"yoast-schema-graph\">{\"@context\":\"https:\/\/schema.org\",\"@graph\":[{\"@type\":\"WebPage\",\"@id\":\"https:\/\/www.rekvi.ee\/fi\/toode\/varvaste-eraldajad-2562-donegal\/\",\"url\":\"https:\/\/www.rekvi.ee\/fi\/toode\/varvaste-eraldajad-2562-donegal\/\",\"name\":\"2562 \u201dDonegal\u201d - Karjalle osoitetut m\u00e4\u00e4r\u00e4t 2562 \u201dDonegal\u201d. &ndash; REKVI\",\"isPartOf\":{\"@id\":\"https:\/\/www.rekvi.ee\/#website\"},\"datePublished\":\"2021-04-08T09:49:53+00:00\",\"dateModified\":\"2021-04-08T09:49:53+00:00\",\"description\":\"\u0417\u0430\u043a\u0430\u0437\u0430\u0442\u044c \u00ab2562 \u201dDonegal\u201d - Karjalle osoitetut m\u00e4\u00e4r\u00e4t 2562 \u201dDonegal\u201d.\u00bb \u0432 \u0438\u043d\u0442\u0435\u0440\u043d\u0435\u0442-\u043c\u0430\u0433\u0430\u0437\u0438\u043d\u0435 REKVI \u0441 \u0434\u043e\u0441\u0442\u0430\u0432\u043a\u043e\u0439 \u043f\u043e \u042d\u0441\u0442\u043e\u043d\u0438\u0438. \u260e +3726363659\",\"breadcrumb\":{\"@id\":\"https:\/\/www.rekvi.ee\/fi\/toode\/varvaste-eraldajad-2562-donegal\/#breadcrumb\"},\"inLanguage\":\"fi\",\"potentialAction\":[{\"@type\":\"ReadAction\",\"target\":[\"https:\/\/www.rekvi.ee\/fi\/toode\/varvaste-eraldajad-2562-donegal\/\"]}]},{\"@type\":\"BreadcrumbList\",\"@id\":\"https:\/\/www.rekvi.ee\/fi\/toode\/varvaste-eraldajad-2562-donegal\/#breadcrumb\",\"itemListElement\":[{\"@type\":\"ListItem\",\"position\":1,\"name\":\"Shop\",\"item\":\"https:\/\/www.rekvi.ee\/en\/e-shop\/\"},{\"@type\":\"ListItem\",\"position\":2,\"name\":\"2562 \u201dDonegal\u201d &#8211; Karjalle osoitetut m\u00e4\u00e4r\u00e4t 2562 \u201dDonegal\u201d.\"}]},{\"@type\":\"WebSite\",\"@id\":\"https:\/\/www.rekvi.ee\/#website\",\"url\":\"https:\/\/www.rekvi.ee\/\",\"name\":\"REKVI\",\"description\":\"Tere tulemast kosmeetika maailma!\",\"potentialAction\":[{\"@type\":\"SearchAction\",\"target\":{\"@type\":\"EntryPoint\",\"urlTemplate\":\"https:\/\/www.rekvi.ee\/?s={search_term_string}\"},\"query-input\":\"required name=search_term_string\"}],\"inLanguage\":\"fi\"}]}<\/script>\n<!-- \/ Yoast SEO plugin. -->","yoast_head_json":{"title":"2562 \u201dDonegal\u201d - Karjalle osoitetut m\u00e4\u00e4r\u00e4t 2562 \u201dDonegal\u201d. &ndash; REKVI","description":"\u0417\u0430\u043a\u0430\u0437\u0430\u0442\u044c \u00ab2562 \u201dDonegal\u201d - Karjalle osoitetut m\u00e4\u00e4r\u00e4t 2562 \u201dDonegal\u201d.\u00bb \u0432 \u0438\u043d\u0442\u0435\u0440\u043d\u0435\u0442-\u043c\u0430\u0433\u0430\u0437\u0438\u043d\u0435 REKVI \u0441 \u0434\u043e\u0441\u0442\u0430\u0432\u043a\u043e\u0439 \u043f\u043e \u042d\u0441\u0442\u043e\u043d\u0438\u0438. \u260e +3726363659","robots":{"index":"index","follow":"follow","max-snippet":"max-snippet:-1","max-image-preview":"max-image-preview:large","max-video-preview":"max-video-preview:-1"},"canonical":"https:\/\/www.rekvi.ee\/fi\/toode\/varvaste-eraldajad-2562-donegal\/","og_locale":"fi_FI","og_type":"article","og_title":"2562 \u201dDonegal\u201d - Karjalle osoitetut m\u00e4\u00e4r\u00e4t 2562 \u201dDonegal\u201d. &ndash; REKVI","og_description":"\u0417\u0430\u043a\u0430\u0437\u0430\u0442\u044c \u00ab2562 \u201dDonegal\u201d - Karjalle osoitetut m\u00e4\u00e4r\u00e4t 2562 \u201dDonegal\u201d.\u00bb \u0432 \u0438\u043d\u0442\u0435\u0440\u043d\u0435\u0442-\u043c\u0430\u0433\u0430\u0437\u0438\u043d\u0435 REKVI \u0441 \u0434\u043e\u0441\u0442\u0430\u0432\u043a\u043e\u0439 \u043f\u043e \u042d\u0441\u0442\u043e\u043d\u0438\u0438. \u260e +3726363659","og_url":"https:\/\/www.rekvi.ee\/fi\/toode\/varvaste-eraldajad-2562-donegal\/","og_site_name":"REKVI","article_publisher":"https:\/\/www.facebook.com\/Rekvi.ee","og_image":[{"width":800,"height":800,"url":"https:\/\/www.rekvi.ee\/wp-content\/uploads\/2021\/04\/separator-do-pedicure-beauty-care-2562-3.jpg","type":"image\/jpeg"}],"twitter_card":"summary_large_image","schema":{"@context":"https:\/\/schema.org","@graph":[{"@type":"WebPage","@id":"https:\/\/www.rekvi.ee\/fi\/toode\/varvaste-eraldajad-2562-donegal\/","url":"https:\/\/www.rekvi.ee\/fi\/toode\/varvaste-eraldajad-2562-donegal\/","name":"2562 \u201dDonegal\u201d - Karjalle osoitetut m\u00e4\u00e4r\u00e4t 2562 \u201dDonegal\u201d. &ndash; REKVI","isPartOf":{"@id":"https:\/\/www.rekvi.ee\/#website"},"datePublished":"2021-04-08T09:49:53+00:00","dateModified":"2021-04-08T09:49:53+00:00","description":"\u0417\u0430\u043a\u0430\u0437\u0430\u0442\u044c \u00ab2562 \u201dDonegal\u201d - Karjalle osoitetut m\u00e4\u00e4r\u00e4t 2562 \u201dDonegal\u201d.\u00bb \u0432 \u0438\u043d\u0442\u0435\u0440\u043d\u0435\u0442-\u043c\u0430\u0433\u0430\u0437\u0438\u043d\u0435 REKVI \u0441 \u0434\u043e\u0441\u0442\u0430\u0432\u043a\u043e\u0439 \u043f\u043e \u042d\u0441\u0442\u043e\u043d\u0438\u0438. \u260e +3726363659","breadcrumb":{"@id":"https:\/\/www.rekvi.ee\/fi\/toode\/varvaste-eraldajad-2562-donegal\/#breadcrumb"},"inLanguage":"fi","potentialAction":[{"@type":"ReadAction","target":["https:\/\/www.rekvi.ee\/fi\/toode\/varvaste-eraldajad-2562-donegal\/"]}]},{"@type":"BreadcrumbList","@id":"https:\/\/www.rekvi.ee\/fi\/toode\/varvaste-eraldajad-2562-donegal\/#breadcrumb","itemListElement":[{"@type":"ListItem","position":1,"name":"Shop","item":"https:\/\/www.rekvi.ee\/en\/e-shop\/"},{"@type":"ListItem","position":2,"name":"2562 \u201dDonegal\u201d &#8211; Karjalle osoitetut m\u00e4\u00e4r\u00e4t 2562 \u201dDonegal\u201d."}]},{"@type":"WebSite","@id":"https:\/\/www.rekvi.ee\/#website","url":"https:\/\/www.rekvi.ee\/","name":"REKVI","description":"Tere tulemast kosmeetika maailma!","potentialAction":[{"@type":"SearchAction","target":{"@type":"EntryPoint","urlTemplate":"https:\/\/www.rekvi.ee\/?s={search_term_string}"},"query-input":"required name=search_term_string"}],"inLanguage":"fi"}]}},"_links":{"self":[{"href":"https:\/\/www.rekvi.ee\/fi\/wp-json\/wp\/v2\/product\/71192"}],"collection":[{"href":"https:\/\/www.rekvi.ee\/fi\/wp-json\/wp\/v2\/product"}],"about":[{"href":"https:\/\/www.rekvi.ee\/fi\/wp-json\/wp\/v2\/types\/product"}],"wp:featuredmedia":[{"embeddable":true,"href":"https:\/\/www.rekvi.ee\/fi\/wp-json\/wp\/v2\/media\/60160"}],"wp:attachment":[{"href":"https:\/\/www.rekvi.ee\/fi\/wp-json\/wp\/v2\/media?parent=71192"}],"wp:term":[{"taxonomy":"product_cat","embeddable":true,"href":"https:\/\/www.rekvi.ee\/fi\/wp-json\/wp\/v2\/product_cat?post=71192"},{"taxonomy":"product_tag","embeddable":true,"href":"https:\/\/www.rekvi.ee\/fi\/wp-json\/wp\/v2\/product_tag?post=71192"}],"curies":[{"name":"wp","href":"https:\/\/api.w.org\/{rel}","templated":true}]}}