{"id":71436,"date":"2021-01-05T14:01:53","date_gmt":"2021-01-05T11:01:53","guid":{"rendered":"https:\/\/www.rekvi.ee\/toode\/juuksevarv-acme-color-intensive-14-ruuge\/"},"modified":"2021-01-05T14:01:53","modified_gmt":"2021-01-05T11:01:53","slug":"juuksevarv-acme-color-intensive-14-ruuge","status":"publish","type":"product","link":"https:\/\/www.rekvi.ee\/fi\/toode\/juuksevarv-acme-color-intensive-14-ruuge\/","title":{"rendered":"Hiusv\u00e4ri \u201dAcme v\u00e4ri Rjabina Avena\u201d, 014 rivi\u00e4"},"content":{"rendered":"","protected":false},"excerpt":{"rendered":"<p>&nbsp;<\/p>\n<p><strong>Setti sis\u00e4lt\u00e4\u00e4:<\/strong><\/p>\n<div class=\"tab-pane-body\">\n<div class=\"product-description\">\n<div class=\"style_content\">\n<p>1) Jauhe \u2013 1 pakkaus \u2013 20 mg<\/p>\n<p>2) Hapetin \u2013 2 pakkausta \u2013 2 \u00d7 25 ml<\/p>\n<p>3) Hiustenhoitonaamio \u2013 1 pakkaus \u2013 20 ml<\/p>\n<p><strong>Koostisosat:<\/strong><\/p>\n<p>Lis\u00e4jauhe: kaoliini, persulfaattisuihkeet ja metasilikaatit, sakeuttaja, stabilointiaine, ASAS, v\u00e4riaine.<br \/>\nHapetin: vesi, vetyperoksidi, emulgaattori, stabilointiaine.<br \/>\nNaamio: vesi, emulgaattori, sakeuttaja, ilmastointilaitteet, provitamiini B5, lesitiini, parfyymi, sitruunahappo, s\u00e4il\u00f6nt\u00e4aine.<\/p>\n<p><strong>Varoitus:<\/strong><\/p>\n<p>Huomio! Hapetin sis\u00e4lt\u00e4\u00e4 vetyperoksidia!<br \/>\n\u00c4l\u00e4 k\u00e4yt\u00e4 metallisia v\u00e4lineit\u00e4 tuotteen kanssa.<br \/>\nSuositellaan v\u00e4rj\u00e4\u00e4m\u00e4\u00e4n hiukset 2\u20133 p\u00e4iv\u00e4\u00e4 p\u00e4\u00e4npesun j\u00e4lkeen ja 3 viikkoa permanentin j\u00e4lkeen.<br \/>\n\u00c4l\u00e4 k\u00e4yt\u00e4 tuotetta, jos ihossa on haavoja tai se on \u00e4rtynyt.<br \/>\nJos tuotetta joutuu silmiin, huuhtele v\u00e4litt\u00f6m\u00e4sti runsaalla vedell\u00e4.<\/p>\n<p><strong>Herkkyystesti:<\/strong><\/p>\n<p>Sekoita 3 g jauhetta ja 6 ml hapetuskreemi\u00e4.<br \/>\nLevit\u00e4 pieni m\u00e4\u00e4r\u00e4 kyyn\u00e4rp\u00e4\u00e4h\u00e4n ja anna vaikuttaa 30 minuuttia, sitten huuhtele.<br \/>\nOdota 25 tuntia.<br \/>\nJos testialueella tai sen ymp\u00e4rill\u00e4 ilmenee kutinaa, punoitusta tai turvotusta, \u00e4l\u00e4 k\u00e4yt\u00e4 tuotetta.<\/p>\n<p><strong>K\u00e4ytt\u00f6ohjeet:<\/strong><\/p>\n<p>Sekoita jauhe ja hapetin kulhossa tasaiseksi seokseksi.<br \/>\nLevit\u00e4 seos kuiviin, pesem\u00e4tt\u00f6miin hiuksiin.<br \/>\nJaa hiukset ohuiksi suortuviksi ja levit\u00e4 seos kauttaaltaan alkaen takaosasta.<\/p>\n<p>Vaikutusaika: 10\u201350 minuuttia hiustyypist\u00e4 riippuen.<br \/>\nHuuhtele v\u00e4ri huolellisesti pois ja pese shampoolla.<br \/>\nLevit\u00e4 naamio m\u00e4rkiin hiuksiin, anna vaikuttaa muutaman minuutin ajan ja huuhtele.<\/p>\n<p>Kun hiukset kasvavat, levit\u00e4 tuote ensin juurille ja 10 minuuttia ennen vaikutusajan p\u00e4\u00e4ttymist\u00e4 kauttaaltaan.<\/p>\n<p><strong>VAROITUS<\/strong><\/p>\n<p>Valmista tuote sekoittamalla; \u00e4l\u00e4 k\u00e4yt\u00e4 metallisia v\u00e4lineit\u00e4.<br \/>\nEnnen k\u00e4ytt\u00f6\u00e4 on teht\u00e4v\u00e4 herkkyystesti.<br \/>\nV\u00e4lt\u00e4 tuotteen joutumista silmiin; jos n\u00e4in tapahtuu, huuhtele v\u00e4litt\u00f6m\u00e4sti runsaalla vedell\u00e4.<\/p>\n<p>\u00c4l\u00e4 v\u00e4rj\u00e4\u00e4 ripsi\u00e4 tai kulmakarvoja.<br \/>\n\u00c4l\u00e4 k\u00e4yt\u00e4 ennen kuin kolme viikkoa kemiallisen suoristuksen tai permanentin j\u00e4lkeen.<br \/>\nSuositellaan, ettei hiuksia v\u00e4rj\u00e4t\u00e4 v\u00e4hint\u00e4\u00e4n kuukausi hennav\u00e4rin j\u00e4lkeen.<br \/>\n\u00c4l\u00e4 s\u00e4ilyt\u00e4 j\u00e4\u00e4nytt\u00e4 v\u00e4riainetta.<br \/>\n\u00c4l\u00e4 pid\u00e4 v\u00e4riainetta p\u00e4\u00e4nahassa yli 50 minuuttia.<br \/>\nAloita v\u00e4rj\u00e4ys viimeist\u00e4\u00e4n 5 minuutin kuluessa seoksen valmistamisesta.<br \/>\nS\u00e4ilyt\u00e4 lasten ulottumattomissa.<br \/>\nSuojaa tuote suoralta auringonvalolta.<br \/>\nPitkiin hiuksiin k\u00e4yt\u00e4 kaksi pakkausta.<\/p>\n<p>V\u00e4rj\u00e4yksen aikana k\u00e4yt\u00e4 suojak\u00e4sineit\u00e4.<br \/>\nAvatessasi emulsioflakonin, suuntaa aukko poisp\u00e4in kasvoista.<br \/>\nS\u00e4ilyt\u00e4 tuote kuivassa ja viile\u00e4ss\u00e4 paikassa.<\/p><\/div>\n<\/p><\/div>\n<\/div>\n","protected":false},"featured_media":62288,"template":"","meta":[],"product_cat":[2777,2784],"product_tag":[],"yoast_head":"<!-- This site is optimized with the Yoast SEO plugin v19.5.1 - https:\/\/yoast.com\/wordpress\/plugins\/seo\/ -->\n<title>Hiusv\u00e4ri \u201dAcme v\u00e4ri Rjabina Avena\u201d, 014 rivi\u00e4 &ndash; REKVI<\/title>\n<meta name=\"description\" content=\"\u0417\u0430\u043a\u0430\u0437\u0430\u0442\u044c \u00abHiusv\u00e4ri \u201dAcme v\u00e4ri Rjabina Avena\u201d, 014 rivi\u00e4\u00bb \u0432 \u0438\u043d\u0442\u0435\u0440\u043d\u0435\u0442-\u043c\u0430\u0433\u0430\u0437\u0438\u043d\u0435 REKVI \u0441 \u0434\u043e\u0441\u0442\u0430\u0432\u043a\u043e\u0439 \u043f\u043e \u042d\u0441\u0442\u043e\u043d\u0438\u0438. \u260e +3726363659\" \/>\n<meta name=\"robots\" content=\"index, follow, max-snippet:-1, max-image-preview:large, max-video-preview:-1\" \/>\n<link rel=\"canonical\" href=\"https:\/\/www.rekvi.ee\/fi\/toode\/juuksevarv-acme-color-intensive-14-ruuge\/\" \/>\n<meta property=\"og:locale\" content=\"fi_FI\" \/>\n<meta property=\"og:type\" content=\"article\" \/>\n<meta property=\"og:title\" content=\"Hiusv\u00e4ri \u201dAcme v\u00e4ri Rjabina Avena\u201d, 014 rivi\u00e4 &ndash; REKVI\" \/>\n<meta property=\"og:description\" content=\"\u0417\u0430\u043a\u0430\u0437\u0430\u0442\u044c \u00abHiusv\u00e4ri \u201dAcme v\u00e4ri Rjabina Avena\u201d, 014 rivi\u00e4\u00bb \u0432 \u0438\u043d\u0442\u0435\u0440\u043d\u0435\u0442-\u043c\u0430\u0433\u0430\u0437\u0438\u043d\u0435 REKVI \u0441 \u0434\u043e\u0441\u0442\u0430\u0432\u043a\u043e\u0439 \u043f\u043e \u042d\u0441\u0442\u043e\u043d\u0438\u0438. \u260e +3726363659\" \/>\n<meta property=\"og:url\" content=\"https:\/\/www.rekvi.ee\/fi\/toode\/juuksevarv-acme-color-intensive-14-ruuge\/\" \/>\n<meta property=\"og:site_name\" content=\"REKVI\" \/>\n<meta property=\"article:publisher\" content=\"https:\/\/www.facebook.com\/Rekvi.ee\" \/>\n<meta property=\"og:image\" content=\"https:\/\/www.rekvi.ee\/wp-content\/uploads\/2021\/01\/e3b2cbca-9eb3-36bc-1ec6-8a87b72acca4.jpg\" \/>\n\t<meta property=\"og:image:width\" content=\"800\" \/>\n\t<meta property=\"og:image:height\" content=\"800\" \/>\n\t<meta property=\"og:image:type\" content=\"image\/jpeg\" \/>\n<meta name=\"twitter:card\" content=\"summary_large_image\" \/>\n<script type=\"application\/ld+json\" class=\"yoast-schema-graph\">{\"@context\":\"https:\/\/schema.org\",\"@graph\":[{\"@type\":\"WebPage\",\"@id\":\"https:\/\/www.rekvi.ee\/fi\/toode\/juuksevarv-acme-color-intensive-14-ruuge\/\",\"url\":\"https:\/\/www.rekvi.ee\/fi\/toode\/juuksevarv-acme-color-intensive-14-ruuge\/\",\"name\":\"Hiusv\u00e4ri \u201dAcme v\u00e4ri Rjabina Avena\u201d, 014 rivi\u00e4 &ndash; REKVI\",\"isPartOf\":{\"@id\":\"https:\/\/www.rekvi.ee\/#website\"},\"datePublished\":\"2021-01-05T11:01:53+00:00\",\"dateModified\":\"2021-01-05T11:01:53+00:00\",\"description\":\"\u0417\u0430\u043a\u0430\u0437\u0430\u0442\u044c \u00abHiusv\u00e4ri \u201dAcme v\u00e4ri Rjabina Avena\u201d, 014 rivi\u00e4\u00bb \u0432 \u0438\u043d\u0442\u0435\u0440\u043d\u0435\u0442-\u043c\u0430\u0433\u0430\u0437\u0438\u043d\u0435 REKVI \u0441 \u0434\u043e\u0441\u0442\u0430\u0432\u043a\u043e\u0439 \u043f\u043e \u042d\u0441\u0442\u043e\u043d\u0438\u0438. \u260e +3726363659\",\"breadcrumb\":{\"@id\":\"https:\/\/www.rekvi.ee\/fi\/toode\/juuksevarv-acme-color-intensive-14-ruuge\/#breadcrumb\"},\"inLanguage\":\"fi\",\"potentialAction\":[{\"@type\":\"ReadAction\",\"target\":[\"https:\/\/www.rekvi.ee\/fi\/toode\/juuksevarv-acme-color-intensive-14-ruuge\/\"]}]},{\"@type\":\"BreadcrumbList\",\"@id\":\"https:\/\/www.rekvi.ee\/fi\/toode\/juuksevarv-acme-color-intensive-14-ruuge\/#breadcrumb\",\"itemListElement\":[{\"@type\":\"ListItem\",\"position\":1,\"name\":\"Shop\",\"item\":\"https:\/\/www.rekvi.ee\/en\/e-shop\/\"},{\"@type\":\"ListItem\",\"position\":2,\"name\":\"Hiusv\u00e4ri \u201dAcme v\u00e4ri Rjabina Avena\u201d, 014 rivi\u00e4\"}]},{\"@type\":\"WebSite\",\"@id\":\"https:\/\/www.rekvi.ee\/#website\",\"url\":\"https:\/\/www.rekvi.ee\/\",\"name\":\"REKVI\",\"description\":\"Tere tulemast kosmeetika maailma!\",\"potentialAction\":[{\"@type\":\"SearchAction\",\"target\":{\"@type\":\"EntryPoint\",\"urlTemplate\":\"https:\/\/www.rekvi.ee\/?s={search_term_string}\"},\"query-input\":\"required name=search_term_string\"}],\"inLanguage\":\"fi\"}]}<\/script>\n<!-- \/ Yoast SEO plugin. -->","yoast_head_json":{"title":"Hiusv\u00e4ri \u201dAcme v\u00e4ri Rjabina Avena\u201d, 014 rivi\u00e4 &ndash; REKVI","description":"\u0417\u0430\u043a\u0430\u0437\u0430\u0442\u044c \u00abHiusv\u00e4ri \u201dAcme v\u00e4ri Rjabina Avena\u201d, 014 rivi\u00e4\u00bb \u0432 \u0438\u043d\u0442\u0435\u0440\u043d\u0435\u0442-\u043c\u0430\u0433\u0430\u0437\u0438\u043d\u0435 REKVI \u0441 \u0434\u043e\u0441\u0442\u0430\u0432\u043a\u043e\u0439 \u043f\u043e \u042d\u0441\u0442\u043e\u043d\u0438\u0438. \u260e +3726363659","robots":{"index":"index","follow":"follow","max-snippet":"max-snippet:-1","max-image-preview":"max-image-preview:large","max-video-preview":"max-video-preview:-1"},"canonical":"https:\/\/www.rekvi.ee\/fi\/toode\/juuksevarv-acme-color-intensive-14-ruuge\/","og_locale":"fi_FI","og_type":"article","og_title":"Hiusv\u00e4ri \u201dAcme v\u00e4ri Rjabina Avena\u201d, 014 rivi\u00e4 &ndash; REKVI","og_description":"\u0417\u0430\u043a\u0430\u0437\u0430\u0442\u044c \u00abHiusv\u00e4ri \u201dAcme v\u00e4ri Rjabina Avena\u201d, 014 rivi\u00e4\u00bb \u0432 \u0438\u043d\u0442\u0435\u0440\u043d\u0435\u0442-\u043c\u0430\u0433\u0430\u0437\u0438\u043d\u0435 REKVI \u0441 \u0434\u043e\u0441\u0442\u0430\u0432\u043a\u043e\u0439 \u043f\u043e \u042d\u0441\u0442\u043e\u043d\u0438\u0438. \u260e +3726363659","og_url":"https:\/\/www.rekvi.ee\/fi\/toode\/juuksevarv-acme-color-intensive-14-ruuge\/","og_site_name":"REKVI","article_publisher":"https:\/\/www.facebook.com\/Rekvi.ee","og_image":[{"width":800,"height":800,"url":"https:\/\/www.rekvi.ee\/wp-content\/uploads\/2021\/01\/e3b2cbca-9eb3-36bc-1ec6-8a87b72acca4.jpg","type":"image\/jpeg"}],"twitter_card":"summary_large_image","schema":{"@context":"https:\/\/schema.org","@graph":[{"@type":"WebPage","@id":"https:\/\/www.rekvi.ee\/fi\/toode\/juuksevarv-acme-color-intensive-14-ruuge\/","url":"https:\/\/www.rekvi.ee\/fi\/toode\/juuksevarv-acme-color-intensive-14-ruuge\/","name":"Hiusv\u00e4ri \u201dAcme v\u00e4ri Rjabina Avena\u201d, 014 rivi\u00e4 &ndash; REKVI","isPartOf":{"@id":"https:\/\/www.rekvi.ee\/#website"},"datePublished":"2021-01-05T11:01:53+00:00","dateModified":"2021-01-05T11:01:53+00:00","description":"\u0417\u0430\u043a\u0430\u0437\u0430\u0442\u044c \u00abHiusv\u00e4ri \u201dAcme v\u00e4ri Rjabina Avena\u201d, 014 rivi\u00e4\u00bb \u0432 \u0438\u043d\u0442\u0435\u0440\u043d\u0435\u0442-\u043c\u0430\u0433\u0430\u0437\u0438\u043d\u0435 REKVI \u0441 \u0434\u043e\u0441\u0442\u0430\u0432\u043a\u043e\u0439 \u043f\u043e \u042d\u0441\u0442\u043e\u043d\u0438\u0438. \u260e +3726363659","breadcrumb":{"@id":"https:\/\/www.rekvi.ee\/fi\/toode\/juuksevarv-acme-color-intensive-14-ruuge\/#breadcrumb"},"inLanguage":"fi","potentialAction":[{"@type":"ReadAction","target":["https:\/\/www.rekvi.ee\/fi\/toode\/juuksevarv-acme-color-intensive-14-ruuge\/"]}]},{"@type":"BreadcrumbList","@id":"https:\/\/www.rekvi.ee\/fi\/toode\/juuksevarv-acme-color-intensive-14-ruuge\/#breadcrumb","itemListElement":[{"@type":"ListItem","position":1,"name":"Shop","item":"https:\/\/www.rekvi.ee\/en\/e-shop\/"},{"@type":"ListItem","position":2,"name":"Hiusv\u00e4ri \u201dAcme v\u00e4ri Rjabina Avena\u201d, 014 rivi\u00e4"}]},{"@type":"WebSite","@id":"https:\/\/www.rekvi.ee\/#website","url":"https:\/\/www.rekvi.ee\/","name":"REKVI","description":"Tere tulemast kosmeetika maailma!","potentialAction":[{"@type":"SearchAction","target":{"@type":"EntryPoint","urlTemplate":"https:\/\/www.rekvi.ee\/?s={search_term_string}"},"query-input":"required name=search_term_string"}],"inLanguage":"fi"}]}},"_links":{"self":[{"href":"https:\/\/www.rekvi.ee\/fi\/wp-json\/wp\/v2\/product\/71436"}],"collection":[{"href":"https:\/\/www.rekvi.ee\/fi\/wp-json\/wp\/v2\/product"}],"about":[{"href":"https:\/\/www.rekvi.ee\/fi\/wp-json\/wp\/v2\/types\/product"}],"wp:featuredmedia":[{"embeddable":true,"href":"https:\/\/www.rekvi.ee\/fi\/wp-json\/wp\/v2\/media\/62288"}],"wp:attachment":[{"href":"https:\/\/www.rekvi.ee\/fi\/wp-json\/wp\/v2\/media?parent=71436"}],"wp:term":[{"taxonomy":"product_cat","embeddable":true,"href":"https:\/\/www.rekvi.ee\/fi\/wp-json\/wp\/v2\/product_cat?post=71436"},{"taxonomy":"product_tag","embeddable":true,"href":"https:\/\/www.rekvi.ee\/fi\/wp-json\/wp\/v2\/product_tag?post=71436"}],"curies":[{"name":"wp","href":"https:\/\/api.w.org\/{rel}","templated":true}]}}