{"id":71453,"date":"2020-03-26T11:03:14","date_gmt":"2020-03-26T08:03:14","guid":{"rendered":"https:\/\/www.rekvi.ee\/toode\/intiimpesugeel-comfort-salveiga\/"},"modified":"2020-03-26T11:03:14","modified_gmt":"2020-03-26T08:03:14","slug":"intiimpesugeel-comfort-salveiga","status":"publish","type":"product","link":"https:\/\/www.rekvi.ee\/fi\/toode\/intiimpesugeel-comfort-salveiga\/","title":{"rendered":"Intiimipuhdistusgeeli \u201dCOMFORT\u201d voiteen kanssa 500 ml"},"content":{"rendered":"","protected":false},"excerpt":{"rendered":"<p>Sis\u00e4lt\u00e4\u00e4 maitohappoa, D-panthenolia ja salviauutetta. Puhdistaa, hajunpoisto, v\u00e4hent\u00e4\u00e4 \u00e4rsytyst\u00e4. Erityisen koostumuksensa ansiosta sill\u00e4 on erityiset pehme\u00e4t pesuominaisuudet. Ei sis\u00e4ll\u00e4 saippuaa. Geeli ei h\u00e4iritse ihon luonnollista vesitasapainoa, lis\u00e4\u00e4 ihon kimmoisuutta. Siin\u00e4 on miellytt\u00e4v\u00e4 sitke\u00e4 tuoksu.<\/p>\n<p>K\u00e4ytt\u00f6ohje: levit\u00e4 pieni m\u00e4\u00e4r\u00e4 saippuaa kostealle iholle, vaahdota ja pese pois vedell\u00e4.<\/p>\n<p>INCI: Aqua, Sodium Laureth Sulfate, Cocamidopropyl Betaine, Cocamide DEA, PEG-20 Glyceryl Laurate, Salvia Officinalis Leaf Extract, Panthenol, Lactic Acid, Glycerin, PEG-7 Glyceryl Cocoate, PEG-120 Methyl Glucose Dioleate, Propyleeniglykoli, parfum, sitruunahappo, natriumhydroksidi, dinatrium EDTA, magnesiumnitraatti, magnesiumkloridi, metyylikloori-isotiatsolinoni, metyyli-isotiatsolinoni, natriumkloridi, CI 17200.<\/p>\n","protected":false},"featured_media":58903,"template":"","meta":[],"product_cat":[2754,2795],"product_tag":[],"yoast_head":"<!-- This site is optimized with the Yoast SEO plugin v19.5.1 - https:\/\/yoast.com\/wordpress\/plugins\/seo\/ -->\n<title>Intiimipuhdistusgeeli \u201dCOMFORT\u201d voiteen kanssa 500 ml &ndash; REKVI<\/title>\n<meta name=\"description\" content=\"\u0417\u0430\u043a\u0430\u0437\u0430\u0442\u044c \u00abIntiimipuhdistusgeeli \u201dCOMFORT\u201d voiteen kanssa 500 ml\u00bb \u0432 \u0438\u043d\u0442\u0435\u0440\u043d\u0435\u0442-\u043c\u0430\u0433\u0430\u0437\u0438\u043d\u0435 REKVI \u0441 \u0434\u043e\u0441\u0442\u0430\u0432\u043a\u043e\u0439 \u043f\u043e \u042d\u0441\u0442\u043e\u043d\u0438\u0438. \u260e +3726363659\" \/>\n<meta name=\"robots\" content=\"index, follow, max-snippet:-1, max-image-preview:large, max-video-preview:-1\" \/>\n<link rel=\"canonical\" href=\"https:\/\/www.rekvi.ee\/fi\/toode\/intiimpesugeel-comfort-salveiga\/\" \/>\n<meta property=\"og:locale\" content=\"fi_FI\" \/>\n<meta property=\"og:type\" content=\"article\" \/>\n<meta property=\"og:title\" content=\"Intiimipuhdistusgeeli \u201dCOMFORT\u201d voiteen kanssa 500 ml &ndash; REKVI\" \/>\n<meta property=\"og:description\" content=\"\u0417\u0430\u043a\u0430\u0437\u0430\u0442\u044c \u00abIntiimipuhdistusgeeli \u201dCOMFORT\u201d voiteen kanssa 500 ml\u00bb \u0432 \u0438\u043d\u0442\u0435\u0440\u043d\u0435\u0442-\u043c\u0430\u0433\u0430\u0437\u0438\u043d\u0435 REKVI \u0441 \u0434\u043e\u0441\u0442\u0430\u0432\u043a\u043e\u0439 \u043f\u043e \u042d\u0441\u0442\u043e\u043d\u0438\u0438. \u260e +3726363659\" \/>\n<meta property=\"og:url\" content=\"https:\/\/www.rekvi.ee\/fi\/toode\/intiimpesugeel-comfort-salveiga\/\" \/>\n<meta property=\"og:site_name\" content=\"REKVI\" \/>\n<meta property=\"article:publisher\" content=\"https:\/\/www.facebook.com\/Rekvi.ee\" \/>\n<meta property=\"og:image\" content=\"https:\/\/www.rekvi.ee\/wp-content\/uploads\/2020\/12\/on-line-comfort-plyn-do-higieny-intymnej-z-ekstraktem-z-szalwi-500-ml.jpg\" \/>\n\t<meta property=\"og:image:width\" content=\"800\" \/>\n\t<meta property=\"og:image:height\" content=\"800\" \/>\n\t<meta property=\"og:image:type\" content=\"image\/jpeg\" \/>\n<meta name=\"twitter:card\" content=\"summary_large_image\" \/>\n<script type=\"application\/ld+json\" class=\"yoast-schema-graph\">{\"@context\":\"https:\/\/schema.org\",\"@graph\":[{\"@type\":\"WebPage\",\"@id\":\"https:\/\/www.rekvi.ee\/fi\/toode\/intiimpesugeel-comfort-salveiga\/\",\"url\":\"https:\/\/www.rekvi.ee\/fi\/toode\/intiimpesugeel-comfort-salveiga\/\",\"name\":\"Intiimipuhdistusgeeli \u201dCOMFORT\u201d voiteen kanssa 500 ml &ndash; REKVI\",\"isPartOf\":{\"@id\":\"https:\/\/www.rekvi.ee\/#website\"},\"datePublished\":\"2020-03-26T08:03:14+00:00\",\"dateModified\":\"2020-03-26T08:03:14+00:00\",\"description\":\"\u0417\u0430\u043a\u0430\u0437\u0430\u0442\u044c \u00abIntiimipuhdistusgeeli \u201dCOMFORT\u201d voiteen kanssa 500 ml\u00bb \u0432 \u0438\u043d\u0442\u0435\u0440\u043d\u0435\u0442-\u043c\u0430\u0433\u0430\u0437\u0438\u043d\u0435 REKVI \u0441 \u0434\u043e\u0441\u0442\u0430\u0432\u043a\u043e\u0439 \u043f\u043e \u042d\u0441\u0442\u043e\u043d\u0438\u0438. \u260e +3726363659\",\"breadcrumb\":{\"@id\":\"https:\/\/www.rekvi.ee\/fi\/toode\/intiimpesugeel-comfort-salveiga\/#breadcrumb\"},\"inLanguage\":\"fi\",\"potentialAction\":[{\"@type\":\"ReadAction\",\"target\":[\"https:\/\/www.rekvi.ee\/fi\/toode\/intiimpesugeel-comfort-salveiga\/\"]}]},{\"@type\":\"BreadcrumbList\",\"@id\":\"https:\/\/www.rekvi.ee\/fi\/toode\/intiimpesugeel-comfort-salveiga\/#breadcrumb\",\"itemListElement\":[{\"@type\":\"ListItem\",\"position\":1,\"name\":\"Shop\",\"item\":\"https:\/\/www.rekvi.ee\/en\/e-shop\/\"},{\"@type\":\"ListItem\",\"position\":2,\"name\":\"Intiimipuhdistusgeeli \u201dCOMFORT\u201d voiteen kanssa 500 ml\"}]},{\"@type\":\"WebSite\",\"@id\":\"https:\/\/www.rekvi.ee\/#website\",\"url\":\"https:\/\/www.rekvi.ee\/\",\"name\":\"REKVI\",\"description\":\"Tere tulemast kosmeetika maailma!\",\"potentialAction\":[{\"@type\":\"SearchAction\",\"target\":{\"@type\":\"EntryPoint\",\"urlTemplate\":\"https:\/\/www.rekvi.ee\/?s={search_term_string}\"},\"query-input\":\"required name=search_term_string\"}],\"inLanguage\":\"fi\"}]}<\/script>\n<!-- \/ Yoast SEO plugin. -->","yoast_head_json":{"title":"Intiimipuhdistusgeeli \u201dCOMFORT\u201d voiteen kanssa 500 ml &ndash; REKVI","description":"\u0417\u0430\u043a\u0430\u0437\u0430\u0442\u044c \u00abIntiimipuhdistusgeeli \u201dCOMFORT\u201d voiteen kanssa 500 ml\u00bb \u0432 \u0438\u043d\u0442\u0435\u0440\u043d\u0435\u0442-\u043c\u0430\u0433\u0430\u0437\u0438\u043d\u0435 REKVI \u0441 \u0434\u043e\u0441\u0442\u0430\u0432\u043a\u043e\u0439 \u043f\u043e \u042d\u0441\u0442\u043e\u043d\u0438\u0438. \u260e +3726363659","robots":{"index":"index","follow":"follow","max-snippet":"max-snippet:-1","max-image-preview":"max-image-preview:large","max-video-preview":"max-video-preview:-1"},"canonical":"https:\/\/www.rekvi.ee\/fi\/toode\/intiimpesugeel-comfort-salveiga\/","og_locale":"fi_FI","og_type":"article","og_title":"Intiimipuhdistusgeeli \u201dCOMFORT\u201d voiteen kanssa 500 ml &ndash; REKVI","og_description":"\u0417\u0430\u043a\u0430\u0437\u0430\u0442\u044c \u00abIntiimipuhdistusgeeli \u201dCOMFORT\u201d voiteen kanssa 500 ml\u00bb \u0432 \u0438\u043d\u0442\u0435\u0440\u043d\u0435\u0442-\u043c\u0430\u0433\u0430\u0437\u0438\u043d\u0435 REKVI \u0441 \u0434\u043e\u0441\u0442\u0430\u0432\u043a\u043e\u0439 \u043f\u043e \u042d\u0441\u0442\u043e\u043d\u0438\u0438. \u260e +3726363659","og_url":"https:\/\/www.rekvi.ee\/fi\/toode\/intiimpesugeel-comfort-salveiga\/","og_site_name":"REKVI","article_publisher":"https:\/\/www.facebook.com\/Rekvi.ee","og_image":[{"width":800,"height":800,"url":"https:\/\/www.rekvi.ee\/wp-content\/uploads\/2020\/12\/on-line-comfort-plyn-do-higieny-intymnej-z-ekstraktem-z-szalwi-500-ml.jpg","type":"image\/jpeg"}],"twitter_card":"summary_large_image","schema":{"@context":"https:\/\/schema.org","@graph":[{"@type":"WebPage","@id":"https:\/\/www.rekvi.ee\/fi\/toode\/intiimpesugeel-comfort-salveiga\/","url":"https:\/\/www.rekvi.ee\/fi\/toode\/intiimpesugeel-comfort-salveiga\/","name":"Intiimipuhdistusgeeli \u201dCOMFORT\u201d voiteen kanssa 500 ml &ndash; REKVI","isPartOf":{"@id":"https:\/\/www.rekvi.ee\/#website"},"datePublished":"2020-03-26T08:03:14+00:00","dateModified":"2020-03-26T08:03:14+00:00","description":"\u0417\u0430\u043a\u0430\u0437\u0430\u0442\u044c \u00abIntiimipuhdistusgeeli \u201dCOMFORT\u201d voiteen kanssa 500 ml\u00bb \u0432 \u0438\u043d\u0442\u0435\u0440\u043d\u0435\u0442-\u043c\u0430\u0433\u0430\u0437\u0438\u043d\u0435 REKVI \u0441 \u0434\u043e\u0441\u0442\u0430\u0432\u043a\u043e\u0439 \u043f\u043e \u042d\u0441\u0442\u043e\u043d\u0438\u0438. \u260e +3726363659","breadcrumb":{"@id":"https:\/\/www.rekvi.ee\/fi\/toode\/intiimpesugeel-comfort-salveiga\/#breadcrumb"},"inLanguage":"fi","potentialAction":[{"@type":"ReadAction","target":["https:\/\/www.rekvi.ee\/fi\/toode\/intiimpesugeel-comfort-salveiga\/"]}]},{"@type":"BreadcrumbList","@id":"https:\/\/www.rekvi.ee\/fi\/toode\/intiimpesugeel-comfort-salveiga\/#breadcrumb","itemListElement":[{"@type":"ListItem","position":1,"name":"Shop","item":"https:\/\/www.rekvi.ee\/en\/e-shop\/"},{"@type":"ListItem","position":2,"name":"Intiimipuhdistusgeeli \u201dCOMFORT\u201d voiteen kanssa 500 ml"}]},{"@type":"WebSite","@id":"https:\/\/www.rekvi.ee\/#website","url":"https:\/\/www.rekvi.ee\/","name":"REKVI","description":"Tere tulemast kosmeetika maailma!","potentialAction":[{"@type":"SearchAction","target":{"@type":"EntryPoint","urlTemplate":"https:\/\/www.rekvi.ee\/?s={search_term_string}"},"query-input":"required name=search_term_string"}],"inLanguage":"fi"}]}},"_links":{"self":[{"href":"https:\/\/www.rekvi.ee\/fi\/wp-json\/wp\/v2\/product\/71453"}],"collection":[{"href":"https:\/\/www.rekvi.ee\/fi\/wp-json\/wp\/v2\/product"}],"about":[{"href":"https:\/\/www.rekvi.ee\/fi\/wp-json\/wp\/v2\/types\/product"}],"wp:featuredmedia":[{"embeddable":true,"href":"https:\/\/www.rekvi.ee\/fi\/wp-json\/wp\/v2\/media\/58903"}],"wp:attachment":[{"href":"https:\/\/www.rekvi.ee\/fi\/wp-json\/wp\/v2\/media?parent=71453"}],"wp:term":[{"taxonomy":"product_cat","embeddable":true,"href":"https:\/\/www.rekvi.ee\/fi\/wp-json\/wp\/v2\/product_cat?post=71453"},{"taxonomy":"product_tag","embeddable":true,"href":"https:\/\/www.rekvi.ee\/fi\/wp-json\/wp\/v2\/product_tag?post=71453"}],"curies":[{"name":"wp","href":"https:\/\/api.w.org\/{rel}","templated":true}]}}