{"id":71493,"date":"2019-01-12T10:16:26","date_gmt":"2019-01-12T07:16:26","guid":{"rendered":"https:\/\/www.rekvi.ee\/toode\/jalakreem-foot-cream-lavendliga\/"},"modified":"2019-01-12T10:16:26","modified_gmt":"2019-01-12T07:16:26","slug":"jalakreem-foot-cream-lavendliga","status":"publish","type":"product","link":"https:\/\/www.rekvi.ee\/fi\/toode\/jalakreem-foot-cream-lavendliga\/","title":{"rendered":"Jalkavoide \u201dBio Spa\u201d laventelilla 125ml"},"content":{"rendered":"","protected":false},"excerpt":{"rendered":"<p>Anti-itch-voide on suunniteltu kuivan, hilseilev\u00e4n ja halkeilevan ihon p\u00e4ivitt\u00e4iseen hoitoon. Se lievitt\u00e4\u00e4 \u00e4rsytyst\u00e4, v\u00e4symyst\u00e4 ja kuoriutumista, mink\u00e4 ansiosta jalkapohjien iho on atlanttisen pehme\u00e4. Laventelin eteerisell\u00e4 \u00f6ljyll\u00e4 on antibakteerisia ominaisuuksia. Pellavansiemen on erinomainen pehment\u00e4j\u00e4 ja pehment\u00e4j\u00e4 kuivalle ja vaurioituneelle iholle. Mehil\u00e4isvaha luo iholle vahamaisen kerroksen, joka ravitsee ja pehment\u00e4\u00e4 ihoa. Vehn\u00e4kuitu\u00f6ljy ravitsee ja pehment\u00e4\u00e4 ihoa luomalla vehn\u00e4proteiinien ansiosta kerroksen. E-vitamiini ravitsee ihoa. K\u00e4ytt\u00f6: Suosittelemme p\u00e4ivitt\u00e4ist\u00e4 k\u00e4ytt\u00f6\u00e4.<\/p>\n<p>K\u00e4ytt\u00f6: Levit\u00e4 kerros voidetta puhtaalle, kuivalle iholle hieroen kevyin hierovin liikkein.<\/p>\n<p>Ainesosat: Voidetta ei saa sekoittaa:<\/p>\n<p>Puhdistettu vesi , Ceteareth-20 , Cetyl Alcohol, PEG-30 Glyceryl Stearate, Vehn\u00e4nalkio\u00f6ljy, Mineraali\u00f6ljy, Vaseliini, Cera Microcristallina, Glyseroli, Propylene Glaco, Isopropyl Mirystate, Allantoin, Triklosaani, Arnica Motana, Karbomeeri, Trietanoloamiini, Fenoksietanoli \/ Metyyliparabeeni \/ Etyyliparabeeni \/ Butyyliparabeeni 0,08%, Mentoli, Parfyymi, Limoneeni 0,003%, Heksyylikinnamali 0,001%, Sitronelloli 0,002%.<\/p>\n","protected":false},"featured_media":58666,"template":"","meta":[],"product_cat":[2773,2775],"product_tag":[],"yoast_head":"<!-- This site is optimized with the Yoast SEO plugin v19.5.1 - https:\/\/yoast.com\/wordpress\/plugins\/seo\/ -->\n<title>Jalkavoide \u201dBio Spa\u201d laventelilla 125ml &ndash; REKVI<\/title>\n<meta name=\"description\" content=\"\u0417\u0430\u043a\u0430\u0437\u0430\u0442\u044c \u00abJalkavoide \u201dBio Spa\u201d laventelilla 125ml\u00bb \u0432 \u0438\u043d\u0442\u0435\u0440\u043d\u0435\u0442-\u043c\u0430\u0433\u0430\u0437\u0438\u043d\u0435 REKVI \u0441 \u0434\u043e\u0441\u0442\u0430\u0432\u043a\u043e\u0439 \u043f\u043e \u042d\u0441\u0442\u043e\u043d\u0438\u0438. \u260e +3726363659\" \/>\n<meta name=\"robots\" content=\"index, follow, max-snippet:-1, max-image-preview:large, max-video-preview:-1\" \/>\n<link rel=\"canonical\" href=\"https:\/\/www.rekvi.ee\/fi\/toode\/jalakreem-foot-cream-lavendliga\/\" \/>\n<meta property=\"og:locale\" content=\"fi_FI\" \/>\n<meta property=\"og:type\" content=\"article\" \/>\n<meta property=\"og:title\" content=\"Jalkavoide \u201dBio Spa\u201d laventelilla 125ml &ndash; REKVI\" \/>\n<meta property=\"og:description\" content=\"\u0417\u0430\u043a\u0430\u0437\u0430\u0442\u044c \u00abJalkavoide \u201dBio Spa\u201d laventelilla 125ml\u00bb \u0432 \u0438\u043d\u0442\u0435\u0440\u043d\u0435\u0442-\u043c\u0430\u0433\u0430\u0437\u0438\u043d\u0435 REKVI \u0441 \u0434\u043e\u0441\u0442\u0430\u0432\u043a\u043e\u0439 \u043f\u043e \u042d\u0441\u0442\u043e\u043d\u0438\u0438. \u260e +3726363659\" \/>\n<meta property=\"og:url\" content=\"https:\/\/www.rekvi.ee\/fi\/toode\/jalakreem-foot-cream-lavendliga\/\" \/>\n<meta property=\"og:site_name\" content=\"REKVI\" \/>\n<meta property=\"article:publisher\" content=\"https:\/\/www.facebook.com\/Rekvi.ee\" \/>\n<meta property=\"og:image\" content=\"https:\/\/www.rekvi.ee\/wp-content\/uploads\/2020\/04\/belle-jardin-foot-cream-FOR-CRACKING-HEELS.png\" \/>\n\t<meta property=\"og:image:width\" content=\"688\" \/>\n\t<meta property=\"og:image:height\" content=\"688\" \/>\n\t<meta property=\"og:image:type\" content=\"image\/png\" \/>\n<meta name=\"twitter:card\" content=\"summary_large_image\" \/>\n<script type=\"application\/ld+json\" class=\"yoast-schema-graph\">{\"@context\":\"https:\/\/schema.org\",\"@graph\":[{\"@type\":\"WebPage\",\"@id\":\"https:\/\/www.rekvi.ee\/fi\/toode\/jalakreem-foot-cream-lavendliga\/\",\"url\":\"https:\/\/www.rekvi.ee\/fi\/toode\/jalakreem-foot-cream-lavendliga\/\",\"name\":\"Jalkavoide \u201dBio Spa\u201d laventelilla 125ml &ndash; REKVI\",\"isPartOf\":{\"@id\":\"https:\/\/www.rekvi.ee\/#website\"},\"datePublished\":\"2019-01-12T07:16:26+00:00\",\"dateModified\":\"2019-01-12T07:16:26+00:00\",\"description\":\"\u0417\u0430\u043a\u0430\u0437\u0430\u0442\u044c \u00abJalkavoide \u201dBio Spa\u201d laventelilla 125ml\u00bb \u0432 \u0438\u043d\u0442\u0435\u0440\u043d\u0435\u0442-\u043c\u0430\u0433\u0430\u0437\u0438\u043d\u0435 REKVI \u0441 \u0434\u043e\u0441\u0442\u0430\u0432\u043a\u043e\u0439 \u043f\u043e \u042d\u0441\u0442\u043e\u043d\u0438\u0438. \u260e +3726363659\",\"breadcrumb\":{\"@id\":\"https:\/\/www.rekvi.ee\/fi\/toode\/jalakreem-foot-cream-lavendliga\/#breadcrumb\"},\"inLanguage\":\"fi\",\"potentialAction\":[{\"@type\":\"ReadAction\",\"target\":[\"https:\/\/www.rekvi.ee\/fi\/toode\/jalakreem-foot-cream-lavendliga\/\"]}]},{\"@type\":\"BreadcrumbList\",\"@id\":\"https:\/\/www.rekvi.ee\/fi\/toode\/jalakreem-foot-cream-lavendliga\/#breadcrumb\",\"itemListElement\":[{\"@type\":\"ListItem\",\"position\":1,\"name\":\"Shop\",\"item\":\"https:\/\/www.rekvi.ee\/en\/e-shop\/\"},{\"@type\":\"ListItem\",\"position\":2,\"name\":\"Jalkavoide \u201dBio Spa\u201d laventelilla 125ml\"}]},{\"@type\":\"WebSite\",\"@id\":\"https:\/\/www.rekvi.ee\/#website\",\"url\":\"https:\/\/www.rekvi.ee\/\",\"name\":\"REKVI\",\"description\":\"Tere tulemast kosmeetika maailma!\",\"potentialAction\":[{\"@type\":\"SearchAction\",\"target\":{\"@type\":\"EntryPoint\",\"urlTemplate\":\"https:\/\/www.rekvi.ee\/?s={search_term_string}\"},\"query-input\":\"required name=search_term_string\"}],\"inLanguage\":\"fi\"}]}<\/script>\n<!-- \/ Yoast SEO plugin. -->","yoast_head_json":{"title":"Jalkavoide \u201dBio Spa\u201d laventelilla 125ml &ndash; REKVI","description":"\u0417\u0430\u043a\u0430\u0437\u0430\u0442\u044c \u00abJalkavoide \u201dBio Spa\u201d laventelilla 125ml\u00bb \u0432 \u0438\u043d\u0442\u0435\u0440\u043d\u0435\u0442-\u043c\u0430\u0433\u0430\u0437\u0438\u043d\u0435 REKVI \u0441 \u0434\u043e\u0441\u0442\u0430\u0432\u043a\u043e\u0439 \u043f\u043e \u042d\u0441\u0442\u043e\u043d\u0438\u0438. \u260e +3726363659","robots":{"index":"index","follow":"follow","max-snippet":"max-snippet:-1","max-image-preview":"max-image-preview:large","max-video-preview":"max-video-preview:-1"},"canonical":"https:\/\/www.rekvi.ee\/fi\/toode\/jalakreem-foot-cream-lavendliga\/","og_locale":"fi_FI","og_type":"article","og_title":"Jalkavoide \u201dBio Spa\u201d laventelilla 125ml &ndash; REKVI","og_description":"\u0417\u0430\u043a\u0430\u0437\u0430\u0442\u044c \u00abJalkavoide \u201dBio Spa\u201d laventelilla 125ml\u00bb \u0432 \u0438\u043d\u0442\u0435\u0440\u043d\u0435\u0442-\u043c\u0430\u0433\u0430\u0437\u0438\u043d\u0435 REKVI \u0441 \u0434\u043e\u0441\u0442\u0430\u0432\u043a\u043e\u0439 \u043f\u043e \u042d\u0441\u0442\u043e\u043d\u0438\u0438. \u260e +3726363659","og_url":"https:\/\/www.rekvi.ee\/fi\/toode\/jalakreem-foot-cream-lavendliga\/","og_site_name":"REKVI","article_publisher":"https:\/\/www.facebook.com\/Rekvi.ee","og_image":[{"width":688,"height":688,"url":"https:\/\/www.rekvi.ee\/wp-content\/uploads\/2020\/04\/belle-jardin-foot-cream-FOR-CRACKING-HEELS.png","type":"image\/png"}],"twitter_card":"summary_large_image","schema":{"@context":"https:\/\/schema.org","@graph":[{"@type":"WebPage","@id":"https:\/\/www.rekvi.ee\/fi\/toode\/jalakreem-foot-cream-lavendliga\/","url":"https:\/\/www.rekvi.ee\/fi\/toode\/jalakreem-foot-cream-lavendliga\/","name":"Jalkavoide \u201dBio Spa\u201d laventelilla 125ml &ndash; REKVI","isPartOf":{"@id":"https:\/\/www.rekvi.ee\/#website"},"datePublished":"2019-01-12T07:16:26+00:00","dateModified":"2019-01-12T07:16:26+00:00","description":"\u0417\u0430\u043a\u0430\u0437\u0430\u0442\u044c \u00abJalkavoide \u201dBio Spa\u201d laventelilla 125ml\u00bb \u0432 \u0438\u043d\u0442\u0435\u0440\u043d\u0435\u0442-\u043c\u0430\u0433\u0430\u0437\u0438\u043d\u0435 REKVI \u0441 \u0434\u043e\u0441\u0442\u0430\u0432\u043a\u043e\u0439 \u043f\u043e \u042d\u0441\u0442\u043e\u043d\u0438\u0438. \u260e +3726363659","breadcrumb":{"@id":"https:\/\/www.rekvi.ee\/fi\/toode\/jalakreem-foot-cream-lavendliga\/#breadcrumb"},"inLanguage":"fi","potentialAction":[{"@type":"ReadAction","target":["https:\/\/www.rekvi.ee\/fi\/toode\/jalakreem-foot-cream-lavendliga\/"]}]},{"@type":"BreadcrumbList","@id":"https:\/\/www.rekvi.ee\/fi\/toode\/jalakreem-foot-cream-lavendliga\/#breadcrumb","itemListElement":[{"@type":"ListItem","position":1,"name":"Shop","item":"https:\/\/www.rekvi.ee\/en\/e-shop\/"},{"@type":"ListItem","position":2,"name":"Jalkavoide \u201dBio Spa\u201d laventelilla 125ml"}]},{"@type":"WebSite","@id":"https:\/\/www.rekvi.ee\/#website","url":"https:\/\/www.rekvi.ee\/","name":"REKVI","description":"Tere tulemast kosmeetika maailma!","potentialAction":[{"@type":"SearchAction","target":{"@type":"EntryPoint","urlTemplate":"https:\/\/www.rekvi.ee\/?s={search_term_string}"},"query-input":"required name=search_term_string"}],"inLanguage":"fi"}]}},"_links":{"self":[{"href":"https:\/\/www.rekvi.ee\/fi\/wp-json\/wp\/v2\/product\/71493"}],"collection":[{"href":"https:\/\/www.rekvi.ee\/fi\/wp-json\/wp\/v2\/product"}],"about":[{"href":"https:\/\/www.rekvi.ee\/fi\/wp-json\/wp\/v2\/types\/product"}],"wp:featuredmedia":[{"embeddable":true,"href":"https:\/\/www.rekvi.ee\/fi\/wp-json\/wp\/v2\/media\/58666"}],"wp:attachment":[{"href":"https:\/\/www.rekvi.ee\/fi\/wp-json\/wp\/v2\/media?parent=71493"}],"wp:term":[{"taxonomy":"product_cat","embeddable":true,"href":"https:\/\/www.rekvi.ee\/fi\/wp-json\/wp\/v2\/product_cat?post=71493"},{"taxonomy":"product_tag","embeddable":true,"href":"https:\/\/www.rekvi.ee\/fi\/wp-json\/wp\/v2\/product_tag?post=71493"}],"curies":[{"name":"wp","href":"https:\/\/api.w.org\/{rel}","templated":true}]}}