{"id":71494,"date":"2020-03-17T10:15:26","date_gmt":"2020-03-17T07:15:26","guid":{"rendered":"https:\/\/www.rekvi.ee\/toode\/naokreem-bio-spa-niisuidu-2\/"},"modified":"2020-03-17T10:15:26","modified_gmt":"2020-03-17T07:15:26","slug":"naokreem-bio-spa-niisuidu-2","status":"publish","type":"product","link":"https:\/\/www.rekvi.ee\/fi\/toode\/naokreem-bio-spa-niisuidu-2\/","title":{"rendered":"Kasvovoide \u201dBio Spa\u201d, kuitua sis\u00e4lt\u00e4v\u00e4 125 ml"},"content":{"rendered":"","protected":false},"excerpt":{"rendered":"<p>Ravitseva kasvovoide, jossa on vehn\u00e4kuitua ja A-, C- ja E-vitamiineja, sopii kuivalle ja normaalille iholle. Se suojaa, ravitsee ja kosteuttaa ihoa. Silottaa ja tasoittaa ihoa.<\/p>\n<p>Levitys: Hoitoaine on tarkoitettu kasvoille, joka on hyvin koostumukseltaan ja koostumukseltaan sopiva.<\/p>\n<p>Ainesosat:<\/p>\n<p>Puhdistettu vesi, setostearyylialkoholi, Ceteareth-25, glyseryylioleaatti, PEG-30, glyseryylistearaatti, Cera Mycrocrystallina, parafiini\u00f6ljy, A-vitamiini, C-vitamiini, E-vitamiini, isopropyylimyristaatti, polyglyseryyli-2-dipolythydroxystearaatti, Cocoglicerydes, Sorbitansesquioleate, Cera Alba, Aluminium Stearate, Dicocoyl Penthaerithrytyl Distearyl Citrate, Propylparaben 0,1-0,3%, Izothiasolinone 0,05-0,1%, Fragrance, Triticum Vulgare Extract.<\/p>\n","protected":false},"featured_media":58868,"template":"","meta":[],"product_cat":[2604,2819],"product_tag":[],"yoast_head":"<!-- This site is optimized with the Yoast SEO plugin v19.5.1 - https:\/\/yoast.com\/wordpress\/plugins\/seo\/ -->\n<title>Kasvovoide \u201dBio Spa\u201d, kuitua sis\u00e4lt\u00e4v\u00e4 125 ml &ndash; REKVI<\/title>\n<meta name=\"description\" content=\"\u0417\u0430\u043a\u0430\u0437\u0430\u0442\u044c \u00abKasvovoide \u201dBio Spa\u201d, kuitua sis\u00e4lt\u00e4v\u00e4 125 ml\u00bb \u0432 \u0438\u043d\u0442\u0435\u0440\u043d\u0435\u0442-\u043c\u0430\u0433\u0430\u0437\u0438\u043d\u0435 REKVI \u0441 \u0434\u043e\u0441\u0442\u0430\u0432\u043a\u043e\u0439 \u043f\u043e \u042d\u0441\u0442\u043e\u043d\u0438\u0438. \u260e +3726363659\" \/>\n<meta name=\"robots\" content=\"index, follow, max-snippet:-1, max-image-preview:large, max-video-preview:-1\" \/>\n<link rel=\"canonical\" href=\"https:\/\/www.rekvi.ee\/fi\/toode\/naokreem-bio-spa-niisuidu-2\/\" \/>\n<meta property=\"og:locale\" content=\"fi_FI\" \/>\n<meta property=\"og:type\" content=\"article\" \/>\n<meta property=\"og:title\" content=\"Kasvovoide \u201dBio Spa\u201d, kuitua sis\u00e4lt\u00e4v\u00e4 125 ml &ndash; REKVI\" \/>\n<meta property=\"og:description\" content=\"\u0417\u0430\u043a\u0430\u0437\u0430\u0442\u044c \u00abKasvovoide \u201dBio Spa\u201d, kuitua sis\u00e4lt\u00e4v\u00e4 125 ml\u00bb \u0432 \u0438\u043d\u0442\u0435\u0440\u043d\u0435\u0442-\u043c\u0430\u0433\u0430\u0437\u0438\u043d\u0435 REKVI \u0441 \u0434\u043e\u0441\u0442\u0430\u0432\u043a\u043e\u0439 \u043f\u043e \u042d\u0441\u0442\u043e\u043d\u0438\u0438. \u260e +3726363659\" \/>\n<meta property=\"og:url\" content=\"https:\/\/www.rekvi.ee\/fi\/toode\/naokreem-bio-spa-niisuidu-2\/\" \/>\n<meta property=\"og:site_name\" content=\"REKVI\" \/>\n<meta property=\"article:publisher\" content=\"https:\/\/www.facebook.com\/Rekvi.ee\" \/>\n<meta property=\"og:image\" content=\"https:\/\/www.rekvi.ee\/wp-content\/uploads\/2020\/12\/naokreem-spa-naturelle-niisuidu.jpg\" \/>\n\t<meta property=\"og:image:width\" content=\"700\" \/>\n\t<meta property=\"og:image:height\" content=\"700\" \/>\n\t<meta property=\"og:image:type\" content=\"image\/jpeg\" \/>\n<meta name=\"twitter:card\" content=\"summary_large_image\" \/>\n<script type=\"application\/ld+json\" class=\"yoast-schema-graph\">{\"@context\":\"https:\/\/schema.org\",\"@graph\":[{\"@type\":\"WebPage\",\"@id\":\"https:\/\/www.rekvi.ee\/fi\/toode\/naokreem-bio-spa-niisuidu-2\/\",\"url\":\"https:\/\/www.rekvi.ee\/fi\/toode\/naokreem-bio-spa-niisuidu-2\/\",\"name\":\"Kasvovoide \u201dBio Spa\u201d, kuitua sis\u00e4lt\u00e4v\u00e4 125 ml &ndash; REKVI\",\"isPartOf\":{\"@id\":\"https:\/\/www.rekvi.ee\/#website\"},\"datePublished\":\"2020-03-17T07:15:26+00:00\",\"dateModified\":\"2020-03-17T07:15:26+00:00\",\"description\":\"\u0417\u0430\u043a\u0430\u0437\u0430\u0442\u044c \u00abKasvovoide \u201dBio Spa\u201d, kuitua sis\u00e4lt\u00e4v\u00e4 125 ml\u00bb \u0432 \u0438\u043d\u0442\u0435\u0440\u043d\u0435\u0442-\u043c\u0430\u0433\u0430\u0437\u0438\u043d\u0435 REKVI \u0441 \u0434\u043e\u0441\u0442\u0430\u0432\u043a\u043e\u0439 \u043f\u043e \u042d\u0441\u0442\u043e\u043d\u0438\u0438. \u260e +3726363659\",\"breadcrumb\":{\"@id\":\"https:\/\/www.rekvi.ee\/fi\/toode\/naokreem-bio-spa-niisuidu-2\/#breadcrumb\"},\"inLanguage\":\"fi\",\"potentialAction\":[{\"@type\":\"ReadAction\",\"target\":[\"https:\/\/www.rekvi.ee\/fi\/toode\/naokreem-bio-spa-niisuidu-2\/\"]}]},{\"@type\":\"BreadcrumbList\",\"@id\":\"https:\/\/www.rekvi.ee\/fi\/toode\/naokreem-bio-spa-niisuidu-2\/#breadcrumb\",\"itemListElement\":[{\"@type\":\"ListItem\",\"position\":1,\"name\":\"Shop\",\"item\":\"https:\/\/www.rekvi.ee\/en\/e-shop\/\"},{\"@type\":\"ListItem\",\"position\":2,\"name\":\"Kasvovoide \u201dBio Spa\u201d, kuitua sis\u00e4lt\u00e4v\u00e4 125 ml\"}]},{\"@type\":\"WebSite\",\"@id\":\"https:\/\/www.rekvi.ee\/#website\",\"url\":\"https:\/\/www.rekvi.ee\/\",\"name\":\"REKVI\",\"description\":\"Tere tulemast kosmeetika maailma!\",\"potentialAction\":[{\"@type\":\"SearchAction\",\"target\":{\"@type\":\"EntryPoint\",\"urlTemplate\":\"https:\/\/www.rekvi.ee\/?s={search_term_string}\"},\"query-input\":\"required name=search_term_string\"}],\"inLanguage\":\"fi\"}]}<\/script>\n<!-- \/ Yoast SEO plugin. -->","yoast_head_json":{"title":"Kasvovoide \u201dBio Spa\u201d, kuitua sis\u00e4lt\u00e4v\u00e4 125 ml &ndash; REKVI","description":"\u0417\u0430\u043a\u0430\u0437\u0430\u0442\u044c \u00abKasvovoide \u201dBio Spa\u201d, kuitua sis\u00e4lt\u00e4v\u00e4 125 ml\u00bb \u0432 \u0438\u043d\u0442\u0435\u0440\u043d\u0435\u0442-\u043c\u0430\u0433\u0430\u0437\u0438\u043d\u0435 REKVI \u0441 \u0434\u043e\u0441\u0442\u0430\u0432\u043a\u043e\u0439 \u043f\u043e \u042d\u0441\u0442\u043e\u043d\u0438\u0438. \u260e +3726363659","robots":{"index":"index","follow":"follow","max-snippet":"max-snippet:-1","max-image-preview":"max-image-preview:large","max-video-preview":"max-video-preview:-1"},"canonical":"https:\/\/www.rekvi.ee\/fi\/toode\/naokreem-bio-spa-niisuidu-2\/","og_locale":"fi_FI","og_type":"article","og_title":"Kasvovoide \u201dBio Spa\u201d, kuitua sis\u00e4lt\u00e4v\u00e4 125 ml &ndash; REKVI","og_description":"\u0417\u0430\u043a\u0430\u0437\u0430\u0442\u044c \u00abKasvovoide \u201dBio Spa\u201d, kuitua sis\u00e4lt\u00e4v\u00e4 125 ml\u00bb \u0432 \u0438\u043d\u0442\u0435\u0440\u043d\u0435\u0442-\u043c\u0430\u0433\u0430\u0437\u0438\u043d\u0435 REKVI \u0441 \u0434\u043e\u0441\u0442\u0430\u0432\u043a\u043e\u0439 \u043f\u043e \u042d\u0441\u0442\u043e\u043d\u0438\u0438. \u260e +3726363659","og_url":"https:\/\/www.rekvi.ee\/fi\/toode\/naokreem-bio-spa-niisuidu-2\/","og_site_name":"REKVI","article_publisher":"https:\/\/www.facebook.com\/Rekvi.ee","og_image":[{"width":700,"height":700,"url":"https:\/\/www.rekvi.ee\/wp-content\/uploads\/2020\/12\/naokreem-spa-naturelle-niisuidu.jpg","type":"image\/jpeg"}],"twitter_card":"summary_large_image","schema":{"@context":"https:\/\/schema.org","@graph":[{"@type":"WebPage","@id":"https:\/\/www.rekvi.ee\/fi\/toode\/naokreem-bio-spa-niisuidu-2\/","url":"https:\/\/www.rekvi.ee\/fi\/toode\/naokreem-bio-spa-niisuidu-2\/","name":"Kasvovoide \u201dBio Spa\u201d, kuitua sis\u00e4lt\u00e4v\u00e4 125 ml &ndash; REKVI","isPartOf":{"@id":"https:\/\/www.rekvi.ee\/#website"},"datePublished":"2020-03-17T07:15:26+00:00","dateModified":"2020-03-17T07:15:26+00:00","description":"\u0417\u0430\u043a\u0430\u0437\u0430\u0442\u044c \u00abKasvovoide \u201dBio Spa\u201d, kuitua sis\u00e4lt\u00e4v\u00e4 125 ml\u00bb \u0432 \u0438\u043d\u0442\u0435\u0440\u043d\u0435\u0442-\u043c\u0430\u0433\u0430\u0437\u0438\u043d\u0435 REKVI \u0441 \u0434\u043e\u0441\u0442\u0430\u0432\u043a\u043e\u0439 \u043f\u043e \u042d\u0441\u0442\u043e\u043d\u0438\u0438. \u260e +3726363659","breadcrumb":{"@id":"https:\/\/www.rekvi.ee\/fi\/toode\/naokreem-bio-spa-niisuidu-2\/#breadcrumb"},"inLanguage":"fi","potentialAction":[{"@type":"ReadAction","target":["https:\/\/www.rekvi.ee\/fi\/toode\/naokreem-bio-spa-niisuidu-2\/"]}]},{"@type":"BreadcrumbList","@id":"https:\/\/www.rekvi.ee\/fi\/toode\/naokreem-bio-spa-niisuidu-2\/#breadcrumb","itemListElement":[{"@type":"ListItem","position":1,"name":"Shop","item":"https:\/\/www.rekvi.ee\/en\/e-shop\/"},{"@type":"ListItem","position":2,"name":"Kasvovoide \u201dBio Spa\u201d, kuitua sis\u00e4lt\u00e4v\u00e4 125 ml"}]},{"@type":"WebSite","@id":"https:\/\/www.rekvi.ee\/#website","url":"https:\/\/www.rekvi.ee\/","name":"REKVI","description":"Tere tulemast kosmeetika maailma!","potentialAction":[{"@type":"SearchAction","target":{"@type":"EntryPoint","urlTemplate":"https:\/\/www.rekvi.ee\/?s={search_term_string}"},"query-input":"required name=search_term_string"}],"inLanguage":"fi"}]}},"_links":{"self":[{"href":"https:\/\/www.rekvi.ee\/fi\/wp-json\/wp\/v2\/product\/71494"}],"collection":[{"href":"https:\/\/www.rekvi.ee\/fi\/wp-json\/wp\/v2\/product"}],"about":[{"href":"https:\/\/www.rekvi.ee\/fi\/wp-json\/wp\/v2\/types\/product"}],"wp:featuredmedia":[{"embeddable":true,"href":"https:\/\/www.rekvi.ee\/fi\/wp-json\/wp\/v2\/media\/58868"}],"wp:attachment":[{"href":"https:\/\/www.rekvi.ee\/fi\/wp-json\/wp\/v2\/media?parent=71494"}],"wp:term":[{"taxonomy":"product_cat","embeddable":true,"href":"https:\/\/www.rekvi.ee\/fi\/wp-json\/wp\/v2\/product_cat?post=71494"},{"taxonomy":"product_tag","embeddable":true,"href":"https:\/\/www.rekvi.ee\/fi\/wp-json\/wp\/v2\/product_tag?post=71494"}],"curies":[{"name":"wp","href":"https:\/\/api.w.org\/{rel}","templated":true}]}}