{"id":71578,"date":"2019-03-17T07:52:25","date_gmt":"2019-03-17T04:52:25","guid":{"rendered":"https:\/\/www.rekvi.ee\/toode\/jalageel-foot-cream-hobukastaniga\/"},"modified":"2019-03-17T07:52:25","modified_gmt":"2019-03-17T04:52:25","slug":"jalageel-foot-cream-hobukastaniga","status":"publish","type":"product","link":"https:\/\/www.rekvi.ee\/fi\/toode\/jalageel-foot-cream-hobukastaniga\/","title":{"rendered":"Jalkageeli \u201dBio Spa\u201d hevoskastanjalla 125 ml"},"content":{"rendered":"","protected":false},"excerpt":{"rendered":"<p>Jalageel<\/p>\n<p>on suunniteltu p\u00e4ivitt\u00e4iseen jalkojenhoitoon, joka auttaa lievitt\u00e4m\u00e4\u00e4n jalkojen v\u00e4symyst\u00e4 ja turvotusta. Geeli sis\u00e4lt\u00e4\u00e4 eritt\u00e4in tehokkaita komponentteja ja kasviper\u00e4isi\u00e4 ainesosia, jotka tehoavat hyvin v\u00e4syneisiin jalkoihin. Sis\u00e4lt\u00e4\u00e4 luonnollisia ainesosia: hevoskastanjauutetta, piparminttuuutetta ja kataja\u00f6ljy\u00e4.<\/p>\n<p>K\u00e4ytt\u00f6: Levit\u00e4 geeli\u00e4 hierovin liikkein, alhaalta yl\u00f6sp\u00e4in, aiemmin puhdistettuun jalkaan. Suosittelemme s\u00e4\u00e4nn\u00f6llist\u00e4 k\u00e4ytt\u00f6\u00e4 2 kertaa p\u00e4iv\u00e4ss\u00e4.<\/p>\n<p>Ainesosat:<\/p>\n<p>Puhdistettu vesi , Ceteareth-20 , setyylialkoholi, PEG-30 glyseryylistearaatti, vehn\u00e4nalkio\u00f6ljy, mineraali\u00f6ljy, vaseliini, Cera Microcristallina, glyseroli, propyleeniglukoosi, isopropyylimirystaatti, allantoiini, Triklosaani, Arnica Motana, Karbomeeri, Trietanoloamiini, Fenoksietanoli \/ Metyyliparabeeni \/ Etyyliparabeeni \/ Butyyliparabeeni 0,08%, Mentoli, Parfyymi, Limoneeni 0,003%, Heksyylikinnamali 0,001%, Sitronelloli 0,002%.<\/p>\n","protected":false},"featured_media":58667,"template":"","meta":[],"product_cat":[2773,2775],"product_tag":[],"yoast_head":"<!-- This site is optimized with the Yoast SEO plugin v19.5.1 - https:\/\/yoast.com\/wordpress\/plugins\/seo\/ -->\n<title>Jalkageeli \u201dBio Spa\u201d hevoskastanjalla 125 ml &ndash; REKVI<\/title>\n<meta name=\"description\" content=\"\u0417\u0430\u043a\u0430\u0437\u0430\u0442\u044c \u00abJalkageeli \u201dBio Spa\u201d hevoskastanjalla 125 ml\u00bb \u0432 \u0438\u043d\u0442\u0435\u0440\u043d\u0435\u0442-\u043c\u0430\u0433\u0430\u0437\u0438\u043d\u0435 REKVI \u0441 \u0434\u043e\u0441\u0442\u0430\u0432\u043a\u043e\u0439 \u043f\u043e \u042d\u0441\u0442\u043e\u043d\u0438\u0438. \u260e +3726363659\" \/>\n<meta name=\"robots\" content=\"index, follow, max-snippet:-1, max-image-preview:large, max-video-preview:-1\" \/>\n<link rel=\"canonical\" href=\"https:\/\/www.rekvi.ee\/fi\/toode\/jalageel-foot-cream-hobukastaniga\/\" \/>\n<meta property=\"og:locale\" content=\"fi_FI\" \/>\n<meta property=\"og:type\" content=\"article\" \/>\n<meta property=\"og:title\" content=\"Jalkageeli \u201dBio Spa\u201d hevoskastanjalla 125 ml &ndash; REKVI\" \/>\n<meta property=\"og:description\" content=\"\u0417\u0430\u043a\u0430\u0437\u0430\u0442\u044c \u00abJalkageeli \u201dBio Spa\u201d hevoskastanjalla 125 ml\u00bb \u0432 \u0438\u043d\u0442\u0435\u0440\u043d\u0435\u0442-\u043c\u0430\u0433\u0430\u0437\u0438\u043d\u0435 REKVI \u0441 \u0434\u043e\u0441\u0442\u0430\u0432\u043a\u043e\u0439 \u043f\u043e \u042d\u0441\u0442\u043e\u043d\u0438\u0438. \u260e +3726363659\" \/>\n<meta property=\"og:url\" content=\"https:\/\/www.rekvi.ee\/fi\/toode\/jalageel-foot-cream-hobukastaniga\/\" \/>\n<meta property=\"og:site_name\" content=\"REKVI\" \/>\n<meta property=\"article:publisher\" content=\"https:\/\/www.facebook.com\/Rekvi.ee\" \/>\n<meta property=\"og:image\" content=\"https:\/\/www.rekvi.ee\/wp-content\/uploads\/2020\/04\/belle-jardin-foot-cream-GEL-FOR-TIRED-LEGS.jpg\" \/>\n\t<meta property=\"og:image:width\" content=\"630\" \/>\n\t<meta property=\"og:image:height\" content=\"630\" \/>\n\t<meta property=\"og:image:type\" content=\"image\/jpeg\" \/>\n<meta name=\"twitter:card\" content=\"summary_large_image\" \/>\n<script type=\"application\/ld+json\" class=\"yoast-schema-graph\">{\"@context\":\"https:\/\/schema.org\",\"@graph\":[{\"@type\":\"WebPage\",\"@id\":\"https:\/\/www.rekvi.ee\/fi\/toode\/jalageel-foot-cream-hobukastaniga\/\",\"url\":\"https:\/\/www.rekvi.ee\/fi\/toode\/jalageel-foot-cream-hobukastaniga\/\",\"name\":\"Jalkageeli \u201dBio Spa\u201d hevoskastanjalla 125 ml &ndash; REKVI\",\"isPartOf\":{\"@id\":\"https:\/\/www.rekvi.ee\/#website\"},\"datePublished\":\"2019-03-17T04:52:25+00:00\",\"dateModified\":\"2019-03-17T04:52:25+00:00\",\"description\":\"\u0417\u0430\u043a\u0430\u0437\u0430\u0442\u044c \u00abJalkageeli \u201dBio Spa\u201d hevoskastanjalla 125 ml\u00bb \u0432 \u0438\u043d\u0442\u0435\u0440\u043d\u0435\u0442-\u043c\u0430\u0433\u0430\u0437\u0438\u043d\u0435 REKVI \u0441 \u0434\u043e\u0441\u0442\u0430\u0432\u043a\u043e\u0439 \u043f\u043e \u042d\u0441\u0442\u043e\u043d\u0438\u0438. \u260e +3726363659\",\"breadcrumb\":{\"@id\":\"https:\/\/www.rekvi.ee\/fi\/toode\/jalageel-foot-cream-hobukastaniga\/#breadcrumb\"},\"inLanguage\":\"fi\",\"potentialAction\":[{\"@type\":\"ReadAction\",\"target\":[\"https:\/\/www.rekvi.ee\/fi\/toode\/jalageel-foot-cream-hobukastaniga\/\"]}]},{\"@type\":\"BreadcrumbList\",\"@id\":\"https:\/\/www.rekvi.ee\/fi\/toode\/jalageel-foot-cream-hobukastaniga\/#breadcrumb\",\"itemListElement\":[{\"@type\":\"ListItem\",\"position\":1,\"name\":\"Shop\",\"item\":\"https:\/\/www.rekvi.ee\/en\/e-shop\/\"},{\"@type\":\"ListItem\",\"position\":2,\"name\":\"Jalkageeli \u201dBio Spa\u201d hevoskastanjalla 125 ml\"}]},{\"@type\":\"WebSite\",\"@id\":\"https:\/\/www.rekvi.ee\/#website\",\"url\":\"https:\/\/www.rekvi.ee\/\",\"name\":\"REKVI\",\"description\":\"Tere tulemast kosmeetika maailma!\",\"potentialAction\":[{\"@type\":\"SearchAction\",\"target\":{\"@type\":\"EntryPoint\",\"urlTemplate\":\"https:\/\/www.rekvi.ee\/?s={search_term_string}\"},\"query-input\":\"required name=search_term_string\"}],\"inLanguage\":\"fi\"}]}<\/script>\n<!-- \/ Yoast SEO plugin. -->","yoast_head_json":{"title":"Jalkageeli \u201dBio Spa\u201d hevoskastanjalla 125 ml &ndash; REKVI","description":"\u0417\u0430\u043a\u0430\u0437\u0430\u0442\u044c \u00abJalkageeli \u201dBio Spa\u201d hevoskastanjalla 125 ml\u00bb \u0432 \u0438\u043d\u0442\u0435\u0440\u043d\u0435\u0442-\u043c\u0430\u0433\u0430\u0437\u0438\u043d\u0435 REKVI \u0441 \u0434\u043e\u0441\u0442\u0430\u0432\u043a\u043e\u0439 \u043f\u043e \u042d\u0441\u0442\u043e\u043d\u0438\u0438. \u260e +3726363659","robots":{"index":"index","follow":"follow","max-snippet":"max-snippet:-1","max-image-preview":"max-image-preview:large","max-video-preview":"max-video-preview:-1"},"canonical":"https:\/\/www.rekvi.ee\/fi\/toode\/jalageel-foot-cream-hobukastaniga\/","og_locale":"fi_FI","og_type":"article","og_title":"Jalkageeli \u201dBio Spa\u201d hevoskastanjalla 125 ml &ndash; REKVI","og_description":"\u0417\u0430\u043a\u0430\u0437\u0430\u0442\u044c \u00abJalkageeli \u201dBio Spa\u201d hevoskastanjalla 125 ml\u00bb \u0432 \u0438\u043d\u0442\u0435\u0440\u043d\u0435\u0442-\u043c\u0430\u0433\u0430\u0437\u0438\u043d\u0435 REKVI \u0441 \u0434\u043e\u0441\u0442\u0430\u0432\u043a\u043e\u0439 \u043f\u043e \u042d\u0441\u0442\u043e\u043d\u0438\u0438. \u260e +3726363659","og_url":"https:\/\/www.rekvi.ee\/fi\/toode\/jalageel-foot-cream-hobukastaniga\/","og_site_name":"REKVI","article_publisher":"https:\/\/www.facebook.com\/Rekvi.ee","og_image":[{"width":630,"height":630,"url":"https:\/\/www.rekvi.ee\/wp-content\/uploads\/2020\/04\/belle-jardin-foot-cream-GEL-FOR-TIRED-LEGS.jpg","type":"image\/jpeg"}],"twitter_card":"summary_large_image","schema":{"@context":"https:\/\/schema.org","@graph":[{"@type":"WebPage","@id":"https:\/\/www.rekvi.ee\/fi\/toode\/jalageel-foot-cream-hobukastaniga\/","url":"https:\/\/www.rekvi.ee\/fi\/toode\/jalageel-foot-cream-hobukastaniga\/","name":"Jalkageeli \u201dBio Spa\u201d hevoskastanjalla 125 ml &ndash; REKVI","isPartOf":{"@id":"https:\/\/www.rekvi.ee\/#website"},"datePublished":"2019-03-17T04:52:25+00:00","dateModified":"2019-03-17T04:52:25+00:00","description":"\u0417\u0430\u043a\u0430\u0437\u0430\u0442\u044c \u00abJalkageeli \u201dBio Spa\u201d hevoskastanjalla 125 ml\u00bb \u0432 \u0438\u043d\u0442\u0435\u0440\u043d\u0435\u0442-\u043c\u0430\u0433\u0430\u0437\u0438\u043d\u0435 REKVI \u0441 \u0434\u043e\u0441\u0442\u0430\u0432\u043a\u043e\u0439 \u043f\u043e \u042d\u0441\u0442\u043e\u043d\u0438\u0438. \u260e +3726363659","breadcrumb":{"@id":"https:\/\/www.rekvi.ee\/fi\/toode\/jalageel-foot-cream-hobukastaniga\/#breadcrumb"},"inLanguage":"fi","potentialAction":[{"@type":"ReadAction","target":["https:\/\/www.rekvi.ee\/fi\/toode\/jalageel-foot-cream-hobukastaniga\/"]}]},{"@type":"BreadcrumbList","@id":"https:\/\/www.rekvi.ee\/fi\/toode\/jalageel-foot-cream-hobukastaniga\/#breadcrumb","itemListElement":[{"@type":"ListItem","position":1,"name":"Shop","item":"https:\/\/www.rekvi.ee\/en\/e-shop\/"},{"@type":"ListItem","position":2,"name":"Jalkageeli \u201dBio Spa\u201d hevoskastanjalla 125 ml"}]},{"@type":"WebSite","@id":"https:\/\/www.rekvi.ee\/#website","url":"https:\/\/www.rekvi.ee\/","name":"REKVI","description":"Tere tulemast kosmeetika maailma!","potentialAction":[{"@type":"SearchAction","target":{"@type":"EntryPoint","urlTemplate":"https:\/\/www.rekvi.ee\/?s={search_term_string}"},"query-input":"required name=search_term_string"}],"inLanguage":"fi"}]}},"_links":{"self":[{"href":"https:\/\/www.rekvi.ee\/fi\/wp-json\/wp\/v2\/product\/71578"}],"collection":[{"href":"https:\/\/www.rekvi.ee\/fi\/wp-json\/wp\/v2\/product"}],"about":[{"href":"https:\/\/www.rekvi.ee\/fi\/wp-json\/wp\/v2\/types\/product"}],"wp:featuredmedia":[{"embeddable":true,"href":"https:\/\/www.rekvi.ee\/fi\/wp-json\/wp\/v2\/media\/58667"}],"wp:attachment":[{"href":"https:\/\/www.rekvi.ee\/fi\/wp-json\/wp\/v2\/media?parent=71578"}],"wp:term":[{"taxonomy":"product_cat","embeddable":true,"href":"https:\/\/www.rekvi.ee\/fi\/wp-json\/wp\/v2\/product_cat?post=71578"},{"taxonomy":"product_tag","embeddable":true,"href":"https:\/\/www.rekvi.ee\/fi\/wp-json\/wp\/v2\/product_tag?post=71578"}],"curies":[{"name":"wp","href":"https:\/\/api.w.org\/{rel}","templated":true}]}}