{"id":71580,"date":"2020-03-17T08:33:55","date_gmt":"2020-03-17T05:33:55","guid":{"rendered":"https:\/\/www.rekvi.ee\/toode\/jalakreem-foot-cream-higistamise-vastu\/"},"modified":"2020-03-17T08:33:55","modified_gmt":"2020-03-17T05:33:55","slug":"jalakreem-foot-cream-higistamise-vastu","status":"publish","type":"product","link":"https:\/\/www.rekvi.ee\/fi\/toode\/jalakreem-foot-cream-higistamise-vastu\/","title":{"rendered":"Jalkavoide \u201dBio Spa\u201d hikoilua vastaan 125ml"},"content":{"rendered":"","protected":false},"excerpt":{"rendered":"<p>Sis\u00e4lt\u00e4\u00e4 aktiivisia sienil\u00e4\u00e4kkeit\u00e4. Ravitsee ja ehk\u00e4isee hikoilua. Erityinen aromaattinen lis\u00e4aine poistaa hikoilun ep\u00e4miellytt\u00e4v\u00e4n hajun vahingoittamatta ihon luonnollista toimintaa. Salviauute normalisoi hikirauhasia, ehk\u00e4isee \u00e4rsytyst\u00e4. Laventelin eteerisell\u00e4 \u00f6ljyll\u00e4 on antibakteerisia ja sienil\u00e4\u00e4kkeit\u00e4 ehk\u00e4isevi\u00e4 ominaisuuksia. Mentoli antaa miellytt\u00e4v\u00e4n raikkauden ja viileyden tunteen jalkoihin, ja sill\u00e4 on antiseptinen vaikutus. Voiteen sis\u00e4lt\u00e4m\u00e4 sinkkidekyleenilaatti vaikuttaa sieni\u00e4 vastaan &#8211; se toimii antiperspiranttina.<\/p>\n<p>K\u00e4ytt\u00f6: suosittelemme p\u00e4ivitt\u00e4ist\u00e4 k\u00e4ytt\u00f6\u00e4. Levit\u00e4 p\u00e4ivitt\u00e4in puhtaalle, kuivalle iholle hieroen kevyin hierovin liikkein.<\/p>\n<p>Ainesosat: Voidetta ei saa sekoittaa, vaan se on tarkoitettu k\u00e4ytett\u00e4v\u00e4ksi my\u00f6s ihonhoitoon: Puhdistettu vesi , Ceteareth-20 , Cetyl Alcohol, PEG-30 Glyceryl Stearate, Wheat Germ Oil, Mineral Oil, Vaseline, Cera Microcristallina, Glycerol, Propylene Glaco, Isopropyl Mirystate, Allantoin, Triklosaani, Arnica Motana, Karbomeeri, Trietanoloamiini, Fenoksietanoli \/ Metyyliparabeeni \/ Etyyliparabeeni \/ Butyyliparabeeni 0,08%, Mentoli, Parfyymi, Limoneeni 0,003%, Heksyylikinnamali 0,001%, Sitronelloli 0,002%.<\/p>\n","protected":false},"featured_media":58664,"template":"","meta":[],"product_cat":[2773,2775],"product_tag":[],"yoast_head":"<!-- This site is optimized with the Yoast SEO plugin v19.5.1 - https:\/\/yoast.com\/wordpress\/plugins\/seo\/ -->\n<title>Jalkavoide \u201dBio Spa\u201d hikoilua vastaan 125ml &ndash; REKVI<\/title>\n<meta name=\"description\" content=\"\u0417\u0430\u043a\u0430\u0437\u0430\u0442\u044c \u00abJalkavoide \u201dBio Spa\u201d hikoilua vastaan 125ml\u00bb \u0432 \u0438\u043d\u0442\u0435\u0440\u043d\u0435\u0442-\u043c\u0430\u0433\u0430\u0437\u0438\u043d\u0435 REKVI \u0441 \u0434\u043e\u0441\u0442\u0430\u0432\u043a\u043e\u0439 \u043f\u043e \u042d\u0441\u0442\u043e\u043d\u0438\u0438. \u260e +3726363659\" \/>\n<meta name=\"robots\" content=\"index, follow, max-snippet:-1, max-image-preview:large, max-video-preview:-1\" \/>\n<link rel=\"canonical\" href=\"https:\/\/www.rekvi.ee\/fi\/toode\/jalakreem-foot-cream-higistamise-vastu\/\" \/>\n<meta property=\"og:locale\" content=\"fi_FI\" \/>\n<meta property=\"og:type\" content=\"article\" \/>\n<meta property=\"og:title\" content=\"Jalkavoide \u201dBio Spa\u201d hikoilua vastaan 125ml &ndash; REKVI\" \/>\n<meta property=\"og:description\" content=\"\u0417\u0430\u043a\u0430\u0437\u0430\u0442\u044c \u00abJalkavoide \u201dBio Spa\u201d hikoilua vastaan 125ml\u00bb \u0432 \u0438\u043d\u0442\u0435\u0440\u043d\u0435\u0442-\u043c\u0430\u0433\u0430\u0437\u0438\u043d\u0435 REKVI \u0441 \u0434\u043e\u0441\u0442\u0430\u0432\u043a\u043e\u0439 \u043f\u043e \u042d\u0441\u0442\u043e\u043d\u0438\u0438. \u260e +3726363659\" \/>\n<meta property=\"og:url\" content=\"https:\/\/www.rekvi.ee\/fi\/toode\/jalakreem-foot-cream-higistamise-vastu\/\" \/>\n<meta property=\"og:site_name\" content=\"REKVI\" \/>\n<meta property=\"article:publisher\" content=\"https:\/\/www.facebook.com\/Rekvi.ee\" \/>\n<meta property=\"og:image\" content=\"https:\/\/www.rekvi.ee\/wp-content\/uploads\/2020\/04\/belle-jardin-FOOT-CREAM-Antiperspirant.jpg\" \/>\n\t<meta property=\"og:image:width\" content=\"700\" \/>\n\t<meta property=\"og:image:height\" content=\"700\" \/>\n\t<meta property=\"og:image:type\" content=\"image\/jpeg\" \/>\n<meta name=\"twitter:card\" content=\"summary_large_image\" \/>\n<script type=\"application\/ld+json\" class=\"yoast-schema-graph\">{\"@context\":\"https:\/\/schema.org\",\"@graph\":[{\"@type\":\"WebPage\",\"@id\":\"https:\/\/www.rekvi.ee\/fi\/toode\/jalakreem-foot-cream-higistamise-vastu\/\",\"url\":\"https:\/\/www.rekvi.ee\/fi\/toode\/jalakreem-foot-cream-higistamise-vastu\/\",\"name\":\"Jalkavoide \u201dBio Spa\u201d hikoilua vastaan 125ml &ndash; REKVI\",\"isPartOf\":{\"@id\":\"https:\/\/www.rekvi.ee\/#website\"},\"datePublished\":\"2020-03-17T05:33:55+00:00\",\"dateModified\":\"2020-03-17T05:33:55+00:00\",\"description\":\"\u0417\u0430\u043a\u0430\u0437\u0430\u0442\u044c \u00abJalkavoide \u201dBio Spa\u201d hikoilua vastaan 125ml\u00bb \u0432 \u0438\u043d\u0442\u0435\u0440\u043d\u0435\u0442-\u043c\u0430\u0433\u0430\u0437\u0438\u043d\u0435 REKVI \u0441 \u0434\u043e\u0441\u0442\u0430\u0432\u043a\u043e\u0439 \u043f\u043e \u042d\u0441\u0442\u043e\u043d\u0438\u0438. \u260e +3726363659\",\"breadcrumb\":{\"@id\":\"https:\/\/www.rekvi.ee\/fi\/toode\/jalakreem-foot-cream-higistamise-vastu\/#breadcrumb\"},\"inLanguage\":\"fi\",\"potentialAction\":[{\"@type\":\"ReadAction\",\"target\":[\"https:\/\/www.rekvi.ee\/fi\/toode\/jalakreem-foot-cream-higistamise-vastu\/\"]}]},{\"@type\":\"BreadcrumbList\",\"@id\":\"https:\/\/www.rekvi.ee\/fi\/toode\/jalakreem-foot-cream-higistamise-vastu\/#breadcrumb\",\"itemListElement\":[{\"@type\":\"ListItem\",\"position\":1,\"name\":\"Shop\",\"item\":\"https:\/\/www.rekvi.ee\/en\/e-shop\/\"},{\"@type\":\"ListItem\",\"position\":2,\"name\":\"Jalkavoide \u201dBio Spa\u201d hikoilua vastaan 125ml\"}]},{\"@type\":\"WebSite\",\"@id\":\"https:\/\/www.rekvi.ee\/#website\",\"url\":\"https:\/\/www.rekvi.ee\/\",\"name\":\"REKVI\",\"description\":\"Tere tulemast kosmeetika maailma!\",\"potentialAction\":[{\"@type\":\"SearchAction\",\"target\":{\"@type\":\"EntryPoint\",\"urlTemplate\":\"https:\/\/www.rekvi.ee\/?s={search_term_string}\"},\"query-input\":\"required name=search_term_string\"}],\"inLanguage\":\"fi\"}]}<\/script>\n<!-- \/ Yoast SEO plugin. -->","yoast_head_json":{"title":"Jalkavoide \u201dBio Spa\u201d hikoilua vastaan 125ml &ndash; REKVI","description":"\u0417\u0430\u043a\u0430\u0437\u0430\u0442\u044c \u00abJalkavoide \u201dBio Spa\u201d hikoilua vastaan 125ml\u00bb \u0432 \u0438\u043d\u0442\u0435\u0440\u043d\u0435\u0442-\u043c\u0430\u0433\u0430\u0437\u0438\u043d\u0435 REKVI \u0441 \u0434\u043e\u0441\u0442\u0430\u0432\u043a\u043e\u0439 \u043f\u043e \u042d\u0441\u0442\u043e\u043d\u0438\u0438. \u260e +3726363659","robots":{"index":"index","follow":"follow","max-snippet":"max-snippet:-1","max-image-preview":"max-image-preview:large","max-video-preview":"max-video-preview:-1"},"canonical":"https:\/\/www.rekvi.ee\/fi\/toode\/jalakreem-foot-cream-higistamise-vastu\/","og_locale":"fi_FI","og_type":"article","og_title":"Jalkavoide \u201dBio Spa\u201d hikoilua vastaan 125ml &ndash; REKVI","og_description":"\u0417\u0430\u043a\u0430\u0437\u0430\u0442\u044c \u00abJalkavoide \u201dBio Spa\u201d hikoilua vastaan 125ml\u00bb \u0432 \u0438\u043d\u0442\u0435\u0440\u043d\u0435\u0442-\u043c\u0430\u0433\u0430\u0437\u0438\u043d\u0435 REKVI \u0441 \u0434\u043e\u0441\u0442\u0430\u0432\u043a\u043e\u0439 \u043f\u043e \u042d\u0441\u0442\u043e\u043d\u0438\u0438. \u260e +3726363659","og_url":"https:\/\/www.rekvi.ee\/fi\/toode\/jalakreem-foot-cream-higistamise-vastu\/","og_site_name":"REKVI","article_publisher":"https:\/\/www.facebook.com\/Rekvi.ee","og_image":[{"width":700,"height":700,"url":"https:\/\/www.rekvi.ee\/wp-content\/uploads\/2020\/04\/belle-jardin-FOOT-CREAM-Antiperspirant.jpg","type":"image\/jpeg"}],"twitter_card":"summary_large_image","schema":{"@context":"https:\/\/schema.org","@graph":[{"@type":"WebPage","@id":"https:\/\/www.rekvi.ee\/fi\/toode\/jalakreem-foot-cream-higistamise-vastu\/","url":"https:\/\/www.rekvi.ee\/fi\/toode\/jalakreem-foot-cream-higistamise-vastu\/","name":"Jalkavoide \u201dBio Spa\u201d hikoilua vastaan 125ml &ndash; REKVI","isPartOf":{"@id":"https:\/\/www.rekvi.ee\/#website"},"datePublished":"2020-03-17T05:33:55+00:00","dateModified":"2020-03-17T05:33:55+00:00","description":"\u0417\u0430\u043a\u0430\u0437\u0430\u0442\u044c \u00abJalkavoide \u201dBio Spa\u201d hikoilua vastaan 125ml\u00bb \u0432 \u0438\u043d\u0442\u0435\u0440\u043d\u0435\u0442-\u043c\u0430\u0433\u0430\u0437\u0438\u043d\u0435 REKVI \u0441 \u0434\u043e\u0441\u0442\u0430\u0432\u043a\u043e\u0439 \u043f\u043e \u042d\u0441\u0442\u043e\u043d\u0438\u0438. \u260e +3726363659","breadcrumb":{"@id":"https:\/\/www.rekvi.ee\/fi\/toode\/jalakreem-foot-cream-higistamise-vastu\/#breadcrumb"},"inLanguage":"fi","potentialAction":[{"@type":"ReadAction","target":["https:\/\/www.rekvi.ee\/fi\/toode\/jalakreem-foot-cream-higistamise-vastu\/"]}]},{"@type":"BreadcrumbList","@id":"https:\/\/www.rekvi.ee\/fi\/toode\/jalakreem-foot-cream-higistamise-vastu\/#breadcrumb","itemListElement":[{"@type":"ListItem","position":1,"name":"Shop","item":"https:\/\/www.rekvi.ee\/en\/e-shop\/"},{"@type":"ListItem","position":2,"name":"Jalkavoide \u201dBio Spa\u201d hikoilua vastaan 125ml"}]},{"@type":"WebSite","@id":"https:\/\/www.rekvi.ee\/#website","url":"https:\/\/www.rekvi.ee\/","name":"REKVI","description":"Tere tulemast kosmeetika maailma!","potentialAction":[{"@type":"SearchAction","target":{"@type":"EntryPoint","urlTemplate":"https:\/\/www.rekvi.ee\/?s={search_term_string}"},"query-input":"required name=search_term_string"}],"inLanguage":"fi"}]}},"_links":{"self":[{"href":"https:\/\/www.rekvi.ee\/fi\/wp-json\/wp\/v2\/product\/71580"}],"collection":[{"href":"https:\/\/www.rekvi.ee\/fi\/wp-json\/wp\/v2\/product"}],"about":[{"href":"https:\/\/www.rekvi.ee\/fi\/wp-json\/wp\/v2\/types\/product"}],"wp:featuredmedia":[{"embeddable":true,"href":"https:\/\/www.rekvi.ee\/fi\/wp-json\/wp\/v2\/media\/58664"}],"wp:attachment":[{"href":"https:\/\/www.rekvi.ee\/fi\/wp-json\/wp\/v2\/media?parent=71580"}],"wp:term":[{"taxonomy":"product_cat","embeddable":true,"href":"https:\/\/www.rekvi.ee\/fi\/wp-json\/wp\/v2\/product_cat?post=71580"},{"taxonomy":"product_tag","embeddable":true,"href":"https:\/\/www.rekvi.ee\/fi\/wp-json\/wp\/v2\/product_tag?post=71580"}],"curies":[{"name":"wp","href":"https:\/\/api.w.org\/{rel}","templated":true}]}}